{"id":696,"date":"2018-11-23T16:04:54","date_gmt":"2018-11-23T16:04:54","guid":{"rendered":"https:\/\/skin-heal.com\/?post_type=product&#038;p=696"},"modified":"2023-02-20T18:51:33","modified_gmt":"2023-02-20T16:51:33","slug":"restylane-lyft-with-lidocaine-1x1ml","status":"publish","type":"product","link":"https:\/\/skin-heal.com\/es\/producto\/restylane-lyft-with-lidocaine-1x1ml\/","title":{"rendered":"Restylane Lyft con Lidoca\u00edna (1x1ml)"},"content":{"rendered":"<p>\u00bfEliminar pliegues, arrugas e imperfecciones de la cara o de las manos? Con Restylane Lyft Lidocaine ambas cosas son posibles porque este relleno cut\u00e1neo \u00fanico en su g\u00e9nero tiene \u00e9xito en ambos aspectos. Incluso ha recibido el sello oficial de aprobaci\u00f3n de la FDA. Eso y su impresionante historial, sirven como prueba de que usted est\u00e1 viendo un producto de rejuvenecimiento cosm\u00e9tico de primera calidad. Adem\u00e1s, puede adquirirse a un precio muy competitivo, lo que hace que esta forma de tratamiento sea accesible para m\u00e1s pacientes.<\/p>\n<p>Adem\u00e1s de corregir y suavizar las arrugas faciales y de las manos, Restylane Lyft (formalmente conocido como Perlane-L), puede a\u00f1adir plenitud a la parte media de la cara. Est\u00e1 especialmente indicado para el aumento de las mejillas. Su excelente f\u00f3rmula, basada en la NASHA, es tambi\u00e9n la raz\u00f3n por la que este producto es ideal para la remodelaci\u00f3n del contorno facial.<\/p>\n<p><strong>\u00bfQu\u00e9 hace que este producto destaque?<\/strong><\/p>\n<ul>\n<li>Disponible a buen precio<\/li>\n<li>Minimiza las molestias durante el procedimiento de inyecci\u00f3n<\/li>\n<li>Adecuado para las manos y la cara<\/li>\n<li>Alto \u00edndice de satisfacci\u00f3n<\/li>\n<\/ul>\n<p>Este producto se presenta en una jeringa precargada de 1ml y con 2 agujas finas de 29G1\/2\". Se inyecta directamente en la dermis profunda hasta el subcutis superficial y ofrece efectos con una longevidad aproximada de 6-9 meses. La lidoca\u00edna de este producto tiene una concentraci\u00f3n de 0,3%. Sirve como anestesia local y hace que el tratamiento de inyecci\u00f3n sea m\u00e1s indoloro.<\/p>","protected":false},"excerpt":{"rendered":"<p>Restylane Lyft Lidocaine es un producto especial para el rejuvenecimiento de la piel que pasar\u00e1 a la historia como el primer relleno de HA del mundo aprobado por la FDA y dise\u00f1ado para proporcionar una eliminaci\u00f3n de arrugas instant\u00e1nea e indolora para la cara y las manos. Al haber sido desarrollado mediante una tecnolog\u00eda conocida como NASHA y contener lidoca\u00edna, puede aplicarse con seguridad en ambas zonas del cuerpo, demostrando una satisfacci\u00f3n garantizada y una durabilidad impresionante.<\/p>","protected":false},"featured_media":827,"template":"","meta":[],"product_brand":[],"product_cat":[79,40,144],"product_tag":[145],"class_list":{"0":"post-696","1":"product","2":"type-product","3":"status-publish","4":"has-post-thumbnail","6":"product_cat-dermal-fillers","7":"product_cat-restylane","8":"product_cat-holiday-mega-sale","9":"product_tag-5off","10":"clearfix","12":"first","13":"instock","14":"sale","15":"taxable","16":"shipping-taxable","17":"purchasable","18":"product-type-simple"},"yoast_head":"<!-- This site is optimized with the Yoast SEO plugin v27.3 - https:\/\/yoast.com\/product\/yoast-seo-wordpress\/ -->\n<title>Restylane Lyft with Lidocaine (1x1ml) - Skin Heal<\/title>\n<meta name=\"description\" content=\"Restylane Lyft Lidocaine is a superb skin filler of a top quality. FDA-approved for the treatment of hands and facial wrinkle removal, it has no match.\" \/>\n<meta name=\"robots\" content=\"index, follow, max-snippet:-1, max-image-preview:large, max-video-preview:-1\" \/>\n<link rel=\"canonical\" href=\"https:\/\/skin-heal.com\/es\/producto\/restylane-lyft-with-lidocaine-1x1ml\/\" \/>\n<meta property=\"og:locale\" content=\"es_MX\" \/>\n<meta property=\"og:type\" content=\"article\" \/>\n<meta property=\"og:title\" content=\"Restylane Lyft with Lidocaine (1x1ml) - Skin Heal\" \/>\n<meta property=\"og:description\" content=\"Restylane Lyft Lidocaine is a superb skin filler of a top quality. FDA-approved for the treatment of hands and facial wrinkle removal, it has no match.\" \/>\n<meta property=\"og:url\" content=\"https:\/\/skin-heal.com\/es\/producto\/restylane-lyft-with-lidocaine-1x1ml\/\" \/>\n<meta property=\"og:site_name\" content=\"Skin Heal\" \/>\n<meta property=\"article:modified_time\" content=\"2023-02-20T16:51:33+00:00\" \/>\n<meta property=\"og:image\" content=\"https:\/\/cdn.skin-heal.com\/wp-content\/uploads\/2018\/11\/Restylane-Lyft-Lidocaine.jpg\" \/>\n\t<meta property=\"og:image:width\" content=\"550\" \/>\n\t<meta property=\"og:image:height\" content=\"550\" \/>\n\t<meta property=\"og:image:type\" content=\"image\/jpeg\" \/>\n<meta name=\"twitter:card\" content=\"summary_large_image\" \/>\n<meta name=\"twitter:label1\" content=\"Tiempo de lectura\" \/>\n\t<meta name=\"twitter:data1\" content=\"1 minuto\" \/>\n<script type=\"application\/ld+json\" class=\"yoast-schema-graph\">{\"@context\":\"https:\\\/\\\/schema.org\",\"@graph\":[{\"@type\":\"WebPage\",\"@id\":\"https:\\\/\\\/skin-heal.com\\\/product\\\/restylane-lyft-with-lidocaine-1x1ml\\\/\",\"url\":\"https:\\\/\\\/skin-heal.com\\\/product\\\/restylane-lyft-with-lidocaine-1x1ml\\\/\",\"name\":\"Restylane Lyft with Lidocaine (1x1ml) - Skin Heal\",\"isPartOf\":{\"@id\":\"https:\\\/\\\/skin-heal.com\\\/#website\"},\"primaryImageOfPage\":{\"@id\":\"https:\\\/\\\/skin-heal.com\\\/product\\\/restylane-lyft-with-lidocaine-1x1ml\\\/#primaryimage\"},\"image\":{\"@id\":\"https:\\\/\\\/skin-heal.com\\\/product\\\/restylane-lyft-with-lidocaine-1x1ml\\\/#primaryimage\"},\"thumbnailUrl\":\"https:\\\/\\\/skin-heal.com\\\/wp-content\\\/uploads\\\/2018\\\/11\\\/Restylane-Lyft-Lidocaine.jpg\",\"datePublished\":\"2018-11-23T16:04:54+00:00\",\"dateModified\":\"2023-02-20T16:51:33+00:00\",\"description\":\"Restylane Lyft Lidocaine is a superb skin filler of a top quality. FDA-approved for the treatment of hands and facial wrinkle removal, it has no match.\",\"breadcrumb\":{\"@id\":\"https:\\\/\\\/skin-heal.com\\\/product\\\/restylane-lyft-with-lidocaine-1x1ml\\\/#breadcrumb\"},\"inLanguage\":\"es\",\"potentialAction\":[{\"@type\":\"ReadAction\",\"target\":[\"https:\\\/\\\/skin-heal.com\\\/product\\\/restylane-lyft-with-lidocaine-1x1ml\\\/\"]}]},{\"@type\":\"ImageObject\",\"inLanguage\":\"es\",\"@id\":\"https:\\\/\\\/skin-heal.com\\\/product\\\/restylane-lyft-with-lidocaine-1x1ml\\\/#primaryimage\",\"url\":\"https:\\\/\\\/skin-heal.com\\\/wp-content\\\/uploads\\\/2018\\\/11\\\/Restylane-Lyft-Lidocaine.jpg\",\"contentUrl\":\"https:\\\/\\\/skin-heal.com\\\/wp-content\\\/uploads\\\/2018\\\/11\\\/Restylane-Lyft-Lidocaine.jpg\",\"width\":550,\"height\":550,\"caption\":\"Restylane Lyft Lidocaine\"},{\"@type\":\"BreadcrumbList\",\"@id\":\"https:\\\/\\\/skin-heal.com\\\/product\\\/restylane-lyft-with-lidocaine-1x1ml\\\/#breadcrumb\",\"itemListElement\":[{\"@type\":\"ListItem\",\"position\":1,\"name\":\"Home\",\"item\":\"https:\\\/\\\/skin-heal.com\\\/\"},{\"@type\":\"ListItem\",\"position\":2,\"name\":\"Store\",\"item\":\"https:\\\/\\\/skin-heal.com\\\/store\\\/\"},{\"@type\":\"ListItem\",\"position\":3,\"name\":\"Restylane Lyft with Lidocaine (1x1ml)\"}]},{\"@type\":\"WebSite\",\"@id\":\"https:\\\/\\\/skin-heal.com\\\/#website\",\"url\":\"https:\\\/\\\/skin-heal.com\\\/\",\"name\":\"Skin Heal\",\"description\":\"Lowest Prices for Dermal Fillers\",\"potentialAction\":[{\"@type\":\"SearchAction\",\"target\":{\"@type\":\"EntryPoint\",\"urlTemplate\":\"https:\\\/\\\/skin-heal.com\\\/?s={search_term_string}\"},\"query-input\":{\"@type\":\"PropertyValueSpecification\",\"valueRequired\":true,\"valueName\":\"search_term_string\"}}],\"inLanguage\":\"es\"}]}<\/script>\n<!-- \/ Yoast SEO plugin. -->","yoast_head_json":{"title":"Restylane Lyft con Lidoca\u00edna (1x1ml) - Skin Heal","description":"Restylane Lyft Lidocaine es un excelente relleno cut\u00e1neo de m\u00e1xima calidad. Aprobado por la FDA para el tratamiento de las manos y la eliminaci\u00f3n de arrugas faciales, no tiene rival.","robots":{"index":"index","follow":"follow","max-snippet":"max-snippet:-1","max-image-preview":"max-image-preview:large","max-video-preview":"max-video-preview:-1"},"canonical":"https:\/\/skin-heal.com\/es\/producto\/restylane-lyft-with-lidocaine-1x1ml\/","og_locale":"es_MX","og_type":"article","og_title":"Restylane Lyft with Lidocaine (1x1ml) - Skin Heal","og_description":"Restylane Lyft Lidocaine is a superb skin filler of a top quality. FDA-approved for the treatment of hands and facial wrinkle removal, it has no match.","og_url":"https:\/\/skin-heal.com\/es\/producto\/restylane-lyft-with-lidocaine-1x1ml\/","og_site_name":"Skin Heal","article_modified_time":"2023-02-20T16:51:33+00:00","og_image":[{"width":550,"height":550,"url":"https:\/\/cdn.skin-heal.com\/wp-content\/uploads\/2018\/11\/Restylane-Lyft-Lidocaine.jpg","type":"image\/jpeg"}],"twitter_card":"summary_large_image","twitter_misc":{"Tiempo de lectura":"1 minuto"},"schema":{"@context":"https:\/\/schema.org","@graph":[{"@type":"WebPage","@id":"https:\/\/skin-heal.com\/product\/restylane-lyft-with-lidocaine-1x1ml\/","url":"https:\/\/skin-heal.com\/product\/restylane-lyft-with-lidocaine-1x1ml\/","name":"Restylane Lyft con Lidoca\u00edna (1x1ml) - Skin Heal","isPartOf":{"@id":"https:\/\/skin-heal.com\/#website"},"primaryImageOfPage":{"@id":"https:\/\/skin-heal.com\/product\/restylane-lyft-with-lidocaine-1x1ml\/#primaryimage"},"image":{"@id":"https:\/\/skin-heal.com\/product\/restylane-lyft-with-lidocaine-1x1ml\/#primaryimage"},"thumbnailUrl":"https:\/\/cdn.skin-heal.com\/wp-content\/uploads\/2018\/11\/Restylane-Lyft-Lidocaine.jpg","datePublished":"2018-11-23T16:04:54+00:00","dateModified":"2023-02-20T16:51:33+00:00","description":"Restylane Lyft Lidocaine es un excelente relleno cut\u00e1neo de m\u00e1xima calidad. Aprobado por la FDA para el tratamiento de las manos y la eliminaci\u00f3n de arrugas faciales, no tiene rival.","breadcrumb":{"@id":"https:\/\/skin-heal.com\/product\/restylane-lyft-with-lidocaine-1x1ml\/#breadcrumb"},"inLanguage":"es","potentialAction":[{"@type":"ReadAction","target":["https:\/\/skin-heal.com\/product\/restylane-lyft-with-lidocaine-1x1ml\/"]}]},{"@type":"ImageObject","inLanguage":"es","@id":"https:\/\/skin-heal.com\/product\/restylane-lyft-with-lidocaine-1x1ml\/#primaryimage","url":"https:\/\/cdn.skin-heal.com\/wp-content\/uploads\/2018\/11\/Restylane-Lyft-Lidocaine.jpg","contentUrl":"https:\/\/cdn.skin-heal.com\/wp-content\/uploads\/2018\/11\/Restylane-Lyft-Lidocaine.jpg","width":550,"height":550,"caption":"Restylane Lyft Lidocaine"},{"@type":"BreadcrumbList","@id":"https:\/\/skin-heal.com\/product\/restylane-lyft-with-lidocaine-1x1ml\/#breadcrumb","itemListElement":[{"@type":"ListItem","position":1,"name":"Home","item":"https:\/\/skin-heal.com\/"},{"@type":"ListItem","position":2,"name":"Store","item":"https:\/\/skin-heal.com\/store\/"},{"@type":"ListItem","position":3,"name":"Restylane Lyft with Lidocaine (1x1ml)"}]},{"@type":"WebSite","@id":"https:\/\/skin-heal.com\/#website","url":"https:\/\/skin-heal.com\/","name":"Curaci\u00f3n de la piel","description":"Los precios m\u00e1s bajos para los rellenos d\u00e9rmicos","potentialAction":[{"@type":"SearchAction","target":{"@type":"EntryPoint","urlTemplate":"https:\/\/skin-heal.com\/?s={search_term_string}"},"query-input":{"@type":"PropertyValueSpecification","valueRequired":true,"valueName":"search_term_string"}}],"inLanguage":"es"}]}},"_links":{"self":[{"href":"https:\/\/skin-heal.com\/es\/wp-json\/wp\/v2\/product\/696","targetHints":{"allow":["GET"]}}],"collection":[{"href":"https:\/\/skin-heal.com\/es\/wp-json\/wp\/v2\/product"}],"about":[{"href":"https:\/\/skin-heal.com\/es\/wp-json\/wp\/v2\/types\/product"}],"wp:featuredmedia":[{"embeddable":true,"href":"https:\/\/skin-heal.com\/es\/wp-json\/wp\/v2\/media\/827"}],"wp:attachment":[{"href":"https:\/\/skin-heal.com\/es\/wp-json\/wp\/v2\/media?parent=696"}],"wp:term":[{"taxonomy":"product_brand","embeddable":true,"href":"https:\/\/skin-heal.com\/es\/wp-json\/wp\/v2\/product_brand?post=696"},{"taxonomy":"product_cat","embeddable":true,"href":"https:\/\/skin-heal.com\/es\/wp-json\/wp\/v2\/product_cat?post=696"},{"taxonomy":"product_tag","embeddable":true,"href":"https:\/\/skin-heal.com\/es\/wp-json\/wp\/v2\/product_tag?post=696"}],"curies":[{"name":"wp","href":"https:\/\/api.w.org\/{rel}","templated":true}]}}