{"id":697,"date":"2018-11-23T16:06:02","date_gmt":"2018-11-23T16:06:02","guid":{"rendered":"https:\/\/skin-heal.com\/?post_type=product&#038;p=697"},"modified":"2023-02-20T19:07:22","modified_gmt":"2023-02-20T17:07:22","slug":"restylane-lyps-lidocaine-1x1ml","status":"publish","type":"product","link":"https:\/\/skin-heal.com\/es\/producto\/restylane-lyps-lidocaine-1x1ml\/","title":{"rendered":"Restylane Lyps Lidoca\u00edna (1x1ml)"},"content":{"rendered":"<p><strong>Indicaciones recomendadas:<\/strong><\/p>\n<ul>\n<li>Proporcionar definici\u00f3n de los labios<\/li>\n<li>A\u00f1adir gordura<\/li>\n<li>Contornear y dar forma al borde de los labios<\/li>\n<li>Realce del arco de cupido y contorno<\/li>\n<\/ul>\n<p>Fabricado a partir de HA no reticulado de origen no animal, Restylane Lyps no requiere ninguna prueba previa al tratamiento. Es muy seguro y compatible con el organismo humano. Las part\u00edculas de HA en su composici\u00f3n tienen el volumen y la concentraci\u00f3n ideales debido a la excepcional tecnolog\u00eda NASHA utilizada en la producci\u00f3n de este relleno inyectable de primera clase. La OBT, otra tecnolog\u00eda innovadora, es la raz\u00f3n por la que la textura del gel es tan suave, dando como resultado un aspecto m\u00e1s suave y equilibrado. Cuando se combina el poder de estos dos m\u00e9todos de producci\u00f3n, obtenemos un relleno labial flexible pero de mayor duraci\u00f3n que soporta todo el movimiento que hacen los labios al comer, hablar, etc.<\/p>\n<p><strong>\u00bfC\u00f3mo se administra el tratamiento?<\/strong><\/p>\n<p>Restylane Lyps se inyecta en los labios con una aguja de 29G1\/2\" (el paquete contiene dos) por un cl\u00ednico experto. Cuando se administra en el centro de los labios, el producto hace que parezcan m\u00e1s carnosos. Cuando se inyecta en el borde del bermell\u00f3n, ofrece una mejor definici\u00f3n de los labios. Independientemente de la zona a tratar, los resultados suelen ser visibles durante 6-9 meses.<\/p>","protected":false},"excerpt":{"rendered":"<p>Restylane Lyps es un relleno d\u00e9rmico de r\u00e1pida venta dirigido a la zona de los labios. Gracias a la Tecnolog\u00eda de Equilibrio \u00d3ptimo y a la Tecnolog\u00eda NASHA utilizadas para su desarrollo y al \u00c1cido Hialur\u00f3nico de origen no animal de este producto, es capaz de soportar los excesivos movimientos y la flexibilidad que caracterizan a esta parte del rostro. El volumen y el contorno de los labios son dos cosas que este relleno d\u00e9rmico de r\u00e1pida venta hace a la perfecci\u00f3n.<\/p>","protected":false},"featured_media":829,"template":"","meta":[],"product_brand":[],"product_cat":[79,40],"product_tag":[125],"class_list":{"0":"post-697","1":"product","2":"type-product","3":"status-publish","4":"has-post-thumbnail","6":"product_cat-dermal-fillers","7":"product_cat-restylane","8":"product_tag-backorder","9":"clearfix","11":"first","12":"outofstock","13":"taxable","14":"shipping-taxable","15":"purchasable","16":"product-type-simple"},"yoast_head":"<!-- This site is optimized with the Yoast SEO plugin v27.4 - https:\/\/yoast.com\/product\/yoast-seo-wordpress\/ -->\n<title>Restylane Lyps Lidocaine (1x1ml) - Skin Heal<\/title>\n<meta name=\"description\" content=\"Restylane Lyps is an advanced lip filler that adds lip volume and defines lip contour. It is NASHA and OBT-designed and the HA in it lasts for 6-9 months.\" \/>\n<meta name=\"robots\" content=\"index, follow, max-snippet:-1, max-image-preview:large, max-video-preview:-1\" \/>\n<link rel=\"canonical\" href=\"https:\/\/skin-heal.com\/es\/producto\/restylane-lyps-lidocaine-1x1ml\/\" \/>\n<meta property=\"og:locale\" content=\"es_MX\" \/>\n<meta property=\"og:type\" content=\"article\" \/>\n<meta property=\"og:title\" content=\"Restylane Lyps Lidocaine (1x1ml) - Skin Heal\" \/>\n<meta property=\"og:description\" content=\"Restylane Lyps is an advanced lip filler that adds lip volume and defines lip contour. It is NASHA and OBT-designed and the HA in it lasts for 6-9 months.\" \/>\n<meta property=\"og:url\" content=\"https:\/\/skin-heal.com\/es\/producto\/restylane-lyps-lidocaine-1x1ml\/\" \/>\n<meta property=\"og:site_name\" content=\"Skin Heal\" \/>\n<meta property=\"article:modified_time\" content=\"2023-02-20T17:07:22+00:00\" \/>\n<meta property=\"og:image\" content=\"https:\/\/cdn.skin-heal.com\/wp-content\/uploads\/2018\/11\/Restylane-Lyps.jpg\" \/>\n\t<meta property=\"og:image:width\" content=\"550\" \/>\n\t<meta property=\"og:image:height\" content=\"550\" \/>\n\t<meta property=\"og:image:type\" content=\"image\/jpeg\" \/>\n<meta name=\"twitter:card\" content=\"summary_large_image\" \/>\n<meta name=\"twitter:label1\" content=\"Tiempo de lectura\" \/>\n\t<meta name=\"twitter:data1\" content=\"1 minuto\" \/>\n<script type=\"application\/ld+json\" class=\"yoast-schema-graph\">{\"@context\":\"https:\\\/\\\/schema.org\",\"@graph\":[{\"@type\":\"WebPage\",\"@id\":\"https:\\\/\\\/skin-heal.com\\\/product\\\/restylane-lyps-lidocaine-1x1ml\\\/\",\"url\":\"https:\\\/\\\/skin-heal.com\\\/product\\\/restylane-lyps-lidocaine-1x1ml\\\/\",\"name\":\"Restylane Lyps Lidocaine (1x1ml) - Skin Heal\",\"isPartOf\":{\"@id\":\"https:\\\/\\\/skin-heal.com\\\/#website\"},\"primaryImageOfPage\":{\"@id\":\"https:\\\/\\\/skin-heal.com\\\/product\\\/restylane-lyps-lidocaine-1x1ml\\\/#primaryimage\"},\"image\":{\"@id\":\"https:\\\/\\\/skin-heal.com\\\/product\\\/restylane-lyps-lidocaine-1x1ml\\\/#primaryimage\"},\"thumbnailUrl\":\"https:\\\/\\\/skin-heal.com\\\/wp-content\\\/uploads\\\/2018\\\/11\\\/Restylane-Lyps.jpg\",\"datePublished\":\"2018-11-23T16:06:02+00:00\",\"dateModified\":\"2023-02-20T17:07:22+00:00\",\"description\":\"Restylane Lyps is an advanced lip filler that adds lip volume and defines lip contour. It is NASHA and OBT-designed and the HA in it lasts for 6-9 months.\",\"breadcrumb\":{\"@id\":\"https:\\\/\\\/skin-heal.com\\\/product\\\/restylane-lyps-lidocaine-1x1ml\\\/#breadcrumb\"},\"inLanguage\":\"es\",\"potentialAction\":[{\"@type\":\"ReadAction\",\"target\":[\"https:\\\/\\\/skin-heal.com\\\/product\\\/restylane-lyps-lidocaine-1x1ml\\\/\"]}]},{\"@type\":\"ImageObject\",\"inLanguage\":\"es\",\"@id\":\"https:\\\/\\\/skin-heal.com\\\/product\\\/restylane-lyps-lidocaine-1x1ml\\\/#primaryimage\",\"url\":\"https:\\\/\\\/skin-heal.com\\\/wp-content\\\/uploads\\\/2018\\\/11\\\/Restylane-Lyps.jpg\",\"contentUrl\":\"https:\\\/\\\/skin-heal.com\\\/wp-content\\\/uploads\\\/2018\\\/11\\\/Restylane-Lyps.jpg\",\"width\":550,\"height\":550,\"caption\":\"Restylane Lyps\"},{\"@type\":\"BreadcrumbList\",\"@id\":\"https:\\\/\\\/skin-heal.com\\\/product\\\/restylane-lyps-lidocaine-1x1ml\\\/#breadcrumb\",\"itemListElement\":[{\"@type\":\"ListItem\",\"position\":1,\"name\":\"Home\",\"item\":\"https:\\\/\\\/skin-heal.com\\\/\"},{\"@type\":\"ListItem\",\"position\":2,\"name\":\"Store\",\"item\":\"https:\\\/\\\/skin-heal.com\\\/store\\\/\"},{\"@type\":\"ListItem\",\"position\":3,\"name\":\"Restylane Lyps Lidocaine (1x1ml)\"}]},{\"@type\":\"WebSite\",\"@id\":\"https:\\\/\\\/skin-heal.com\\\/#website\",\"url\":\"https:\\\/\\\/skin-heal.com\\\/\",\"name\":\"Skin Heal\",\"description\":\"Lowest Prices for Dermal Fillers\",\"potentialAction\":[{\"@type\":\"SearchAction\",\"target\":{\"@type\":\"EntryPoint\",\"urlTemplate\":\"https:\\\/\\\/skin-heal.com\\\/?s={search_term_string}\"},\"query-input\":{\"@type\":\"PropertyValueSpecification\",\"valueRequired\":true,\"valueName\":\"search_term_string\"}}],\"inLanguage\":\"es\"}]}<\/script>\n<!-- \/ Yoast SEO plugin. -->","yoast_head_json":{"title":"Restylane Lyps Lidoca\u00edna (1x1ml) - Skin Heal","description":"Restylane Lyps es un relleno labial avanzado que a\u00f1ade volumen y define el contorno de los labios. Est\u00e1 dise\u00f1ado por NASHA y OBT y el HA que contiene tiene una duraci\u00f3n de 6-9 meses.","robots":{"index":"index","follow":"follow","max-snippet":"max-snippet:-1","max-image-preview":"max-image-preview:large","max-video-preview":"max-video-preview:-1"},"canonical":"https:\/\/skin-heal.com\/es\/producto\/restylane-lyps-lidocaine-1x1ml\/","og_locale":"es_MX","og_type":"article","og_title":"Restylane Lyps Lidocaine (1x1ml) - Skin Heal","og_description":"Restylane Lyps is an advanced lip filler that adds lip volume and defines lip contour. It is NASHA and OBT-designed and the HA in it lasts for 6-9 months.","og_url":"https:\/\/skin-heal.com\/es\/producto\/restylane-lyps-lidocaine-1x1ml\/","og_site_name":"Skin Heal","article_modified_time":"2023-02-20T17:07:22+00:00","og_image":[{"width":550,"height":550,"url":"https:\/\/cdn.skin-heal.com\/wp-content\/uploads\/2018\/11\/Restylane-Lyps.jpg","type":"image\/jpeg"}],"twitter_card":"summary_large_image","twitter_misc":{"Tiempo de lectura":"1 minuto"},"schema":{"@context":"https:\/\/schema.org","@graph":[{"@type":"WebPage","@id":"https:\/\/skin-heal.com\/product\/restylane-lyps-lidocaine-1x1ml\/","url":"https:\/\/skin-heal.com\/product\/restylane-lyps-lidocaine-1x1ml\/","name":"Restylane Lyps Lidoca\u00edna (1x1ml) - Skin Heal","isPartOf":{"@id":"https:\/\/skin-heal.com\/#website"},"primaryImageOfPage":{"@id":"https:\/\/skin-heal.com\/product\/restylane-lyps-lidocaine-1x1ml\/#primaryimage"},"image":{"@id":"https:\/\/skin-heal.com\/product\/restylane-lyps-lidocaine-1x1ml\/#primaryimage"},"thumbnailUrl":"https:\/\/cdn.skin-heal.com\/wp-content\/uploads\/2018\/11\/Restylane-Lyps.jpg","datePublished":"2018-11-23T16:06:02+00:00","dateModified":"2023-02-20T17:07:22+00:00","description":"Restylane Lyps es un relleno labial avanzado que a\u00f1ade volumen y define el contorno de los labios. Est\u00e1 dise\u00f1ado por NASHA y OBT y el HA que contiene tiene una duraci\u00f3n de 6-9 meses.","breadcrumb":{"@id":"https:\/\/skin-heal.com\/product\/restylane-lyps-lidocaine-1x1ml\/#breadcrumb"},"inLanguage":"es","potentialAction":[{"@type":"ReadAction","target":["https:\/\/skin-heal.com\/product\/restylane-lyps-lidocaine-1x1ml\/"]}]},{"@type":"ImageObject","inLanguage":"es","@id":"https:\/\/skin-heal.com\/product\/restylane-lyps-lidocaine-1x1ml\/#primaryimage","url":"https:\/\/cdn.skin-heal.com\/wp-content\/uploads\/2018\/11\/Restylane-Lyps.jpg","contentUrl":"https:\/\/cdn.skin-heal.com\/wp-content\/uploads\/2018\/11\/Restylane-Lyps.jpg","width":550,"height":550,"caption":"Restylane Lyps"},{"@type":"BreadcrumbList","@id":"https:\/\/skin-heal.com\/product\/restylane-lyps-lidocaine-1x1ml\/#breadcrumb","itemListElement":[{"@type":"ListItem","position":1,"name":"Home","item":"https:\/\/skin-heal.com\/"},{"@type":"ListItem","position":2,"name":"Store","item":"https:\/\/skin-heal.com\/store\/"},{"@type":"ListItem","position":3,"name":"Restylane Lyps Lidocaine (1x1ml)"}]},{"@type":"WebSite","@id":"https:\/\/skin-heal.com\/#website","url":"https:\/\/skin-heal.com\/","name":"Curaci\u00f3n de la piel","description":"Los precios m\u00e1s bajos para los rellenos d\u00e9rmicos","potentialAction":[{"@type":"SearchAction","target":{"@type":"EntryPoint","urlTemplate":"https:\/\/skin-heal.com\/?s={search_term_string}"},"query-input":{"@type":"PropertyValueSpecification","valueRequired":true,"valueName":"search_term_string"}}],"inLanguage":"es"}]}},"_links":{"self":[{"href":"https:\/\/skin-heal.com\/es\/wp-json\/wp\/v2\/product\/697","targetHints":{"allow":["GET"]}}],"collection":[{"href":"https:\/\/skin-heal.com\/es\/wp-json\/wp\/v2\/product"}],"about":[{"href":"https:\/\/skin-heal.com\/es\/wp-json\/wp\/v2\/types\/product"}],"wp:featuredmedia":[{"embeddable":true,"href":"https:\/\/skin-heal.com\/es\/wp-json\/wp\/v2\/media\/829"}],"wp:attachment":[{"href":"https:\/\/skin-heal.com\/es\/wp-json\/wp\/v2\/media?parent=697"}],"wp:term":[{"taxonomy":"product_brand","embeddable":true,"href":"https:\/\/skin-heal.com\/es\/wp-json\/wp\/v2\/product_brand?post=697"},{"taxonomy":"product_cat","embeddable":true,"href":"https:\/\/skin-heal.com\/es\/wp-json\/wp\/v2\/product_cat?post=697"},{"taxonomy":"product_tag","embeddable":true,"href":"https:\/\/skin-heal.com\/es\/wp-json\/wp\/v2\/product_tag?post=697"}],"curies":[{"name":"wp","href":"https:\/\/api.w.org\/{rel}","templated":true}]}}