{"id":698,"date":"2018-11-24T08:47:34","date_gmt":"2018-11-24T06:47:34","guid":{"rendered":"https:\/\/skin-heal.com\/?post_type=product&#038;p=698"},"modified":"2023-06-25T20:27:59","modified_gmt":"2023-06-25T17:27:59","slug":"restylane-1x1ml","status":"publish","type":"product","link":"https:\/\/skin-heal.com\/es\/producto\/restylane-1x1ml\/","title":{"rendered":"Restylane (1x1ml) - sin Lidoca\u00edna"},"content":{"rendered":"<p>Restylane, que forma parte de la gama de productos Restore de Q-Med, hace precisamente eso: devolver a la piel del rostro su aspecto juvenil y saludable. Para hacerlo posible, rellena los pliegues de los tejidos blandos, como las l\u00edneas y las arrugas, y les da un volumen de aspecto natural. La tecnolog\u00eda NASHA desempe\u00f1a el papel principal en este proceso. Se trata de un m\u00e9todo de producci\u00f3n que implica el uso de \u00e1cido hialur\u00f3nico no esterilizado en animales.<\/p>\n<p><strong>La tecnolog\u00eda NASHA y sus ventajas:<\/strong><\/p>\n<ul>\n<li>\u00c1cido hialur\u00f3nico - Se encuentra naturalmente en el cuerpo humano y puede mantener los niveles de humedad de la piel<\/li>\n<li>No es de origen animal - Es biocompatible y no provoca alergias<\/li>\n<li>Esterilizado - Seguro y saludable<\/li>\n<li>Efectos m\u00e1s duraderos<\/li>\n<\/ul>\n<p>Restylane puede inyectarse en diferentes zonas del rostro y est\u00e1 especialmente indicado para el tratamiento de las l\u00edneas de marioneta y de la sonrisa. La longevidad de los resultados oscila entre 6 y 9 meses. Una vez aplicado este relleno cut\u00e1neo de calidad profesional, el AH que contiene comienza a biodegradarse lentamente y con el tiempo desaparece por completo sin dejar rastros en los tejidos de la piel. Por lo tanto, se requieren tratamientos de mantenimiento cuando el paciente quiere conservar los efectos conseguidos.<\/p>\n<p><strong>#1 Producto para mejorar los labios<\/strong><\/p>\n<p>La FDA ha aprobado el uso de Restylane como relleno labial de \u00e1cido hialur\u00f3nico. Se trata de la principal elecci\u00f3n de muchos m\u00e9dicos que buscan una soluci\u00f3n duradera y no invasiva para mejorar los labios.<\/p>","protected":false},"excerpt":{"rendered":"<p>Restylane es un relleno d\u00e9rmico aprobado por la FDA que puede corregir l\u00edneas y arrugas faciales de moderadas a severas. Es seguro de inyectar en diferentes \u00e1reas de la cara porque es un producto m\u00e9dico probado y de confianza de una calidad de primera clase que contiene \u00e1cido hialur\u00f3nico de primera clase de un origen no animal. Este producto tambi\u00e9n se puede utilizar en los procedimientos de mejora de los labios y ofrece resultados extraordinarios en todo momento.<\/p>","protected":false},"featured_media":837,"template":"","meta":[],"product_brand":[],"product_cat":[79,40],"product_tag":[],"class_list":{"0":"post-698","1":"product","2":"type-product","3":"status-publish","4":"has-post-thumbnail","6":"product_cat-dermal-fillers","7":"product_cat-restylane","8":"clearfix","10":"first","11":"instock","12":"taxable","13":"shipping-taxable","14":"purchasable","15":"product-type-simple"},"yoast_head":"<!-- This site is optimized with the Yoast SEO plugin v27.4 - https:\/\/yoast.com\/product\/yoast-seo-wordpress\/ -->\n<title>Restylane (1x1ml) - without Lidocaine - Skin Heal<\/title>\n<meta name=\"description\" content=\"FDA-approved Restylane is a leading HA dermal filler that removes moderate to severe facial wrinkles and offers a longer-lasting lip enhancement solution.\" \/>\n<meta name=\"robots\" content=\"index, follow, max-snippet:-1, max-image-preview:large, max-video-preview:-1\" \/>\n<link rel=\"canonical\" href=\"https:\/\/skin-heal.com\/es\/producto\/restylane-1x1ml\/\" \/>\n<meta property=\"og:locale\" content=\"es_MX\" \/>\n<meta property=\"og:type\" content=\"article\" \/>\n<meta property=\"og:title\" content=\"Restylane (1x1ml) - without Lidocaine - Skin Heal\" \/>\n<meta property=\"og:description\" content=\"FDA-approved Restylane is a leading HA dermal filler that removes moderate to severe facial wrinkles and offers a longer-lasting lip enhancement solution.\" \/>\n<meta property=\"og:url\" content=\"https:\/\/skin-heal.com\/es\/producto\/restylane-1x1ml\/\" \/>\n<meta property=\"og:site_name\" content=\"Skin Heal\" \/>\n<meta property=\"article:modified_time\" content=\"2023-06-25T17:27:59+00:00\" \/>\n<meta property=\"og:image\" content=\"https:\/\/cdn.skin-heal.com\/wp-content\/uploads\/2018\/11\/Restylane-1.jpg\" \/>\n\t<meta property=\"og:image:width\" content=\"550\" \/>\n\t<meta property=\"og:image:height\" content=\"550\" \/>\n\t<meta property=\"og:image:type\" content=\"image\/jpeg\" \/>\n<meta name=\"twitter:card\" content=\"summary_large_image\" \/>\n<meta name=\"twitter:label1\" content=\"Tiempo de lectura\" \/>\n\t<meta name=\"twitter:data1\" content=\"1 minuto\" \/>\n<script type=\"application\/ld+json\" class=\"yoast-schema-graph\">{\"@context\":\"https:\\\/\\\/schema.org\",\"@graph\":[{\"@type\":\"WebPage\",\"@id\":\"https:\\\/\\\/skin-heal.com\\\/product\\\/restylane-1x1ml\\\/\",\"url\":\"https:\\\/\\\/skin-heal.com\\\/product\\\/restylane-1x1ml\\\/\",\"name\":\"Restylane (1x1ml) - without Lidocaine - Skin Heal\",\"isPartOf\":{\"@id\":\"https:\\\/\\\/skin-heal.com\\\/#website\"},\"primaryImageOfPage\":{\"@id\":\"https:\\\/\\\/skin-heal.com\\\/product\\\/restylane-1x1ml\\\/#primaryimage\"},\"image\":{\"@id\":\"https:\\\/\\\/skin-heal.com\\\/product\\\/restylane-1x1ml\\\/#primaryimage\"},\"thumbnailUrl\":\"https:\\\/\\\/skin-heal.com\\\/wp-content\\\/uploads\\\/2018\\\/11\\\/Restylane-1.jpg\",\"datePublished\":\"2018-11-24T06:47:34+00:00\",\"dateModified\":\"2023-06-25T17:27:59+00:00\",\"description\":\"FDA-approved Restylane is a leading HA dermal filler that removes moderate to severe facial wrinkles and offers a longer-lasting lip enhancement solution.\",\"breadcrumb\":{\"@id\":\"https:\\\/\\\/skin-heal.com\\\/product\\\/restylane-1x1ml\\\/#breadcrumb\"},\"inLanguage\":\"es\",\"potentialAction\":[{\"@type\":\"ReadAction\",\"target\":[\"https:\\\/\\\/skin-heal.com\\\/product\\\/restylane-1x1ml\\\/\"]}]},{\"@type\":\"ImageObject\",\"inLanguage\":\"es\",\"@id\":\"https:\\\/\\\/skin-heal.com\\\/product\\\/restylane-1x1ml\\\/#primaryimage\",\"url\":\"https:\\\/\\\/skin-heal.com\\\/wp-content\\\/uploads\\\/2018\\\/11\\\/Restylane-1.jpg\",\"contentUrl\":\"https:\\\/\\\/skin-heal.com\\\/wp-content\\\/uploads\\\/2018\\\/11\\\/Restylane-1.jpg\",\"width\":550,\"height\":550,\"caption\":\"Restylane\"},{\"@type\":\"BreadcrumbList\",\"@id\":\"https:\\\/\\\/skin-heal.com\\\/product\\\/restylane-1x1ml\\\/#breadcrumb\",\"itemListElement\":[{\"@type\":\"ListItem\",\"position\":1,\"name\":\"Home\",\"item\":\"https:\\\/\\\/skin-heal.com\\\/\"},{\"@type\":\"ListItem\",\"position\":2,\"name\":\"Store\",\"item\":\"https:\\\/\\\/skin-heal.com\\\/store\\\/\"},{\"@type\":\"ListItem\",\"position\":3,\"name\":\"Restylane (1x1ml) &#8211; without Lidocaine\"}]},{\"@type\":\"WebSite\",\"@id\":\"https:\\\/\\\/skin-heal.com\\\/#website\",\"url\":\"https:\\\/\\\/skin-heal.com\\\/\",\"name\":\"Skin Heal\",\"description\":\"Lowest Prices for Dermal Fillers\",\"potentialAction\":[{\"@type\":\"SearchAction\",\"target\":{\"@type\":\"EntryPoint\",\"urlTemplate\":\"https:\\\/\\\/skin-heal.com\\\/?s={search_term_string}\"},\"query-input\":{\"@type\":\"PropertyValueSpecification\",\"valueRequired\":true,\"valueName\":\"search_term_string\"}}],\"inLanguage\":\"es\"}]}<\/script>\n<!-- \/ Yoast SEO plugin. -->","yoast_head_json":{"title":"Restylane (1x1ml) - sin Lidoca\u00edna - Skin Heal","description":"Restylane, aprobado por la FDA, es un relleno d\u00e9rmico de HA l\u00edder que elimina las arrugas faciales de moderadas a graves y ofrece una soluci\u00f3n de realce de labios m\u00e1s duradera.","robots":{"index":"index","follow":"follow","max-snippet":"max-snippet:-1","max-image-preview":"max-image-preview:large","max-video-preview":"max-video-preview:-1"},"canonical":"https:\/\/skin-heal.com\/es\/producto\/restylane-1x1ml\/","og_locale":"es_MX","og_type":"article","og_title":"Restylane (1x1ml) - without Lidocaine - Skin Heal","og_description":"FDA-approved Restylane is a leading HA dermal filler that removes moderate to severe facial wrinkles and offers a longer-lasting lip enhancement solution.","og_url":"https:\/\/skin-heal.com\/es\/producto\/restylane-1x1ml\/","og_site_name":"Skin Heal","article_modified_time":"2023-06-25T17:27:59+00:00","og_image":[{"width":550,"height":550,"url":"https:\/\/cdn.skin-heal.com\/wp-content\/uploads\/2018\/11\/Restylane-1.jpg","type":"image\/jpeg"}],"twitter_card":"summary_large_image","twitter_misc":{"Tiempo de lectura":"1 minuto"},"schema":{"@context":"https:\/\/schema.org","@graph":[{"@type":"WebPage","@id":"https:\/\/skin-heal.com\/product\/restylane-1x1ml\/","url":"https:\/\/skin-heal.com\/product\/restylane-1x1ml\/","name":"Restylane (1x1ml) - sin Lidoca\u00edna - Skin Heal","isPartOf":{"@id":"https:\/\/skin-heal.com\/#website"},"primaryImageOfPage":{"@id":"https:\/\/skin-heal.com\/product\/restylane-1x1ml\/#primaryimage"},"image":{"@id":"https:\/\/skin-heal.com\/product\/restylane-1x1ml\/#primaryimage"},"thumbnailUrl":"https:\/\/cdn.skin-heal.com\/wp-content\/uploads\/2018\/11\/Restylane-1.jpg","datePublished":"2018-11-24T06:47:34+00:00","dateModified":"2023-06-25T17:27:59+00:00","description":"Restylane, aprobado por la FDA, es un relleno d\u00e9rmico de HA l\u00edder que elimina las arrugas faciales de moderadas a graves y ofrece una soluci\u00f3n de realce de labios m\u00e1s duradera.","breadcrumb":{"@id":"https:\/\/skin-heal.com\/product\/restylane-1x1ml\/#breadcrumb"},"inLanguage":"es","potentialAction":[{"@type":"ReadAction","target":["https:\/\/skin-heal.com\/product\/restylane-1x1ml\/"]}]},{"@type":"ImageObject","inLanguage":"es","@id":"https:\/\/skin-heal.com\/product\/restylane-1x1ml\/#primaryimage","url":"https:\/\/cdn.skin-heal.com\/wp-content\/uploads\/2018\/11\/Restylane-1.jpg","contentUrl":"https:\/\/cdn.skin-heal.com\/wp-content\/uploads\/2018\/11\/Restylane-1.jpg","width":550,"height":550,"caption":"Restylane"},{"@type":"BreadcrumbList","@id":"https:\/\/skin-heal.com\/product\/restylane-1x1ml\/#breadcrumb","itemListElement":[{"@type":"ListItem","position":1,"name":"Home","item":"https:\/\/skin-heal.com\/"},{"@type":"ListItem","position":2,"name":"Store","item":"https:\/\/skin-heal.com\/store\/"},{"@type":"ListItem","position":3,"name":"Restylane (1x1ml) &#8211; without Lidocaine"}]},{"@type":"WebSite","@id":"https:\/\/skin-heal.com\/#website","url":"https:\/\/skin-heal.com\/","name":"Curaci\u00f3n de la piel","description":"Los precios m\u00e1s bajos para los rellenos d\u00e9rmicos","potentialAction":[{"@type":"SearchAction","target":{"@type":"EntryPoint","urlTemplate":"https:\/\/skin-heal.com\/?s={search_term_string}"},"query-input":{"@type":"PropertyValueSpecification","valueRequired":true,"valueName":"search_term_string"}}],"inLanguage":"es"}]}},"_links":{"self":[{"href":"https:\/\/skin-heal.com\/es\/wp-json\/wp\/v2\/product\/698","targetHints":{"allow":["GET"]}}],"collection":[{"href":"https:\/\/skin-heal.com\/es\/wp-json\/wp\/v2\/product"}],"about":[{"href":"https:\/\/skin-heal.com\/es\/wp-json\/wp\/v2\/types\/product"}],"wp:featuredmedia":[{"embeddable":true,"href":"https:\/\/skin-heal.com\/es\/wp-json\/wp\/v2\/media\/837"}],"wp:attachment":[{"href":"https:\/\/skin-heal.com\/es\/wp-json\/wp\/v2\/media?parent=698"}],"wp:term":[{"taxonomy":"product_brand","embeddable":true,"href":"https:\/\/skin-heal.com\/es\/wp-json\/wp\/v2\/product_brand?post=698"},{"taxonomy":"product_cat","embeddable":true,"href":"https:\/\/skin-heal.com\/es\/wp-json\/wp\/v2\/product_cat?post=698"},{"taxonomy":"product_tag","embeddable":true,"href":"https:\/\/skin-heal.com\/es\/wp-json\/wp\/v2\/product_tag?post=698"}],"curies":[{"name":"wp","href":"https:\/\/api.w.org\/{rel}","templated":true}]}}