{"id":699,"date":"2018-11-24T08:49:17","date_gmt":"2018-11-24T08:49:17","guid":{"rendered":"https:\/\/skin-heal.com\/?post_type=product&#038;p=699"},"modified":"2023-02-20T19:02:39","modified_gmt":"2023-02-20T17:02:39","slug":"restylane-lyft-1x1ml","status":"publish","type":"product","link":"https:\/\/skin-heal.com\/es\/producto\/restylane-lyft-1x1ml\/","title":{"rendered":"Restylane Lyft (1x1ml)"},"content":{"rendered":"<p><strong>Los m\u00faltiples usos de Restylane Lyft<\/strong><\/p>\n<ul>\n<li>Eliminaci\u00f3n de arrugas y pliegues faciales de moderados a severos<\/li>\n<li>Levantamiento y modelado del contorno facial<\/li>\n<li>Correcci\u00f3n de arrugas en el dorso de las manos<\/li>\n<li>Aumento de las mejillas y restauraci\u00f3n del volumen perdido en la zona media de la cara<\/li>\n<\/ul>\n<p>Este revolucionario relleno de tejidos blandos ofrece un paquete completo: es el primero de su clase que puede aplicarse (mediante una inyecci\u00f3n) tanto en la cara como en las manos. La FDA ha aprobado su uso en pacientes mayores de 21 a\u00f1os, lo que garantiza la excepcional calidad de este producto y que cumple plenamente todas las normas de seguridad.<\/p>\n<p>Restylane Lyft contiene 20mg\/ml de \u00e1cido hialur\u00f3nico no reticulado que se inyecta en la dermis profunda o en el subcutis superficial. Las t\u00e9cnicas de inyecci\u00f3n recomendadas son el hilado lineal, el rayado cruzado, as\u00ed como la punci\u00f3n en serie. Las part\u00edculas de AH del gel inyectable tardan normalmente entre 6 y 9 meses en biodegradarse en la piel, que es tambi\u00e9n la longevidad media de un \u00fanico tratamiento. Para la elaboraci\u00f3n de este producto de primer nivel se utiliz\u00f3 un m\u00e9todo especial de NASHA, por lo que se adapt\u00f3 perfectamente a los tratamientos de rejuvenecimiento de la piel mencionados anteriormente.<\/p>","protected":false},"excerpt":{"rendered":"<p>Restylane Lyft (ex Perlane-L) es un fant\u00e1stico relleno d\u00e9rmico que cumple m\u00faltiples prop\u00f3sitos: corregir las arrugas faciales moderadas\/suaves, definir y mejorar los contornos faciales, a\u00f1adir m\u00e1s plenitud a la zona media de la cara y mucho m\u00e1s. Este impresionante producto de rejuvenecimiento cosm\u00e9tico es el primero de su gama en ser aprobado por la FDA como un relleno cut\u00e1neo fiable que puede inyectarse con seguridad no s\u00f3lo en la piel del rostro, sino tambi\u00e9n en el dorso de las manos.<\/p>","protected":false},"featured_media":828,"template":"","meta":[],"product_brand":[],"product_cat":[79,40],"product_tag":[125],"class_list":{"0":"post-699","1":"product","2":"type-product","3":"status-publish","4":"has-post-thumbnail","6":"product_cat-dermal-fillers","7":"product_cat-restylane","8":"product_tag-backorder","9":"clearfix","11":"first","12":"outofstock","13":"taxable","14":"shipping-taxable","15":"purchasable","16":"product-type-simple"},"yoast_head":"<!-- This site is optimized with the Yoast SEO plugin v27.4 - https:\/\/yoast.com\/product\/yoast-seo-wordpress\/ -->\n<title>Restylane Lyft (1x1ml) - Skin Heal<\/title>\n<meta name=\"description\" content=\"Restylane Lyft is a top-quality HA filler, designed with NASHA Technology. Its use is FDA-approved for the treatment of both hand and facial wrinkles.\" \/>\n<meta name=\"robots\" content=\"index, follow, max-snippet:-1, max-image-preview:large, max-video-preview:-1\" \/>\n<link rel=\"canonical\" href=\"https:\/\/skin-heal.com\/es\/producto\/restylane-lyft-1x1ml\/\" \/>\n<meta property=\"og:locale\" content=\"es_MX\" \/>\n<meta property=\"og:type\" content=\"article\" \/>\n<meta property=\"og:title\" content=\"Restylane Lyft (1x1ml) - Skin Heal\" \/>\n<meta property=\"og:description\" content=\"Restylane Lyft is a top-quality HA filler, designed with NASHA Technology. Its use is FDA-approved for the treatment of both hand and facial wrinkles.\" \/>\n<meta property=\"og:url\" content=\"https:\/\/skin-heal.com\/es\/producto\/restylane-lyft-1x1ml\/\" \/>\n<meta property=\"og:site_name\" content=\"Skin Heal\" \/>\n<meta property=\"article:modified_time\" content=\"2023-02-20T17:02:39+00:00\" \/>\n<meta property=\"og:image\" content=\"https:\/\/cdn.skin-heal.com\/wp-content\/uploads\/2018\/11\/Restylane-Lyft.jpg\" \/>\n\t<meta property=\"og:image:width\" content=\"550\" \/>\n\t<meta property=\"og:image:height\" content=\"550\" \/>\n\t<meta property=\"og:image:type\" content=\"image\/jpeg\" \/>\n<meta name=\"twitter:card\" content=\"summary_large_image\" \/>\n<meta name=\"twitter:label1\" content=\"Tiempo de lectura\" \/>\n\t<meta name=\"twitter:data1\" content=\"1 minuto\" \/>\n<script type=\"application\/ld+json\" class=\"yoast-schema-graph\">{\"@context\":\"https:\\\/\\\/schema.org\",\"@graph\":[{\"@type\":\"WebPage\",\"@id\":\"https:\\\/\\\/skin-heal.com\\\/product\\\/restylane-lyft-1x1ml\\\/\",\"url\":\"https:\\\/\\\/skin-heal.com\\\/product\\\/restylane-lyft-1x1ml\\\/\",\"name\":\"Restylane Lyft (1x1ml) - Skin Heal\",\"isPartOf\":{\"@id\":\"https:\\\/\\\/skin-heal.com\\\/#website\"},\"primaryImageOfPage\":{\"@id\":\"https:\\\/\\\/skin-heal.com\\\/product\\\/restylane-lyft-1x1ml\\\/#primaryimage\"},\"image\":{\"@id\":\"https:\\\/\\\/skin-heal.com\\\/product\\\/restylane-lyft-1x1ml\\\/#primaryimage\"},\"thumbnailUrl\":\"https:\\\/\\\/skin-heal.com\\\/wp-content\\\/uploads\\\/2018\\\/11\\\/Restylane-Lyft.jpg\",\"datePublished\":\"2018-11-24T08:49:17+00:00\",\"dateModified\":\"2023-02-20T17:02:39+00:00\",\"description\":\"Restylane Lyft is a top-quality HA filler, designed with NASHA Technology. Its use is FDA-approved for the treatment of both hand and facial wrinkles.\",\"breadcrumb\":{\"@id\":\"https:\\\/\\\/skin-heal.com\\\/product\\\/restylane-lyft-1x1ml\\\/#breadcrumb\"},\"inLanguage\":\"es\",\"potentialAction\":[{\"@type\":\"ReadAction\",\"target\":[\"https:\\\/\\\/skin-heal.com\\\/product\\\/restylane-lyft-1x1ml\\\/\"]}]},{\"@type\":\"ImageObject\",\"inLanguage\":\"es\",\"@id\":\"https:\\\/\\\/skin-heal.com\\\/product\\\/restylane-lyft-1x1ml\\\/#primaryimage\",\"url\":\"https:\\\/\\\/skin-heal.com\\\/wp-content\\\/uploads\\\/2018\\\/11\\\/Restylane-Lyft.jpg\",\"contentUrl\":\"https:\\\/\\\/skin-heal.com\\\/wp-content\\\/uploads\\\/2018\\\/11\\\/Restylane-Lyft.jpg\",\"width\":550,\"height\":550,\"caption\":\"Restylane Lyft\"},{\"@type\":\"BreadcrumbList\",\"@id\":\"https:\\\/\\\/skin-heal.com\\\/product\\\/restylane-lyft-1x1ml\\\/#breadcrumb\",\"itemListElement\":[{\"@type\":\"ListItem\",\"position\":1,\"name\":\"Home\",\"item\":\"https:\\\/\\\/skin-heal.com\\\/\"},{\"@type\":\"ListItem\",\"position\":2,\"name\":\"Store\",\"item\":\"https:\\\/\\\/skin-heal.com\\\/store\\\/\"},{\"@type\":\"ListItem\",\"position\":3,\"name\":\"Restylane Lyft (1x1ml)\"}]},{\"@type\":\"WebSite\",\"@id\":\"https:\\\/\\\/skin-heal.com\\\/#website\",\"url\":\"https:\\\/\\\/skin-heal.com\\\/\",\"name\":\"Skin Heal\",\"description\":\"Lowest Prices for Dermal Fillers\",\"potentialAction\":[{\"@type\":\"SearchAction\",\"target\":{\"@type\":\"EntryPoint\",\"urlTemplate\":\"https:\\\/\\\/skin-heal.com\\\/?s={search_term_string}\"},\"query-input\":{\"@type\":\"PropertyValueSpecification\",\"valueRequired\":true,\"valueName\":\"search_term_string\"}}],\"inLanguage\":\"es\"}]}<\/script>\n<!-- \/ Yoast SEO plugin. -->","yoast_head_json":{"title":"Restylane Lyft (1x1ml) - Skin Heal","description":"Restylane Lyft es un relleno de HA de m\u00e1xima calidad, dise\u00f1ado con tecnolog\u00eda NASHA. Su uso est\u00e1 aprobado por la FDA para el tratamiento de las arrugas faciales y de las manos.","robots":{"index":"index","follow":"follow","max-snippet":"max-snippet:-1","max-image-preview":"max-image-preview:large","max-video-preview":"max-video-preview:-1"},"canonical":"https:\/\/skin-heal.com\/es\/producto\/restylane-lyft-1x1ml\/","og_locale":"es_MX","og_type":"article","og_title":"Restylane Lyft (1x1ml) - Skin Heal","og_description":"Restylane Lyft is a top-quality HA filler, designed with NASHA Technology. Its use is FDA-approved for the treatment of both hand and facial wrinkles.","og_url":"https:\/\/skin-heal.com\/es\/producto\/restylane-lyft-1x1ml\/","og_site_name":"Skin Heal","article_modified_time":"2023-02-20T17:02:39+00:00","og_image":[{"width":550,"height":550,"url":"https:\/\/cdn.skin-heal.com\/wp-content\/uploads\/2018\/11\/Restylane-Lyft.jpg","type":"image\/jpeg"}],"twitter_card":"summary_large_image","twitter_misc":{"Tiempo de lectura":"1 minuto"},"schema":{"@context":"https:\/\/schema.org","@graph":[{"@type":"WebPage","@id":"https:\/\/skin-heal.com\/product\/restylane-lyft-1x1ml\/","url":"https:\/\/skin-heal.com\/product\/restylane-lyft-1x1ml\/","name":"Restylane Lyft (1x1ml) - Skin Heal","isPartOf":{"@id":"https:\/\/skin-heal.com\/#website"},"primaryImageOfPage":{"@id":"https:\/\/skin-heal.com\/product\/restylane-lyft-1x1ml\/#primaryimage"},"image":{"@id":"https:\/\/skin-heal.com\/product\/restylane-lyft-1x1ml\/#primaryimage"},"thumbnailUrl":"https:\/\/cdn.skin-heal.com\/wp-content\/uploads\/2018\/11\/Restylane-Lyft.jpg","datePublished":"2018-11-24T08:49:17+00:00","dateModified":"2023-02-20T17:02:39+00:00","description":"Restylane Lyft es un relleno de HA de m\u00e1xima calidad, dise\u00f1ado con tecnolog\u00eda NASHA. Su uso est\u00e1 aprobado por la FDA para el tratamiento de las arrugas faciales y de las manos.","breadcrumb":{"@id":"https:\/\/skin-heal.com\/product\/restylane-lyft-1x1ml\/#breadcrumb"},"inLanguage":"es","potentialAction":[{"@type":"ReadAction","target":["https:\/\/skin-heal.com\/product\/restylane-lyft-1x1ml\/"]}]},{"@type":"ImageObject","inLanguage":"es","@id":"https:\/\/skin-heal.com\/product\/restylane-lyft-1x1ml\/#primaryimage","url":"https:\/\/cdn.skin-heal.com\/wp-content\/uploads\/2018\/11\/Restylane-Lyft.jpg","contentUrl":"https:\/\/cdn.skin-heal.com\/wp-content\/uploads\/2018\/11\/Restylane-Lyft.jpg","width":550,"height":550,"caption":"Restylane Lyft"},{"@type":"BreadcrumbList","@id":"https:\/\/skin-heal.com\/product\/restylane-lyft-1x1ml\/#breadcrumb","itemListElement":[{"@type":"ListItem","position":1,"name":"Home","item":"https:\/\/skin-heal.com\/"},{"@type":"ListItem","position":2,"name":"Store","item":"https:\/\/skin-heal.com\/store\/"},{"@type":"ListItem","position":3,"name":"Restylane Lyft (1x1ml)"}]},{"@type":"WebSite","@id":"https:\/\/skin-heal.com\/#website","url":"https:\/\/skin-heal.com\/","name":"Curaci\u00f3n de la piel","description":"Los precios m\u00e1s bajos para los rellenos d\u00e9rmicos","potentialAction":[{"@type":"SearchAction","target":{"@type":"EntryPoint","urlTemplate":"https:\/\/skin-heal.com\/?s={search_term_string}"},"query-input":{"@type":"PropertyValueSpecification","valueRequired":true,"valueName":"search_term_string"}}],"inLanguage":"es"}]}},"_links":{"self":[{"href":"https:\/\/skin-heal.com\/es\/wp-json\/wp\/v2\/product\/699","targetHints":{"allow":["GET"]}}],"collection":[{"href":"https:\/\/skin-heal.com\/es\/wp-json\/wp\/v2\/product"}],"about":[{"href":"https:\/\/skin-heal.com\/es\/wp-json\/wp\/v2\/types\/product"}],"wp:featuredmedia":[{"embeddable":true,"href":"https:\/\/skin-heal.com\/es\/wp-json\/wp\/v2\/media\/828"}],"wp:attachment":[{"href":"https:\/\/skin-heal.com\/es\/wp-json\/wp\/v2\/media?parent=699"}],"wp:term":[{"taxonomy":"product_brand","embeddable":true,"href":"https:\/\/skin-heal.com\/es\/wp-json\/wp\/v2\/product_brand?post=699"},{"taxonomy":"product_cat","embeddable":true,"href":"https:\/\/skin-heal.com\/es\/wp-json\/wp\/v2\/product_cat?post=699"},{"taxonomy":"product_tag","embeddable":true,"href":"https:\/\/skin-heal.com\/es\/wp-json\/wp\/v2\/product_tag?post=699"}],"curies":[{"name":"wp","href":"https:\/\/api.w.org\/{rel}","templated":true}]}}