{"id":700,"date":"2018-11-24T08:50:35","date_gmt":"2018-11-24T08:50:35","guid":{"rendered":"https:\/\/skin-heal.com\/?post_type=product&#038;p=700"},"modified":"2023-02-20T19:00:07","modified_gmt":"2023-02-20T17:00:07","slug":"restylane-volyme-1x1ml","status":"publish","type":"product","link":"https:\/\/skin-heal.com\/es\/producto\/restylane-volyme-1x1ml\/","title":{"rendered":"Restylane Volyme (1x1ml)"},"content":{"rendered":"<p><strong>\u00bfC\u00f3mo conquista Restylane Volyme el envejecimiento?<\/strong><\/p>\n<p>Como parte del proceso natural de envejecimiento, el rostro pierde su volumen de forma lenta pero segura. La intensidad con la que perdemos volumen facial es diferente para cada persona, pero cuando la mayor\u00eda de la gente llega a los 40 a\u00f1os, su cara ya ha empezado a mostrar signos de envejecimiento como flacidez, arrugas y p\u00e9rdida de contorno. Restylane Volyme ofrece una soluci\u00f3n r\u00e1pida, f\u00e1cil y no invasiva a este problema. Es un relleno de HA de primera calidad que se inyecta en la dermis para a\u00f1adir volumen a una piel envejecida. A diferencia de muchos otros procedimientos cosm\u00e9ticos, esta forma de tratamiento no requiere cirug\u00eda, lo que significa que no requiere tiempo de inactividad. Adem\u00e1s, por lo general s\u00f3lo se necesita un procedimiento para que los resultados sean visibles y pueden durar entre 6 y 9 meses, aunque hay casos en los que el volumen se mantiene hasta 18 meses. Despu\u00e9s de ese per\u00edodo, se requieren sesiones adicionales para que el paciente pueda disfrutar de su apariencia juvenil que se logr\u00f3 con la ayuda de Restylane Volyme.<\/p>\n<p><strong>\u00bfPor qu\u00e9 elegir este producto de rejuvenecimiento cosm\u00e9tico?<\/strong><\/p>\n<ul>\n<li>Una marca conocida y de confianza<\/li>\n<li>Elaborado con una tecnolog\u00eda de equilibrio \u00f3ptimo<\/li>\n<li>Seguro, probado y con cero ingredientes de origen animal<\/li>\n<li>Contiene \u00e1cido hialur\u00f3nico puro e higienizado<\/li>\n<\/ul>","protected":false},"excerpt":{"rendered":"<p>No existen muchos rellenos de \u00e1cido hialur\u00f3nico de confianza que ofrezcan un efecto de lifting excepcional sin necesidad de una intervenci\u00f3n quir\u00fargica. Sin embargo, Restylane Volyme (antes Emervel Volyme) s\u00ed puede hacerlo porque es un producto de rejuvenecimiento de la piel de primera calidad que puede aumentar el volumen que el rostro ha perdido durante el proceso de envejecimiento. Dado que se basa en la llamada Tecnolog\u00eda de Equilibrio \u00d3ptimo, sus efectos tienen una notable longevidad.<\/p>","protected":false},"featured_media":836,"template":"","meta":[],"product_brand":[],"product_cat":[79,40],"product_tag":[125],"class_list":{"0":"post-700","1":"product","2":"type-product","3":"status-publish","4":"has-post-thumbnail","6":"product_cat-dermal-fillers","7":"product_cat-restylane","8":"product_tag-backorder","9":"clearfix","11":"first","12":"outofstock","13":"taxable","14":"shipping-taxable","15":"purchasable","16":"product-type-simple"},"yoast_head":"<!-- This site is optimized with the Yoast SEO plugin v27.4 - https:\/\/yoast.com\/product\/yoast-seo-wordpress\/ -->\n<title>Restylane Volyme (1x1ml) - Skin Heal<\/title>\n<meta name=\"description\" content=\"Get Restylane Volyme \u2013 an innovative HA filler that can instantly restore facial volume. Crafted with an OB Technology, it provides longer-lasting results.\" \/>\n<meta name=\"robots\" content=\"index, follow, max-snippet:-1, max-image-preview:large, max-video-preview:-1\" \/>\n<link rel=\"canonical\" href=\"https:\/\/skin-heal.com\/es\/producto\/restylane-volyme-1x1ml\/\" \/>\n<meta property=\"og:locale\" content=\"es_MX\" \/>\n<meta property=\"og:type\" content=\"article\" \/>\n<meta property=\"og:title\" content=\"Restylane Volyme (1x1ml) - Skin Heal\" \/>\n<meta property=\"og:description\" content=\"Get Restylane Volyme \u2013 an innovative HA filler that can instantly restore facial volume. Crafted with an OB Technology, it provides longer-lasting results.\" \/>\n<meta property=\"og:url\" content=\"https:\/\/skin-heal.com\/es\/producto\/restylane-volyme-1x1ml\/\" \/>\n<meta property=\"og:site_name\" content=\"Skin Heal\" \/>\n<meta property=\"article:modified_time\" content=\"2023-02-20T17:00:07+00:00\" \/>\n<meta property=\"og:image\" content=\"https:\/\/cdn.skin-heal.com\/wp-content\/uploads\/2018\/11\/Restylane-Volyme.jpg\" \/>\n\t<meta property=\"og:image:width\" content=\"550\" \/>\n\t<meta property=\"og:image:height\" content=\"550\" \/>\n\t<meta property=\"og:image:type\" content=\"image\/jpeg\" \/>\n<meta name=\"twitter:card\" content=\"summary_large_image\" \/>\n<meta name=\"twitter:label1\" content=\"Tiempo de lectura\" \/>\n\t<meta name=\"twitter:data1\" content=\"1 minuto\" \/>\n<script type=\"application\/ld+json\" class=\"yoast-schema-graph\">{\"@context\":\"https:\\\/\\\/schema.org\",\"@graph\":[{\"@type\":\"WebPage\",\"@id\":\"https:\\\/\\\/skin-heal.com\\\/product\\\/restylane-volyme-1x1ml\\\/\",\"url\":\"https:\\\/\\\/skin-heal.com\\\/product\\\/restylane-volyme-1x1ml\\\/\",\"name\":\"Restylane Volyme (1x1ml) - Skin Heal\",\"isPartOf\":{\"@id\":\"https:\\\/\\\/skin-heal.com\\\/#website\"},\"primaryImageOfPage\":{\"@id\":\"https:\\\/\\\/skin-heal.com\\\/product\\\/restylane-volyme-1x1ml\\\/#primaryimage\"},\"image\":{\"@id\":\"https:\\\/\\\/skin-heal.com\\\/product\\\/restylane-volyme-1x1ml\\\/#primaryimage\"},\"thumbnailUrl\":\"https:\\\/\\\/skin-heal.com\\\/wp-content\\\/uploads\\\/2018\\\/11\\\/Restylane-Volyme.jpg\",\"datePublished\":\"2018-11-24T08:50:35+00:00\",\"dateModified\":\"2023-02-20T17:00:07+00:00\",\"description\":\"Get Restylane Volyme \u2013 an innovative HA filler that can instantly restore facial volume. Crafted with an OB Technology, it provides longer-lasting results.\",\"breadcrumb\":{\"@id\":\"https:\\\/\\\/skin-heal.com\\\/product\\\/restylane-volyme-1x1ml\\\/#breadcrumb\"},\"inLanguage\":\"es\",\"potentialAction\":[{\"@type\":\"ReadAction\",\"target\":[\"https:\\\/\\\/skin-heal.com\\\/product\\\/restylane-volyme-1x1ml\\\/\"]}]},{\"@type\":\"ImageObject\",\"inLanguage\":\"es\",\"@id\":\"https:\\\/\\\/skin-heal.com\\\/product\\\/restylane-volyme-1x1ml\\\/#primaryimage\",\"url\":\"https:\\\/\\\/skin-heal.com\\\/wp-content\\\/uploads\\\/2018\\\/11\\\/Restylane-Volyme.jpg\",\"contentUrl\":\"https:\\\/\\\/skin-heal.com\\\/wp-content\\\/uploads\\\/2018\\\/11\\\/Restylane-Volyme.jpg\",\"width\":550,\"height\":550,\"caption\":\"Restylane Volyme\"},{\"@type\":\"BreadcrumbList\",\"@id\":\"https:\\\/\\\/skin-heal.com\\\/product\\\/restylane-volyme-1x1ml\\\/#breadcrumb\",\"itemListElement\":[{\"@type\":\"ListItem\",\"position\":1,\"name\":\"Home\",\"item\":\"https:\\\/\\\/skin-heal.com\\\/\"},{\"@type\":\"ListItem\",\"position\":2,\"name\":\"Store\",\"item\":\"https:\\\/\\\/skin-heal.com\\\/store\\\/\"},{\"@type\":\"ListItem\",\"position\":3,\"name\":\"Restylane Volyme (1x1ml)\"}]},{\"@type\":\"WebSite\",\"@id\":\"https:\\\/\\\/skin-heal.com\\\/#website\",\"url\":\"https:\\\/\\\/skin-heal.com\\\/\",\"name\":\"Skin Heal\",\"description\":\"Lowest Prices for Dermal Fillers\",\"potentialAction\":[{\"@type\":\"SearchAction\",\"target\":{\"@type\":\"EntryPoint\",\"urlTemplate\":\"https:\\\/\\\/skin-heal.com\\\/?s={search_term_string}\"},\"query-input\":{\"@type\":\"PropertyValueSpecification\",\"valueRequired\":true,\"valueName\":\"search_term_string\"}}],\"inLanguage\":\"es\"}]}<\/script>\n<!-- \/ Yoast SEO plugin. -->","yoast_head_json":{"title":"Restylane Volyme (1x1ml) - Skin Heal","description":"Obtenga Restylane Volyme - un innovador relleno de HA que puede restaurar instant\u00e1neamente el volumen facial. Elaborado con una tecnolog\u00eda OB, proporciona resultados m\u00e1s duraderos.","robots":{"index":"index","follow":"follow","max-snippet":"max-snippet:-1","max-image-preview":"max-image-preview:large","max-video-preview":"max-video-preview:-1"},"canonical":"https:\/\/skin-heal.com\/es\/producto\/restylane-volyme-1x1ml\/","og_locale":"es_MX","og_type":"article","og_title":"Restylane Volyme (1x1ml) - Skin Heal","og_description":"Get Restylane Volyme \u2013 an innovative HA filler that can instantly restore facial volume. Crafted with an OB Technology, it provides longer-lasting results.","og_url":"https:\/\/skin-heal.com\/es\/producto\/restylane-volyme-1x1ml\/","og_site_name":"Skin Heal","article_modified_time":"2023-02-20T17:00:07+00:00","og_image":[{"width":550,"height":550,"url":"https:\/\/cdn.skin-heal.com\/wp-content\/uploads\/2018\/11\/Restylane-Volyme.jpg","type":"image\/jpeg"}],"twitter_card":"summary_large_image","twitter_misc":{"Tiempo de lectura":"1 minuto"},"schema":{"@context":"https:\/\/schema.org","@graph":[{"@type":"WebPage","@id":"https:\/\/skin-heal.com\/product\/restylane-volyme-1x1ml\/","url":"https:\/\/skin-heal.com\/product\/restylane-volyme-1x1ml\/","name":"Restylane Volyme (1x1ml) - Skin Heal","isPartOf":{"@id":"https:\/\/skin-heal.com\/#website"},"primaryImageOfPage":{"@id":"https:\/\/skin-heal.com\/product\/restylane-volyme-1x1ml\/#primaryimage"},"image":{"@id":"https:\/\/skin-heal.com\/product\/restylane-volyme-1x1ml\/#primaryimage"},"thumbnailUrl":"https:\/\/cdn.skin-heal.com\/wp-content\/uploads\/2018\/11\/Restylane-Volyme.jpg","datePublished":"2018-11-24T08:50:35+00:00","dateModified":"2023-02-20T17:00:07+00:00","description":"Obtenga Restylane Volyme - un innovador relleno de HA que puede restaurar instant\u00e1neamente el volumen facial. Elaborado con una tecnolog\u00eda OB, proporciona resultados m\u00e1s duraderos.","breadcrumb":{"@id":"https:\/\/skin-heal.com\/product\/restylane-volyme-1x1ml\/#breadcrumb"},"inLanguage":"es","potentialAction":[{"@type":"ReadAction","target":["https:\/\/skin-heal.com\/product\/restylane-volyme-1x1ml\/"]}]},{"@type":"ImageObject","inLanguage":"es","@id":"https:\/\/skin-heal.com\/product\/restylane-volyme-1x1ml\/#primaryimage","url":"https:\/\/cdn.skin-heal.com\/wp-content\/uploads\/2018\/11\/Restylane-Volyme.jpg","contentUrl":"https:\/\/cdn.skin-heal.com\/wp-content\/uploads\/2018\/11\/Restylane-Volyme.jpg","width":550,"height":550,"caption":"Restylane Volyme"},{"@type":"BreadcrumbList","@id":"https:\/\/skin-heal.com\/product\/restylane-volyme-1x1ml\/#breadcrumb","itemListElement":[{"@type":"ListItem","position":1,"name":"Home","item":"https:\/\/skin-heal.com\/"},{"@type":"ListItem","position":2,"name":"Store","item":"https:\/\/skin-heal.com\/store\/"},{"@type":"ListItem","position":3,"name":"Restylane Volyme (1x1ml)"}]},{"@type":"WebSite","@id":"https:\/\/skin-heal.com\/#website","url":"https:\/\/skin-heal.com\/","name":"Curaci\u00f3n de la piel","description":"Los precios m\u00e1s bajos para los rellenos d\u00e9rmicos","potentialAction":[{"@type":"SearchAction","target":{"@type":"EntryPoint","urlTemplate":"https:\/\/skin-heal.com\/?s={search_term_string}"},"query-input":{"@type":"PropertyValueSpecification","valueRequired":true,"valueName":"search_term_string"}}],"inLanguage":"es"}]}},"_links":{"self":[{"href":"https:\/\/skin-heal.com\/es\/wp-json\/wp\/v2\/product\/700","targetHints":{"allow":["GET"]}}],"collection":[{"href":"https:\/\/skin-heal.com\/es\/wp-json\/wp\/v2\/product"}],"about":[{"href":"https:\/\/skin-heal.com\/es\/wp-json\/wp\/v2\/types\/product"}],"wp:featuredmedia":[{"embeddable":true,"href":"https:\/\/skin-heal.com\/es\/wp-json\/wp\/v2\/media\/836"}],"wp:attachment":[{"href":"https:\/\/skin-heal.com\/es\/wp-json\/wp\/v2\/media?parent=700"}],"wp:term":[{"taxonomy":"product_brand","embeddable":true,"href":"https:\/\/skin-heal.com\/es\/wp-json\/wp\/v2\/product_brand?post=700"},{"taxonomy":"product_cat","embeddable":true,"href":"https:\/\/skin-heal.com\/es\/wp-json\/wp\/v2\/product_cat?post=700"},{"taxonomy":"product_tag","embeddable":true,"href":"https:\/\/skin-heal.com\/es\/wp-json\/wp\/v2\/product_tag?post=700"}],"curies":[{"name":"wp","href":"https:\/\/api.w.org\/{rel}","templated":true}]}}