{"id":701,"date":"2018-11-24T08:51:33","date_gmt":"2018-11-24T08:51:33","guid":{"rendered":"https:\/\/skin-heal.com\/?post_type=product&#038;p=701"},"modified":"2023-02-20T18:49:32","modified_gmt":"2023-02-20T16:49:32","slug":"restylane-refyne-1x1ml","status":"publish","type":"product","link":"https:\/\/skin-heal.com\/es\/producto\/restylane-refyne-1x1ml\/","title":{"rendered":"Restylane Refyne (1x1ml)"},"content":{"rendered":"<ul>\n<li>12 meses - duraci\u00f3n del efecto del tratamiento<\/li>\n<li>97% - \u00edndice de satisfacci\u00f3n<\/li>\n<li>20mg\/ml - concentraci\u00f3n de HA no reticulado<\/li>\n<\/ul>\n<p><strong>Pierde la edad, mant\u00e9n tus expresiones<\/strong><\/p>\n<p>Restylane Refyne es un relleno d\u00e9rmico innovador principalmente porque es uno de los pocos, o incluso el \u00fanico, relleno inyectable a base de \u00e1cido hialur\u00f3nico disponible en la actualidad que corrige las l\u00edneas y las arrugas sin alterar las expresiones faciales. De este modo, los movimientos faciales del paciente permanecen naturales y sin cambios. Lo \u00fanico que hace este producto es rellenar los pliegues de la dermis y proporcionar un soporte extra a la piel, dando al rostro un aspecto m\u00e1s juvenil. El truco de este incre\u00edble efecto de tratamiento es la tecnolog\u00eda XpresHAn utilizada en su proceso de producci\u00f3n. Garantiza que los pacientes sigan pareciendo ellos mismos y mantengan sus expresiones despu\u00e9s de cada procedimiento de inyecci\u00f3n.<\/p>\n<p><strong>Indicaciones:<\/strong><\/p>\n<ul>\n<li>Suaviza las l\u00edneas de marioneta<\/li>\n<li>Rellena los pliegues nasolabiales<\/li>\n<li>Ofrece un soporte de aspecto natural para el rostro envejecido<\/li>\n<\/ul>\n<p><strong>Resultados que combinan longevidad, precisi\u00f3n y refinamiento<\/strong><\/p>\n<p>El proceso de tratamiento dura unos 30 minutos o incluso menos, pero los resultados pueden durar hasta un a\u00f1o completo. Gracias a la tecnolog\u00eda \u00fanica utilizada en la elaboraci\u00f3n de esta fina inyecci\u00f3n de relleno, el gel de HA es incre\u00edblemente suave y se puede distribuir con precisi\u00f3n alrededor de la zona tratada.<\/p>","protected":false},"excerpt":{"rendered":"<p>Restylane Refyne (ex Emervel Classic) ha sido dise\u00f1ado y desarrollado por Q-Med y forma parte de la l\u00ednea de productos Restore de la compa\u00f1\u00eda. Este eficaz relleno de HA para la piel cumple tambi\u00e9n una importante funci\u00f3n restauradora: preserva el aspecto natural del rostro y elimina las arrugas y l\u00edneas de expresi\u00f3n rellen\u00e1ndolas. El \u00edndice de satisfacci\u00f3n de este innovador producto para el rejuvenecimiento de la piel se sale de la gr\u00e1fica porque preserva los movimientos faciales del paciente.<\/p>","protected":false},"featured_media":839,"template":"","meta":[],"product_brand":[],"product_cat":[79,40,144],"product_tag":[145],"class_list":{"0":"post-701","1":"product","2":"type-product","3":"status-publish","4":"has-post-thumbnail","6":"product_cat-dermal-fillers","7":"product_cat-restylane","8":"product_cat-holiday-mega-sale","9":"product_tag-5off","10":"clearfix","12":"first","13":"instock","14":"sale","15":"taxable","16":"shipping-taxable","17":"purchasable","18":"product-type-simple"},"yoast_head":"<!-- This site is optimized with the Yoast SEO plugin v27.4 - https:\/\/yoast.com\/product\/yoast-seo-wordpress\/ -->\n<title>Restylane Refyne (1x1ml) - Skin Heal<\/title>\n<meta name=\"description\" content=\"Order Restylane Refyne and remove wrinkles and lines without limiting the face\u2019s movement. Enjoy natural-looking results with this HA skin filler.\" \/>\n<meta name=\"robots\" content=\"index, follow, max-snippet:-1, max-image-preview:large, max-video-preview:-1\" \/>\n<link rel=\"canonical\" href=\"https:\/\/skin-heal.com\/es\/producto\/restylane-refyne-1x1ml\/\" \/>\n<meta property=\"og:locale\" content=\"es_MX\" \/>\n<meta property=\"og:type\" content=\"article\" \/>\n<meta property=\"og:title\" content=\"Restylane Refyne (1x1ml) - Skin Heal\" \/>\n<meta property=\"og:description\" content=\"Order Restylane Refyne and remove wrinkles and lines without limiting the face\u2019s movement. Enjoy natural-looking results with this HA skin filler.\" \/>\n<meta property=\"og:url\" content=\"https:\/\/skin-heal.com\/es\/producto\/restylane-refyne-1x1ml\/\" \/>\n<meta property=\"og:site_name\" content=\"Skin Heal\" \/>\n<meta property=\"article:modified_time\" content=\"2023-02-20T16:49:32+00:00\" \/>\n<meta property=\"og:image\" content=\"https:\/\/cdn.skin-heal.com\/wp-content\/uploads\/2018\/11\/Restylane-Refyne.jpg\" \/>\n\t<meta property=\"og:image:width\" content=\"550\" \/>\n\t<meta property=\"og:image:height\" content=\"550\" \/>\n\t<meta property=\"og:image:type\" content=\"image\/jpeg\" \/>\n<meta name=\"twitter:card\" content=\"summary_large_image\" \/>\n<meta name=\"twitter:label1\" content=\"Tiempo de lectura\" \/>\n\t<meta name=\"twitter:data1\" content=\"1 minuto\" \/>\n<script type=\"application\/ld+json\" class=\"yoast-schema-graph\">{\"@context\":\"https:\\\/\\\/schema.org\",\"@graph\":[{\"@type\":\"WebPage\",\"@id\":\"https:\\\/\\\/skin-heal.com\\\/product\\\/restylane-refyne-1x1ml\\\/\",\"url\":\"https:\\\/\\\/skin-heal.com\\\/product\\\/restylane-refyne-1x1ml\\\/\",\"name\":\"Restylane Refyne (1x1ml) - Skin Heal\",\"isPartOf\":{\"@id\":\"https:\\\/\\\/skin-heal.com\\\/#website\"},\"primaryImageOfPage\":{\"@id\":\"https:\\\/\\\/skin-heal.com\\\/product\\\/restylane-refyne-1x1ml\\\/#primaryimage\"},\"image\":{\"@id\":\"https:\\\/\\\/skin-heal.com\\\/product\\\/restylane-refyne-1x1ml\\\/#primaryimage\"},\"thumbnailUrl\":\"https:\\\/\\\/skin-heal.com\\\/wp-content\\\/uploads\\\/2018\\\/11\\\/Restylane-Refyne.jpg\",\"datePublished\":\"2018-11-24T08:51:33+00:00\",\"dateModified\":\"2023-02-20T16:49:32+00:00\",\"description\":\"Order Restylane Refyne and remove wrinkles and lines without limiting the face\u2019s movement. Enjoy natural-looking results with this HA skin filler.\",\"breadcrumb\":{\"@id\":\"https:\\\/\\\/skin-heal.com\\\/product\\\/restylane-refyne-1x1ml\\\/#breadcrumb\"},\"inLanguage\":\"es\",\"potentialAction\":[{\"@type\":\"ReadAction\",\"target\":[\"https:\\\/\\\/skin-heal.com\\\/product\\\/restylane-refyne-1x1ml\\\/\"]}]},{\"@type\":\"ImageObject\",\"inLanguage\":\"es\",\"@id\":\"https:\\\/\\\/skin-heal.com\\\/product\\\/restylane-refyne-1x1ml\\\/#primaryimage\",\"url\":\"https:\\\/\\\/skin-heal.com\\\/wp-content\\\/uploads\\\/2018\\\/11\\\/Restylane-Refyne.jpg\",\"contentUrl\":\"https:\\\/\\\/skin-heal.com\\\/wp-content\\\/uploads\\\/2018\\\/11\\\/Restylane-Refyne.jpg\",\"width\":550,\"height\":550,\"caption\":\"Restylane Refyne\"},{\"@type\":\"BreadcrumbList\",\"@id\":\"https:\\\/\\\/skin-heal.com\\\/product\\\/restylane-refyne-1x1ml\\\/#breadcrumb\",\"itemListElement\":[{\"@type\":\"ListItem\",\"position\":1,\"name\":\"Home\",\"item\":\"https:\\\/\\\/skin-heal.com\\\/\"},{\"@type\":\"ListItem\",\"position\":2,\"name\":\"Store\",\"item\":\"https:\\\/\\\/skin-heal.com\\\/store\\\/\"},{\"@type\":\"ListItem\",\"position\":3,\"name\":\"Restylane Refyne (1x1ml)\"}]},{\"@type\":\"WebSite\",\"@id\":\"https:\\\/\\\/skin-heal.com\\\/#website\",\"url\":\"https:\\\/\\\/skin-heal.com\\\/\",\"name\":\"Skin Heal\",\"description\":\"Lowest Prices for Dermal Fillers\",\"potentialAction\":[{\"@type\":\"SearchAction\",\"target\":{\"@type\":\"EntryPoint\",\"urlTemplate\":\"https:\\\/\\\/skin-heal.com\\\/?s={search_term_string}\"},\"query-input\":{\"@type\":\"PropertyValueSpecification\",\"valueRequired\":true,\"valueName\":\"search_term_string\"}}],\"inLanguage\":\"es\"}]}<\/script>\n<!-- \/ Yoast SEO plugin. -->","yoast_head_json":{"title":"Restylane Refyne (1x1ml) - Skin Heal","description":"Pida Restylane Refyne y elimine arrugas y l\u00edneas sin limitar el movimiento de la cara. Disfrute de resultados de aspecto natural con este relleno cut\u00e1neo de HA.","robots":{"index":"index","follow":"follow","max-snippet":"max-snippet:-1","max-image-preview":"max-image-preview:large","max-video-preview":"max-video-preview:-1"},"canonical":"https:\/\/skin-heal.com\/es\/producto\/restylane-refyne-1x1ml\/","og_locale":"es_MX","og_type":"article","og_title":"Restylane Refyne (1x1ml) - Skin Heal","og_description":"Order Restylane Refyne and remove wrinkles and lines without limiting the face\u2019s movement. Enjoy natural-looking results with this HA skin filler.","og_url":"https:\/\/skin-heal.com\/es\/producto\/restylane-refyne-1x1ml\/","og_site_name":"Skin Heal","article_modified_time":"2023-02-20T16:49:32+00:00","og_image":[{"width":550,"height":550,"url":"https:\/\/cdn.skin-heal.com\/wp-content\/uploads\/2018\/11\/Restylane-Refyne.jpg","type":"image\/jpeg"}],"twitter_card":"summary_large_image","twitter_misc":{"Tiempo de lectura":"1 minuto"},"schema":{"@context":"https:\/\/schema.org","@graph":[{"@type":"WebPage","@id":"https:\/\/skin-heal.com\/product\/restylane-refyne-1x1ml\/","url":"https:\/\/skin-heal.com\/product\/restylane-refyne-1x1ml\/","name":"Restylane Refyne (1x1ml) - Skin Heal","isPartOf":{"@id":"https:\/\/skin-heal.com\/#website"},"primaryImageOfPage":{"@id":"https:\/\/skin-heal.com\/product\/restylane-refyne-1x1ml\/#primaryimage"},"image":{"@id":"https:\/\/skin-heal.com\/product\/restylane-refyne-1x1ml\/#primaryimage"},"thumbnailUrl":"https:\/\/cdn.skin-heal.com\/wp-content\/uploads\/2018\/11\/Restylane-Refyne.jpg","datePublished":"2018-11-24T08:51:33+00:00","dateModified":"2023-02-20T16:49:32+00:00","description":"Pida Restylane Refyne y elimine arrugas y l\u00edneas sin limitar el movimiento de la cara. Disfrute de resultados de aspecto natural con este relleno cut\u00e1neo de HA.","breadcrumb":{"@id":"https:\/\/skin-heal.com\/product\/restylane-refyne-1x1ml\/#breadcrumb"},"inLanguage":"es","potentialAction":[{"@type":"ReadAction","target":["https:\/\/skin-heal.com\/product\/restylane-refyne-1x1ml\/"]}]},{"@type":"ImageObject","inLanguage":"es","@id":"https:\/\/skin-heal.com\/product\/restylane-refyne-1x1ml\/#primaryimage","url":"https:\/\/cdn.skin-heal.com\/wp-content\/uploads\/2018\/11\/Restylane-Refyne.jpg","contentUrl":"https:\/\/cdn.skin-heal.com\/wp-content\/uploads\/2018\/11\/Restylane-Refyne.jpg","width":550,"height":550,"caption":"Restylane Refyne"},{"@type":"BreadcrumbList","@id":"https:\/\/skin-heal.com\/product\/restylane-refyne-1x1ml\/#breadcrumb","itemListElement":[{"@type":"ListItem","position":1,"name":"Home","item":"https:\/\/skin-heal.com\/"},{"@type":"ListItem","position":2,"name":"Store","item":"https:\/\/skin-heal.com\/store\/"},{"@type":"ListItem","position":3,"name":"Restylane Refyne (1x1ml)"}]},{"@type":"WebSite","@id":"https:\/\/skin-heal.com\/#website","url":"https:\/\/skin-heal.com\/","name":"Curaci\u00f3n de la piel","description":"Los precios m\u00e1s bajos para los rellenos d\u00e9rmicos","potentialAction":[{"@type":"SearchAction","target":{"@type":"EntryPoint","urlTemplate":"https:\/\/skin-heal.com\/?s={search_term_string}"},"query-input":{"@type":"PropertyValueSpecification","valueRequired":true,"valueName":"search_term_string"}}],"inLanguage":"es"}]}},"_links":{"self":[{"href":"https:\/\/skin-heal.com\/es\/wp-json\/wp\/v2\/product\/701","targetHints":{"allow":["GET"]}}],"collection":[{"href":"https:\/\/skin-heal.com\/es\/wp-json\/wp\/v2\/product"}],"about":[{"href":"https:\/\/skin-heal.com\/es\/wp-json\/wp\/v2\/types\/product"}],"wp:featuredmedia":[{"embeddable":true,"href":"https:\/\/skin-heal.com\/es\/wp-json\/wp\/v2\/media\/839"}],"wp:attachment":[{"href":"https:\/\/skin-heal.com\/es\/wp-json\/wp\/v2\/media?parent=701"}],"wp:term":[{"taxonomy":"product_brand","embeddable":true,"href":"https:\/\/skin-heal.com\/es\/wp-json\/wp\/v2\/product_brand?post=701"},{"taxonomy":"product_cat","embeddable":true,"href":"https:\/\/skin-heal.com\/es\/wp-json\/wp\/v2\/product_cat?post=701"},{"taxonomy":"product_tag","embeddable":true,"href":"https:\/\/skin-heal.com\/es\/wp-json\/wp\/v2\/product_tag?post=701"}],"curies":[{"name":"wp","href":"https:\/\/api.w.org\/{rel}","templated":true}]}}