{"id":702,"date":"2018-11-24T08:52:28","date_gmt":"2018-11-24T08:52:28","guid":{"rendered":"https:\/\/skin-heal.com\/?post_type=product&#038;p=702"},"modified":"2023-02-20T18:47:37","modified_gmt":"2023-02-20T16:47:37","slug":"restylane-defyne-with-lidocaine-1x1ml","status":"publish","type":"product","link":"https:\/\/skin-heal.com\/es\/producto\/restylane-defyne-with-lidocaine-1x1ml\/","title":{"rendered":"Restylane Defyne con Lidoca\u00edna (1x1ml)"},"content":{"rendered":"<p><strong>Las expresiones faciales se mantienen naturales y sin cambios<\/strong><\/p>\n<p>Los rellenos cut\u00e1neos profesionales que se dise\u00f1aron para eliminar los pliegues profundos de la dermis (arrugas y l\u00edneas profundas) y\/o para definir y dar forma al contorno facial, suelen tener una textura m\u00e1s firme y gruesa. Por ello, pueden alterar la expresi\u00f3n facial de los pacientes o limitar sus movimientos faciales naturales. Con Restylane Defyne, no existe este riesgo. Este relleno de HA altamente flexible ha sido fabricado con la tecnolog\u00eda XpresHAn, por lo que preserva eficazmente los movimientos naturales \u00fanicos de la cara del paciente y, al mismo tiempo, corrige varias imperfecciones relacionadas con la edad en esa misma zona.<\/p>\n<p><strong>Principales indicaciones: <\/strong><\/p>\n<ul>\n<li>Correcci\u00f3n de los pliegues nasolabiales<\/li>\n<li>Eliminaci\u00f3n de l\u00edneas y arrugas profundas<\/li>\n<li>Tratamiento de las l\u00edneas de marioneta y de la risa<\/li>\n<li>Redefinici\u00f3n de la parte media de la cara<\/li>\n<li>Probar un efecto lifting en la comisura de la boca<\/li>\n<li>Correcci\u00f3n de los puntos de rotura<\/li>\n<\/ul>\n<p>La tecnolog\u00eda OBT (Optimal Balance Technology) es otro m\u00e9todo utilizado durante el proceso de fabricaci\u00f3n de este producto de rejuvenecimiento cosm\u00e9tico de alta calidad, por lo que Restylane Defyne se caracteriza por su textura suave y uniformemente distribuida.<\/p>\n<ul>\n<li>Longevidad de los efectos: 6-9 meses<\/li>\n<li>Profundidad de la inyecci\u00f3n: Dermis profunda\/capa subcut\u00e1nea superior<\/li>\n<li>Fuerza de HA: 20mg\/ml<\/li>\n<\/ul>","protected":false},"excerpt":{"rendered":"<p>Restylane Define (ex Emervel Deep) forma parte de la famosa gama Enhance de la marca. Se ha desarrollado espec\u00edficamente para remodelar los contornos faciales, as\u00ed como para suavizar las arrugas faciales y redefinir la zona media de la cara. Este excelente relleno d\u00e9rmico aprobado por la FDA hace todo eso sin alterar las expresiones faciales naturales del paciente, ya que fue fabricado mediante una tecnolog\u00eda XpresHAn de nueva generaci\u00f3n. El \u00c1cido Hialur\u00f3nico de este gel de relleno inyectable es flexible, proporcionando resultados de aspecto natural.<\/p>","protected":false},"featured_media":824,"template":"","meta":[],"product_brand":[],"product_cat":[79,40,144],"product_tag":[145],"class_list":{"0":"post-702","1":"product","2":"type-product","3":"status-publish","4":"has-post-thumbnail","6":"product_cat-dermal-fillers","7":"product_cat-restylane","8":"product_cat-holiday-mega-sale","9":"product_tag-5off","10":"clearfix","12":"first","13":"instock","14":"sale","15":"taxable","16":"shipping-taxable","17":"purchasable","18":"product-type-simple"},"yoast_head":"<!-- This site is optimized with the Yoast SEO plugin v27.4 - https:\/\/yoast.com\/product\/yoast-seo-wordpress\/ -->\n<title>Restylane Defyne with Lidocaine (1x1ml) - Skin Heal<\/title>\n<meta name=\"description\" content=\"Restylane Defyne is a groundbreaking dermal filler that defines and shapes facial contour and removes deep wrinkles but fully preserves facial movement.\" \/>\n<meta name=\"robots\" content=\"index, follow, max-snippet:-1, max-image-preview:large, max-video-preview:-1\" \/>\n<link rel=\"canonical\" href=\"https:\/\/skin-heal.com\/es\/producto\/restylane-defyne-with-lidocaine-1x1ml\/\" \/>\n<meta property=\"og:locale\" content=\"es_MX\" \/>\n<meta property=\"og:type\" content=\"article\" \/>\n<meta property=\"og:title\" content=\"Restylane Defyne with Lidocaine (1x1ml) - Skin Heal\" \/>\n<meta property=\"og:description\" content=\"Restylane Defyne is a groundbreaking dermal filler that defines and shapes facial contour and removes deep wrinkles but fully preserves facial movement.\" \/>\n<meta property=\"og:url\" content=\"https:\/\/skin-heal.com\/es\/producto\/restylane-defyne-with-lidocaine-1x1ml\/\" \/>\n<meta property=\"og:site_name\" content=\"Skin Heal\" \/>\n<meta property=\"article:modified_time\" content=\"2023-02-20T16:47:37+00:00\" \/>\n<meta property=\"og:image\" content=\"https:\/\/cdn.skin-heal.com\/wp-content\/uploads\/2018\/11\/Restylane-Defyne.jpg\" \/>\n\t<meta property=\"og:image:width\" content=\"550\" \/>\n\t<meta property=\"og:image:height\" content=\"550\" \/>\n\t<meta property=\"og:image:type\" content=\"image\/jpeg\" \/>\n<meta name=\"twitter:card\" content=\"summary_large_image\" \/>\n<meta name=\"twitter:label1\" content=\"Tiempo de lectura\" \/>\n\t<meta name=\"twitter:data1\" content=\"1 minuto\" \/>\n<script type=\"application\/ld+json\" class=\"yoast-schema-graph\">{\"@context\":\"https:\\\/\\\/schema.org\",\"@graph\":[{\"@type\":\"WebPage\",\"@id\":\"https:\\\/\\\/skin-heal.com\\\/product\\\/restylane-defyne-with-lidocaine-1x1ml\\\/\",\"url\":\"https:\\\/\\\/skin-heal.com\\\/product\\\/restylane-defyne-with-lidocaine-1x1ml\\\/\",\"name\":\"Restylane Defyne with Lidocaine (1x1ml) - Skin Heal\",\"isPartOf\":{\"@id\":\"https:\\\/\\\/skin-heal.com\\\/#website\"},\"primaryImageOfPage\":{\"@id\":\"https:\\\/\\\/skin-heal.com\\\/product\\\/restylane-defyne-with-lidocaine-1x1ml\\\/#primaryimage\"},\"image\":{\"@id\":\"https:\\\/\\\/skin-heal.com\\\/product\\\/restylane-defyne-with-lidocaine-1x1ml\\\/#primaryimage\"},\"thumbnailUrl\":\"https:\\\/\\\/skin-heal.com\\\/wp-content\\\/uploads\\\/2018\\\/11\\\/Restylane-Defyne.jpg\",\"datePublished\":\"2018-11-24T08:52:28+00:00\",\"dateModified\":\"2023-02-20T16:47:37+00:00\",\"description\":\"Restylane Defyne is a groundbreaking dermal filler that defines and shapes facial contour and removes deep wrinkles but fully preserves facial movement.\",\"breadcrumb\":{\"@id\":\"https:\\\/\\\/skin-heal.com\\\/product\\\/restylane-defyne-with-lidocaine-1x1ml\\\/#breadcrumb\"},\"inLanguage\":\"es\",\"potentialAction\":[{\"@type\":\"ReadAction\",\"target\":[\"https:\\\/\\\/skin-heal.com\\\/product\\\/restylane-defyne-with-lidocaine-1x1ml\\\/\"]}]},{\"@type\":\"ImageObject\",\"inLanguage\":\"es\",\"@id\":\"https:\\\/\\\/skin-heal.com\\\/product\\\/restylane-defyne-with-lidocaine-1x1ml\\\/#primaryimage\",\"url\":\"https:\\\/\\\/skin-heal.com\\\/wp-content\\\/uploads\\\/2018\\\/11\\\/Restylane-Defyne.jpg\",\"contentUrl\":\"https:\\\/\\\/skin-heal.com\\\/wp-content\\\/uploads\\\/2018\\\/11\\\/Restylane-Defyne.jpg\",\"width\":550,\"height\":550,\"caption\":\"Restylane Defyne\"},{\"@type\":\"BreadcrumbList\",\"@id\":\"https:\\\/\\\/skin-heal.com\\\/product\\\/restylane-defyne-with-lidocaine-1x1ml\\\/#breadcrumb\",\"itemListElement\":[{\"@type\":\"ListItem\",\"position\":1,\"name\":\"Home\",\"item\":\"https:\\\/\\\/skin-heal.com\\\/\"},{\"@type\":\"ListItem\",\"position\":2,\"name\":\"Store\",\"item\":\"https:\\\/\\\/skin-heal.com\\\/store\\\/\"},{\"@type\":\"ListItem\",\"position\":3,\"name\":\"Restylane Defyne with Lidocaine (1x1ml)\"}]},{\"@type\":\"WebSite\",\"@id\":\"https:\\\/\\\/skin-heal.com\\\/#website\",\"url\":\"https:\\\/\\\/skin-heal.com\\\/\",\"name\":\"Skin Heal\",\"description\":\"Lowest Prices for Dermal Fillers\",\"potentialAction\":[{\"@type\":\"SearchAction\",\"target\":{\"@type\":\"EntryPoint\",\"urlTemplate\":\"https:\\\/\\\/skin-heal.com\\\/?s={search_term_string}\"},\"query-input\":{\"@type\":\"PropertyValueSpecification\",\"valueRequired\":true,\"valueName\":\"search_term_string\"}}],\"inLanguage\":\"es\"}]}<\/script>\n<!-- \/ Yoast SEO plugin. -->","yoast_head_json":{"title":"Restylane Defyne con Lidoca\u00edna (1x1ml) - Skin Heal","description":"Restylane Defyne es un innovador relleno d\u00e9rmico que define y da forma al contorno facial y elimina las arrugas profundas, pero preserva totalmente el movimiento facial.","robots":{"index":"index","follow":"follow","max-snippet":"max-snippet:-1","max-image-preview":"max-image-preview:large","max-video-preview":"max-video-preview:-1"},"canonical":"https:\/\/skin-heal.com\/es\/producto\/restylane-defyne-with-lidocaine-1x1ml\/","og_locale":"es_MX","og_type":"article","og_title":"Restylane Defyne with Lidocaine (1x1ml) - Skin Heal","og_description":"Restylane Defyne is a groundbreaking dermal filler that defines and shapes facial contour and removes deep wrinkles but fully preserves facial movement.","og_url":"https:\/\/skin-heal.com\/es\/producto\/restylane-defyne-with-lidocaine-1x1ml\/","og_site_name":"Skin Heal","article_modified_time":"2023-02-20T16:47:37+00:00","og_image":[{"width":550,"height":550,"url":"https:\/\/cdn.skin-heal.com\/wp-content\/uploads\/2018\/11\/Restylane-Defyne.jpg","type":"image\/jpeg"}],"twitter_card":"summary_large_image","twitter_misc":{"Tiempo de lectura":"1 minuto"},"schema":{"@context":"https:\/\/schema.org","@graph":[{"@type":"WebPage","@id":"https:\/\/skin-heal.com\/product\/restylane-defyne-with-lidocaine-1x1ml\/","url":"https:\/\/skin-heal.com\/product\/restylane-defyne-with-lidocaine-1x1ml\/","name":"Restylane Defyne con Lidoca\u00edna (1x1ml) - Skin Heal","isPartOf":{"@id":"https:\/\/skin-heal.com\/#website"},"primaryImageOfPage":{"@id":"https:\/\/skin-heal.com\/product\/restylane-defyne-with-lidocaine-1x1ml\/#primaryimage"},"image":{"@id":"https:\/\/skin-heal.com\/product\/restylane-defyne-with-lidocaine-1x1ml\/#primaryimage"},"thumbnailUrl":"https:\/\/cdn.skin-heal.com\/wp-content\/uploads\/2018\/11\/Restylane-Defyne.jpg","datePublished":"2018-11-24T08:52:28+00:00","dateModified":"2023-02-20T16:47:37+00:00","description":"Restylane Defyne es un innovador relleno d\u00e9rmico que define y da forma al contorno facial y elimina las arrugas profundas, pero preserva totalmente el movimiento facial.","breadcrumb":{"@id":"https:\/\/skin-heal.com\/product\/restylane-defyne-with-lidocaine-1x1ml\/#breadcrumb"},"inLanguage":"es","potentialAction":[{"@type":"ReadAction","target":["https:\/\/skin-heal.com\/product\/restylane-defyne-with-lidocaine-1x1ml\/"]}]},{"@type":"ImageObject","inLanguage":"es","@id":"https:\/\/skin-heal.com\/product\/restylane-defyne-with-lidocaine-1x1ml\/#primaryimage","url":"https:\/\/cdn.skin-heal.com\/wp-content\/uploads\/2018\/11\/Restylane-Defyne.jpg","contentUrl":"https:\/\/cdn.skin-heal.com\/wp-content\/uploads\/2018\/11\/Restylane-Defyne.jpg","width":550,"height":550,"caption":"Restylane Defyne"},{"@type":"BreadcrumbList","@id":"https:\/\/skin-heal.com\/product\/restylane-defyne-with-lidocaine-1x1ml\/#breadcrumb","itemListElement":[{"@type":"ListItem","position":1,"name":"Home","item":"https:\/\/skin-heal.com\/"},{"@type":"ListItem","position":2,"name":"Store","item":"https:\/\/skin-heal.com\/store\/"},{"@type":"ListItem","position":3,"name":"Restylane Defyne with Lidocaine (1x1ml)"}]},{"@type":"WebSite","@id":"https:\/\/skin-heal.com\/#website","url":"https:\/\/skin-heal.com\/","name":"Curaci\u00f3n de la piel","description":"Los precios m\u00e1s bajos para los rellenos d\u00e9rmicos","potentialAction":[{"@type":"SearchAction","target":{"@type":"EntryPoint","urlTemplate":"https:\/\/skin-heal.com\/?s={search_term_string}"},"query-input":{"@type":"PropertyValueSpecification","valueRequired":true,"valueName":"search_term_string"}}],"inLanguage":"es"}]}},"_links":{"self":[{"href":"https:\/\/skin-heal.com\/es\/wp-json\/wp\/v2\/product\/702","targetHints":{"allow":["GET"]}}],"collection":[{"href":"https:\/\/skin-heal.com\/es\/wp-json\/wp\/v2\/product"}],"about":[{"href":"https:\/\/skin-heal.com\/es\/wp-json\/wp\/v2\/types\/product"}],"wp:featuredmedia":[{"embeddable":true,"href":"https:\/\/skin-heal.com\/es\/wp-json\/wp\/v2\/media\/824"}],"wp:attachment":[{"href":"https:\/\/skin-heal.com\/es\/wp-json\/wp\/v2\/media?parent=702"}],"wp:term":[{"taxonomy":"product_brand","embeddable":true,"href":"https:\/\/skin-heal.com\/es\/wp-json\/wp\/v2\/product_brand?post=702"},{"taxonomy":"product_cat","embeddable":true,"href":"https:\/\/skin-heal.com\/es\/wp-json\/wp\/v2\/product_cat?post=702"},{"taxonomy":"product_tag","embeddable":true,"href":"https:\/\/skin-heal.com\/es\/wp-json\/wp\/v2\/product_tag?post=702"}],"curies":[{"name":"wp","href":"https:\/\/api.w.org\/{rel}","templated":true}]}}