{"id":703,"date":"2018-11-24T08:53:31","date_gmt":"2018-11-24T06:53:31","guid":{"rendered":"https:\/\/skin-heal.com\/?post_type=product&#038;p=703"},"modified":"2023-06-25T20:26:33","modified_gmt":"2023-06-25T17:26:33","slug":"restylane-kysse-1x1ml","status":"publish","type":"product","link":"https:\/\/skin-heal.com\/es\/producto\/restylane-kysse-1x1ml\/","title":{"rendered":"Restylane Kysse (1x1ml)"},"content":{"rendered":"<p>Restylane Kysse es un relleno de AH seguro y de larga duraci\u00f3n. Contiene un gel de \u00e1cido hialur\u00f3nico transparente y completamente est\u00e9ril de la mejor calidad posible. Al ser una sustancia presente de forma natural en el cuerpo humano, el AH es muy saludable, biocompatible y 100% biodegradable. Adem\u00e1s, tiene el poder de mejorar el aspecto de los labios:<\/p>\n<ul>\n<li>Definir su forma y contorno<\/li>\n<li>Hidrataci\u00f3n a un nivel m\u00e1s profundo<\/li>\n<li>Aumentar el volumen y la densidad del labio superior e inferior<\/li>\n<\/ul>\n<p>Este producto registrado y cl\u00ednicamente probado tiene dos funciones principales: restaurar la forma y el volumen de los labios, as\u00ed como servir de soluci\u00f3n de mejora de los mismos.<\/p>\n<p><strong>Restaura la forma y el volumen de los labios<\/strong><\/p>\n<p>Los labios pierden su volumen natural con la edad o como resultado directo de una exposici\u00f3n solar extrema o de h\u00e1bitos poco saludables como el tabaquismo. Restylane Kysse puede restaurar r\u00e1pidamente el volumen perdido y proporcionar resultados que se fijan inmediatamente despu\u00e9s del tratamiento y permanecen activos durante 6 a 9 meses.<\/p>\n<p><strong>Un producto superior para mejorar los labios<\/strong><\/p>\n<p>Restylane Kysse es un excelente relleno labial ya que puede a\u00f1adir volumen a los labios. La textura suave, flexible y adaptable del gel de HA proporciona un aspecto impresionantemente equilibrado que, de nuevo, puede durar hasta 9 meses. El producto se inyecta en la capa submucosa o en los labios, dependiendo de los resultados deseados.<\/p>","protected":false},"excerpt":{"rendered":"<p>Restylane Kysse (ex Emervel Lips) es un eficaz relleno d\u00e9rmico que est\u00e1 espec\u00edficamente dise\u00f1ado para restaurar el volumen perdido de los labios o para mejorar su aspecto haci\u00e9ndolos parecer m\u00e1s voluminosos, llenos y suaves. Ofrece resultados de aspecto natural y contiene lidoca\u00edna para que el tratamiento sea m\u00e1s agradable para los pacientes. Esta fant\u00e1stica inyecci\u00f3n de relleno se encuentra entre las mejores soluciones de contorno de labios no invasivas del mercado.<\/p>","protected":false},"featured_media":840,"template":"","meta":[],"product_brand":[],"product_cat":[79,40,144],"product_tag":[145],"class_list":{"0":"post-703","1":"product","2":"type-product","3":"status-publish","4":"has-post-thumbnail","6":"product_cat-dermal-fillers","7":"product_cat-restylane","8":"product_cat-holiday-mega-sale","9":"product_tag-5off","10":"clearfix","12":"first","13":"instock","14":"sale","15":"taxable","16":"shipping-taxable","17":"purchasable","18":"product-type-simple"},"yoast_head":"<!-- This site is optimized with the Yoast SEO plugin v27.4 - https:\/\/yoast.com\/product\/yoast-seo-wordpress\/ -->\n<title>Restylane Kysse (1x1ml) - Skin Heal<\/title>\n<meta name=\"description\" content=\"Restylane Kysse is a durable HA-based lip filler that creates a balanced look. It can add volume, contour, hydrate, soften and enhance lips.\" \/>\n<meta name=\"robots\" content=\"index, follow, max-snippet:-1, max-image-preview:large, max-video-preview:-1\" \/>\n<link rel=\"canonical\" href=\"https:\/\/skin-heal.com\/es\/producto\/restylane-kysse-1x1ml\/\" \/>\n<meta property=\"og:locale\" content=\"es_MX\" \/>\n<meta property=\"og:type\" content=\"article\" \/>\n<meta property=\"og:title\" content=\"Restylane Kysse (1x1ml) - Skin Heal\" \/>\n<meta property=\"og:description\" content=\"Restylane Kysse is a durable HA-based lip filler that creates a balanced look. It can add volume, contour, hydrate, soften and enhance lips.\" \/>\n<meta property=\"og:url\" content=\"https:\/\/skin-heal.com\/es\/producto\/restylane-kysse-1x1ml\/\" \/>\n<meta property=\"og:site_name\" content=\"Skin Heal\" \/>\n<meta property=\"article:modified_time\" content=\"2023-06-25T17:26:33+00:00\" \/>\n<meta property=\"og:image\" content=\"https:\/\/cdn.skin-heal.com\/wp-content\/uploads\/2018\/11\/Restylane-Kysse.jpg\" \/>\n\t<meta property=\"og:image:width\" content=\"550\" \/>\n\t<meta property=\"og:image:height\" content=\"550\" \/>\n\t<meta property=\"og:image:type\" content=\"image\/jpeg\" \/>\n<meta name=\"twitter:card\" content=\"summary_large_image\" \/>\n<meta name=\"twitter:label1\" content=\"Tiempo de lectura\" \/>\n\t<meta name=\"twitter:data1\" content=\"1 minuto\" \/>\n<script type=\"application\/ld+json\" class=\"yoast-schema-graph\">{\"@context\":\"https:\\\/\\\/schema.org\",\"@graph\":[{\"@type\":\"WebPage\",\"@id\":\"https:\\\/\\\/skin-heal.com\\\/product\\\/restylane-kysse-1x1ml\\\/\",\"url\":\"https:\\\/\\\/skin-heal.com\\\/product\\\/restylane-kysse-1x1ml\\\/\",\"name\":\"Restylane Kysse (1x1ml) - Skin Heal\",\"isPartOf\":{\"@id\":\"https:\\\/\\\/skin-heal.com\\\/#website\"},\"primaryImageOfPage\":{\"@id\":\"https:\\\/\\\/skin-heal.com\\\/product\\\/restylane-kysse-1x1ml\\\/#primaryimage\"},\"image\":{\"@id\":\"https:\\\/\\\/skin-heal.com\\\/product\\\/restylane-kysse-1x1ml\\\/#primaryimage\"},\"thumbnailUrl\":\"https:\\\/\\\/skin-heal.com\\\/wp-content\\\/uploads\\\/2018\\\/11\\\/Restylane-Kysse.jpg\",\"datePublished\":\"2018-11-24T06:53:31+00:00\",\"dateModified\":\"2023-06-25T17:26:33+00:00\",\"description\":\"Restylane Kysse is a durable HA-based lip filler that creates a balanced look. It can add volume, contour, hydrate, soften and enhance lips.\",\"breadcrumb\":{\"@id\":\"https:\\\/\\\/skin-heal.com\\\/product\\\/restylane-kysse-1x1ml\\\/#breadcrumb\"},\"inLanguage\":\"es\",\"potentialAction\":[{\"@type\":\"ReadAction\",\"target\":[\"https:\\\/\\\/skin-heal.com\\\/product\\\/restylane-kysse-1x1ml\\\/\"]}]},{\"@type\":\"ImageObject\",\"inLanguage\":\"es\",\"@id\":\"https:\\\/\\\/skin-heal.com\\\/product\\\/restylane-kysse-1x1ml\\\/#primaryimage\",\"url\":\"https:\\\/\\\/skin-heal.com\\\/wp-content\\\/uploads\\\/2018\\\/11\\\/Restylane-Kysse.jpg\",\"contentUrl\":\"https:\\\/\\\/skin-heal.com\\\/wp-content\\\/uploads\\\/2018\\\/11\\\/Restylane-Kysse.jpg\",\"width\":550,\"height\":550,\"caption\":\"Restylane Kysse\"},{\"@type\":\"BreadcrumbList\",\"@id\":\"https:\\\/\\\/skin-heal.com\\\/product\\\/restylane-kysse-1x1ml\\\/#breadcrumb\",\"itemListElement\":[{\"@type\":\"ListItem\",\"position\":1,\"name\":\"Home\",\"item\":\"https:\\\/\\\/skin-heal.com\\\/\"},{\"@type\":\"ListItem\",\"position\":2,\"name\":\"Store\",\"item\":\"https:\\\/\\\/skin-heal.com\\\/store\\\/\"},{\"@type\":\"ListItem\",\"position\":3,\"name\":\"Restylane Kysse (1x1ml)\"}]},{\"@type\":\"WebSite\",\"@id\":\"https:\\\/\\\/skin-heal.com\\\/#website\",\"url\":\"https:\\\/\\\/skin-heal.com\\\/\",\"name\":\"Skin Heal\",\"description\":\"Lowest Prices for Dermal Fillers\",\"potentialAction\":[{\"@type\":\"SearchAction\",\"target\":{\"@type\":\"EntryPoint\",\"urlTemplate\":\"https:\\\/\\\/skin-heal.com\\\/?s={search_term_string}\"},\"query-input\":{\"@type\":\"PropertyValueSpecification\",\"valueRequired\":true,\"valueName\":\"search_term_string\"}}],\"inLanguage\":\"es\"}]}<\/script>\n<!-- \/ Yoast SEO plugin. -->","yoast_head_json":{"title":"Restylane Kysse (1x1ml) - Skin Heal","description":"Restylane Kysse es un relleno labial duradero a base de HA que crea un aspecto equilibrado. Puede a\u00f1adir volumen, contornear, hidratar, suavizar y realzar los labios.","robots":{"index":"index","follow":"follow","max-snippet":"max-snippet:-1","max-image-preview":"max-image-preview:large","max-video-preview":"max-video-preview:-1"},"canonical":"https:\/\/skin-heal.com\/es\/producto\/restylane-kysse-1x1ml\/","og_locale":"es_MX","og_type":"article","og_title":"Restylane Kysse (1x1ml) - Skin Heal","og_description":"Restylane Kysse is a durable HA-based lip filler that creates a balanced look. It can add volume, contour, hydrate, soften and enhance lips.","og_url":"https:\/\/skin-heal.com\/es\/producto\/restylane-kysse-1x1ml\/","og_site_name":"Skin Heal","article_modified_time":"2023-06-25T17:26:33+00:00","og_image":[{"width":550,"height":550,"url":"https:\/\/cdn.skin-heal.com\/wp-content\/uploads\/2018\/11\/Restylane-Kysse.jpg","type":"image\/jpeg"}],"twitter_card":"summary_large_image","twitter_misc":{"Tiempo de lectura":"1 minuto"},"schema":{"@context":"https:\/\/schema.org","@graph":[{"@type":"WebPage","@id":"https:\/\/skin-heal.com\/product\/restylane-kysse-1x1ml\/","url":"https:\/\/skin-heal.com\/product\/restylane-kysse-1x1ml\/","name":"Restylane Kysse (1x1ml) - Skin Heal","isPartOf":{"@id":"https:\/\/skin-heal.com\/#website"},"primaryImageOfPage":{"@id":"https:\/\/skin-heal.com\/product\/restylane-kysse-1x1ml\/#primaryimage"},"image":{"@id":"https:\/\/skin-heal.com\/product\/restylane-kysse-1x1ml\/#primaryimage"},"thumbnailUrl":"https:\/\/cdn.skin-heal.com\/wp-content\/uploads\/2018\/11\/Restylane-Kysse.jpg","datePublished":"2018-11-24T06:53:31+00:00","dateModified":"2023-06-25T17:26:33+00:00","description":"Restylane Kysse es un relleno labial duradero a base de HA que crea un aspecto equilibrado. Puede a\u00f1adir volumen, contornear, hidratar, suavizar y realzar los labios.","breadcrumb":{"@id":"https:\/\/skin-heal.com\/product\/restylane-kysse-1x1ml\/#breadcrumb"},"inLanguage":"es","potentialAction":[{"@type":"ReadAction","target":["https:\/\/skin-heal.com\/product\/restylane-kysse-1x1ml\/"]}]},{"@type":"ImageObject","inLanguage":"es","@id":"https:\/\/skin-heal.com\/product\/restylane-kysse-1x1ml\/#primaryimage","url":"https:\/\/cdn.skin-heal.com\/wp-content\/uploads\/2018\/11\/Restylane-Kysse.jpg","contentUrl":"https:\/\/cdn.skin-heal.com\/wp-content\/uploads\/2018\/11\/Restylane-Kysse.jpg","width":550,"height":550,"caption":"Restylane Kysse"},{"@type":"BreadcrumbList","@id":"https:\/\/skin-heal.com\/product\/restylane-kysse-1x1ml\/#breadcrumb","itemListElement":[{"@type":"ListItem","position":1,"name":"Home","item":"https:\/\/skin-heal.com\/"},{"@type":"ListItem","position":2,"name":"Store","item":"https:\/\/skin-heal.com\/store\/"},{"@type":"ListItem","position":3,"name":"Restylane Kysse (1x1ml)"}]},{"@type":"WebSite","@id":"https:\/\/skin-heal.com\/#website","url":"https:\/\/skin-heal.com\/","name":"Curaci\u00f3n de la piel","description":"Los precios m\u00e1s bajos para los rellenos d\u00e9rmicos","potentialAction":[{"@type":"SearchAction","target":{"@type":"EntryPoint","urlTemplate":"https:\/\/skin-heal.com\/?s={search_term_string}"},"query-input":{"@type":"PropertyValueSpecification","valueRequired":true,"valueName":"search_term_string"}}],"inLanguage":"es"}]}},"_links":{"self":[{"href":"https:\/\/skin-heal.com\/es\/wp-json\/wp\/v2\/product\/703","targetHints":{"allow":["GET"]}}],"collection":[{"href":"https:\/\/skin-heal.com\/es\/wp-json\/wp\/v2\/product"}],"about":[{"href":"https:\/\/skin-heal.com\/es\/wp-json\/wp\/v2\/types\/product"}],"wp:featuredmedia":[{"embeddable":true,"href":"https:\/\/skin-heal.com\/es\/wp-json\/wp\/v2\/media\/840"}],"wp:attachment":[{"href":"https:\/\/skin-heal.com\/es\/wp-json\/wp\/v2\/media?parent=703"}],"wp:term":[{"taxonomy":"product_brand","embeddable":true,"href":"https:\/\/skin-heal.com\/es\/wp-json\/wp\/v2\/product_brand?post=703"},{"taxonomy":"product_cat","embeddable":true,"href":"https:\/\/skin-heal.com\/es\/wp-json\/wp\/v2\/product_cat?post=703"},{"taxonomy":"product_tag","embeddable":true,"href":"https:\/\/skin-heal.com\/es\/wp-json\/wp\/v2\/product_tag?post=703"}],"curies":[{"name":"wp","href":"https:\/\/api.w.org\/{rel}","templated":true}]}}