{"id":704,"date":"2018-11-24T08:54:44","date_gmt":"2018-11-24T06:54:44","guid":{"rendered":"https:\/\/skin-heal.com\/?post_type=product&#038;p=704"},"modified":"2023-06-25T20:26:13","modified_gmt":"2023-06-25T17:26:13","slug":"restylane-volyme-with-lidocaine-1x1ml","status":"publish","type":"product","link":"https:\/\/skin-heal.com\/es\/producto\/restylane-volyme-with-lidocaine-1x1ml\/","title":{"rendered":"Restylane Volyme con Lidoca\u00edna (1x1ml)"},"content":{"rendered":"<p>Restylane Volyme con Lidoca\u00edna (ex Emervel Volyme con Lidoca\u00edna) contiene HA no cruzado. Es un producto biol\u00f3gicamente compatible con cero ingredientes activos de origen animal en su composici\u00f3n. Como resultado, la respuesta del cuerpo a \u00e9l es positiva y con el tiempo se disolver\u00e1 de forma natural.<\/p>\n<p><strong>Desaf\u00eda a la edad a partir del volumen facial<\/strong><\/p>\n<p>A medida que envejecemos, nuestro rostro empieza a perder volumen porque las c\u00e9lulas que lo dan disminuyen mucho en n\u00famero. El problema es que la p\u00e9rdida de volumen da al rostro un aspecto hundido, cansado y envejecido. Pero con un relleno de gel seguro como Restylane Volyme con Lidoca\u00edna, los m\u00e9dicos pueden aumentar el volumen en las siguientes zonas:<\/p>\n<ul>\n<li>Templo<\/li>\n<li>L\u00ednea de la mand\u00edbula<\/li>\n<li>Mejillas<\/li>\n<li>Chin<\/li>\n<li>Cejas<\/li>\n<li>Zona cigom\u00e1tica<\/li>\n<\/ul>\n<p>Este relleno de tejidos blandos de alta calidad tambi\u00e9n puede utilizarse para un aumento y remodelaci\u00f3n facial sin dolor. Los resultados son visibles despu\u00e9s de una sola sesi\u00f3n de tratamiento, pero su duraci\u00f3n puede alcanzar hasta 12 meses. Despu\u00e9s, se aconseja a los pacientes que se sometan a otro procedimiento de inyecci\u00f3n con este relleno seguro de \u00e1cido hialur\u00f3nico para mantener los efectos conseguidos.<\/p>\n<p>En la elaboraci\u00f3n de este producto se ha utilizado una tecnolog\u00eda clave: la tecnolog\u00eda Optimal Balance. Permite una mejor distribuci\u00f3n del gel y, por tanto, unos resultados de aspecto natural tras el tratamiento.<\/p>","protected":false},"excerpt":{"rendered":"<p>Restauraci\u00f3n r\u00e1pida, de aspecto natural y duradero del volumen facial y sin dolor en el proceso - esto es para lo que fue dise\u00f1ado Restylane Volyme con Lidoca\u00edna. Con su OBT de nueva generaci\u00f3n, este fiable relleno de \u00e1cido hialur\u00f3nico puede a\u00f1adir volumen a diferentes zonas del rostro. Su r\u00e1pido efecto lifting dura meses, incluso cuando el producto se utiliza para el aumento del ment\u00f3n y la escultura facial.<\/p>","protected":false},"featured_media":836,"template":"","meta":[],"product_brand":[],"product_cat":[79,40,144],"product_tag":[],"class_list":{"0":"post-704","1":"product","2":"type-product","3":"status-publish","4":"has-post-thumbnail","6":"product_cat-dermal-fillers","7":"product_cat-restylane","8":"product_cat-holiday-mega-sale","9":"clearfix","11":"first","12":"outofstock","13":"taxable","14":"shipping-taxable","15":"purchasable","16":"product-type-simple"},"yoast_head":"<!-- This site is optimized with the Yoast SEO plugin v27.3 - https:\/\/yoast.com\/product\/yoast-seo-wordpress\/ -->\n<title>Restylane Volyme with Lidocaine (1x1ml) - Skin Heal<\/title>\n<meta name=\"description\" content=\"Top-notch dermal filler Restylane Volyme with Lidocaine restores facial volume. It can be used for face sculpting since this HA filler is OBT-made.\" \/>\n<meta name=\"robots\" content=\"index, follow, max-snippet:-1, max-image-preview:large, max-video-preview:-1\" \/>\n<link rel=\"canonical\" href=\"https:\/\/skin-heal.com\/es\/producto\/restylane-volyme-with-lidocaine-1x1ml\/\" \/>\n<meta property=\"og:locale\" content=\"es_MX\" \/>\n<meta property=\"og:type\" content=\"article\" \/>\n<meta property=\"og:title\" content=\"Restylane Volyme with Lidocaine (1x1ml) - Skin Heal\" \/>\n<meta property=\"og:description\" content=\"Top-notch dermal filler Restylane Volyme with Lidocaine restores facial volume. It can be used for face sculpting since this HA filler is OBT-made.\" \/>\n<meta property=\"og:url\" content=\"https:\/\/skin-heal.com\/es\/producto\/restylane-volyme-with-lidocaine-1x1ml\/\" \/>\n<meta property=\"og:site_name\" content=\"Skin Heal\" \/>\n<meta property=\"article:modified_time\" content=\"2023-06-25T17:26:13+00:00\" \/>\n<meta property=\"og:image\" content=\"https:\/\/cdn.skin-heal.com\/wp-content\/uploads\/2018\/11\/Restylane-Volyme.jpg\" \/>\n\t<meta property=\"og:image:width\" content=\"550\" \/>\n\t<meta property=\"og:image:height\" content=\"550\" \/>\n\t<meta property=\"og:image:type\" content=\"image\/jpeg\" \/>\n<meta name=\"twitter:card\" content=\"summary_large_image\" \/>\n<meta name=\"twitter:label1\" content=\"Tiempo de lectura\" \/>\n\t<meta name=\"twitter:data1\" content=\"1 minuto\" \/>\n<script type=\"application\/ld+json\" class=\"yoast-schema-graph\">{\"@context\":\"https:\\\/\\\/schema.org\",\"@graph\":[{\"@type\":\"WebPage\",\"@id\":\"https:\\\/\\\/skin-heal.com\\\/product\\\/restylane-volyme-with-lidocaine-1x1ml\\\/\",\"url\":\"https:\\\/\\\/skin-heal.com\\\/product\\\/restylane-volyme-with-lidocaine-1x1ml\\\/\",\"name\":\"Restylane Volyme with Lidocaine (1x1ml) - Skin Heal\",\"isPartOf\":{\"@id\":\"https:\\\/\\\/skin-heal.com\\\/#website\"},\"primaryImageOfPage\":{\"@id\":\"https:\\\/\\\/skin-heal.com\\\/product\\\/restylane-volyme-with-lidocaine-1x1ml\\\/#primaryimage\"},\"image\":{\"@id\":\"https:\\\/\\\/skin-heal.com\\\/product\\\/restylane-volyme-with-lidocaine-1x1ml\\\/#primaryimage\"},\"thumbnailUrl\":\"https:\\\/\\\/skin-heal.com\\\/wp-content\\\/uploads\\\/2018\\\/11\\\/Restylane-Volyme.jpg\",\"datePublished\":\"2018-11-24T06:54:44+00:00\",\"dateModified\":\"2023-06-25T17:26:13+00:00\",\"description\":\"Top-notch dermal filler Restylane Volyme with Lidocaine restores facial volume. It can be used for face sculpting since this HA filler is OBT-made.\",\"breadcrumb\":{\"@id\":\"https:\\\/\\\/skin-heal.com\\\/product\\\/restylane-volyme-with-lidocaine-1x1ml\\\/#breadcrumb\"},\"inLanguage\":\"es\",\"potentialAction\":[{\"@type\":\"ReadAction\",\"target\":[\"https:\\\/\\\/skin-heal.com\\\/product\\\/restylane-volyme-with-lidocaine-1x1ml\\\/\"]}]},{\"@type\":\"ImageObject\",\"inLanguage\":\"es\",\"@id\":\"https:\\\/\\\/skin-heal.com\\\/product\\\/restylane-volyme-with-lidocaine-1x1ml\\\/#primaryimage\",\"url\":\"https:\\\/\\\/skin-heal.com\\\/wp-content\\\/uploads\\\/2018\\\/11\\\/Restylane-Volyme.jpg\",\"contentUrl\":\"https:\\\/\\\/skin-heal.com\\\/wp-content\\\/uploads\\\/2018\\\/11\\\/Restylane-Volyme.jpg\",\"width\":550,\"height\":550,\"caption\":\"Restylane Volyme\"},{\"@type\":\"BreadcrumbList\",\"@id\":\"https:\\\/\\\/skin-heal.com\\\/product\\\/restylane-volyme-with-lidocaine-1x1ml\\\/#breadcrumb\",\"itemListElement\":[{\"@type\":\"ListItem\",\"position\":1,\"name\":\"Home\",\"item\":\"https:\\\/\\\/skin-heal.com\\\/\"},{\"@type\":\"ListItem\",\"position\":2,\"name\":\"Store\",\"item\":\"https:\\\/\\\/skin-heal.com\\\/store\\\/\"},{\"@type\":\"ListItem\",\"position\":3,\"name\":\"Restylane Volyme with Lidocaine (1x1ml)\"}]},{\"@type\":\"WebSite\",\"@id\":\"https:\\\/\\\/skin-heal.com\\\/#website\",\"url\":\"https:\\\/\\\/skin-heal.com\\\/\",\"name\":\"Skin Heal\",\"description\":\"Lowest Prices for Dermal Fillers\",\"potentialAction\":[{\"@type\":\"SearchAction\",\"target\":{\"@type\":\"EntryPoint\",\"urlTemplate\":\"https:\\\/\\\/skin-heal.com\\\/?s={search_term_string}\"},\"query-input\":{\"@type\":\"PropertyValueSpecification\",\"valueRequired\":true,\"valueName\":\"search_term_string\"}}],\"inLanguage\":\"es\"}]}<\/script>\n<!-- \/ Yoast SEO plugin. -->","yoast_head_json":{"title":"Restylane Volyme con Lidoca\u00edna (1x1ml) - Skin Heal","description":"El relleno d\u00e9rmico de primera calidad Restylane Volyme con Lidoca\u00edna restaura el volumen facial. Se puede utilizar para esculpir la cara ya que este relleno de HA est\u00e1 hecho con OBT.","robots":{"index":"index","follow":"follow","max-snippet":"max-snippet:-1","max-image-preview":"max-image-preview:large","max-video-preview":"max-video-preview:-1"},"canonical":"https:\/\/skin-heal.com\/es\/producto\/restylane-volyme-with-lidocaine-1x1ml\/","og_locale":"es_MX","og_type":"article","og_title":"Restylane Volyme with Lidocaine (1x1ml) - Skin Heal","og_description":"Top-notch dermal filler Restylane Volyme with Lidocaine restores facial volume. It can be used for face sculpting since this HA filler is OBT-made.","og_url":"https:\/\/skin-heal.com\/es\/producto\/restylane-volyme-with-lidocaine-1x1ml\/","og_site_name":"Skin Heal","article_modified_time":"2023-06-25T17:26:13+00:00","og_image":[{"width":550,"height":550,"url":"https:\/\/cdn.skin-heal.com\/wp-content\/uploads\/2018\/11\/Restylane-Volyme.jpg","type":"image\/jpeg"}],"twitter_card":"summary_large_image","twitter_misc":{"Tiempo de lectura":"1 minuto"},"schema":{"@context":"https:\/\/schema.org","@graph":[{"@type":"WebPage","@id":"https:\/\/skin-heal.com\/product\/restylane-volyme-with-lidocaine-1x1ml\/","url":"https:\/\/skin-heal.com\/product\/restylane-volyme-with-lidocaine-1x1ml\/","name":"Restylane Volyme con Lidoca\u00edna (1x1ml) - Skin Heal","isPartOf":{"@id":"https:\/\/skin-heal.com\/#website"},"primaryImageOfPage":{"@id":"https:\/\/skin-heal.com\/product\/restylane-volyme-with-lidocaine-1x1ml\/#primaryimage"},"image":{"@id":"https:\/\/skin-heal.com\/product\/restylane-volyme-with-lidocaine-1x1ml\/#primaryimage"},"thumbnailUrl":"https:\/\/cdn.skin-heal.com\/wp-content\/uploads\/2018\/11\/Restylane-Volyme.jpg","datePublished":"2018-11-24T06:54:44+00:00","dateModified":"2023-06-25T17:26:13+00:00","description":"El relleno d\u00e9rmico de primera calidad Restylane Volyme con Lidoca\u00edna restaura el volumen facial. Se puede utilizar para esculpir la cara ya que este relleno de HA est\u00e1 hecho con OBT.","breadcrumb":{"@id":"https:\/\/skin-heal.com\/product\/restylane-volyme-with-lidocaine-1x1ml\/#breadcrumb"},"inLanguage":"es","potentialAction":[{"@type":"ReadAction","target":["https:\/\/skin-heal.com\/product\/restylane-volyme-with-lidocaine-1x1ml\/"]}]},{"@type":"ImageObject","inLanguage":"es","@id":"https:\/\/skin-heal.com\/product\/restylane-volyme-with-lidocaine-1x1ml\/#primaryimage","url":"https:\/\/cdn.skin-heal.com\/wp-content\/uploads\/2018\/11\/Restylane-Volyme.jpg","contentUrl":"https:\/\/cdn.skin-heal.com\/wp-content\/uploads\/2018\/11\/Restylane-Volyme.jpg","width":550,"height":550,"caption":"Restylane Volyme"},{"@type":"BreadcrumbList","@id":"https:\/\/skin-heal.com\/product\/restylane-volyme-with-lidocaine-1x1ml\/#breadcrumb","itemListElement":[{"@type":"ListItem","position":1,"name":"Home","item":"https:\/\/skin-heal.com\/"},{"@type":"ListItem","position":2,"name":"Store","item":"https:\/\/skin-heal.com\/store\/"},{"@type":"ListItem","position":3,"name":"Restylane Volyme with Lidocaine (1x1ml)"}]},{"@type":"WebSite","@id":"https:\/\/skin-heal.com\/#website","url":"https:\/\/skin-heal.com\/","name":"Curaci\u00f3n de la piel","description":"Los precios m\u00e1s bajos para los rellenos d\u00e9rmicos","potentialAction":[{"@type":"SearchAction","target":{"@type":"EntryPoint","urlTemplate":"https:\/\/skin-heal.com\/?s={search_term_string}"},"query-input":{"@type":"PropertyValueSpecification","valueRequired":true,"valueName":"search_term_string"}}],"inLanguage":"es"}]}},"_links":{"self":[{"href":"https:\/\/skin-heal.com\/es\/wp-json\/wp\/v2\/product\/704","targetHints":{"allow":["GET"]}}],"collection":[{"href":"https:\/\/skin-heal.com\/es\/wp-json\/wp\/v2\/product"}],"about":[{"href":"https:\/\/skin-heal.com\/es\/wp-json\/wp\/v2\/types\/product"}],"wp:featuredmedia":[{"embeddable":true,"href":"https:\/\/skin-heal.com\/es\/wp-json\/wp\/v2\/media\/836"}],"wp:attachment":[{"href":"https:\/\/skin-heal.com\/es\/wp-json\/wp\/v2\/media?parent=704"}],"wp:term":[{"taxonomy":"product_brand","embeddable":true,"href":"https:\/\/skin-heal.com\/es\/wp-json\/wp\/v2\/product_brand?post=704"},{"taxonomy":"product_cat","embeddable":true,"href":"https:\/\/skin-heal.com\/es\/wp-json\/wp\/v2\/product_cat?post=704"},{"taxonomy":"product_tag","embeddable":true,"href":"https:\/\/skin-heal.com\/es\/wp-json\/wp\/v2\/product_tag?post=704"}],"curies":[{"name":"wp","href":"https:\/\/api.w.org\/{rel}","templated":true}]}}