{"id":8053,"date":"2019-08-28T08:44:18","date_gmt":"2019-08-28T08:44:18","guid":{"rendered":"https:\/\/skin-heal.com\/?post_type=product&#038;p=8053"},"modified":"2021-12-29T14:11:10","modified_gmt":"2021-12-29T14:11:10","slug":"gana-eye-5-x-2ml","status":"publish","type":"product","link":"https:\/\/skin-heal.com\/es\/producto\/gana-eye-5-x-2ml\/","title":{"rendered":"GANA Eye (5 x 2ml)"},"content":{"rendered":"<h3>Tratamiento eficaz de las bolsas de los ojos sin cirug\u00eda<\/h3>\n<p>GANA Eye se aplica mediante una inyecci\u00f3n directamente en las zonas problem\u00e1ticas de la piel. Se realiza mediante un procedimiento eficaz, indoloro y m\u00ednimamente invasivo, pero sus efectos son duraderos y est\u00e1n garantizados. Esto se debe a la presencia de L-carnitina y acetil tetrap\u00e9ptido-5 en su f\u00f3rmula de vanguardia. La primera es <u>un excelente potenciador de la piel<\/u> ya que estimula la formaci\u00f3n de vasos sangu\u00edneos, col\u00e1geno y c\u00e9lulas d\u00e9rmicas. Estas \u00faltimas, por su parte, se <em>reduce visiblemente la apariencia de las ojeras y las bolsas de los ojos <\/em>porque tiene efectos hidratantes y calmantes dif\u00edciles de igualar. Esta inyecci\u00f3n de relleno de primera clase tambi\u00e9n contiene una soluci\u00f3n tamp\u00f3n de fosfato que mejora y mantiene los niveles de pH y, al hacerlo, ayuda a que el producto ofrezca resultados m\u00e1s seguros y de aspecto m\u00e1s natural.<\/p>\n<h3>Contraindicaciones<\/h3>\n<p>Los cirujanos est\u00e9ticos certificados y los dermat\u00f3logos experimentados s\u00f3lo deben utilizar GANA Eye para tratar a pacientes mayores de 21 a\u00f1os. Dado que este relleno cut\u00e1neo de confianza ha sido desarrollado por GANA R&amp;D para tratar espec\u00edfica y exclusivamente la zona bajo los ojos, <u>no debe aplicarse a otros \u00e1mbitos<\/u> de la cara, el cuello y el cuerpo. Este <em>impresionante inyecci\u00f3n para eliminar las bolsas de los ojos<\/em> no se recomienda para el tratamiento de personas que:<\/p>\n<ul>\n<li>Tiene diabetes, enfermedades hematol\u00f3gicas u oncol\u00f3gicas<\/li>\n<li>Son sensibles a sus ingredientes<\/li>\n<li>Tener irritaciones, heridas, inflamaciones o cortes en los puntos de inyecci\u00f3n o alrededor de ellos<\/li>\n<li>Son menores de edad<\/li>\n<\/ul>","protected":false},"excerpt":{"rendered":"<p>Las bolsas de los ojos y las ojeras afectan a personas de casi todas las edades, pero con GANA Eye, este problema est\u00e9tico puede corregirse r\u00e1pidamente. La innovadora inyecci\u00f3n de relleno de GANA R&amp;D ofrece una forma asequible de reducir de forma segura las bolsas y las ojeras que aparecen en la zona de debajo de los ojos. Nosotros, desde Skin Heal, nos encontramos entre los principales distribuidores de esta soluci\u00f3n de mesoterapia altamente valorada.<\/p>","protected":false},"featured_media":8063,"template":"","meta":[],"product_brand":[],"product_cat":[104,105,80],"product_tag":[],"class_list":{"0":"post-8053","1":"product","2":"type-product","3":"status-publish","4":"has-post-thumbnail","6":"product_cat-gana","7":"product_cat-gana-rd","8":"product_cat-mesotherapy","9":"clearfix","11":"first","12":"outofstock","13":"taxable","14":"shipping-taxable","15":"purchasable","16":"product-type-simple"},"yoast_head":"<!-- This site is optimized with the Yoast SEO plugin v27.3 - https:\/\/yoast.com\/product\/yoast-seo-wordpress\/ -->\n<title>GANA Eye (5 x 2ml) - Skin Heal<\/title>\n<meta name=\"description\" content=\"GANA Eye by GANA R&amp;D is a top-quality filler for the non-surgical correction of eyebags and dark circles. Get GANA Eye from Skin Heal at a low price.\" \/>\n<meta name=\"robots\" content=\"index, follow, max-snippet:-1, max-image-preview:large, max-video-preview:-1\" \/>\n<link rel=\"canonical\" href=\"https:\/\/skin-heal.com\/es\/producto\/gana-eye-5-x-2ml\/\" \/>\n<meta property=\"og:locale\" content=\"es_MX\" \/>\n<meta property=\"og:type\" content=\"article\" \/>\n<meta property=\"og:title\" content=\"GANA Eye (5 x 2ml) - Skin Heal\" \/>\n<meta property=\"og:description\" content=\"GANA Eye by GANA R&amp;D is a top-quality filler for the non-surgical correction of eyebags and dark circles. Get GANA Eye from Skin Heal at a low price.\" \/>\n<meta property=\"og:url\" content=\"https:\/\/skin-heal.com\/es\/producto\/gana-eye-5-x-2ml\/\" \/>\n<meta property=\"og:site_name\" content=\"Skin Heal\" \/>\n<meta property=\"article:modified_time\" content=\"2021-12-29T14:11:10+00:00\" \/>\n<meta property=\"og:image\" content=\"https:\/\/cdn.skin-heal.com\/wp-content\/uploads\/2019\/08\/Gana-Eye.jpg\" \/>\n\t<meta property=\"og:image:width\" content=\"600\" \/>\n\t<meta property=\"og:image:height\" content=\"600\" \/>\n\t<meta property=\"og:image:type\" content=\"image\/jpeg\" \/>\n<meta name=\"twitter:card\" content=\"summary_large_image\" \/>\n<meta name=\"twitter:label1\" content=\"Tiempo de lectura\" \/>\n\t<meta name=\"twitter:data1\" content=\"1 minuto\" \/>\n<script type=\"application\/ld+json\" class=\"yoast-schema-graph\">{\"@context\":\"https:\\\/\\\/schema.org\",\"@graph\":[{\"@type\":\"WebPage\",\"@id\":\"https:\\\/\\\/skin-heal.com\\\/product\\\/gana-eye-5-x-2ml\\\/\",\"url\":\"https:\\\/\\\/skin-heal.com\\\/product\\\/gana-eye-5-x-2ml\\\/\",\"name\":\"GANA Eye (5 x 2ml) - Skin Heal\",\"isPartOf\":{\"@id\":\"https:\\\/\\\/skin-heal.com\\\/#website\"},\"primaryImageOfPage\":{\"@id\":\"https:\\\/\\\/skin-heal.com\\\/product\\\/gana-eye-5-x-2ml\\\/#primaryimage\"},\"image\":{\"@id\":\"https:\\\/\\\/skin-heal.com\\\/product\\\/gana-eye-5-x-2ml\\\/#primaryimage\"},\"thumbnailUrl\":\"https:\\\/\\\/skin-heal.com\\\/wp-content\\\/uploads\\\/2019\\\/08\\\/Gana-Eye.jpg\",\"datePublished\":\"2019-08-28T08:44:18+00:00\",\"dateModified\":\"2021-12-29T14:11:10+00:00\",\"description\":\"GANA Eye by GANA R&D is a top-quality filler for the non-surgical correction of eyebags and dark circles. Get GANA Eye from Skin Heal at a low price.\",\"breadcrumb\":{\"@id\":\"https:\\\/\\\/skin-heal.com\\\/product\\\/gana-eye-5-x-2ml\\\/#breadcrumb\"},\"inLanguage\":\"es\",\"potentialAction\":[{\"@type\":\"ReadAction\",\"target\":[\"https:\\\/\\\/skin-heal.com\\\/product\\\/gana-eye-5-x-2ml\\\/\"]}]},{\"@type\":\"ImageObject\",\"inLanguage\":\"es\",\"@id\":\"https:\\\/\\\/skin-heal.com\\\/product\\\/gana-eye-5-x-2ml\\\/#primaryimage\",\"url\":\"https:\\\/\\\/skin-heal.com\\\/wp-content\\\/uploads\\\/2019\\\/08\\\/Gana-Eye.jpg\",\"contentUrl\":\"https:\\\/\\\/skin-heal.com\\\/wp-content\\\/uploads\\\/2019\\\/08\\\/Gana-Eye.jpg\",\"width\":600,\"height\":600,\"caption\":\"Gana Eye\"},{\"@type\":\"BreadcrumbList\",\"@id\":\"https:\\\/\\\/skin-heal.com\\\/product\\\/gana-eye-5-x-2ml\\\/#breadcrumb\",\"itemListElement\":[{\"@type\":\"ListItem\",\"position\":1,\"name\":\"Home\",\"item\":\"https:\\\/\\\/skin-heal.com\\\/\"},{\"@type\":\"ListItem\",\"position\":2,\"name\":\"Store\",\"item\":\"https:\\\/\\\/skin-heal.com\\\/store\\\/\"},{\"@type\":\"ListItem\",\"position\":3,\"name\":\"GANA Eye (5 x 2ml)\"}]},{\"@type\":\"WebSite\",\"@id\":\"https:\\\/\\\/skin-heal.com\\\/#website\",\"url\":\"https:\\\/\\\/skin-heal.com\\\/\",\"name\":\"Skin Heal\",\"description\":\"Lowest Prices for Dermal Fillers\",\"potentialAction\":[{\"@type\":\"SearchAction\",\"target\":{\"@type\":\"EntryPoint\",\"urlTemplate\":\"https:\\\/\\\/skin-heal.com\\\/?s={search_term_string}\"},\"query-input\":{\"@type\":\"PropertyValueSpecification\",\"valueRequired\":true,\"valueName\":\"search_term_string\"}}],\"inLanguage\":\"es\"}]}<\/script>\n<!-- \/ Yoast SEO plugin. -->","yoast_head_json":{"title":"GANA Eye (5 x 2ml) - Piel sana","description":"GANA Eye de GANA R&amp;D es un relleno de alta calidad para la correcci\u00f3n no quir\u00fargica de las bolsas de los ojos y las ojeras. Obtenga GANA Eye de Skin Heal a un precio bajo.","robots":{"index":"index","follow":"follow","max-snippet":"max-snippet:-1","max-image-preview":"max-image-preview:large","max-video-preview":"max-video-preview:-1"},"canonical":"https:\/\/skin-heal.com\/es\/producto\/gana-eye-5-x-2ml\/","og_locale":"es_MX","og_type":"article","og_title":"GANA Eye (5 x 2ml) - Skin Heal","og_description":"GANA Eye by GANA R&D is a top-quality filler for the non-surgical correction of eyebags and dark circles. Get GANA Eye from Skin Heal at a low price.","og_url":"https:\/\/skin-heal.com\/es\/producto\/gana-eye-5-x-2ml\/","og_site_name":"Skin Heal","article_modified_time":"2021-12-29T14:11:10+00:00","og_image":[{"width":600,"height":600,"url":"https:\/\/cdn.skin-heal.com\/wp-content\/uploads\/2019\/08\/Gana-Eye.jpg","type":"image\/jpeg"}],"twitter_card":"summary_large_image","twitter_misc":{"Tiempo de lectura":"1 minuto"},"schema":{"@context":"https:\/\/schema.org","@graph":[{"@type":"WebPage","@id":"https:\/\/skin-heal.com\/product\/gana-eye-5-x-2ml\/","url":"https:\/\/skin-heal.com\/product\/gana-eye-5-x-2ml\/","name":"GANA Eye (5 x 2ml) - Piel sana","isPartOf":{"@id":"https:\/\/skin-heal.com\/#website"},"primaryImageOfPage":{"@id":"https:\/\/skin-heal.com\/product\/gana-eye-5-x-2ml\/#primaryimage"},"image":{"@id":"https:\/\/skin-heal.com\/product\/gana-eye-5-x-2ml\/#primaryimage"},"thumbnailUrl":"https:\/\/cdn.skin-heal.com\/wp-content\/uploads\/2019\/08\/Gana-Eye.jpg","datePublished":"2019-08-28T08:44:18+00:00","dateModified":"2021-12-29T14:11:10+00:00","description":"GANA Eye de GANA R&amp;D es un relleno de alta calidad para la correcci\u00f3n no quir\u00fargica de las bolsas de los ojos y las ojeras. Obtenga GANA Eye de Skin Heal a un precio bajo.","breadcrumb":{"@id":"https:\/\/skin-heal.com\/product\/gana-eye-5-x-2ml\/#breadcrumb"},"inLanguage":"es","potentialAction":[{"@type":"ReadAction","target":["https:\/\/skin-heal.com\/product\/gana-eye-5-x-2ml\/"]}]},{"@type":"ImageObject","inLanguage":"es","@id":"https:\/\/skin-heal.com\/product\/gana-eye-5-x-2ml\/#primaryimage","url":"https:\/\/cdn.skin-heal.com\/wp-content\/uploads\/2019\/08\/Gana-Eye.jpg","contentUrl":"https:\/\/cdn.skin-heal.com\/wp-content\/uploads\/2019\/08\/Gana-Eye.jpg","width":600,"height":600,"caption":"Gana Eye"},{"@type":"BreadcrumbList","@id":"https:\/\/skin-heal.com\/product\/gana-eye-5-x-2ml\/#breadcrumb","itemListElement":[{"@type":"ListItem","position":1,"name":"Home","item":"https:\/\/skin-heal.com\/"},{"@type":"ListItem","position":2,"name":"Store","item":"https:\/\/skin-heal.com\/store\/"},{"@type":"ListItem","position":3,"name":"GANA Eye (5 x 2ml)"}]},{"@type":"WebSite","@id":"https:\/\/skin-heal.com\/#website","url":"https:\/\/skin-heal.com\/","name":"Curaci\u00f3n de la piel","description":"Los precios m\u00e1s bajos para los rellenos d\u00e9rmicos","potentialAction":[{"@type":"SearchAction","target":{"@type":"EntryPoint","urlTemplate":"https:\/\/skin-heal.com\/?s={search_term_string}"},"query-input":{"@type":"PropertyValueSpecification","valueRequired":true,"valueName":"search_term_string"}}],"inLanguage":"es"}]}},"_links":{"self":[{"href":"https:\/\/skin-heal.com\/es\/wp-json\/wp\/v2\/product\/8053","targetHints":{"allow":["GET"]}}],"collection":[{"href":"https:\/\/skin-heal.com\/es\/wp-json\/wp\/v2\/product"}],"about":[{"href":"https:\/\/skin-heal.com\/es\/wp-json\/wp\/v2\/types\/product"}],"wp:featuredmedia":[{"embeddable":true,"href":"https:\/\/skin-heal.com\/es\/wp-json\/wp\/v2\/media\/8063"}],"wp:attachment":[{"href":"https:\/\/skin-heal.com\/es\/wp-json\/wp\/v2\/media?parent=8053"}],"wp:term":[{"taxonomy":"product_brand","embeddable":true,"href":"https:\/\/skin-heal.com\/es\/wp-json\/wp\/v2\/product_brand?post=8053"},{"taxonomy":"product_cat","embeddable":true,"href":"https:\/\/skin-heal.com\/es\/wp-json\/wp\/v2\/product_cat?post=8053"},{"taxonomy":"product_tag","embeddable":true,"href":"https:\/\/skin-heal.com\/es\/wp-json\/wp\/v2\/product_tag?post=8053"}],"curies":[{"name":"wp","href":"https:\/\/api.w.org\/{rel}","templated":true}]}}