{"id":8055,"date":"2019-08-28T10:03:58","date_gmt":"2019-08-28T10:03:58","guid":{"rendered":"https:\/\/skin-heal.com\/?post_type=product&#038;p=8055"},"modified":"2023-09-26T17:59:31","modified_gmt":"2023-09-26T14:59:31","slug":"gana-scalp-5-x-3ml-pdrn-5-x-3ml-copper-peptide","status":"publish","type":"product","link":"https:\/\/skin-heal.com\/es\/producto\/gana-scalp-5-x-3ml-pdrn-5-x-3ml-copper-peptide\/","title":{"rendered":"GANA Cuero cabelludo (5 x 3ml PDRN + 5 x 3ml P\u00e9ptido de Cobre)"},"content":{"rendered":"<h3>GANA Scalp - un producto de restauraci\u00f3n capilar sin riesgo<\/h3>\n<p>La aplicaci\u00f3n de esta soluci\u00f3n de nueva generaci\u00f3n para el cuidado del cabello se realiza en pocos minutos y <em>no implica dolor, ni tiempo de inactividad<\/em> o procedimientos invasivos. Los dermat\u00f3logos est\u00e9ticos y los cirujanos pl\u00e1sticos certificados s\u00f3lo necesitan un rodillo d\u00e9rmico para realizar el tratamiento. <u>Las sesiones se celebran cada dos semanas<\/u> y el tratamiento total se completar\u00e1 en cuesti\u00f3n de 5 meses. Una sola caja de GANA Scalp contiene suficientes viales para toda la terapia.<\/p>\n<ul>\n<li>X5 viales de PDRN<\/li>\n<li>X5 viales de GHK-Cu<\/li>\n<li>Trata todas las formas de p\u00e9rdida de cabello y fortalece el cabello cansado y da\u00f1ado<\/li>\n<li>Apto para hombres y mujeres<\/li>\n<\/ul>\n<h3>\u00bfQu\u00e9 es la PDRN?<\/h3>\n<p>El PDRN o Poli Desoxirribonucle\u00f3tido es uno de los principales ingredientes activos de GANA Scalp. Es una sustancia derivada del esperma de salm\u00f3n y tiene un fuerte efecto antiinflamatorio cuando se aplica sobre la piel. Adem\u00e1s, el PDRN estimula eficazmente el flujo sangu\u00edneo y, por lo tanto, tambi\u00e9n <strong>estimula el crecimiento de los fol\u00edculos pilosos<\/strong>.<\/p>\n<h3>\u00bfQu\u00e9 es GHK-Cu?<\/h3>\n<p>GHK-Cu es un p\u00e9ptido de cobre que est\u00e1 presente de forma natural en el cuerpo humano y tiene el poder de <strong>mantener los niveles de crecimiento del cabello<\/strong>. Sin embargo, a medida que envejecemos, sus \u00edndices disminuyen y nuestro cabello empieza a ser cada vez m\u00e1s fino. Este ingrediente aborda ese problema.<\/p>","protected":false},"excerpt":{"rendered":"<p>GANA Scalp est\u00e1 aqu\u00ed para demostrar al mundo que los procedimientos de trasplante capilar no son la \u00fanica soluci\u00f3n contra la ca\u00edda del cabello que existe. Fabricada por GANA R&amp;D, esta soluci\u00f3n de mesoterapia de precio competitivo es excelente en <u>acelerar el crecimiento del cabello y frenar su ca\u00edda<\/u>. Incluso potenciar\u00e1 la condici\u00f3n y la estructura del cuero cabelludo para ofrecer resultados a\u00fan m\u00e1s duraderos e impresionantes. Nosotros, en Skin Heal, ofrecemos esta obra maestra cosm\u00e9tica con un r\u00e1pido env\u00edo internacional.<\/p>","protected":false},"featured_media":8064,"template":"","meta":[],"product_brand":[],"product_cat":[104,105,80,144],"product_tag":[146],"class_list":{"0":"post-8055","1":"product","2":"type-product","3":"status-publish","4":"has-post-thumbnail","6":"product_cat-gana","7":"product_cat-gana-rd","8":"product_cat-mesotherapy","9":"product_cat-holiday-mega-sale","10":"product_tag-10off","11":"clearfix","13":"first","14":"outofstock","15":"sale","16":"taxable","17":"shipping-taxable","18":"purchasable","19":"product-type-simple"},"yoast_head":"<!-- This site is optimized with the Yoast SEO plugin v27.4 - https:\/\/yoast.com\/product\/yoast-seo-wordpress\/ -->\n<title>GANA Scalp (5 x 3ml PDRN + 5 x 3ml Copper Peptide) - Skin Heal<\/title>\n<meta name=\"description\" content=\"Rely on Skin Heal to purchase GANA Scalp \u2013 a premium-range anti-hair loss solution. GANA Scalp successfully restores hair and improves its texture.\" \/>\n<meta name=\"robots\" content=\"index, follow, max-snippet:-1, max-image-preview:large, max-video-preview:-1\" \/>\n<link rel=\"canonical\" href=\"https:\/\/skin-heal.com\/es\/producto\/gana-scalp-5-x-3ml-pdrn-5-x-3ml-copper-peptide\/\" \/>\n<meta property=\"og:locale\" content=\"es_MX\" \/>\n<meta property=\"og:type\" content=\"article\" \/>\n<meta property=\"og:title\" content=\"GANA Scalp (5 x 3ml PDRN + 5 x 3ml Copper Peptide) - Skin Heal\" \/>\n<meta property=\"og:description\" content=\"Rely on Skin Heal to purchase GANA Scalp \u2013 a premium-range anti-hair loss solution. GANA Scalp successfully restores hair and improves its texture.\" \/>\n<meta property=\"og:url\" content=\"https:\/\/skin-heal.com\/es\/producto\/gana-scalp-5-x-3ml-pdrn-5-x-3ml-copper-peptide\/\" \/>\n<meta property=\"og:site_name\" content=\"Skin Heal\" \/>\n<meta property=\"article:modified_time\" content=\"2023-09-26T14:59:31+00:00\" \/>\n<meta property=\"og:image\" content=\"https:\/\/cdn.skin-heal.com\/wp-content\/uploads\/2019\/08\/Gana-Scalp.jpg\" \/>\n\t<meta property=\"og:image:width\" content=\"600\" \/>\n\t<meta property=\"og:image:height\" content=\"600\" \/>\n\t<meta property=\"og:image:type\" content=\"image\/jpeg\" \/>\n<meta name=\"twitter:card\" content=\"summary_large_image\" \/>\n<meta name=\"twitter:label1\" content=\"Tiempo de lectura\" \/>\n\t<meta name=\"twitter:data1\" content=\"1 minuto\" \/>\n<script type=\"application\/ld+json\" class=\"yoast-schema-graph\">{\"@context\":\"https:\\\/\\\/schema.org\",\"@graph\":[{\"@type\":\"WebPage\",\"@id\":\"https:\\\/\\\/skin-heal.com\\\/product\\\/gana-scalp-5-x-3ml-pdrn-5-x-3ml-copper-peptide\\\/\",\"url\":\"https:\\\/\\\/skin-heal.com\\\/product\\\/gana-scalp-5-x-3ml-pdrn-5-x-3ml-copper-peptide\\\/\",\"name\":\"GANA Scalp (5 x 3ml PDRN + 5 x 3ml Copper Peptide) - Skin Heal\",\"isPartOf\":{\"@id\":\"https:\\\/\\\/skin-heal.com\\\/#website\"},\"primaryImageOfPage\":{\"@id\":\"https:\\\/\\\/skin-heal.com\\\/product\\\/gana-scalp-5-x-3ml-pdrn-5-x-3ml-copper-peptide\\\/#primaryimage\"},\"image\":{\"@id\":\"https:\\\/\\\/skin-heal.com\\\/product\\\/gana-scalp-5-x-3ml-pdrn-5-x-3ml-copper-peptide\\\/#primaryimage\"},\"thumbnailUrl\":\"https:\\\/\\\/skin-heal.com\\\/wp-content\\\/uploads\\\/2019\\\/08\\\/Gana-Scalp.jpg\",\"datePublished\":\"2019-08-28T10:03:58+00:00\",\"dateModified\":\"2023-09-26T14:59:31+00:00\",\"description\":\"Rely on Skin Heal to purchase GANA Scalp \u2013 a premium-range anti-hair loss solution. GANA Scalp successfully restores hair and improves its texture.\",\"breadcrumb\":{\"@id\":\"https:\\\/\\\/skin-heal.com\\\/product\\\/gana-scalp-5-x-3ml-pdrn-5-x-3ml-copper-peptide\\\/#breadcrumb\"},\"inLanguage\":\"es\",\"potentialAction\":[{\"@type\":\"ReadAction\",\"target\":[\"https:\\\/\\\/skin-heal.com\\\/product\\\/gana-scalp-5-x-3ml-pdrn-5-x-3ml-copper-peptide\\\/\"]}]},{\"@type\":\"ImageObject\",\"inLanguage\":\"es\",\"@id\":\"https:\\\/\\\/skin-heal.com\\\/product\\\/gana-scalp-5-x-3ml-pdrn-5-x-3ml-copper-peptide\\\/#primaryimage\",\"url\":\"https:\\\/\\\/skin-heal.com\\\/wp-content\\\/uploads\\\/2019\\\/08\\\/Gana-Scalp.jpg\",\"contentUrl\":\"https:\\\/\\\/skin-heal.com\\\/wp-content\\\/uploads\\\/2019\\\/08\\\/Gana-Scalp.jpg\",\"width\":600,\"height\":600,\"caption\":\"Gana Scalp\"},{\"@type\":\"BreadcrumbList\",\"@id\":\"https:\\\/\\\/skin-heal.com\\\/product\\\/gana-scalp-5-x-3ml-pdrn-5-x-3ml-copper-peptide\\\/#breadcrumb\",\"itemListElement\":[{\"@type\":\"ListItem\",\"position\":1,\"name\":\"Home\",\"item\":\"https:\\\/\\\/skin-heal.com\\\/\"},{\"@type\":\"ListItem\",\"position\":2,\"name\":\"Store\",\"item\":\"https:\\\/\\\/skin-heal.com\\\/store\\\/\"},{\"@type\":\"ListItem\",\"position\":3,\"name\":\"GANA Scalp (5 x 3ml PDRN + 5 x 3ml Copper Peptide)\"}]},{\"@type\":\"WebSite\",\"@id\":\"https:\\\/\\\/skin-heal.com\\\/#website\",\"url\":\"https:\\\/\\\/skin-heal.com\\\/\",\"name\":\"Skin Heal\",\"description\":\"Lowest Prices for Dermal Fillers\",\"potentialAction\":[{\"@type\":\"SearchAction\",\"target\":{\"@type\":\"EntryPoint\",\"urlTemplate\":\"https:\\\/\\\/skin-heal.com\\\/?s={search_term_string}\"},\"query-input\":{\"@type\":\"PropertyValueSpecification\",\"valueRequired\":true,\"valueName\":\"search_term_string\"}}],\"inLanguage\":\"es\"}]}<\/script>\n<!-- \/ Yoast SEO plugin. -->","yoast_head_json":{"title":"GANA Cuero cabelludo (5 x 3ml PDRN + 5 x 3ml P\u00e9ptido de cobre) - Skin Heal","description":"Conf\u00ede en Skin Heal para adquirir GANA Scalp, una soluci\u00f3n antica\u00edda de gama alta. GANA Scalp restaura con \u00e9xito el cabello y mejora su textura.","robots":{"index":"index","follow":"follow","max-snippet":"max-snippet:-1","max-image-preview":"max-image-preview:large","max-video-preview":"max-video-preview:-1"},"canonical":"https:\/\/skin-heal.com\/es\/producto\/gana-scalp-5-x-3ml-pdrn-5-x-3ml-copper-peptide\/","og_locale":"es_MX","og_type":"article","og_title":"GANA Scalp (5 x 3ml PDRN + 5 x 3ml Copper Peptide) - Skin Heal","og_description":"Rely on Skin Heal to purchase GANA Scalp \u2013 a premium-range anti-hair loss solution. GANA Scalp successfully restores hair and improves its texture.","og_url":"https:\/\/skin-heal.com\/es\/producto\/gana-scalp-5-x-3ml-pdrn-5-x-3ml-copper-peptide\/","og_site_name":"Skin Heal","article_modified_time":"2023-09-26T14:59:31+00:00","og_image":[{"width":600,"height":600,"url":"https:\/\/cdn.skin-heal.com\/wp-content\/uploads\/2019\/08\/Gana-Scalp.jpg","type":"image\/jpeg"}],"twitter_card":"summary_large_image","twitter_misc":{"Tiempo de lectura":"1 minuto"},"schema":{"@context":"https:\/\/schema.org","@graph":[{"@type":"WebPage","@id":"https:\/\/skin-heal.com\/product\/gana-scalp-5-x-3ml-pdrn-5-x-3ml-copper-peptide\/","url":"https:\/\/skin-heal.com\/product\/gana-scalp-5-x-3ml-pdrn-5-x-3ml-copper-peptide\/","name":"GANA Cuero cabelludo (5 x 3ml PDRN + 5 x 3ml P\u00e9ptido de cobre) - Skin Heal","isPartOf":{"@id":"https:\/\/skin-heal.com\/#website"},"primaryImageOfPage":{"@id":"https:\/\/skin-heal.com\/product\/gana-scalp-5-x-3ml-pdrn-5-x-3ml-copper-peptide\/#primaryimage"},"image":{"@id":"https:\/\/skin-heal.com\/product\/gana-scalp-5-x-3ml-pdrn-5-x-3ml-copper-peptide\/#primaryimage"},"thumbnailUrl":"https:\/\/cdn.skin-heal.com\/wp-content\/uploads\/2019\/08\/Gana-Scalp.jpg","datePublished":"2019-08-28T10:03:58+00:00","dateModified":"2023-09-26T14:59:31+00:00","description":"Conf\u00ede en Skin Heal para adquirir GANA Scalp, una soluci\u00f3n antica\u00edda de gama alta. GANA Scalp restaura con \u00e9xito el cabello y mejora su textura.","breadcrumb":{"@id":"https:\/\/skin-heal.com\/product\/gana-scalp-5-x-3ml-pdrn-5-x-3ml-copper-peptide\/#breadcrumb"},"inLanguage":"es","potentialAction":[{"@type":"ReadAction","target":["https:\/\/skin-heal.com\/product\/gana-scalp-5-x-3ml-pdrn-5-x-3ml-copper-peptide\/"]}]},{"@type":"ImageObject","inLanguage":"es","@id":"https:\/\/skin-heal.com\/product\/gana-scalp-5-x-3ml-pdrn-5-x-3ml-copper-peptide\/#primaryimage","url":"https:\/\/cdn.skin-heal.com\/wp-content\/uploads\/2019\/08\/Gana-Scalp.jpg","contentUrl":"https:\/\/cdn.skin-heal.com\/wp-content\/uploads\/2019\/08\/Gana-Scalp.jpg","width":600,"height":600,"caption":"Gana Scalp"},{"@type":"BreadcrumbList","@id":"https:\/\/skin-heal.com\/product\/gana-scalp-5-x-3ml-pdrn-5-x-3ml-copper-peptide\/#breadcrumb","itemListElement":[{"@type":"ListItem","position":1,"name":"Home","item":"https:\/\/skin-heal.com\/"},{"@type":"ListItem","position":2,"name":"Store","item":"https:\/\/skin-heal.com\/store\/"},{"@type":"ListItem","position":3,"name":"GANA Scalp (5 x 3ml PDRN + 5 x 3ml Copper Peptide)"}]},{"@type":"WebSite","@id":"https:\/\/skin-heal.com\/#website","url":"https:\/\/skin-heal.com\/","name":"Curaci\u00f3n de la piel","description":"Los precios m\u00e1s bajos para los rellenos d\u00e9rmicos","potentialAction":[{"@type":"SearchAction","target":{"@type":"EntryPoint","urlTemplate":"https:\/\/skin-heal.com\/?s={search_term_string}"},"query-input":{"@type":"PropertyValueSpecification","valueRequired":true,"valueName":"search_term_string"}}],"inLanguage":"es"}]}},"_links":{"self":[{"href":"https:\/\/skin-heal.com\/es\/wp-json\/wp\/v2\/product\/8055","targetHints":{"allow":["GET"]}}],"collection":[{"href":"https:\/\/skin-heal.com\/es\/wp-json\/wp\/v2\/product"}],"about":[{"href":"https:\/\/skin-heal.com\/es\/wp-json\/wp\/v2\/types\/product"}],"wp:featuredmedia":[{"embeddable":true,"href":"https:\/\/skin-heal.com\/es\/wp-json\/wp\/v2\/media\/8064"}],"wp:attachment":[{"href":"https:\/\/skin-heal.com\/es\/wp-json\/wp\/v2\/media?parent=8055"}],"wp:term":[{"taxonomy":"product_brand","embeddable":true,"href":"https:\/\/skin-heal.com\/es\/wp-json\/wp\/v2\/product_brand?post=8055"},{"taxonomy":"product_cat","embeddable":true,"href":"https:\/\/skin-heal.com\/es\/wp-json\/wp\/v2\/product_cat?post=8055"},{"taxonomy":"product_tag","embeddable":true,"href":"https:\/\/skin-heal.com\/es\/wp-json\/wp\/v2\/product_tag?post=8055"}],"curies":[{"name":"wp","href":"https:\/\/api.w.org\/{rel}","templated":true}]}}