{"id":8056,"date":"2019-08-28T10:08:07","date_gmt":"2019-08-28T10:08:07","guid":{"rendered":"https:\/\/skin-heal.com\/?post_type=product&#038;p=8056"},"modified":"2021-10-28T12:09:05","modified_gmt":"2021-10-28T12:09:05","slug":"gana-pf-5-x-2ml","status":"publish","type":"product","link":"https:\/\/skin-heal.com\/es\/producto\/gana-pf-5-x-2ml\/","title":{"rendered":"GANA PF (5 x 2ml)"},"content":{"rendered":"<h3>Acci\u00f3n de correcci\u00f3n de l\u00edneas poco profundas 2 en 1 de GANA PF<\/h3>\n<p>Con s\u00f3lo 2 \u00f3 3 sesiones de inyecci\u00f3n con GANA PF, las l\u00edneas de expresi\u00f3n y las arrugas superficiales pueden desaparecer por completo durante varios meses. Su <u>efectos antienvejecimiento instant\u00e1neos<\/u> son de aspecto natural y pueden mantenerse durante un periodo de tiempo a\u00fan m\u00e1s largo si los pacientes se someten a tratamientos de mantenimiento cada pocos meses aproximadamente. A diferencia de la mayor\u00eda de las soluciones de rejuvenecimiento cosm\u00e9tico inyectables que existen en la actualidad, \u00e9sta act\u00faa como un producto 2 en 1 gracias a sus dos ingredientes principales probados y seguros:<\/p>\n<ul>\n<li><strong>A propiedades de relleno y voluminizaci\u00f3n<\/strong> - El \u00e1cido hialur\u00f3nico reticulado biodegradable de esta soluci\u00f3n corrige f\u00e1cilmente las arrugas superficiales rellen\u00e1ndolas y a\u00f1adiendo volumen bajo la piel.<\/li>\n<li><strong>Un efecto de relajaci\u00f3n muscular<\/strong> - El acetil hexap\u00e9ptido-8 que se encuentra en este producto impide que los m\u00fasculos en los que se ha inyectado se contraigan durante unas semanas para evitar que se formen arrugas de expresi\u00f3n.<\/li>\n<\/ul>\n<h3>Lo que no hay que hacer cuando se utiliza GANA PF<\/h3>\n<p>Se trata de un producto inyectable de calidad profesional que debe utilizarse con precauci\u00f3n y cuidado para obtener resultados \u00f3ptimos en el tratamiento y <em>para evitar resultados no deseados<\/em>. Algunas de las principales precauciones que deben tener en cuenta los cirujanos pl\u00e1sticos y los dermat\u00f3logos est\u00e9ticos a la hora de aplicar este producto son:<\/p>\n<ul>\n<li>No lo utilice para la correcci\u00f3n de arrugas y pliegues medianos o profundos<\/li>\n<li>No conf\u00ede en ella durante los procedimientos de contorno facial o de aumento<\/li>\n<li>No tratar con \u00e9l a mujeres embarazadas o en periodo de lactancia<\/li>\n<\/ul>","protected":false},"excerpt":{"rendered":"<p>GANA PF es <strong>producto de rejuvenecimiento de la piel de primera categor\u00eda<\/strong> reduce con \u00e9xito la apariencia de las arrugas y l\u00edneas superficiales al hidratar la piel y rellenar las depresiones cut\u00e1neas con la ayuda de HA reticulado. El acetil hexap\u00e9ptido-8 de su f\u00f3rmula tiene un efecto preventivo de la contracci\u00f3n muscular sin riesgo que <em>hace que la piel del rostro sea a\u00fan m\u00e1s suave<\/em>.<\/p>","protected":false},"featured_media":8065,"template":"","meta":[],"product_brand":[],"product_cat":[79,104,105,80],"product_tag":[],"class_list":{"0":"post-8056","1":"product","2":"type-product","3":"status-publish","4":"has-post-thumbnail","6":"product_cat-dermal-fillers","7":"product_cat-gana","8":"product_cat-gana-rd","9":"product_cat-mesotherapy","10":"clearfix","12":"first","13":"outofstock","14":"taxable","15":"shipping-taxable","16":"purchasable","17":"product-type-simple"},"yoast_head":"<!-- This site is optimized with the Yoast SEO plugin v27.3 - https:\/\/yoast.com\/product\/yoast-seo-wordpress\/ -->\n<title>GANA PF (5 x 2ml) - Skin Heal<\/title>\n<meta name=\"description\" content=\"GANA PF is a safe HA filler with wrinkle prevention properties. Buy GANA PF for a long-lasting removal of fine expression wrinkles like crow\u2019s feet.\" \/>\n<meta name=\"robots\" content=\"index, follow, max-snippet:-1, max-image-preview:large, max-video-preview:-1\" \/>\n<link rel=\"canonical\" href=\"https:\/\/skin-heal.com\/es\/producto\/gana-pf-5-x-2ml\/\" \/>\n<meta property=\"og:locale\" content=\"es_MX\" \/>\n<meta property=\"og:type\" content=\"article\" \/>\n<meta property=\"og:title\" content=\"GANA PF (5 x 2ml) - Skin Heal\" \/>\n<meta property=\"og:description\" content=\"GANA PF is a safe HA filler with wrinkle prevention properties. Buy GANA PF for a long-lasting removal of fine expression wrinkles like crow\u2019s feet.\" \/>\n<meta property=\"og:url\" content=\"https:\/\/skin-heal.com\/es\/producto\/gana-pf-5-x-2ml\/\" \/>\n<meta property=\"og:site_name\" content=\"Skin Heal\" \/>\n<meta property=\"article:modified_time\" content=\"2021-10-28T12:09:05+00:00\" \/>\n<meta property=\"og:image\" content=\"https:\/\/cdn.skin-heal.com\/wp-content\/uploads\/2019\/08\/GANA-PF.jpg\" \/>\n\t<meta property=\"og:image:width\" content=\"600\" \/>\n\t<meta property=\"og:image:height\" content=\"600\" \/>\n\t<meta property=\"og:image:type\" content=\"image\/jpeg\" \/>\n<meta name=\"twitter:card\" content=\"summary_large_image\" \/>\n<meta name=\"twitter:label1\" content=\"Tiempo de lectura\" \/>\n\t<meta name=\"twitter:data1\" content=\"1 minuto\" \/>\n<script type=\"application\/ld+json\" class=\"yoast-schema-graph\">{\"@context\":\"https:\\\/\\\/schema.org\",\"@graph\":[{\"@type\":\"WebPage\",\"@id\":\"https:\\\/\\\/skin-heal.com\\\/product\\\/gana-pf-5-x-2ml\\\/\",\"url\":\"https:\\\/\\\/skin-heal.com\\\/product\\\/gana-pf-5-x-2ml\\\/\",\"name\":\"GANA PF (5 x 2ml) - Skin Heal\",\"isPartOf\":{\"@id\":\"https:\\\/\\\/skin-heal.com\\\/#website\"},\"primaryImageOfPage\":{\"@id\":\"https:\\\/\\\/skin-heal.com\\\/product\\\/gana-pf-5-x-2ml\\\/#primaryimage\"},\"image\":{\"@id\":\"https:\\\/\\\/skin-heal.com\\\/product\\\/gana-pf-5-x-2ml\\\/#primaryimage\"},\"thumbnailUrl\":\"https:\\\/\\\/skin-heal.com\\\/wp-content\\\/uploads\\\/2019\\\/08\\\/GANA-PF.jpg\",\"datePublished\":\"2019-08-28T10:08:07+00:00\",\"dateModified\":\"2021-10-28T12:09:05+00:00\",\"description\":\"GANA PF is a safe HA filler with wrinkle prevention properties. Buy GANA PF for a long-lasting removal of fine expression wrinkles like crow\u2019s feet.\",\"breadcrumb\":{\"@id\":\"https:\\\/\\\/skin-heal.com\\\/product\\\/gana-pf-5-x-2ml\\\/#breadcrumb\"},\"inLanguage\":\"es\",\"potentialAction\":[{\"@type\":\"ReadAction\",\"target\":[\"https:\\\/\\\/skin-heal.com\\\/product\\\/gana-pf-5-x-2ml\\\/\"]}]},{\"@type\":\"ImageObject\",\"inLanguage\":\"es\",\"@id\":\"https:\\\/\\\/skin-heal.com\\\/product\\\/gana-pf-5-x-2ml\\\/#primaryimage\",\"url\":\"https:\\\/\\\/skin-heal.com\\\/wp-content\\\/uploads\\\/2019\\\/08\\\/GANA-PF.jpg\",\"contentUrl\":\"https:\\\/\\\/skin-heal.com\\\/wp-content\\\/uploads\\\/2019\\\/08\\\/GANA-PF.jpg\",\"width\":600,\"height\":600,\"caption\":\"GANA PF\"},{\"@type\":\"BreadcrumbList\",\"@id\":\"https:\\\/\\\/skin-heal.com\\\/product\\\/gana-pf-5-x-2ml\\\/#breadcrumb\",\"itemListElement\":[{\"@type\":\"ListItem\",\"position\":1,\"name\":\"Home\",\"item\":\"https:\\\/\\\/skin-heal.com\\\/\"},{\"@type\":\"ListItem\",\"position\":2,\"name\":\"Store\",\"item\":\"https:\\\/\\\/skin-heal.com\\\/store\\\/\"},{\"@type\":\"ListItem\",\"position\":3,\"name\":\"GANA PF (5 x 2ml)\"}]},{\"@type\":\"WebSite\",\"@id\":\"https:\\\/\\\/skin-heal.com\\\/#website\",\"url\":\"https:\\\/\\\/skin-heal.com\\\/\",\"name\":\"Skin Heal\",\"description\":\"Lowest Prices for Dermal Fillers\",\"potentialAction\":[{\"@type\":\"SearchAction\",\"target\":{\"@type\":\"EntryPoint\",\"urlTemplate\":\"https:\\\/\\\/skin-heal.com\\\/?s={search_term_string}\"},\"query-input\":{\"@type\":\"PropertyValueSpecification\",\"valueRequired\":true,\"valueName\":\"search_term_string\"}}],\"inLanguage\":\"es\"}]}<\/script>\n<!-- \/ Yoast SEO plugin. -->","yoast_head_json":{"title":"GANA PF (5 x 2ml) - Piel sana","description":"GANA PF es un relleno de HA seguro con propiedades preventivas de las arrugas. Compre GANA PF para eliminar de forma duradera las arrugas finas de expresi\u00f3n como las patas de gallo.","robots":{"index":"index","follow":"follow","max-snippet":"max-snippet:-1","max-image-preview":"max-image-preview:large","max-video-preview":"max-video-preview:-1"},"canonical":"https:\/\/skin-heal.com\/es\/producto\/gana-pf-5-x-2ml\/","og_locale":"es_MX","og_type":"article","og_title":"GANA PF (5 x 2ml) - Skin Heal","og_description":"GANA PF is a safe HA filler with wrinkle prevention properties. Buy GANA PF for a long-lasting removal of fine expression wrinkles like crow\u2019s feet.","og_url":"https:\/\/skin-heal.com\/es\/producto\/gana-pf-5-x-2ml\/","og_site_name":"Skin Heal","article_modified_time":"2021-10-28T12:09:05+00:00","og_image":[{"width":600,"height":600,"url":"https:\/\/cdn.skin-heal.com\/wp-content\/uploads\/2019\/08\/GANA-PF.jpg","type":"image\/jpeg"}],"twitter_card":"summary_large_image","twitter_misc":{"Tiempo de lectura":"1 minuto"},"schema":{"@context":"https:\/\/schema.org","@graph":[{"@type":"WebPage","@id":"https:\/\/skin-heal.com\/product\/gana-pf-5-x-2ml\/","url":"https:\/\/skin-heal.com\/product\/gana-pf-5-x-2ml\/","name":"GANA PF (5 x 2ml) - Piel sana","isPartOf":{"@id":"https:\/\/skin-heal.com\/#website"},"primaryImageOfPage":{"@id":"https:\/\/skin-heal.com\/product\/gana-pf-5-x-2ml\/#primaryimage"},"image":{"@id":"https:\/\/skin-heal.com\/product\/gana-pf-5-x-2ml\/#primaryimage"},"thumbnailUrl":"https:\/\/cdn.skin-heal.com\/wp-content\/uploads\/2019\/08\/GANA-PF.jpg","datePublished":"2019-08-28T10:08:07+00:00","dateModified":"2021-10-28T12:09:05+00:00","description":"GANA PF es un relleno de HA seguro con propiedades preventivas de las arrugas. Compre GANA PF para eliminar de forma duradera las arrugas finas de expresi\u00f3n como las patas de gallo.","breadcrumb":{"@id":"https:\/\/skin-heal.com\/product\/gana-pf-5-x-2ml\/#breadcrumb"},"inLanguage":"es","potentialAction":[{"@type":"ReadAction","target":["https:\/\/skin-heal.com\/product\/gana-pf-5-x-2ml\/"]}]},{"@type":"ImageObject","inLanguage":"es","@id":"https:\/\/skin-heal.com\/product\/gana-pf-5-x-2ml\/#primaryimage","url":"https:\/\/cdn.skin-heal.com\/wp-content\/uploads\/2019\/08\/GANA-PF.jpg","contentUrl":"https:\/\/cdn.skin-heal.com\/wp-content\/uploads\/2019\/08\/GANA-PF.jpg","width":600,"height":600,"caption":"GANA PF"},{"@type":"BreadcrumbList","@id":"https:\/\/skin-heal.com\/product\/gana-pf-5-x-2ml\/#breadcrumb","itemListElement":[{"@type":"ListItem","position":1,"name":"Home","item":"https:\/\/skin-heal.com\/"},{"@type":"ListItem","position":2,"name":"Store","item":"https:\/\/skin-heal.com\/store\/"},{"@type":"ListItem","position":3,"name":"GANA PF (5 x 2ml)"}]},{"@type":"WebSite","@id":"https:\/\/skin-heal.com\/#website","url":"https:\/\/skin-heal.com\/","name":"Curaci\u00f3n de la piel","description":"Los precios m\u00e1s bajos para los rellenos d\u00e9rmicos","potentialAction":[{"@type":"SearchAction","target":{"@type":"EntryPoint","urlTemplate":"https:\/\/skin-heal.com\/?s={search_term_string}"},"query-input":{"@type":"PropertyValueSpecification","valueRequired":true,"valueName":"search_term_string"}}],"inLanguage":"es"}]}},"_links":{"self":[{"href":"https:\/\/skin-heal.com\/es\/wp-json\/wp\/v2\/product\/8056","targetHints":{"allow":["GET"]}}],"collection":[{"href":"https:\/\/skin-heal.com\/es\/wp-json\/wp\/v2\/product"}],"about":[{"href":"https:\/\/skin-heal.com\/es\/wp-json\/wp\/v2\/types\/product"}],"wp:featuredmedia":[{"embeddable":true,"href":"https:\/\/skin-heal.com\/es\/wp-json\/wp\/v2\/media\/8065"}],"wp:attachment":[{"href":"https:\/\/skin-heal.com\/es\/wp-json\/wp\/v2\/media?parent=8056"}],"wp:term":[{"taxonomy":"product_brand","embeddable":true,"href":"https:\/\/skin-heal.com\/es\/wp-json\/wp\/v2\/product_brand?post=8056"},{"taxonomy":"product_cat","embeddable":true,"href":"https:\/\/skin-heal.com\/es\/wp-json\/wp\/v2\/product_cat?post=8056"},{"taxonomy":"product_tag","embeddable":true,"href":"https:\/\/skin-heal.com\/es\/wp-json\/wp\/v2\/product_tag?post=8056"}],"curies":[{"name":"wp","href":"https:\/\/api.w.org\/{rel}","templated":true}]}}