{"id":8057,"date":"2019-08-28T10:10:40","date_gmt":"2019-08-28T07:10:40","guid":{"rendered":"https:\/\/skin-heal.com\/?post_type=product&#038;p=8057"},"modified":"2023-02-22T11:53:22","modified_gmt":"2023-02-22T09:53:22","slug":"gana-da-10-x-5ml","status":"publish","type":"product","link":"https:\/\/skin-heal.com\/es\/producto\/gana-da-10-x-5ml\/","title":{"rendered":"GANA DA (10 x 5ml)"},"content":{"rendered":"<h3>Correcci\u00f3n instant\u00e1nea de la papada<\/h3>\n<p>El secreto del \u00e9xito de GANA DA es que contiene 10mg\/mL de \u00e1cido desoxic\u00f3lico - un ingrediente de vanguardia que ha sido <strong>aprobado por la FDA<\/strong> para el tratamiento m\u00ednimamente invasivo del exceso de grasa submental (papada). Cuando se inyecta bajo la piel, elimina las c\u00e9lulas grasas y disuelve los dep\u00f3sitos de grasa en zonas que tardan en responder al ejercicio o la dieta. Normalmente, un tratamiento con este innovador producto de lip\u00f3lisis se compone de 3 \u00f3 4 sesiones de inyecci\u00f3n, cada una de las cuales se realiza en el plazo de un mes desde las dem\u00e1s. <em>Las ventajas<\/em> de esta soluci\u00f3n disolvente de grasa de nueva generaci\u00f3n son que:<\/p>\n<ul>\n<li>No requiere un periodo de recuperaci\u00f3n extenso (si es que lo hay)<\/li>\n<li>Se trata de un procedimiento r\u00e1pido y casi indoloro<\/li>\n<li>Es m\u00e1s eficaz que la mayor\u00eda de los tratamientos de p\u00e9rdida de peso<\/li>\n<li>No cuesta una fortuna<\/li>\n<\/ul>\n<h3>Otros usos de GANA DA<\/h3>\n<p>Esta inyecci\u00f3n resolutiva de primera clase tambi\u00e9n puede aplicarse en otras zonas del cuerpo:<\/p>\n<ul>\n<li><strong>Muslos<\/strong> - un m\u00e1ximo de 5 viales por cada<\/li>\n<li><strong>Abdomen<\/strong> - 5 viales como m\u00e1ximo<\/li>\n<li><strong>Caderas<\/strong> - 5 viales para cada uno como m\u00e1ximo<\/li>\n<li><strong>Brazos superiores<\/strong> - un m\u00e1ximo de 3 viales por cada brazo<\/li>\n<\/ul>\n<p>Los pacientes notar\u00e1n los primeros efectos del tratamiento poco despu\u00e9s de la tercera sesi\u00f3n de inyecciones. Para reducir el riesgo de efectos secundarios, deben <em>evitar fumar, tomar el sol y consumir alcohol<\/em> y las temperaturas calientes (incluida el agua caliente) durante 3-7 d\u00edas despu\u00e9s de cada procedimiento.<\/p>","protected":false},"excerpt":{"rendered":"<p>GANA DA forma parte de la gama de cosm\u00e9ticos m\u00e1s valorados de GANA R&amp;D y es <u>una inyecci\u00f3n de lip\u00f3lisis sin riesgo<\/u> que est\u00e1 especialmente indicado para la correcci\u00f3n no quir\u00fargica de la papada. Este producto que disuelve la grasa de forma f\u00e1cil para el paciente tambi\u00e9n puede inyectarse en varias partes del cuerpo (por ejemplo, en los muslos, el abdomen, etc.), donde eliminar\u00e1 f\u00e1cilmente los dep\u00f3sitos de grasa persistentes. Conf\u00ede en nosotros, en Skin Heal, si desea adquirir esta fiable inyecci\u00f3n disolvente de grasa a base de DA a un precio justo.<\/p>","protected":false},"featured_media":8066,"template":"","meta":[],"product_brand":[],"product_cat":[86,104,105,144],"product_tag":[146],"class_list":{"0":"post-8057","1":"product","2":"type-product","3":"status-publish","4":"has-post-thumbnail","6":"product_cat-fat-resolving","7":"product_cat-gana","8":"product_cat-gana-rd","9":"product_cat-holiday-mega-sale","10":"product_tag-10off","11":"clearfix","13":"first","14":"instock","15":"sale","16":"taxable","17":"shipping-taxable","18":"purchasable","19":"product-type-simple"},"yoast_head":"<!-- This site is optimized with the Yoast SEO plugin v27.4 - https:\/\/yoast.com\/product\/yoast-seo-wordpress\/ -->\n<title>GANA DA (10 x 5ml) - Skin Heal<\/title>\n<meta name=\"description\" content=\"Trusted lipolytic injection GANA DA delivers remarkable double chin correction results. Sold by Skin Heal, GANA DA contains FDA-approved substance DA.\" \/>\n<meta name=\"robots\" content=\"index, follow, max-snippet:-1, max-image-preview:large, max-video-preview:-1\" \/>\n<link rel=\"canonical\" href=\"https:\/\/skin-heal.com\/es\/producto\/gana-da-10-x-5ml\/\" \/>\n<meta property=\"og:locale\" content=\"es_MX\" \/>\n<meta property=\"og:type\" content=\"article\" \/>\n<meta property=\"og:title\" content=\"GANA DA (10 x 5ml) - Skin Heal\" \/>\n<meta property=\"og:description\" content=\"Trusted lipolytic injection GANA DA delivers remarkable double chin correction results. Sold by Skin Heal, GANA DA contains FDA-approved substance DA.\" \/>\n<meta property=\"og:url\" content=\"https:\/\/skin-heal.com\/es\/producto\/gana-da-10-x-5ml\/\" \/>\n<meta property=\"og:site_name\" content=\"Skin Heal\" \/>\n<meta property=\"article:modified_time\" content=\"2023-02-22T09:53:22+00:00\" \/>\n<meta property=\"og:image\" content=\"https:\/\/cdn.skin-heal.com\/wp-content\/uploads\/2019\/08\/GANA-DA.jpg\" \/>\n\t<meta property=\"og:image:width\" content=\"600\" \/>\n\t<meta property=\"og:image:height\" content=\"600\" \/>\n\t<meta property=\"og:image:type\" content=\"image\/jpeg\" \/>\n<meta name=\"twitter:card\" content=\"summary_large_image\" \/>\n<meta name=\"twitter:label1\" content=\"Tiempo de lectura\" \/>\n\t<meta name=\"twitter:data1\" content=\"1 minuto\" \/>\n<script type=\"application\/ld+json\" class=\"yoast-schema-graph\">{\"@context\":\"https:\\\/\\\/schema.org\",\"@graph\":[{\"@type\":\"WebPage\",\"@id\":\"https:\\\/\\\/skin-heal.com\\\/product\\\/gana-da-10-x-5ml\\\/\",\"url\":\"https:\\\/\\\/skin-heal.com\\\/product\\\/gana-da-10-x-5ml\\\/\",\"name\":\"GANA DA (10 x 5ml) - Skin Heal\",\"isPartOf\":{\"@id\":\"https:\\\/\\\/skin-heal.com\\\/#website\"},\"primaryImageOfPage\":{\"@id\":\"https:\\\/\\\/skin-heal.com\\\/product\\\/gana-da-10-x-5ml\\\/#primaryimage\"},\"image\":{\"@id\":\"https:\\\/\\\/skin-heal.com\\\/product\\\/gana-da-10-x-5ml\\\/#primaryimage\"},\"thumbnailUrl\":\"https:\\\/\\\/skin-heal.com\\\/wp-content\\\/uploads\\\/2019\\\/08\\\/GANA-DA.jpg\",\"datePublished\":\"2019-08-28T07:10:40+00:00\",\"dateModified\":\"2023-02-22T09:53:22+00:00\",\"description\":\"Trusted lipolytic injection GANA DA delivers remarkable double chin correction results. Sold by Skin Heal, GANA DA contains FDA-approved substance DA.\",\"breadcrumb\":{\"@id\":\"https:\\\/\\\/skin-heal.com\\\/product\\\/gana-da-10-x-5ml\\\/#breadcrumb\"},\"inLanguage\":\"es\",\"potentialAction\":[{\"@type\":\"ReadAction\",\"target\":[\"https:\\\/\\\/skin-heal.com\\\/product\\\/gana-da-10-x-5ml\\\/\"]}]},{\"@type\":\"ImageObject\",\"inLanguage\":\"es\",\"@id\":\"https:\\\/\\\/skin-heal.com\\\/product\\\/gana-da-10-x-5ml\\\/#primaryimage\",\"url\":\"https:\\\/\\\/skin-heal.com\\\/wp-content\\\/uploads\\\/2019\\\/08\\\/GANA-DA.jpg\",\"contentUrl\":\"https:\\\/\\\/skin-heal.com\\\/wp-content\\\/uploads\\\/2019\\\/08\\\/GANA-DA.jpg\",\"width\":600,\"height\":600,\"caption\":\"GANA DA\"},{\"@type\":\"BreadcrumbList\",\"@id\":\"https:\\\/\\\/skin-heal.com\\\/product\\\/gana-da-10-x-5ml\\\/#breadcrumb\",\"itemListElement\":[{\"@type\":\"ListItem\",\"position\":1,\"name\":\"Home\",\"item\":\"https:\\\/\\\/skin-heal.com\\\/\"},{\"@type\":\"ListItem\",\"position\":2,\"name\":\"Store\",\"item\":\"https:\\\/\\\/skin-heal.com\\\/store\\\/\"},{\"@type\":\"ListItem\",\"position\":3,\"name\":\"GANA DA (10 x 5ml)\"}]},{\"@type\":\"WebSite\",\"@id\":\"https:\\\/\\\/skin-heal.com\\\/#website\",\"url\":\"https:\\\/\\\/skin-heal.com\\\/\",\"name\":\"Skin Heal\",\"description\":\"Lowest Prices for Dermal Fillers\",\"potentialAction\":[{\"@type\":\"SearchAction\",\"target\":{\"@type\":\"EntryPoint\",\"urlTemplate\":\"https:\\\/\\\/skin-heal.com\\\/?s={search_term_string}\"},\"query-input\":{\"@type\":\"PropertyValueSpecification\",\"valueRequired\":true,\"valueName\":\"search_term_string\"}}],\"inLanguage\":\"es\"}]}<\/script>\n<!-- \/ Yoast SEO plugin. -->","yoast_head_json":{"title":"GANA DA (10 x 5ml) - Piel sana","description":"La inyecci\u00f3n lipol\u00edtica de confianza GANA DA proporciona unos resultados notables en la correcci\u00f3n de la papada. Comercializado por Skin Heal, GANA DA contiene DA, una sustancia aprobada por la FDA.","robots":{"index":"index","follow":"follow","max-snippet":"max-snippet:-1","max-image-preview":"max-image-preview:large","max-video-preview":"max-video-preview:-1"},"canonical":"https:\/\/skin-heal.com\/es\/producto\/gana-da-10-x-5ml\/","og_locale":"es_MX","og_type":"article","og_title":"GANA DA (10 x 5ml) - Skin Heal","og_description":"Trusted lipolytic injection GANA DA delivers remarkable double chin correction results. Sold by Skin Heal, GANA DA contains FDA-approved substance DA.","og_url":"https:\/\/skin-heal.com\/es\/producto\/gana-da-10-x-5ml\/","og_site_name":"Skin Heal","article_modified_time":"2023-02-22T09:53:22+00:00","og_image":[{"width":600,"height":600,"url":"https:\/\/cdn.skin-heal.com\/wp-content\/uploads\/2019\/08\/GANA-DA.jpg","type":"image\/jpeg"}],"twitter_card":"summary_large_image","twitter_misc":{"Tiempo de lectura":"1 minuto"},"schema":{"@context":"https:\/\/schema.org","@graph":[{"@type":"WebPage","@id":"https:\/\/skin-heal.com\/product\/gana-da-10-x-5ml\/","url":"https:\/\/skin-heal.com\/product\/gana-da-10-x-5ml\/","name":"GANA DA (10 x 5ml) - Piel sana","isPartOf":{"@id":"https:\/\/skin-heal.com\/#website"},"primaryImageOfPage":{"@id":"https:\/\/skin-heal.com\/product\/gana-da-10-x-5ml\/#primaryimage"},"image":{"@id":"https:\/\/skin-heal.com\/product\/gana-da-10-x-5ml\/#primaryimage"},"thumbnailUrl":"https:\/\/cdn.skin-heal.com\/wp-content\/uploads\/2019\/08\/GANA-DA.jpg","datePublished":"2019-08-28T07:10:40+00:00","dateModified":"2023-02-22T09:53:22+00:00","description":"La inyecci\u00f3n lipol\u00edtica de confianza GANA DA proporciona unos resultados notables en la correcci\u00f3n de la papada. Comercializado por Skin Heal, GANA DA contiene DA, una sustancia aprobada por la FDA.","breadcrumb":{"@id":"https:\/\/skin-heal.com\/product\/gana-da-10-x-5ml\/#breadcrumb"},"inLanguage":"es","potentialAction":[{"@type":"ReadAction","target":["https:\/\/skin-heal.com\/product\/gana-da-10-x-5ml\/"]}]},{"@type":"ImageObject","inLanguage":"es","@id":"https:\/\/skin-heal.com\/product\/gana-da-10-x-5ml\/#primaryimage","url":"https:\/\/cdn.skin-heal.com\/wp-content\/uploads\/2019\/08\/GANA-DA.jpg","contentUrl":"https:\/\/cdn.skin-heal.com\/wp-content\/uploads\/2019\/08\/GANA-DA.jpg","width":600,"height":600,"caption":"GANA DA"},{"@type":"BreadcrumbList","@id":"https:\/\/skin-heal.com\/product\/gana-da-10-x-5ml\/#breadcrumb","itemListElement":[{"@type":"ListItem","position":1,"name":"Home","item":"https:\/\/skin-heal.com\/"},{"@type":"ListItem","position":2,"name":"Store","item":"https:\/\/skin-heal.com\/store\/"},{"@type":"ListItem","position":3,"name":"GANA DA (10 x 5ml)"}]},{"@type":"WebSite","@id":"https:\/\/skin-heal.com\/#website","url":"https:\/\/skin-heal.com\/","name":"Curaci\u00f3n de la piel","description":"Los precios m\u00e1s bajos para los rellenos d\u00e9rmicos","potentialAction":[{"@type":"SearchAction","target":{"@type":"EntryPoint","urlTemplate":"https:\/\/skin-heal.com\/?s={search_term_string}"},"query-input":{"@type":"PropertyValueSpecification","valueRequired":true,"valueName":"search_term_string"}}],"inLanguage":"es"}]}},"_links":{"self":[{"href":"https:\/\/skin-heal.com\/es\/wp-json\/wp\/v2\/product\/8057","targetHints":{"allow":["GET"]}}],"collection":[{"href":"https:\/\/skin-heal.com\/es\/wp-json\/wp\/v2\/product"}],"about":[{"href":"https:\/\/skin-heal.com\/es\/wp-json\/wp\/v2\/types\/product"}],"wp:featuredmedia":[{"embeddable":true,"href":"https:\/\/skin-heal.com\/es\/wp-json\/wp\/v2\/media\/8066"}],"wp:attachment":[{"href":"https:\/\/skin-heal.com\/es\/wp-json\/wp\/v2\/media?parent=8057"}],"wp:term":[{"taxonomy":"product_brand","embeddable":true,"href":"https:\/\/skin-heal.com\/es\/wp-json\/wp\/v2\/product_brand?post=8057"},{"taxonomy":"product_cat","embeddable":true,"href":"https:\/\/skin-heal.com\/es\/wp-json\/wp\/v2\/product_cat?post=8057"},{"taxonomy":"product_tag","embeddable":true,"href":"https:\/\/skin-heal.com\/es\/wp-json\/wp\/v2\/product_tag?post=8057"}],"curies":[{"name":"wp","href":"https:\/\/api.w.org\/{rel}","templated":true}]}}