{"id":8062,"date":"2019-08-28T10:14:28","date_gmt":"2019-08-28T10:14:28","guid":{"rendered":"https:\/\/skin-heal.com\/?post_type=product&#038;p=8062"},"modified":"2021-10-28T12:09:04","modified_gmt":"2021-10-28T12:09:04","slug":"gana-pnv-5-x-3ml-pdrn-solution","status":"publish","type":"product","link":"https:\/\/skin-heal.com\/es\/producto\/gana-pnv-5-x-3ml-pdrn-solution\/","title":{"rendered":"GANA PNV - 5 x 3ml Soluci\u00f3n PDRN"},"content":{"rendered":"<h3>Las m\u00faltiples aplicaciones de GANA PNV<\/h3>\n<p>Cada envase de GANA PNV se compone de cinco viales de 3 ml, cada uno de los cuales contiene 0,5% de PDRN (Poli Desoxirribonucle\u00f3tido), 5mg\/cc de \u00c1cido Hialur\u00f3nico (AH) reticulado y Glutati\u00f3n. Gracias a estos ingredientes activos, esta soluci\u00f3n de mesoterapia de primera categor\u00eda tiene los siguientes efectos cuando se aplica a la piel:<\/p>\n<ul>\n<li>Regeneraci\u00f3n y reparaci\u00f3n de tejidos y c\u00e9lulas de la piel<\/li>\n<li>Hidrataci\u00f3n profunda<\/li>\n<li>Correcci\u00f3n de arrugas sin cirug\u00eda<\/li>\n<li>Reducci\u00f3n de la flacidez de la piel con \u00e9xito<\/li>\n<li>Efectos blanqueadores indoloros<\/li>\n<li>Eliminaci\u00f3n sin complicaciones de las cicatrices del acn\u00e9<\/li>\n<\/ul>\n<p>Todas las sustancias que se encuentran en su f\u00f3rmula son <u>biocompatible, biodegradable<\/u> y ha demostrado ser muy seguro.<\/p>\n<h3>Consejos de uso y administraci\u00f3n<\/h3>\n<p>Hay dos formas principales en las que los cirujanos cosm\u00e9ticos y los dermat\u00f3logos est\u00e9ticos capacitados pueden aplicar GANA PNV - <strong>por v\u00eda t\u00f3pica o mediante un rodillo de dermis<\/strong>. El tratamiento suele consistir en tres sesiones semanales. Para reducir el riesgo de efectos adversos y proporcionar a los pacientes una mayor comodidad durante el procedimiento, los m\u00e9dicos pueden aplicar una crema anest\u00e9sica, hielo o ambas cosas antes de la terapia. El uso t\u00f3pico de este producto constituye una excelente soluci\u00f3n para el rejuvenecimiento de la piel en casa. Basta con aplicar una ampolla de este excelente producto de mesoterapia en el rostro antes de acostarse.<\/p>\n<p>Para esta y otras aut\u00e9nticas soluciones de mesoterapia de GANA R&amp;D, conf\u00ede en Skin Heal.<\/p>","protected":false},"excerpt":{"rendered":"<p>Nosotros, en Skin Heal, estamos encantados de presentarles a GANA PNV - <u>un producto de mesoterapia de alto rendimiento<\/u> que tiene unas impresionantes propiedades de refuerzo de la piel y de rejuvenecimiento cosm\u00e9tico atribuidas al \u00e1cido hialur\u00f3nico de origen no animal y a la baja cantidad de PDRN en su composici\u00f3n. Este producto cosm\u00e9tico de alto nivel tambi\u00e9n contiene glutati\u00f3n, que tiene un incre\u00edble poder de blanqueamiento de la piel. <em>Arrugas, acn\u00e9 y otras imperfecciones de la piel <\/em>no tienen ninguna oportunidad contra \u00e9l.<\/p>","protected":false},"featured_media":8067,"template":"","meta":[],"product_brand":[],"product_cat":[104,105,80],"product_tag":[],"class_list":{"0":"post-8062","1":"product","2":"type-product","3":"status-publish","4":"has-post-thumbnail","6":"product_cat-gana","7":"product_cat-gana-rd","8":"product_cat-mesotherapy","9":"clearfix","11":"first","12":"outofstock","13":"taxable","14":"shipping-taxable","15":"purchasable","16":"product-type-simple"},"yoast_head":"<!-- This site is optimized with the Yoast SEO plugin v27.3 - https:\/\/yoast.com\/product\/yoast-seo-wordpress\/ -->\n<title>GANA PNV - 5 x 3ml PDRN Solution - Skin Heal<\/title>\n<meta name=\"description\" content=\"Get GANA PNV via Skin Heal for durable skin rejuvenation. Inexpensive mesotherapy solution GANA PNV has whitening, healing and anti-wrinkle effects.\" \/>\n<meta name=\"robots\" content=\"index, follow, max-snippet:-1, max-image-preview:large, max-video-preview:-1\" \/>\n<link rel=\"canonical\" href=\"https:\/\/skin-heal.com\/es\/producto\/gana-pnv-5-x-3ml-pdrn-solution\/\" \/>\n<meta property=\"og:locale\" content=\"es_MX\" \/>\n<meta property=\"og:type\" content=\"article\" \/>\n<meta property=\"og:title\" content=\"GANA PNV - 5 x 3ml PDRN Solution - Skin Heal\" \/>\n<meta property=\"og:description\" content=\"Get GANA PNV via Skin Heal for durable skin rejuvenation. Inexpensive mesotherapy solution GANA PNV has whitening, healing and anti-wrinkle effects.\" \/>\n<meta property=\"og:url\" content=\"https:\/\/skin-heal.com\/es\/producto\/gana-pnv-5-x-3ml-pdrn-solution\/\" \/>\n<meta property=\"og:site_name\" content=\"Skin Heal\" \/>\n<meta property=\"article:modified_time\" content=\"2021-10-28T12:09:04+00:00\" \/>\n<meta property=\"og:image\" content=\"https:\/\/cdn.skin-heal.com\/wp-content\/uploads\/2019\/08\/GANA-PNV.jpg\" \/>\n\t<meta property=\"og:image:width\" content=\"600\" \/>\n\t<meta property=\"og:image:height\" content=\"600\" \/>\n\t<meta property=\"og:image:type\" content=\"image\/jpeg\" \/>\n<meta name=\"twitter:card\" content=\"summary_large_image\" \/>\n<meta name=\"twitter:label1\" content=\"Tiempo de lectura\" \/>\n\t<meta name=\"twitter:data1\" content=\"1 minuto\" \/>\n<script type=\"application\/ld+json\" class=\"yoast-schema-graph\">{\"@context\":\"https:\\\/\\\/schema.org\",\"@graph\":[{\"@type\":\"WebPage\",\"@id\":\"https:\\\/\\\/skin-heal.com\\\/product\\\/gana-pnv-5-x-3ml-pdrn-solution\\\/\",\"url\":\"https:\\\/\\\/skin-heal.com\\\/product\\\/gana-pnv-5-x-3ml-pdrn-solution\\\/\",\"name\":\"GANA PNV - 5 x 3ml PDRN Solution - Skin Heal\",\"isPartOf\":{\"@id\":\"https:\\\/\\\/skin-heal.com\\\/#website\"},\"primaryImageOfPage\":{\"@id\":\"https:\\\/\\\/skin-heal.com\\\/product\\\/gana-pnv-5-x-3ml-pdrn-solution\\\/#primaryimage\"},\"image\":{\"@id\":\"https:\\\/\\\/skin-heal.com\\\/product\\\/gana-pnv-5-x-3ml-pdrn-solution\\\/#primaryimage\"},\"thumbnailUrl\":\"https:\\\/\\\/skin-heal.com\\\/wp-content\\\/uploads\\\/2019\\\/08\\\/GANA-PNV.jpg\",\"datePublished\":\"2019-08-28T10:14:28+00:00\",\"dateModified\":\"2021-10-28T12:09:04+00:00\",\"description\":\"Get GANA PNV via Skin Heal for durable skin rejuvenation. Inexpensive mesotherapy solution GANA PNV has whitening, healing and anti-wrinkle effects.\",\"breadcrumb\":{\"@id\":\"https:\\\/\\\/skin-heal.com\\\/product\\\/gana-pnv-5-x-3ml-pdrn-solution\\\/#breadcrumb\"},\"inLanguage\":\"es\",\"potentialAction\":[{\"@type\":\"ReadAction\",\"target\":[\"https:\\\/\\\/skin-heal.com\\\/product\\\/gana-pnv-5-x-3ml-pdrn-solution\\\/\"]}]},{\"@type\":\"ImageObject\",\"inLanguage\":\"es\",\"@id\":\"https:\\\/\\\/skin-heal.com\\\/product\\\/gana-pnv-5-x-3ml-pdrn-solution\\\/#primaryimage\",\"url\":\"https:\\\/\\\/skin-heal.com\\\/wp-content\\\/uploads\\\/2019\\\/08\\\/GANA-PNV.jpg\",\"contentUrl\":\"https:\\\/\\\/skin-heal.com\\\/wp-content\\\/uploads\\\/2019\\\/08\\\/GANA-PNV.jpg\",\"width\":600,\"height\":600,\"caption\":\"GANA PNV\"},{\"@type\":\"BreadcrumbList\",\"@id\":\"https:\\\/\\\/skin-heal.com\\\/product\\\/gana-pnv-5-x-3ml-pdrn-solution\\\/#breadcrumb\",\"itemListElement\":[{\"@type\":\"ListItem\",\"position\":1,\"name\":\"Home\",\"item\":\"https:\\\/\\\/skin-heal.com\\\/\"},{\"@type\":\"ListItem\",\"position\":2,\"name\":\"Store\",\"item\":\"https:\\\/\\\/skin-heal.com\\\/store\\\/\"},{\"@type\":\"ListItem\",\"position\":3,\"name\":\"GANA PNV &#8211; 5 x 3ml PDRN Solution\"}]},{\"@type\":\"WebSite\",\"@id\":\"https:\\\/\\\/skin-heal.com\\\/#website\",\"url\":\"https:\\\/\\\/skin-heal.com\\\/\",\"name\":\"Skin Heal\",\"description\":\"Lowest Prices for Dermal Fillers\",\"potentialAction\":[{\"@type\":\"SearchAction\",\"target\":{\"@type\":\"EntryPoint\",\"urlTemplate\":\"https:\\\/\\\/skin-heal.com\\\/?s={search_term_string}\"},\"query-input\":{\"@type\":\"PropertyValueSpecification\",\"valueRequired\":true,\"valueName\":\"search_term_string\"}}],\"inLanguage\":\"es\"}]}<\/script>\n<!-- \/ Yoast SEO plugin. -->","yoast_head_json":{"title":"GANA PNV - 5 x 3ml Soluci\u00f3n PDRN - Skin Heal","description":"Consiga GANA PNV a trav\u00e9s de Skin Heal para un rejuvenecimiento duradero de la piel. La econ\u00f3mica soluci\u00f3n de mesoterapia GANA PNV tiene efectos blanqueadores, cicatrizantes y antiarrugas.","robots":{"index":"index","follow":"follow","max-snippet":"max-snippet:-1","max-image-preview":"max-image-preview:large","max-video-preview":"max-video-preview:-1"},"canonical":"https:\/\/skin-heal.com\/es\/producto\/gana-pnv-5-x-3ml-pdrn-solution\/","og_locale":"es_MX","og_type":"article","og_title":"GANA PNV - 5 x 3ml PDRN Solution - Skin Heal","og_description":"Get GANA PNV via Skin Heal for durable skin rejuvenation. Inexpensive mesotherapy solution GANA PNV has whitening, healing and anti-wrinkle effects.","og_url":"https:\/\/skin-heal.com\/es\/producto\/gana-pnv-5-x-3ml-pdrn-solution\/","og_site_name":"Skin Heal","article_modified_time":"2021-10-28T12:09:04+00:00","og_image":[{"width":600,"height":600,"url":"https:\/\/cdn.skin-heal.com\/wp-content\/uploads\/2019\/08\/GANA-PNV.jpg","type":"image\/jpeg"}],"twitter_card":"summary_large_image","twitter_misc":{"Tiempo de lectura":"1 minuto"},"schema":{"@context":"https:\/\/schema.org","@graph":[{"@type":"WebPage","@id":"https:\/\/skin-heal.com\/product\/gana-pnv-5-x-3ml-pdrn-solution\/","url":"https:\/\/skin-heal.com\/product\/gana-pnv-5-x-3ml-pdrn-solution\/","name":"GANA PNV - 5 x 3ml Soluci\u00f3n PDRN - Skin Heal","isPartOf":{"@id":"https:\/\/skin-heal.com\/#website"},"primaryImageOfPage":{"@id":"https:\/\/skin-heal.com\/product\/gana-pnv-5-x-3ml-pdrn-solution\/#primaryimage"},"image":{"@id":"https:\/\/skin-heal.com\/product\/gana-pnv-5-x-3ml-pdrn-solution\/#primaryimage"},"thumbnailUrl":"https:\/\/cdn.skin-heal.com\/wp-content\/uploads\/2019\/08\/GANA-PNV.jpg","datePublished":"2019-08-28T10:14:28+00:00","dateModified":"2021-10-28T12:09:04+00:00","description":"Consiga GANA PNV a trav\u00e9s de Skin Heal para un rejuvenecimiento duradero de la piel. La econ\u00f3mica soluci\u00f3n de mesoterapia GANA PNV tiene efectos blanqueadores, cicatrizantes y antiarrugas.","breadcrumb":{"@id":"https:\/\/skin-heal.com\/product\/gana-pnv-5-x-3ml-pdrn-solution\/#breadcrumb"},"inLanguage":"es","potentialAction":[{"@type":"ReadAction","target":["https:\/\/skin-heal.com\/product\/gana-pnv-5-x-3ml-pdrn-solution\/"]}]},{"@type":"ImageObject","inLanguage":"es","@id":"https:\/\/skin-heal.com\/product\/gana-pnv-5-x-3ml-pdrn-solution\/#primaryimage","url":"https:\/\/cdn.skin-heal.com\/wp-content\/uploads\/2019\/08\/GANA-PNV.jpg","contentUrl":"https:\/\/cdn.skin-heal.com\/wp-content\/uploads\/2019\/08\/GANA-PNV.jpg","width":600,"height":600,"caption":"GANA PNV"},{"@type":"BreadcrumbList","@id":"https:\/\/skin-heal.com\/product\/gana-pnv-5-x-3ml-pdrn-solution\/#breadcrumb","itemListElement":[{"@type":"ListItem","position":1,"name":"Home","item":"https:\/\/skin-heal.com\/"},{"@type":"ListItem","position":2,"name":"Store","item":"https:\/\/skin-heal.com\/store\/"},{"@type":"ListItem","position":3,"name":"GANA PNV &#8211; 5 x 3ml PDRN Solution"}]},{"@type":"WebSite","@id":"https:\/\/skin-heal.com\/#website","url":"https:\/\/skin-heal.com\/","name":"Curaci\u00f3n de la piel","description":"Los precios m\u00e1s bajos para los rellenos d\u00e9rmicos","potentialAction":[{"@type":"SearchAction","target":{"@type":"EntryPoint","urlTemplate":"https:\/\/skin-heal.com\/?s={search_term_string}"},"query-input":{"@type":"PropertyValueSpecification","valueRequired":true,"valueName":"search_term_string"}}],"inLanguage":"es"}]}},"_links":{"self":[{"href":"https:\/\/skin-heal.com\/es\/wp-json\/wp\/v2\/product\/8062","targetHints":{"allow":["GET"]}}],"collection":[{"href":"https:\/\/skin-heal.com\/es\/wp-json\/wp\/v2\/product"}],"about":[{"href":"https:\/\/skin-heal.com\/es\/wp-json\/wp\/v2\/types\/product"}],"wp:featuredmedia":[{"embeddable":true,"href":"https:\/\/skin-heal.com\/es\/wp-json\/wp\/v2\/media\/8067"}],"wp:attachment":[{"href":"https:\/\/skin-heal.com\/es\/wp-json\/wp\/v2\/media?parent=8062"}],"wp:term":[{"taxonomy":"product_brand","embeddable":true,"href":"https:\/\/skin-heal.com\/es\/wp-json\/wp\/v2\/product_brand?post=8062"},{"taxonomy":"product_cat","embeddable":true,"href":"https:\/\/skin-heal.com\/es\/wp-json\/wp\/v2\/product_cat?post=8062"},{"taxonomy":"product_tag","embeddable":true,"href":"https:\/\/skin-heal.com\/es\/wp-json\/wp\/v2\/product_tag?post=8062"}],"curies":[{"name":"wp","href":"https:\/\/api.w.org\/{rel}","templated":true}]}}