{"id":8379,"date":"2019-09-02T13:53:17","date_gmt":"2019-09-02T13:53:17","guid":{"rendered":"https:\/\/skin-heal.com\/?post_type=product&#038;p=8379"},"modified":"2023-12-08T18:35:31","modified_gmt":"2023-12-08T16:35:31","slug":"neuramis-light-lidocaine-1-x-1ml","status":"publish","type":"product","link":"https:\/\/skin-heal.com\/es\/producto\/neuramis-light-lidocaine-1-x-1ml\/","title":{"rendered":"Neuramis Light con Lidoca\u00edna (1 x 1ml)"},"content":{"rendered":"<h3>Relleno de HA duradero para un rejuvenecimiento de la piel de aspecto natural<\/h3>\n<p>El \u00e1cido hialur\u00f3nico es un ingrediente biocompatible y biodegradable que se encuentra habitualmente en diversos productos cosm\u00e9ticos. Tiene innegables propiedades hidratantes y rejuvenecedoras, pero normalmente s\u00f3lo permanece en la piel durante 3-4 meses despu\u00e9s del tratamiento. Con Neuramis Light, los impresionantes efectos antienvejecimiento del AH permanecen visibles durante <em>un m\u00ednimo de 6 meses<\/em> y, en algunos casos, puede durar hasta 12 meses. Esto se debe a que no pasa por uno, sino por dos procesos de reticulaci\u00f3n distintos. Esto hace que el gel inyectable <u>m\u00e1s estable a la absorci\u00f3n y a la degradaci\u00f3n<\/u>. Tambi\u00e9n garantiza que se distribuya uniformemente cuando se inyecte bajo la piel. De este modo, garantiza unos efectos antienvejecimiento de aspecto natural.<\/p>\n<h3>Puntos de inyecci\u00f3n objetivo<\/h3>\n<p>Neuramis Light con Lidoca\u00edna se presenta en una jeringa precargada de 1 ml y se aplica mediante una inyecci\u00f3n en una o varias de estas zonas de tratamiento:<\/p>\n<ul>\n<li>Cara<\/li>\n<li>Cuello<\/li>\n<li>Dorso de las manos (dorso de la mano)<\/li>\n<li>Descolocar<\/li>\n<\/ul>\n<p>Cada paquete del producto incluye tambi\u00e9n dos agujas de pared ultrafina (30G x 3\/16\"). Los cirujanos pl\u00e1sticos cualificados no necesitan aplicar anestesia local antes del procedimiento, ya que este relleno de tejidos blandos de f\u00e1cil aplicaci\u00f3n para el paciente <u>contiene lidoca\u00edna<\/u>.<\/p>","protected":false},"excerpt":{"rendered":"<p><u>Neuramis Light con Lidoca\u00edna de Medytox<\/u> es un cambio en el campo del rejuvenecimiento cosm\u00e9tico no quir\u00fargico. El gel de HA de este <em>relleno d\u00e9rmico eficaz<\/em> se ha sometido a un proceso de reticulaci\u00f3n en dos pasos para garantizar que los pacientes obtengan resultados antiarrugas m\u00e1s duraderos. Una tecnolog\u00eda patentada S.H.A.P.E. lo ha hecho a\u00fan m\u00e1s estable y resistente. Nosotros, desde Skin Heal, hemos reconocido los avanzados poderes de este fiable relleno inyectable, por lo que ahora forma parte de nuestro cat\u00e1logo.<\/p>","protected":false},"featured_media":8386,"template":"","meta":[],"product_brand":[],"product_cat":[79,112,111],"product_tag":[],"class_list":{"0":"post-8379","1":"product","2":"type-product","3":"status-publish","4":"has-post-thumbnail","6":"product_cat-dermal-fillers","7":"product_cat-medytox","8":"product_cat-neuramis","9":"clearfix","11":"first","12":"outofstock","13":"taxable","14":"shipping-taxable","15":"purchasable","16":"product-type-simple"},"yoast_head":"<!-- This site is optimized with the Yoast SEO plugin v27.4 - https:\/\/yoast.com\/product\/yoast-seo-wordpress\/ -->\n<title>Neuramis Light with Lidocaine (1 x 1ml) - Skin Heal<\/title>\n<meta name=\"description\" content=\"Rely on Skin Heal to buy Neuramis Light Lidocaine \u2013 a robust HA filler. Enjoy instant and painless line correction with Medytox\u2019s Neuramis Light Lidocaine.\" \/>\n<meta name=\"robots\" content=\"index, follow, max-snippet:-1, max-image-preview:large, max-video-preview:-1\" \/>\n<link rel=\"canonical\" href=\"https:\/\/skin-heal.com\/es\/producto\/neuramis-light-lidocaine-1-x-1ml\/\" \/>\n<meta property=\"og:locale\" content=\"es_MX\" \/>\n<meta property=\"og:type\" content=\"article\" \/>\n<meta property=\"og:title\" content=\"Neuramis Light with Lidocaine (1 x 1ml) - Skin Heal\" \/>\n<meta property=\"og:description\" content=\"Rely on Skin Heal to buy Neuramis Light Lidocaine \u2013 a robust HA filler. Enjoy instant and painless line correction with Medytox\u2019s Neuramis Light Lidocaine.\" \/>\n<meta property=\"og:url\" content=\"https:\/\/skin-heal.com\/es\/producto\/neuramis-light-lidocaine-1-x-1ml\/\" \/>\n<meta property=\"og:site_name\" content=\"Skin Heal\" \/>\n<meta property=\"article:modified_time\" content=\"2023-12-08T16:35:31+00:00\" \/>\n<meta property=\"og:image\" content=\"https:\/\/cdn.skin-heal.com\/wp-content\/uploads\/2019\/09\/Neuramis-Light-Lidocaine.jpg\" \/>\n\t<meta property=\"og:image:width\" content=\"600\" \/>\n\t<meta property=\"og:image:height\" content=\"600\" \/>\n\t<meta property=\"og:image:type\" content=\"image\/jpeg\" \/>\n<meta name=\"twitter:card\" content=\"summary_large_image\" \/>\n<meta name=\"twitter:label1\" content=\"Tiempo de lectura\" \/>\n\t<meta name=\"twitter:data1\" content=\"1 minuto\" \/>\n<script type=\"application\/ld+json\" class=\"yoast-schema-graph\">{\"@context\":\"https:\\\/\\\/schema.org\",\"@graph\":[{\"@type\":\"WebPage\",\"@id\":\"https:\\\/\\\/skin-heal.com\\\/product\\\/neuramis-light-lidocaine-1-x-1ml\\\/\",\"url\":\"https:\\\/\\\/skin-heal.com\\\/product\\\/neuramis-light-lidocaine-1-x-1ml\\\/\",\"name\":\"Neuramis Light with Lidocaine (1 x 1ml) - Skin Heal\",\"isPartOf\":{\"@id\":\"https:\\\/\\\/skin-heal.com\\\/#website\"},\"primaryImageOfPage\":{\"@id\":\"https:\\\/\\\/skin-heal.com\\\/product\\\/neuramis-light-lidocaine-1-x-1ml\\\/#primaryimage\"},\"image\":{\"@id\":\"https:\\\/\\\/skin-heal.com\\\/product\\\/neuramis-light-lidocaine-1-x-1ml\\\/#primaryimage\"},\"thumbnailUrl\":\"https:\\\/\\\/skin-heal.com\\\/wp-content\\\/uploads\\\/2019\\\/09\\\/Neuramis-Light-Lidocaine.jpg\",\"datePublished\":\"2019-09-02T13:53:17+00:00\",\"dateModified\":\"2023-12-08T16:35:31+00:00\",\"description\":\"Rely on Skin Heal to buy Neuramis Light Lidocaine \u2013 a robust HA filler. Enjoy instant and painless line correction with Medytox\u2019s Neuramis Light Lidocaine.\",\"breadcrumb\":{\"@id\":\"https:\\\/\\\/skin-heal.com\\\/product\\\/neuramis-light-lidocaine-1-x-1ml\\\/#breadcrumb\"},\"inLanguage\":\"es\",\"potentialAction\":[{\"@type\":\"ReadAction\",\"target\":[\"https:\\\/\\\/skin-heal.com\\\/product\\\/neuramis-light-lidocaine-1-x-1ml\\\/\"]}]},{\"@type\":\"ImageObject\",\"inLanguage\":\"es\",\"@id\":\"https:\\\/\\\/skin-heal.com\\\/product\\\/neuramis-light-lidocaine-1-x-1ml\\\/#primaryimage\",\"url\":\"https:\\\/\\\/skin-heal.com\\\/wp-content\\\/uploads\\\/2019\\\/09\\\/Neuramis-Light-Lidocaine.jpg\",\"contentUrl\":\"https:\\\/\\\/skin-heal.com\\\/wp-content\\\/uploads\\\/2019\\\/09\\\/Neuramis-Light-Lidocaine.jpg\",\"width\":600,\"height\":600,\"caption\":\"Neuramis Light Lidocaine\"},{\"@type\":\"BreadcrumbList\",\"@id\":\"https:\\\/\\\/skin-heal.com\\\/product\\\/neuramis-light-lidocaine-1-x-1ml\\\/#breadcrumb\",\"itemListElement\":[{\"@type\":\"ListItem\",\"position\":1,\"name\":\"Home\",\"item\":\"https:\\\/\\\/skin-heal.com\\\/\"},{\"@type\":\"ListItem\",\"position\":2,\"name\":\"Store\",\"item\":\"https:\\\/\\\/skin-heal.com\\\/store\\\/\"},{\"@type\":\"ListItem\",\"position\":3,\"name\":\"Neuramis Light with Lidocaine (1 x 1ml)\"}]},{\"@type\":\"WebSite\",\"@id\":\"https:\\\/\\\/skin-heal.com\\\/#website\",\"url\":\"https:\\\/\\\/skin-heal.com\\\/\",\"name\":\"Skin Heal\",\"description\":\"Lowest Prices for Dermal Fillers\",\"potentialAction\":[{\"@type\":\"SearchAction\",\"target\":{\"@type\":\"EntryPoint\",\"urlTemplate\":\"https:\\\/\\\/skin-heal.com\\\/?s={search_term_string}\"},\"query-input\":{\"@type\":\"PropertyValueSpecification\",\"valueRequired\":true,\"valueName\":\"search_term_string\"}}],\"inLanguage\":\"es\"}]}<\/script>\n<!-- \/ Yoast SEO plugin. -->","yoast_head_json":{"title":"Neuramis Light con Lidoca\u00edna (1 x 1ml) - Skin Heal","description":"Conf\u00ede en Skin Heal para comprar Neuramis Light Lidocaine, un robusto relleno de HA. Disfrute de una correcci\u00f3n de l\u00edneas instant\u00e1nea e indolora con Neuramis Light Lidocaine de Medytox.","robots":{"index":"index","follow":"follow","max-snippet":"max-snippet:-1","max-image-preview":"max-image-preview:large","max-video-preview":"max-video-preview:-1"},"canonical":"https:\/\/skin-heal.com\/es\/producto\/neuramis-light-lidocaine-1-x-1ml\/","og_locale":"es_MX","og_type":"article","og_title":"Neuramis Light with Lidocaine (1 x 1ml) - Skin Heal","og_description":"Rely on Skin Heal to buy Neuramis Light Lidocaine \u2013 a robust HA filler. Enjoy instant and painless line correction with Medytox\u2019s Neuramis Light Lidocaine.","og_url":"https:\/\/skin-heal.com\/es\/producto\/neuramis-light-lidocaine-1-x-1ml\/","og_site_name":"Skin Heal","article_modified_time":"2023-12-08T16:35:31+00:00","og_image":[{"width":600,"height":600,"url":"https:\/\/cdn.skin-heal.com\/wp-content\/uploads\/2019\/09\/Neuramis-Light-Lidocaine.jpg","type":"image\/jpeg"}],"twitter_card":"summary_large_image","twitter_misc":{"Tiempo de lectura":"1 minuto"},"schema":{"@context":"https:\/\/schema.org","@graph":[{"@type":"WebPage","@id":"https:\/\/skin-heal.com\/product\/neuramis-light-lidocaine-1-x-1ml\/","url":"https:\/\/skin-heal.com\/product\/neuramis-light-lidocaine-1-x-1ml\/","name":"Neuramis Light con Lidoca\u00edna (1 x 1ml) - Skin Heal","isPartOf":{"@id":"https:\/\/skin-heal.com\/#website"},"primaryImageOfPage":{"@id":"https:\/\/skin-heal.com\/product\/neuramis-light-lidocaine-1-x-1ml\/#primaryimage"},"image":{"@id":"https:\/\/skin-heal.com\/product\/neuramis-light-lidocaine-1-x-1ml\/#primaryimage"},"thumbnailUrl":"https:\/\/cdn.skin-heal.com\/wp-content\/uploads\/2019\/09\/Neuramis-Light-Lidocaine.jpg","datePublished":"2019-09-02T13:53:17+00:00","dateModified":"2023-12-08T16:35:31+00:00","description":"Conf\u00ede en Skin Heal para comprar Neuramis Light Lidocaine, un robusto relleno de HA. Disfrute de una correcci\u00f3n de l\u00edneas instant\u00e1nea e indolora con Neuramis Light Lidocaine de Medytox.","breadcrumb":{"@id":"https:\/\/skin-heal.com\/product\/neuramis-light-lidocaine-1-x-1ml\/#breadcrumb"},"inLanguage":"es","potentialAction":[{"@type":"ReadAction","target":["https:\/\/skin-heal.com\/product\/neuramis-light-lidocaine-1-x-1ml\/"]}]},{"@type":"ImageObject","inLanguage":"es","@id":"https:\/\/skin-heal.com\/product\/neuramis-light-lidocaine-1-x-1ml\/#primaryimage","url":"https:\/\/cdn.skin-heal.com\/wp-content\/uploads\/2019\/09\/Neuramis-Light-Lidocaine.jpg","contentUrl":"https:\/\/cdn.skin-heal.com\/wp-content\/uploads\/2019\/09\/Neuramis-Light-Lidocaine.jpg","width":600,"height":600,"caption":"Neuramis Light Lidocaine"},{"@type":"BreadcrumbList","@id":"https:\/\/skin-heal.com\/product\/neuramis-light-lidocaine-1-x-1ml\/#breadcrumb","itemListElement":[{"@type":"ListItem","position":1,"name":"Home","item":"https:\/\/skin-heal.com\/"},{"@type":"ListItem","position":2,"name":"Store","item":"https:\/\/skin-heal.com\/store\/"},{"@type":"ListItem","position":3,"name":"Neuramis Light with Lidocaine (1 x 1ml)"}]},{"@type":"WebSite","@id":"https:\/\/skin-heal.com\/#website","url":"https:\/\/skin-heal.com\/","name":"Curaci\u00f3n de la piel","description":"Los precios m\u00e1s bajos para los rellenos d\u00e9rmicos","potentialAction":[{"@type":"SearchAction","target":{"@type":"EntryPoint","urlTemplate":"https:\/\/skin-heal.com\/?s={search_term_string}"},"query-input":{"@type":"PropertyValueSpecification","valueRequired":true,"valueName":"search_term_string"}}],"inLanguage":"es"}]}},"_links":{"self":[{"href":"https:\/\/skin-heal.com\/es\/wp-json\/wp\/v2\/product\/8379","targetHints":{"allow":["GET"]}}],"collection":[{"href":"https:\/\/skin-heal.com\/es\/wp-json\/wp\/v2\/product"}],"about":[{"href":"https:\/\/skin-heal.com\/es\/wp-json\/wp\/v2\/types\/product"}],"wp:featuredmedia":[{"embeddable":true,"href":"https:\/\/skin-heal.com\/es\/wp-json\/wp\/v2\/media\/8386"}],"wp:attachment":[{"href":"https:\/\/skin-heal.com\/es\/wp-json\/wp\/v2\/media?parent=8379"}],"wp:term":[{"taxonomy":"product_brand","embeddable":true,"href":"https:\/\/skin-heal.com\/es\/wp-json\/wp\/v2\/product_brand?post=8379"},{"taxonomy":"product_cat","embeddable":true,"href":"https:\/\/skin-heal.com\/es\/wp-json\/wp\/v2\/product_cat?post=8379"},{"taxonomy":"product_tag","embeddable":true,"href":"https:\/\/skin-heal.com\/es\/wp-json\/wp\/v2\/product_tag?post=8379"}],"curies":[{"name":"wp","href":"https:\/\/api.w.org\/{rel}","templated":true}]}}