{"id":8380,"date":"2019-09-02T13:53:35","date_gmt":"2019-09-02T10:53:35","guid":{"rendered":"https:\/\/skin-heal.com\/?post_type=product&#038;p=8380"},"modified":"2023-12-08T18:35:33","modified_gmt":"2023-12-08T16:35:33","slug":"neuramis-lidocaine-1-x-1ml","status":"publish","type":"product","link":"https:\/\/skin-heal.com\/es\/producto\/neuramis-lidocaine-1-x-1ml\/","title":{"rendered":"Neuramis con Lidoca\u00edna (1 x 1ml)"},"content":{"rendered":"<h3>Los impresionantes poderes antienvejecimiento y de mejora de los labios de Neuramis<\/h3>\n<p>Dado que Neuramis es un relleno de \u00e1cido hialur\u00f3nico de alta calidad, s\u00f3lo ofrece un rejuvenecimiento cosm\u00e9tico temporal. A\u00fan as\u00ed, <em>sus efectos son instant\u00e1neos<\/em>. Dado que el AH de su f\u00f3rmula no es de origen animal y ha sido excelentemente purificado, no causa efectos secundarios graves y perjudiciales incluso cuando se inyecta en zonas m\u00e1s sensibles (por ejemplo, en los labios o alrededor de los ojos).<\/p>\n<ul>\n<li>Mejora gradualmente la textura de la piel (la hace m\u00e1s firme y el\u00e1stica)<\/li>\n<li>Elimina con seguridad las arrugas y l\u00edneas de expresi\u00f3n superficiales y medias<\/li>\n<li>Hidrata profundamente la piel y los labios<\/li>\n<li>Mejora el aspecto de los labios al a\u00f1adirles m\u00e1s volumen<\/li>\n<\/ul>\n<h3>\u00bfQu\u00e9 contiene el paquete?<\/h3>\n<p>Cuando se pide a trav\u00e9s de la tienda online de Skin Heal, Neuramis con Lidoca\u00edna viene en su caja original. El paquete incluye una jeringa precargada de un solo uso de 1 ml y dos agujas est\u00e9ticas UTW (Ultra Thin Wall) de 30 G y 13 mm. La concentraci\u00f3n de \u00e1cido hialur\u00f3nico en el gel inyectable es de 20mg\/mL. El producto debe almacenarse lejos de la luz solar directa, las temperaturas extremas, los ni\u00f1os y las mascotas. Medytox tambi\u00e9n ha incluido lidoca\u00edna en este producto para que el tratamiento antiarrugas m\u00ednimamente invasivo con \u00e9l pueda ser indoloro y <u>menos probabilidades de provocar efectos adversos<\/u> como la hinchaz\u00f3n o los hematomas.<\/p>","protected":false},"excerpt":{"rendered":"<p>Neuramis con Lidoca\u00edna - es el \u00fanico relleno de \u00c1cido Hialur\u00f3nico de grado profesional que necesitar\u00e1 para mejorar los labios sin problemas y <em>correcci\u00f3n eficaz de l\u00edneas y arrugas superficiales<\/em>. Se produce a trav\u00e9s de una tecnolog\u00eda de nueva generaci\u00f3n que le permite ofrecer f\u00e1cilmente resultados de rejuvenecimiento est\u00e9tico duraderos y sin riesgos. Esta inyecci\u00f3n de relleno especialmente adaptada es tambi\u00e9n <u>una excelente opci\u00f3n de tratamiento para mejorar los labios<\/u>. Nosotros, desde Skin Heal, distribuimos este y muchos otros productos antienvejecimiento de confianza de la empresa m\u00e9dica est\u00e9tica l\u00edder Medytox.<\/p>","protected":false},"featured_media":8387,"template":"","meta":[],"product_brand":[],"product_cat":[79,112,111],"product_tag":[],"class_list":{"0":"post-8380","1":"product","2":"type-product","3":"status-publish","4":"has-post-thumbnail","6":"product_cat-dermal-fillers","7":"product_cat-medytox","8":"product_cat-neuramis","9":"clearfix","11":"first","12":"outofstock","13":"taxable","14":"shipping-taxable","15":"purchasable","16":"product-type-simple"},"yoast_head":"<!-- This site is optimized with the Yoast SEO plugin v27.4 - https:\/\/yoast.com\/product\/yoast-seo-wordpress\/ -->\n<title>Neuramis with Lidocaine (1 x 1ml) - Skin Heal<\/title>\n<meta name=\"description\" content=\"For fast fine and medium line removal and lip enhancement, use Neuramis Lidocaine. Order Medytox\u2019s trusted HA filler Neuramis Lidocaine via Skin Heal.\" \/>\n<meta name=\"robots\" content=\"index, follow, max-snippet:-1, max-image-preview:large, max-video-preview:-1\" \/>\n<link rel=\"canonical\" href=\"https:\/\/skin-heal.com\/es\/producto\/neuramis-lidocaine-1-x-1ml\/\" \/>\n<meta property=\"og:locale\" content=\"es_MX\" \/>\n<meta property=\"og:type\" content=\"article\" \/>\n<meta property=\"og:title\" content=\"Neuramis with Lidocaine (1 x 1ml) - Skin Heal\" \/>\n<meta property=\"og:description\" content=\"For fast fine and medium line removal and lip enhancement, use Neuramis Lidocaine. Order Medytox\u2019s trusted HA filler Neuramis Lidocaine via Skin Heal.\" \/>\n<meta property=\"og:url\" content=\"https:\/\/skin-heal.com\/es\/producto\/neuramis-lidocaine-1-x-1ml\/\" \/>\n<meta property=\"og:site_name\" content=\"Skin Heal\" \/>\n<meta property=\"article:modified_time\" content=\"2023-12-08T16:35:33+00:00\" \/>\n<meta property=\"og:image\" content=\"https:\/\/cdn.skin-heal.com\/wp-content\/uploads\/2019\/09\/Neuramis-Lidocaine.jpg\" \/>\n\t<meta property=\"og:image:width\" content=\"600\" \/>\n\t<meta property=\"og:image:height\" content=\"600\" \/>\n\t<meta property=\"og:image:type\" content=\"image\/jpeg\" \/>\n<meta name=\"twitter:card\" content=\"summary_large_image\" \/>\n<meta name=\"twitter:label1\" content=\"Tiempo de lectura\" \/>\n\t<meta name=\"twitter:data1\" content=\"1 minuto\" \/>\n<script type=\"application\/ld+json\" class=\"yoast-schema-graph\">{\"@context\":\"https:\\\/\\\/schema.org\",\"@graph\":[{\"@type\":\"WebPage\",\"@id\":\"https:\\\/\\\/skin-heal.com\\\/product\\\/neuramis-lidocaine-1-x-1ml\\\/\",\"url\":\"https:\\\/\\\/skin-heal.com\\\/product\\\/neuramis-lidocaine-1-x-1ml\\\/\",\"name\":\"Neuramis with Lidocaine (1 x 1ml) - Skin Heal\",\"isPartOf\":{\"@id\":\"https:\\\/\\\/skin-heal.com\\\/#website\"},\"primaryImageOfPage\":{\"@id\":\"https:\\\/\\\/skin-heal.com\\\/product\\\/neuramis-lidocaine-1-x-1ml\\\/#primaryimage\"},\"image\":{\"@id\":\"https:\\\/\\\/skin-heal.com\\\/product\\\/neuramis-lidocaine-1-x-1ml\\\/#primaryimage\"},\"thumbnailUrl\":\"https:\\\/\\\/skin-heal.com\\\/wp-content\\\/uploads\\\/2019\\\/09\\\/Neuramis-Lidocaine.jpg\",\"datePublished\":\"2019-09-02T10:53:35+00:00\",\"dateModified\":\"2023-12-08T16:35:33+00:00\",\"description\":\"For fast fine and medium line removal and lip enhancement, use Neuramis Lidocaine. Order Medytox\u2019s trusted HA filler Neuramis Lidocaine via Skin Heal.\",\"breadcrumb\":{\"@id\":\"https:\\\/\\\/skin-heal.com\\\/product\\\/neuramis-lidocaine-1-x-1ml\\\/#breadcrumb\"},\"inLanguage\":\"es\",\"potentialAction\":[{\"@type\":\"ReadAction\",\"target\":[\"https:\\\/\\\/skin-heal.com\\\/product\\\/neuramis-lidocaine-1-x-1ml\\\/\"]}]},{\"@type\":\"ImageObject\",\"inLanguage\":\"es\",\"@id\":\"https:\\\/\\\/skin-heal.com\\\/product\\\/neuramis-lidocaine-1-x-1ml\\\/#primaryimage\",\"url\":\"https:\\\/\\\/skin-heal.com\\\/wp-content\\\/uploads\\\/2019\\\/09\\\/Neuramis-Lidocaine.jpg\",\"contentUrl\":\"https:\\\/\\\/skin-heal.com\\\/wp-content\\\/uploads\\\/2019\\\/09\\\/Neuramis-Lidocaine.jpg\",\"width\":600,\"height\":600,\"caption\":\"Neuramis Lidocaine\"},{\"@type\":\"BreadcrumbList\",\"@id\":\"https:\\\/\\\/skin-heal.com\\\/product\\\/neuramis-lidocaine-1-x-1ml\\\/#breadcrumb\",\"itemListElement\":[{\"@type\":\"ListItem\",\"position\":1,\"name\":\"Home\",\"item\":\"https:\\\/\\\/skin-heal.com\\\/\"},{\"@type\":\"ListItem\",\"position\":2,\"name\":\"Store\",\"item\":\"https:\\\/\\\/skin-heal.com\\\/store\\\/\"},{\"@type\":\"ListItem\",\"position\":3,\"name\":\"Neuramis with Lidocaine (1 x 1ml)\"}]},{\"@type\":\"WebSite\",\"@id\":\"https:\\\/\\\/skin-heal.com\\\/#website\",\"url\":\"https:\\\/\\\/skin-heal.com\\\/\",\"name\":\"Skin Heal\",\"description\":\"Lowest Prices for Dermal Fillers\",\"potentialAction\":[{\"@type\":\"SearchAction\",\"target\":{\"@type\":\"EntryPoint\",\"urlTemplate\":\"https:\\\/\\\/skin-heal.com\\\/?s={search_term_string}\"},\"query-input\":{\"@type\":\"PropertyValueSpecification\",\"valueRequired\":true,\"valueName\":\"search_term_string\"}}],\"inLanguage\":\"es\"}]}<\/script>\n<!-- \/ Yoast SEO plugin. -->","yoast_head_json":{"title":"Neuramis con Lidoca\u00edna (1 x 1ml) - Skin Heal","description":"Para la eliminaci\u00f3n r\u00e1pida de l\u00edneas finas y medias y el realce de labios, utilice Neuramis Lidocaine. Pida Neuramis Lidocaine, el relleno de HA de confianza de Medytox, a trav\u00e9s de Skin Heal.","robots":{"index":"index","follow":"follow","max-snippet":"max-snippet:-1","max-image-preview":"max-image-preview:large","max-video-preview":"max-video-preview:-1"},"canonical":"https:\/\/skin-heal.com\/es\/producto\/neuramis-lidocaine-1-x-1ml\/","og_locale":"es_MX","og_type":"article","og_title":"Neuramis with Lidocaine (1 x 1ml) - Skin Heal","og_description":"For fast fine and medium line removal and lip enhancement, use Neuramis Lidocaine. Order Medytox\u2019s trusted HA filler Neuramis Lidocaine via Skin Heal.","og_url":"https:\/\/skin-heal.com\/es\/producto\/neuramis-lidocaine-1-x-1ml\/","og_site_name":"Skin Heal","article_modified_time":"2023-12-08T16:35:33+00:00","og_image":[{"width":600,"height":600,"url":"https:\/\/cdn.skin-heal.com\/wp-content\/uploads\/2019\/09\/Neuramis-Lidocaine.jpg","type":"image\/jpeg"}],"twitter_card":"summary_large_image","twitter_misc":{"Tiempo de lectura":"1 minuto"},"schema":{"@context":"https:\/\/schema.org","@graph":[{"@type":"WebPage","@id":"https:\/\/skin-heal.com\/product\/neuramis-lidocaine-1-x-1ml\/","url":"https:\/\/skin-heal.com\/product\/neuramis-lidocaine-1-x-1ml\/","name":"Neuramis con Lidoca\u00edna (1 x 1ml) - Skin Heal","isPartOf":{"@id":"https:\/\/skin-heal.com\/#website"},"primaryImageOfPage":{"@id":"https:\/\/skin-heal.com\/product\/neuramis-lidocaine-1-x-1ml\/#primaryimage"},"image":{"@id":"https:\/\/skin-heal.com\/product\/neuramis-lidocaine-1-x-1ml\/#primaryimage"},"thumbnailUrl":"https:\/\/cdn.skin-heal.com\/wp-content\/uploads\/2019\/09\/Neuramis-Lidocaine.jpg","datePublished":"2019-09-02T10:53:35+00:00","dateModified":"2023-12-08T16:35:33+00:00","description":"Para la eliminaci\u00f3n r\u00e1pida de l\u00edneas finas y medias y el realce de labios, utilice Neuramis Lidocaine. Pida Neuramis Lidocaine, el relleno de HA de confianza de Medytox, a trav\u00e9s de Skin Heal.","breadcrumb":{"@id":"https:\/\/skin-heal.com\/product\/neuramis-lidocaine-1-x-1ml\/#breadcrumb"},"inLanguage":"es","potentialAction":[{"@type":"ReadAction","target":["https:\/\/skin-heal.com\/product\/neuramis-lidocaine-1-x-1ml\/"]}]},{"@type":"ImageObject","inLanguage":"es","@id":"https:\/\/skin-heal.com\/product\/neuramis-lidocaine-1-x-1ml\/#primaryimage","url":"https:\/\/cdn.skin-heal.com\/wp-content\/uploads\/2019\/09\/Neuramis-Lidocaine.jpg","contentUrl":"https:\/\/cdn.skin-heal.com\/wp-content\/uploads\/2019\/09\/Neuramis-Lidocaine.jpg","width":600,"height":600,"caption":"Neuramis Lidocaine"},{"@type":"BreadcrumbList","@id":"https:\/\/skin-heal.com\/product\/neuramis-lidocaine-1-x-1ml\/#breadcrumb","itemListElement":[{"@type":"ListItem","position":1,"name":"Home","item":"https:\/\/skin-heal.com\/"},{"@type":"ListItem","position":2,"name":"Store","item":"https:\/\/skin-heal.com\/store\/"},{"@type":"ListItem","position":3,"name":"Neuramis with Lidocaine (1 x 1ml)"}]},{"@type":"WebSite","@id":"https:\/\/skin-heal.com\/#website","url":"https:\/\/skin-heal.com\/","name":"Curaci\u00f3n de la piel","description":"Los precios m\u00e1s bajos para los rellenos d\u00e9rmicos","potentialAction":[{"@type":"SearchAction","target":{"@type":"EntryPoint","urlTemplate":"https:\/\/skin-heal.com\/?s={search_term_string}"},"query-input":{"@type":"PropertyValueSpecification","valueRequired":true,"valueName":"search_term_string"}}],"inLanguage":"es"}]}},"_links":{"self":[{"href":"https:\/\/skin-heal.com\/es\/wp-json\/wp\/v2\/product\/8380","targetHints":{"allow":["GET"]}}],"collection":[{"href":"https:\/\/skin-heal.com\/es\/wp-json\/wp\/v2\/product"}],"about":[{"href":"https:\/\/skin-heal.com\/es\/wp-json\/wp\/v2\/types\/product"}],"wp:featuredmedia":[{"embeddable":true,"href":"https:\/\/skin-heal.com\/es\/wp-json\/wp\/v2\/media\/8387"}],"wp:attachment":[{"href":"https:\/\/skin-heal.com\/es\/wp-json\/wp\/v2\/media?parent=8380"}],"wp:term":[{"taxonomy":"product_brand","embeddable":true,"href":"https:\/\/skin-heal.com\/es\/wp-json\/wp\/v2\/product_brand?post=8380"},{"taxonomy":"product_cat","embeddable":true,"href":"https:\/\/skin-heal.com\/es\/wp-json\/wp\/v2\/product_cat?post=8380"},{"taxonomy":"product_tag","embeddable":true,"href":"https:\/\/skin-heal.com\/es\/wp-json\/wp\/v2\/product_tag?post=8380"}],"curies":[{"name":"wp","href":"https:\/\/api.w.org\/{rel}","templated":true}]}}