{"id":8381,"date":"2019-09-02T13:53:52","date_gmt":"2019-09-02T13:53:52","guid":{"rendered":"https:\/\/skin-heal.com\/?post_type=product&#038;p=8381"},"modified":"2024-10-07T18:47:21","modified_gmt":"2024-10-07T15:47:21","slug":"neuramis-deep-1-x-1ml","status":"publish","type":"product","link":"https:\/\/skin-heal.com\/es\/producto\/neuramis-deep-1-x-1ml\/","title":{"rendered":"Neuramis Deep (1 x 1ml)"},"content":{"rendered":"<h3>Rejuvenecimiento cut\u00e1neo m\u00ednimamente invasivo<\/h3>\n<p>Una sesi\u00f3n de Neuramis Deep requiere s\u00f3lo unos minutos de tiempo del paciente. La realiza un cirujano pl\u00e1stico capacitado que aplica el relleno de HA mediante una inyecci\u00f3n. El magn\u00edfico \u00e1cido hialur\u00f3nico que contiene, <u>hidrata y da volumen bajo la piel<\/u> y al hacerlo, rellena y elimina inmediatamente las arrugas en las capas medias y profundas de la dermis. Esa misma capacidad del producto le permite ofrecer <em>aumento sin riesgo de labios, ment\u00f3n, p\u00f3mulos y frente<\/em>.<\/p>\n<h3>Los 3 valores de Neuramis Deep<\/h3>\n<p>Todos los productos de medicina est\u00e9tica de Medytox que figuran en su gama de rellenos de HA de calidad profesional poseen los llamados 3 valores de Neuramis. Esta excepcional soluci\u00f3n antienvejecimiento no es una excepci\u00f3n y tambi\u00e9n ofrece:<\/p>\n<ol>\n<li><strong>Resultados duraderos de rejuvenecimiento de la piel y aumento del rostro<\/strong> - gracias a su gel de \u00e1cido hialur\u00f3nico de doble reticulaci\u00f3n<\/li>\n<li><strong>Mejora de la seguridad y reducci\u00f3n de los riesgos<\/strong> - fabricado con HA no animal que es 100% biol\u00f3gicamente compatible con el cuerpo humano<\/li>\n<li><strong>Una satisfacci\u00f3n garantizada<\/strong> - a trav\u00e9s de resultados instant\u00e1neos de rejuvenecimiento cosm\u00e9tico de aspecto natural<\/li>\n<\/ol>\n<p>Este incre\u00edble producto viene en una jeringa desechable precargada y junto con dos agujas de pared ultra fina. No se requieren pruebas cut\u00e1neas antes del tratamiento, pero los pacientes deben tener al menos 21 a\u00f1os. Las personas que son hipersensibles a algunos de sus ingredientes no son candidatos adecuados para este tratamiento.<\/p>","protected":false},"excerpt":{"rendered":"<p>Neuramis Deep es una verdadera obra maestra de <strong>un relleno cut\u00e1neo fiable de Medytox<\/strong>. El notable gigante coreano ha utilizado su amplia experiencia en medicina est\u00e9tica para desarrollar una inyecci\u00f3n de relleno de larga duraci\u00f3n basada en <em>\u00e1cido hialur\u00f3nico de primera calidad<\/em>. Este producto ofrece unos resultados de contorno facial y de aumento est\u00e9ticos. Ni siquiera las arrugas y pliegues medianos y severos tienen oportunidad con \u00e9l. Para probar sus potentes propiedades antienvejecimiento, haga su pedido ahora en el sitio web de Skin Heal.<\/p>","protected":false},"featured_media":8388,"template":"","meta":[],"product_brand":[],"product_cat":[79,112,111],"product_tag":[],"class_list":{"0":"post-8381","1":"product","2":"type-product","3":"status-publish","4":"has-post-thumbnail","6":"product_cat-dermal-fillers","7":"product_cat-medytox","8":"product_cat-neuramis","9":"clearfix","11":"first","12":"instock","13":"taxable","14":"shipping-taxable","15":"purchasable","16":"product-type-simple"},"yoast_head":"<!-- This site is optimized with the Yoast SEO plugin v27.5 - https:\/\/yoast.com\/product\/yoast-seo-wordpress\/ -->\n<title>Neuramis Deep (1 x 1ml) - Skin Heal<\/title>\n<meta name=\"description\" content=\"Sold by Skin Heal, Neuramis Deep corrects medium-to-deep wrinkles. Top-notch HA skin filler Neuramis Deep is ideal for painless facial augmentation.\" \/>\n<meta name=\"robots\" content=\"index, follow, max-snippet:-1, max-image-preview:large, max-video-preview:-1\" \/>\n<link rel=\"canonical\" href=\"https:\/\/skin-heal.com\/es\/producto\/neuramis-deep-1-x-1ml\/\" \/>\n<meta property=\"og:locale\" content=\"es_MX\" \/>\n<meta property=\"og:type\" content=\"article\" \/>\n<meta property=\"og:title\" content=\"Neuramis Deep (1 x 1ml) - Skin Heal\" \/>\n<meta property=\"og:description\" content=\"Sold by Skin Heal, Neuramis Deep corrects medium-to-deep wrinkles. Top-notch HA skin filler Neuramis Deep is ideal for painless facial augmentation.\" \/>\n<meta property=\"og:url\" content=\"https:\/\/skin-heal.com\/es\/producto\/neuramis-deep-1-x-1ml\/\" \/>\n<meta property=\"og:site_name\" content=\"Skin Heal\" \/>\n<meta property=\"article:modified_time\" content=\"2024-10-07T15:47:21+00:00\" \/>\n<meta property=\"og:image\" content=\"https:\/\/cdn.skin-heal.com\/wp-content\/uploads\/2019\/09\/Neuramis-Deep.jpg\" \/>\n\t<meta property=\"og:image:width\" content=\"600\" \/>\n\t<meta property=\"og:image:height\" content=\"600\" \/>\n\t<meta property=\"og:image:type\" content=\"image\/jpeg\" \/>\n<meta name=\"twitter:card\" content=\"summary_large_image\" \/>\n<meta name=\"twitter:label1\" content=\"Tiempo de lectura\" \/>\n\t<meta name=\"twitter:data1\" content=\"1 minuto\" \/>\n<script type=\"application\/ld+json\" class=\"yoast-schema-graph\">{\"@context\":\"https:\\\/\\\/schema.org\",\"@graph\":[{\"@type\":\"WebPage\",\"@id\":\"https:\\\/\\\/skin-heal.com\\\/product\\\/neuramis-deep-1-x-1ml\\\/\",\"url\":\"https:\\\/\\\/skin-heal.com\\\/product\\\/neuramis-deep-1-x-1ml\\\/\",\"name\":\"Neuramis Deep (1 x 1ml) - Skin Heal\",\"isPartOf\":{\"@id\":\"https:\\\/\\\/skin-heal.com\\\/#website\"},\"primaryImageOfPage\":{\"@id\":\"https:\\\/\\\/skin-heal.com\\\/product\\\/neuramis-deep-1-x-1ml\\\/#primaryimage\"},\"image\":{\"@id\":\"https:\\\/\\\/skin-heal.com\\\/product\\\/neuramis-deep-1-x-1ml\\\/#primaryimage\"},\"thumbnailUrl\":\"https:\\\/\\\/skin-heal.com\\\/wp-content\\\/uploads\\\/2019\\\/09\\\/Neuramis-Deep.jpg\",\"datePublished\":\"2019-09-02T13:53:52+00:00\",\"dateModified\":\"2024-10-07T15:47:21+00:00\",\"description\":\"Sold by Skin Heal, Neuramis Deep corrects medium-to-deep wrinkles. Top-notch HA skin filler Neuramis Deep is ideal for painless facial augmentation.\",\"breadcrumb\":{\"@id\":\"https:\\\/\\\/skin-heal.com\\\/product\\\/neuramis-deep-1-x-1ml\\\/#breadcrumb\"},\"inLanguage\":\"es\",\"potentialAction\":[{\"@type\":\"ReadAction\",\"target\":[\"https:\\\/\\\/skin-heal.com\\\/product\\\/neuramis-deep-1-x-1ml\\\/\"]}]},{\"@type\":\"ImageObject\",\"inLanguage\":\"es\",\"@id\":\"https:\\\/\\\/skin-heal.com\\\/product\\\/neuramis-deep-1-x-1ml\\\/#primaryimage\",\"url\":\"https:\\\/\\\/skin-heal.com\\\/wp-content\\\/uploads\\\/2019\\\/09\\\/Neuramis-Deep.jpg\",\"contentUrl\":\"https:\\\/\\\/skin-heal.com\\\/wp-content\\\/uploads\\\/2019\\\/09\\\/Neuramis-Deep.jpg\",\"width\":600,\"height\":600,\"caption\":\"Neuramis Deep\"},{\"@type\":\"BreadcrumbList\",\"@id\":\"https:\\\/\\\/skin-heal.com\\\/product\\\/neuramis-deep-1-x-1ml\\\/#breadcrumb\",\"itemListElement\":[{\"@type\":\"ListItem\",\"position\":1,\"name\":\"Home\",\"item\":\"https:\\\/\\\/skin-heal.com\\\/\"},{\"@type\":\"ListItem\",\"position\":2,\"name\":\"Store\",\"item\":\"https:\\\/\\\/skin-heal.com\\\/store\\\/\"},{\"@type\":\"ListItem\",\"position\":3,\"name\":\"Neuramis Deep (1 x 1ml)\"}]},{\"@type\":\"WebSite\",\"@id\":\"https:\\\/\\\/skin-heal.com\\\/#website\",\"url\":\"https:\\\/\\\/skin-heal.com\\\/\",\"name\":\"Skin Heal\",\"description\":\"Lowest Prices for Dermal Fillers\",\"potentialAction\":[{\"@type\":\"SearchAction\",\"target\":{\"@type\":\"EntryPoint\",\"urlTemplate\":\"https:\\\/\\\/skin-heal.com\\\/?s={search_term_string}\"},\"query-input\":{\"@type\":\"PropertyValueSpecification\",\"valueRequired\":true,\"valueName\":\"search_term_string\"}}],\"inLanguage\":\"es\"}]}<\/script>\n<!-- \/ Yoast SEO plugin. -->","yoast_head_json":{"title":"Neuramis Deep (1 x 1ml) - Skin Heal","description":"Comercializado por Skin Heal, Neuramis Deep corrige las arrugas medias y profundas. Neuramis Deep es un relleno cut\u00e1neo de HA de primera calidad ideal para el aumento facial indoloro.","robots":{"index":"index","follow":"follow","max-snippet":"max-snippet:-1","max-image-preview":"max-image-preview:large","max-video-preview":"max-video-preview:-1"},"canonical":"https:\/\/skin-heal.com\/es\/producto\/neuramis-deep-1-x-1ml\/","og_locale":"es_MX","og_type":"article","og_title":"Neuramis Deep (1 x 1ml) - Skin Heal","og_description":"Sold by Skin Heal, Neuramis Deep corrects medium-to-deep wrinkles. Top-notch HA skin filler Neuramis Deep is ideal for painless facial augmentation.","og_url":"https:\/\/skin-heal.com\/es\/producto\/neuramis-deep-1-x-1ml\/","og_site_name":"Skin Heal","article_modified_time":"2024-10-07T15:47:21+00:00","og_image":[{"width":600,"height":600,"url":"https:\/\/cdn.skin-heal.com\/wp-content\/uploads\/2019\/09\/Neuramis-Deep.jpg","type":"image\/jpeg"}],"twitter_card":"summary_large_image","twitter_misc":{"Tiempo de lectura":"1 minuto"},"schema":{"@context":"https:\/\/schema.org","@graph":[{"@type":"WebPage","@id":"https:\/\/skin-heal.com\/product\/neuramis-deep-1-x-1ml\/","url":"https:\/\/skin-heal.com\/product\/neuramis-deep-1-x-1ml\/","name":"Neuramis Deep (1 x 1ml) - Skin Heal","isPartOf":{"@id":"https:\/\/skin-heal.com\/#website"},"primaryImageOfPage":{"@id":"https:\/\/skin-heal.com\/product\/neuramis-deep-1-x-1ml\/#primaryimage"},"image":{"@id":"https:\/\/skin-heal.com\/product\/neuramis-deep-1-x-1ml\/#primaryimage"},"thumbnailUrl":"https:\/\/cdn.skin-heal.com\/wp-content\/uploads\/2019\/09\/Neuramis-Deep.jpg","datePublished":"2019-09-02T13:53:52+00:00","dateModified":"2024-10-07T15:47:21+00:00","description":"Comercializado por Skin Heal, Neuramis Deep corrige las arrugas medias y profundas. Neuramis Deep es un relleno cut\u00e1neo de HA de primera calidad ideal para el aumento facial indoloro.","breadcrumb":{"@id":"https:\/\/skin-heal.com\/product\/neuramis-deep-1-x-1ml\/#breadcrumb"},"inLanguage":"es","potentialAction":[{"@type":"ReadAction","target":["https:\/\/skin-heal.com\/product\/neuramis-deep-1-x-1ml\/"]}]},{"@type":"ImageObject","inLanguage":"es","@id":"https:\/\/skin-heal.com\/product\/neuramis-deep-1-x-1ml\/#primaryimage","url":"https:\/\/cdn.skin-heal.com\/wp-content\/uploads\/2019\/09\/Neuramis-Deep.jpg","contentUrl":"https:\/\/cdn.skin-heal.com\/wp-content\/uploads\/2019\/09\/Neuramis-Deep.jpg","width":600,"height":600,"caption":"Neuramis Deep"},{"@type":"BreadcrumbList","@id":"https:\/\/skin-heal.com\/product\/neuramis-deep-1-x-1ml\/#breadcrumb","itemListElement":[{"@type":"ListItem","position":1,"name":"Home","item":"https:\/\/skin-heal.com\/"},{"@type":"ListItem","position":2,"name":"Store","item":"https:\/\/skin-heal.com\/store\/"},{"@type":"ListItem","position":3,"name":"Neuramis Deep (1 x 1ml)"}]},{"@type":"WebSite","@id":"https:\/\/skin-heal.com\/#website","url":"https:\/\/skin-heal.com\/","name":"Curaci\u00f3n de la piel","description":"Los precios m\u00e1s bajos para los rellenos d\u00e9rmicos","potentialAction":[{"@type":"SearchAction","target":{"@type":"EntryPoint","urlTemplate":"https:\/\/skin-heal.com\/?s={search_term_string}"},"query-input":{"@type":"PropertyValueSpecification","valueRequired":true,"valueName":"search_term_string"}}],"inLanguage":"es"}]}},"_links":{"self":[{"href":"https:\/\/skin-heal.com\/es\/wp-json\/wp\/v2\/product\/8381","targetHints":{"allow":["GET"]}}],"collection":[{"href":"https:\/\/skin-heal.com\/es\/wp-json\/wp\/v2\/product"}],"about":[{"href":"https:\/\/skin-heal.com\/es\/wp-json\/wp\/v2\/types\/product"}],"wp:featuredmedia":[{"embeddable":true,"href":"https:\/\/skin-heal.com\/es\/wp-json\/wp\/v2\/media\/8388"}],"wp:attachment":[{"href":"https:\/\/skin-heal.com\/es\/wp-json\/wp\/v2\/media?parent=8381"}],"wp:term":[{"taxonomy":"product_brand","embeddable":true,"href":"https:\/\/skin-heal.com\/es\/wp-json\/wp\/v2\/product_brand?post=8381"},{"taxonomy":"product_cat","embeddable":true,"href":"https:\/\/skin-heal.com\/es\/wp-json\/wp\/v2\/product_cat?post=8381"},{"taxonomy":"product_tag","embeddable":true,"href":"https:\/\/skin-heal.com\/es\/wp-json\/wp\/v2\/product_tag?post=8381"}],"curies":[{"name":"wp","href":"https:\/\/api.w.org\/{rel}","templated":true}]}}