{"id":8382,"date":"2019-09-02T13:54:31","date_gmt":"2019-09-02T10:54:31","guid":{"rendered":"https:\/\/skin-heal.com\/?post_type=product&#038;p=8382"},"modified":"2024-10-07T18:47:10","modified_gmt":"2024-10-07T15:47:10","slug":"neuramis-deep-with-lidocaine-1-x-1ml","status":"publish","type":"product","link":"https:\/\/skin-heal.com\/es\/producto\/neuramis-deep-with-lidocaine-1-x-1ml\/","title":{"rendered":"Neuramis Deep con Lidoca\u00edna (1 x 1ml)"},"content":{"rendered":"<h3>Beneficios para la piel que ofrece Neuramis Deep con Lidoca\u00edna<\/h3>\n<p>La mayor ventaja de este relleno d\u00e9rmico inyectable m\u00e1s vendido es que tiene m\u00e1s de un efecto impresionante de rejuvenecimiento de la piel. Por eso es capaz de ofrecer un tratamiento antienvejecimiento m\u00e1s duradero y completo a los pacientes que buscan un tratamiento econ\u00f3mico y <u>correcci\u00f3n sin problemas de arrugas medias y pliegues profundos<\/u> o que simplemente quieren mejorar de forma segura el contorno de su rostro (mediante <em>aumento del ment\u00f3n, la frente, los labios o los p\u00f3mulos<\/em>). El \u00c1cido Hialur\u00f3nico no animal de esta soluci\u00f3n de confianza est\u00e1 reticulado a trav\u00e9s de un m\u00e9todo de reticulaci\u00f3n \u00fanico en su g\u00e9nero conocido como Tecnolog\u00eda S.H.A.P.E.. Como resultado, es m\u00e1s resistente, m\u00e1s seguro y capaz de mejorar el estado general de la piel con sus propiedades hidratantes y rejuvenecedoras dif\u00edciles de superar:<\/p>\n<ul>\n<li>Aumentar la elasticidad y la textura de la piel<\/li>\n<li>Reduce la apariencia de las arrugas y rellena las depresiones faciales<\/li>\n<li>Corregir la flacidez de la piel y contornear el rostro<\/li>\n<li>Optimizar y mantener el equilibrio h\u00eddrico<\/li>\n<li>Dar a la piel un brillo saludable<\/li>\n<\/ul>\n<h3>Resultados visibles de correcci\u00f3n de arrugas sin dolor<\/h3>\n<p>Aproximadamente el 3% de la composici\u00f3n de Neuramis Deep Lidocaine est\u00e1 formado por anestesia local. Esto garantiza que los pacientes <em>no tendr\u00e1 que lidiar con sensaciones desagradables<\/em> y el dolor durante el curso de su tratamiento antienvejecimiento avanzado. Eso tambi\u00e9n har\u00e1 que su terapia sea algo m\u00e1s asequible, ya que su cirujano est\u00e9tico no tendr\u00e1 que aplicar otro producto anest\u00e9sico local antes de la inyecci\u00f3n.<\/p>","protected":false},"excerpt":{"rendered":"<p>Neuramis Deep con Lidoca\u00edna es un <strong>Relleno cut\u00e1neo de excelente calidad<\/strong> que todo cirujano pl\u00e1stico y dermat\u00f3logo est\u00e9tico que se precie necesita a\u00f1adir a su arsenal de productos antienvejecimiento de calidad profesional. Distribuido mi Skin Heal, esta soluci\u00f3n de HA de clase mundial por Medytox a\u00f1ade volumen de aspecto natural bajo la piel, corrigiendo r\u00e1pidamente las arrugas medianas e incluso profundas y proporcionando contorno facial sin dolor y el aumento de los p\u00f3mulos, los labios, la barbilla y la frente.<\/p>","protected":false},"featured_media":8389,"template":"","meta":[],"product_brand":[],"product_cat":[79,112,111],"product_tag":[],"class_list":{"0":"post-8382","1":"product","2":"type-product","3":"status-publish","4":"has-post-thumbnail","6":"product_cat-dermal-fillers","7":"product_cat-medytox","8":"product_cat-neuramis","9":"clearfix","11":"first","12":"outofstock","13":"taxable","14":"shipping-taxable","15":"purchasable","16":"product-type-simple"},"yoast_head":"<!-- This site is optimized with the Yoast SEO plugin v27.3 - https:\/\/yoast.com\/product\/yoast-seo-wordpress\/ -->\n<title>Neuramis Deep with Lidocaine (1 x 1ml) - Skin Heal<\/title>\n<meta name=\"description\" content=\"Medytox\u2019s Neuramis Deep Lidocaine is a cutting-edge HA-based filler sold by Skin Heal. Enjoy rapid deep wrinkle removal with Neuramis Deep Lidocaine.\" \/>\n<meta name=\"robots\" content=\"index, follow, max-snippet:-1, max-image-preview:large, max-video-preview:-1\" \/>\n<link rel=\"canonical\" href=\"https:\/\/skin-heal.com\/es\/producto\/neuramis-deep-with-lidocaine-1-x-1ml\/\" \/>\n<meta property=\"og:locale\" content=\"es_MX\" \/>\n<meta property=\"og:type\" content=\"article\" \/>\n<meta property=\"og:title\" content=\"Neuramis Deep with Lidocaine (1 x 1ml) - Skin Heal\" \/>\n<meta property=\"og:description\" content=\"Medytox\u2019s Neuramis Deep Lidocaine is a cutting-edge HA-based filler sold by Skin Heal. Enjoy rapid deep wrinkle removal with Neuramis Deep Lidocaine.\" \/>\n<meta property=\"og:url\" content=\"https:\/\/skin-heal.com\/es\/producto\/neuramis-deep-with-lidocaine-1-x-1ml\/\" \/>\n<meta property=\"og:site_name\" content=\"Skin Heal\" \/>\n<meta property=\"article:modified_time\" content=\"2024-10-07T15:47:10+00:00\" \/>\n<meta property=\"og:image\" content=\"https:\/\/cdn.skin-heal.com\/wp-content\/uploads\/2019\/09\/Neuramis-Deep-Lidocaine.jpg\" \/>\n\t<meta property=\"og:image:width\" content=\"600\" \/>\n\t<meta property=\"og:image:height\" content=\"600\" \/>\n\t<meta property=\"og:image:type\" content=\"image\/jpeg\" \/>\n<meta name=\"twitter:card\" content=\"summary_large_image\" \/>\n<meta name=\"twitter:label1\" content=\"Tiempo de lectura\" \/>\n\t<meta name=\"twitter:data1\" content=\"2 minutos\" \/>\n<script type=\"application\/ld+json\" class=\"yoast-schema-graph\">{\"@context\":\"https:\\\/\\\/schema.org\",\"@graph\":[{\"@type\":\"WebPage\",\"@id\":\"https:\\\/\\\/skin-heal.com\\\/product\\\/neuramis-deep-with-lidocaine-1-x-1ml\\\/\",\"url\":\"https:\\\/\\\/skin-heal.com\\\/product\\\/neuramis-deep-with-lidocaine-1-x-1ml\\\/\",\"name\":\"Neuramis Deep with Lidocaine (1 x 1ml) - Skin Heal\",\"isPartOf\":{\"@id\":\"https:\\\/\\\/skin-heal.com\\\/#website\"},\"primaryImageOfPage\":{\"@id\":\"https:\\\/\\\/skin-heal.com\\\/product\\\/neuramis-deep-with-lidocaine-1-x-1ml\\\/#primaryimage\"},\"image\":{\"@id\":\"https:\\\/\\\/skin-heal.com\\\/product\\\/neuramis-deep-with-lidocaine-1-x-1ml\\\/#primaryimage\"},\"thumbnailUrl\":\"https:\\\/\\\/skin-heal.com\\\/wp-content\\\/uploads\\\/2019\\\/09\\\/Neuramis-Deep-Lidocaine.jpg\",\"datePublished\":\"2019-09-02T10:54:31+00:00\",\"dateModified\":\"2024-10-07T15:47:10+00:00\",\"description\":\"Medytox\u2019s Neuramis Deep Lidocaine is a cutting-edge HA-based filler sold by Skin Heal. Enjoy rapid deep wrinkle removal with Neuramis Deep Lidocaine.\",\"breadcrumb\":{\"@id\":\"https:\\\/\\\/skin-heal.com\\\/product\\\/neuramis-deep-with-lidocaine-1-x-1ml\\\/#breadcrumb\"},\"inLanguage\":\"es\",\"potentialAction\":[{\"@type\":\"ReadAction\",\"target\":[\"https:\\\/\\\/skin-heal.com\\\/product\\\/neuramis-deep-with-lidocaine-1-x-1ml\\\/\"]}]},{\"@type\":\"ImageObject\",\"inLanguage\":\"es\",\"@id\":\"https:\\\/\\\/skin-heal.com\\\/product\\\/neuramis-deep-with-lidocaine-1-x-1ml\\\/#primaryimage\",\"url\":\"https:\\\/\\\/skin-heal.com\\\/wp-content\\\/uploads\\\/2019\\\/09\\\/Neuramis-Deep-Lidocaine.jpg\",\"contentUrl\":\"https:\\\/\\\/skin-heal.com\\\/wp-content\\\/uploads\\\/2019\\\/09\\\/Neuramis-Deep-Lidocaine.jpg\",\"width\":600,\"height\":600,\"caption\":\"Neuramis Deep Lidocaine\"},{\"@type\":\"BreadcrumbList\",\"@id\":\"https:\\\/\\\/skin-heal.com\\\/product\\\/neuramis-deep-with-lidocaine-1-x-1ml\\\/#breadcrumb\",\"itemListElement\":[{\"@type\":\"ListItem\",\"position\":1,\"name\":\"Home\",\"item\":\"https:\\\/\\\/skin-heal.com\\\/\"},{\"@type\":\"ListItem\",\"position\":2,\"name\":\"Store\",\"item\":\"https:\\\/\\\/skin-heal.com\\\/store\\\/\"},{\"@type\":\"ListItem\",\"position\":3,\"name\":\"Neuramis Deep with Lidocaine (1 x 1ml)\"}]},{\"@type\":\"WebSite\",\"@id\":\"https:\\\/\\\/skin-heal.com\\\/#website\",\"url\":\"https:\\\/\\\/skin-heal.com\\\/\",\"name\":\"Skin Heal\",\"description\":\"Lowest Prices for Dermal Fillers\",\"potentialAction\":[{\"@type\":\"SearchAction\",\"target\":{\"@type\":\"EntryPoint\",\"urlTemplate\":\"https:\\\/\\\/skin-heal.com\\\/?s={search_term_string}\"},\"query-input\":{\"@type\":\"PropertyValueSpecification\",\"valueRequired\":true,\"valueName\":\"search_term_string\"}}],\"inLanguage\":\"es\"}]}<\/script>\n<!-- \/ Yoast SEO plugin. -->","yoast_head_json":{"title":"Neuramis Deep con Lidoca\u00edna (1 x 1ml) - Skin Heal","description":"Neuramis Deep Lidocaine de Medytox es un relleno de \u00faltima generaci\u00f3n a base de HA vendido por Skin Heal. Disfrute de una r\u00e1pida eliminaci\u00f3n de las arrugas profundas con Neuramis Deep Lidocaine.","robots":{"index":"index","follow":"follow","max-snippet":"max-snippet:-1","max-image-preview":"max-image-preview:large","max-video-preview":"max-video-preview:-1"},"canonical":"https:\/\/skin-heal.com\/es\/producto\/neuramis-deep-with-lidocaine-1-x-1ml\/","og_locale":"es_MX","og_type":"article","og_title":"Neuramis Deep with Lidocaine (1 x 1ml) - Skin Heal","og_description":"Medytox\u2019s Neuramis Deep Lidocaine is a cutting-edge HA-based filler sold by Skin Heal. Enjoy rapid deep wrinkle removal with Neuramis Deep Lidocaine.","og_url":"https:\/\/skin-heal.com\/es\/producto\/neuramis-deep-with-lidocaine-1-x-1ml\/","og_site_name":"Skin Heal","article_modified_time":"2024-10-07T15:47:10+00:00","og_image":[{"width":600,"height":600,"url":"https:\/\/cdn.skin-heal.com\/wp-content\/uploads\/2019\/09\/Neuramis-Deep-Lidocaine.jpg","type":"image\/jpeg"}],"twitter_card":"summary_large_image","twitter_misc":{"Tiempo de lectura":"2 minutos"},"schema":{"@context":"https:\/\/schema.org","@graph":[{"@type":"WebPage","@id":"https:\/\/skin-heal.com\/product\/neuramis-deep-with-lidocaine-1-x-1ml\/","url":"https:\/\/skin-heal.com\/product\/neuramis-deep-with-lidocaine-1-x-1ml\/","name":"Neuramis Deep con Lidoca\u00edna (1 x 1ml) - Skin Heal","isPartOf":{"@id":"https:\/\/skin-heal.com\/#website"},"primaryImageOfPage":{"@id":"https:\/\/skin-heal.com\/product\/neuramis-deep-with-lidocaine-1-x-1ml\/#primaryimage"},"image":{"@id":"https:\/\/skin-heal.com\/product\/neuramis-deep-with-lidocaine-1-x-1ml\/#primaryimage"},"thumbnailUrl":"https:\/\/cdn.skin-heal.com\/wp-content\/uploads\/2019\/09\/Neuramis-Deep-Lidocaine.jpg","datePublished":"2019-09-02T10:54:31+00:00","dateModified":"2024-10-07T15:47:10+00:00","description":"Neuramis Deep Lidocaine de Medytox es un relleno de \u00faltima generaci\u00f3n a base de HA vendido por Skin Heal. Disfrute de una r\u00e1pida eliminaci\u00f3n de las arrugas profundas con Neuramis Deep Lidocaine.","breadcrumb":{"@id":"https:\/\/skin-heal.com\/product\/neuramis-deep-with-lidocaine-1-x-1ml\/#breadcrumb"},"inLanguage":"es","potentialAction":[{"@type":"ReadAction","target":["https:\/\/skin-heal.com\/product\/neuramis-deep-with-lidocaine-1-x-1ml\/"]}]},{"@type":"ImageObject","inLanguage":"es","@id":"https:\/\/skin-heal.com\/product\/neuramis-deep-with-lidocaine-1-x-1ml\/#primaryimage","url":"https:\/\/cdn.skin-heal.com\/wp-content\/uploads\/2019\/09\/Neuramis-Deep-Lidocaine.jpg","contentUrl":"https:\/\/cdn.skin-heal.com\/wp-content\/uploads\/2019\/09\/Neuramis-Deep-Lidocaine.jpg","width":600,"height":600,"caption":"Neuramis Deep Lidocaine"},{"@type":"BreadcrumbList","@id":"https:\/\/skin-heal.com\/product\/neuramis-deep-with-lidocaine-1-x-1ml\/#breadcrumb","itemListElement":[{"@type":"ListItem","position":1,"name":"Home","item":"https:\/\/skin-heal.com\/"},{"@type":"ListItem","position":2,"name":"Store","item":"https:\/\/skin-heal.com\/store\/"},{"@type":"ListItem","position":3,"name":"Neuramis Deep with Lidocaine (1 x 1ml)"}]},{"@type":"WebSite","@id":"https:\/\/skin-heal.com\/#website","url":"https:\/\/skin-heal.com\/","name":"Curaci\u00f3n de la piel","description":"Los precios m\u00e1s bajos para los rellenos d\u00e9rmicos","potentialAction":[{"@type":"SearchAction","target":{"@type":"EntryPoint","urlTemplate":"https:\/\/skin-heal.com\/?s={search_term_string}"},"query-input":{"@type":"PropertyValueSpecification","valueRequired":true,"valueName":"search_term_string"}}],"inLanguage":"es"}]}},"_links":{"self":[{"href":"https:\/\/skin-heal.com\/es\/wp-json\/wp\/v2\/product\/8382","targetHints":{"allow":["GET"]}}],"collection":[{"href":"https:\/\/skin-heal.com\/es\/wp-json\/wp\/v2\/product"}],"about":[{"href":"https:\/\/skin-heal.com\/es\/wp-json\/wp\/v2\/types\/product"}],"wp:featuredmedia":[{"embeddable":true,"href":"https:\/\/skin-heal.com\/es\/wp-json\/wp\/v2\/media\/8389"}],"wp:attachment":[{"href":"https:\/\/skin-heal.com\/es\/wp-json\/wp\/v2\/media?parent=8382"}],"wp:term":[{"taxonomy":"product_brand","embeddable":true,"href":"https:\/\/skin-heal.com\/es\/wp-json\/wp\/v2\/product_brand?post=8382"},{"taxonomy":"product_cat","embeddable":true,"href":"https:\/\/skin-heal.com\/es\/wp-json\/wp\/v2\/product_cat?post=8382"},{"taxonomy":"product_tag","embeddable":true,"href":"https:\/\/skin-heal.com\/es\/wp-json\/wp\/v2\/product_tag?post=8382"}],"curies":[{"name":"wp","href":"https:\/\/api.w.org\/{rel}","templated":true}]}}