{"id":8383,"date":"2019-09-02T13:55:14","date_gmt":"2019-09-02T10:55:14","guid":{"rendered":"https:\/\/skin-heal.com\/?post_type=product&#038;p=8383"},"modified":"2025-01-27T18:41:35","modified_gmt":"2025-01-27T16:41:35","slug":"neuramis-volume-with-lidocaine","status":"publish","type":"product","link":"https:\/\/skin-heal.com\/es\/producto\/neuramis-volume-with-lidocaine\/","title":{"rendered":"Volumen de Neuramis con Lidoca\u00edna"},"content":{"rendered":"<h3>\u00bfQu\u00e9 hace Neuramis Volume Lidocaine?<\/h3>\n<p>Neuramis Volume con Lidoca\u00edna es el relleno cut\u00e1neo de \u00e1cido hialur\u00f3nico m\u00e1s potente de Medytox. Tiene una tasa de reticulaci\u00f3n impresionante porque ha pasado por un proceso de reticulaci\u00f3n de dos pasos que cambia el juego. Como resultado, nunca deja de ofrecer <em>resultados duraderos y equilibrados<\/em> cuando se trata de:<\/p>\n<ul>\n<li>Reducci\u00f3n no quir\u00fargica de pliegues y arrugas profundas (pliegues nasolabiales, l\u00edneas de marioneta, arrugas de la frente, etc.)<\/li>\n<li>Relleno r\u00e1pido de los labios<\/li>\n<li>Aumento de p\u00f3mulos y ment\u00f3n m\u00ednimamente invasivo<\/li>\n<li>Mejora de la frente para el paciente<\/li>\n<\/ul>\n<h3>\u00bfC\u00f3mo conservar los resultados del tratamiento durante m\u00e1s tiempo?<\/h3>\n<p>Un tratamiento antienvejecimiento est\u00e1ndar con Neuramis Volume consiste en dos o tres sesiones de inyecciones (con un intervalo de tres a seis semanas) cuyos resultados permanecen visibles durante aproximadamente medio a\u00f1o o incluso m\u00e1s. Dado que este excelente relleno d\u00e9rmico est\u00e1 basado en HA, sus efectos son temporales, ya que su <u>el gel se disuelve<\/u> en los tejidos blandos tratados a lo largo de unos meses. Para conservar su aspecto rejuvenecido durante m\u00e1s tiempo, se aconseja a los pacientes que <strong>repetir el tratamiento cada 3-6 meses<\/strong>. Evitar el alcohol, los medicamentos y las temperaturas elevadas antes y despu\u00e9s de una sesi\u00f3n con este producto tambi\u00e9n proporcionar\u00e1 resultados de mejora facial y antiarrugas m\u00e1s duraderos. Tambi\u00e9n es importante adquirir esta soluci\u00f3n cosm\u00e9tica en tiendas y distribuidores de confianza, como Skin Heal, ya que as\u00ed se asegurar\u00e1 de obtener un producto original 100%.<\/p>","protected":false},"excerpt":{"rendered":"<p>A\u00f1ada volumen bajo la piel envejecida y fl\u00e1cida con Neuramis Volumen con Lidoca\u00edna para rejuvenecerla, refrescarla y rehidratarla al instante. Ofrecido por Skin Heal, este <u>Relleno fiable de tejidos blandos de Medytox<\/u> utiliza una tecnolog\u00eda propia S.H.A.P.E., \u00e1cido hialur\u00f3nico esterilizado, agujas UTW y lidoca\u00edna para ofrecer un rejuvenecimiento de la piel eficaz, de bajo riesgo y sin dolor. Con \u00e9l, la reducci\u00f3n de arrugas y pliegues profundos es instant\u00e1nea y la mejora de <em>barbilla, labios, p\u00f3mulos<\/em>etc. no requiere un bistur\u00ed.<\/p>","protected":false},"featured_media":8392,"template":"","meta":[],"product_brand":[],"product_cat":[79,112,144],"product_tag":[],"class_list":{"0":"post-8383","1":"product","2":"type-product","3":"status-publish","4":"has-post-thumbnail","6":"product_cat-dermal-fillers","7":"product_cat-medytox","8":"product_cat-holiday-mega-sale","9":"clearfix","11":"first","12":"outofstock","13":"taxable","14":"shipping-taxable","15":"purchasable","16":"product-type-simple"},"yoast_head":"<!-- This site is optimized with the Yoast SEO plugin v27.4 - https:\/\/yoast.com\/product\/yoast-seo-wordpress\/ -->\n<title>Neuramis Volume with Lidocaine - Skin Heal<\/title>\n<meta name=\"description\" content=\"Powerful skin filler Neuramis Volume Lidocaine has impressive deep fold removal and lip enhancement abilities. Buy Neuramis Volume Lidocaine via Skin Heal.\" \/>\n<meta name=\"robots\" content=\"index, follow, max-snippet:-1, max-image-preview:large, max-video-preview:-1\" \/>\n<link rel=\"canonical\" href=\"https:\/\/skin-heal.com\/es\/producto\/neuramis-volume-with-lidocaine\/\" \/>\n<meta property=\"og:locale\" content=\"es_MX\" \/>\n<meta property=\"og:type\" content=\"article\" \/>\n<meta property=\"og:title\" content=\"Neuramis Volume with Lidocaine - Skin Heal\" \/>\n<meta property=\"og:description\" content=\"Powerful skin filler Neuramis Volume Lidocaine has impressive deep fold removal and lip enhancement abilities. Buy Neuramis Volume Lidocaine via Skin Heal.\" \/>\n<meta property=\"og:url\" content=\"https:\/\/skin-heal.com\/es\/producto\/neuramis-volume-with-lidocaine\/\" \/>\n<meta property=\"og:site_name\" content=\"Skin Heal\" \/>\n<meta property=\"article:modified_time\" content=\"2025-01-27T16:41:35+00:00\" \/>\n<meta property=\"og:image\" content=\"https:\/\/cdn.skin-heal.com\/wp-content\/uploads\/2019\/09\/Neuramis-Volume.jpg\" \/>\n\t<meta property=\"og:image:width\" content=\"600\" \/>\n\t<meta property=\"og:image:height\" content=\"600\" \/>\n\t<meta property=\"og:image:type\" content=\"image\/jpeg\" \/>\n<meta name=\"twitter:card\" content=\"summary_large_image\" \/>\n<meta name=\"twitter:label1\" content=\"Tiempo de lectura\" \/>\n\t<meta name=\"twitter:data1\" content=\"1 minuto\" \/>\n<script type=\"application\/ld+json\" class=\"yoast-schema-graph\">{\"@context\":\"https:\\\/\\\/schema.org\",\"@graph\":[{\"@type\":\"WebPage\",\"@id\":\"https:\\\/\\\/skin-heal.com\\\/product\\\/neuramis-volume-with-lidocaine\\\/\",\"url\":\"https:\\\/\\\/skin-heal.com\\\/product\\\/neuramis-volume-with-lidocaine\\\/\",\"name\":\"Neuramis Volume with Lidocaine - Skin Heal\",\"isPartOf\":{\"@id\":\"https:\\\/\\\/skin-heal.com\\\/#website\"},\"primaryImageOfPage\":{\"@id\":\"https:\\\/\\\/skin-heal.com\\\/product\\\/neuramis-volume-with-lidocaine\\\/#primaryimage\"},\"image\":{\"@id\":\"https:\\\/\\\/skin-heal.com\\\/product\\\/neuramis-volume-with-lidocaine\\\/#primaryimage\"},\"thumbnailUrl\":\"https:\\\/\\\/skin-heal.com\\\/wp-content\\\/uploads\\\/2019\\\/09\\\/Neuramis-Volume.jpg\",\"datePublished\":\"2019-09-02T10:55:14+00:00\",\"dateModified\":\"2025-01-27T16:41:35+00:00\",\"description\":\"Powerful skin filler Neuramis Volume Lidocaine has impressive deep fold removal and lip enhancement abilities. Buy Neuramis Volume Lidocaine via Skin Heal.\",\"breadcrumb\":{\"@id\":\"https:\\\/\\\/skin-heal.com\\\/product\\\/neuramis-volume-with-lidocaine\\\/#breadcrumb\"},\"inLanguage\":\"es\",\"potentialAction\":[{\"@type\":\"ReadAction\",\"target\":[\"https:\\\/\\\/skin-heal.com\\\/product\\\/neuramis-volume-with-lidocaine\\\/\"]}]},{\"@type\":\"ImageObject\",\"inLanguage\":\"es\",\"@id\":\"https:\\\/\\\/skin-heal.com\\\/product\\\/neuramis-volume-with-lidocaine\\\/#primaryimage\",\"url\":\"https:\\\/\\\/skin-heal.com\\\/wp-content\\\/uploads\\\/2019\\\/09\\\/Neuramis-Volume.jpg\",\"contentUrl\":\"https:\\\/\\\/skin-heal.com\\\/wp-content\\\/uploads\\\/2019\\\/09\\\/Neuramis-Volume.jpg\",\"width\":600,\"height\":600,\"caption\":\"Neuramis Volume\"},{\"@type\":\"BreadcrumbList\",\"@id\":\"https:\\\/\\\/skin-heal.com\\\/product\\\/neuramis-volume-with-lidocaine\\\/#breadcrumb\",\"itemListElement\":[{\"@type\":\"ListItem\",\"position\":1,\"name\":\"Home\",\"item\":\"https:\\\/\\\/skin-heal.com\\\/\"},{\"@type\":\"ListItem\",\"position\":2,\"name\":\"Store\",\"item\":\"https:\\\/\\\/skin-heal.com\\\/store\\\/\"},{\"@type\":\"ListItem\",\"position\":3,\"name\":\"Neuramis Volume with Lidocaine\"}]},{\"@type\":\"WebSite\",\"@id\":\"https:\\\/\\\/skin-heal.com\\\/#website\",\"url\":\"https:\\\/\\\/skin-heal.com\\\/\",\"name\":\"Skin Heal\",\"description\":\"Lowest Prices for Dermal Fillers\",\"potentialAction\":[{\"@type\":\"SearchAction\",\"target\":{\"@type\":\"EntryPoint\",\"urlTemplate\":\"https:\\\/\\\/skin-heal.com\\\/?s={search_term_string}\"},\"query-input\":{\"@type\":\"PropertyValueSpecification\",\"valueRequired\":true,\"valueName\":\"search_term_string\"}}],\"inLanguage\":\"es\"}]}<\/script>\n<!-- \/ Yoast SEO plugin. -->","yoast_head_json":{"title":"Neuramis Volumen con Lidoca\u00edna - Skin Heal","description":"El potente relleno cut\u00e1neo Neuramis Volume Lidocaine tiene unas impresionantes capacidades de eliminaci\u00f3n de pliegues profundos y realce de labios. Comprar Neuramis Volume Lidocaine a trav\u00e9s de Skin Heal.","robots":{"index":"index","follow":"follow","max-snippet":"max-snippet:-1","max-image-preview":"max-image-preview:large","max-video-preview":"max-video-preview:-1"},"canonical":"https:\/\/skin-heal.com\/es\/producto\/neuramis-volume-with-lidocaine\/","og_locale":"es_MX","og_type":"article","og_title":"Neuramis Volume with Lidocaine - Skin Heal","og_description":"Powerful skin filler Neuramis Volume Lidocaine has impressive deep fold removal and lip enhancement abilities. Buy Neuramis Volume Lidocaine via Skin Heal.","og_url":"https:\/\/skin-heal.com\/es\/producto\/neuramis-volume-with-lidocaine\/","og_site_name":"Skin Heal","article_modified_time":"2025-01-27T16:41:35+00:00","og_image":[{"width":600,"height":600,"url":"https:\/\/cdn.skin-heal.com\/wp-content\/uploads\/2019\/09\/Neuramis-Volume.jpg","type":"image\/jpeg"}],"twitter_card":"summary_large_image","twitter_misc":{"Tiempo de lectura":"1 minuto"},"schema":{"@context":"https:\/\/schema.org","@graph":[{"@type":"WebPage","@id":"https:\/\/skin-heal.com\/product\/neuramis-volume-with-lidocaine\/","url":"https:\/\/skin-heal.com\/product\/neuramis-volume-with-lidocaine\/","name":"Neuramis Volumen con Lidoca\u00edna - Skin Heal","isPartOf":{"@id":"https:\/\/skin-heal.com\/#website"},"primaryImageOfPage":{"@id":"https:\/\/skin-heal.com\/product\/neuramis-volume-with-lidocaine\/#primaryimage"},"image":{"@id":"https:\/\/skin-heal.com\/product\/neuramis-volume-with-lidocaine\/#primaryimage"},"thumbnailUrl":"https:\/\/cdn.skin-heal.com\/wp-content\/uploads\/2019\/09\/Neuramis-Volume.jpg","datePublished":"2019-09-02T10:55:14+00:00","dateModified":"2025-01-27T16:41:35+00:00","description":"El potente relleno cut\u00e1neo Neuramis Volume Lidocaine tiene unas impresionantes capacidades de eliminaci\u00f3n de pliegues profundos y realce de labios. Comprar Neuramis Volume Lidocaine a trav\u00e9s de Skin Heal.","breadcrumb":{"@id":"https:\/\/skin-heal.com\/product\/neuramis-volume-with-lidocaine\/#breadcrumb"},"inLanguage":"es","potentialAction":[{"@type":"ReadAction","target":["https:\/\/skin-heal.com\/product\/neuramis-volume-with-lidocaine\/"]}]},{"@type":"ImageObject","inLanguage":"es","@id":"https:\/\/skin-heal.com\/product\/neuramis-volume-with-lidocaine\/#primaryimage","url":"https:\/\/cdn.skin-heal.com\/wp-content\/uploads\/2019\/09\/Neuramis-Volume.jpg","contentUrl":"https:\/\/cdn.skin-heal.com\/wp-content\/uploads\/2019\/09\/Neuramis-Volume.jpg","width":600,"height":600,"caption":"Neuramis Volume"},{"@type":"BreadcrumbList","@id":"https:\/\/skin-heal.com\/product\/neuramis-volume-with-lidocaine\/#breadcrumb","itemListElement":[{"@type":"ListItem","position":1,"name":"Home","item":"https:\/\/skin-heal.com\/"},{"@type":"ListItem","position":2,"name":"Store","item":"https:\/\/skin-heal.com\/store\/"},{"@type":"ListItem","position":3,"name":"Neuramis Volume with Lidocaine"}]},{"@type":"WebSite","@id":"https:\/\/skin-heal.com\/#website","url":"https:\/\/skin-heal.com\/","name":"Curaci\u00f3n de la piel","description":"Los precios m\u00e1s bajos para los rellenos d\u00e9rmicos","potentialAction":[{"@type":"SearchAction","target":{"@type":"EntryPoint","urlTemplate":"https:\/\/skin-heal.com\/?s={search_term_string}"},"query-input":{"@type":"PropertyValueSpecification","valueRequired":true,"valueName":"search_term_string"}}],"inLanguage":"es"}]}},"_links":{"self":[{"href":"https:\/\/skin-heal.com\/es\/wp-json\/wp\/v2\/product\/8383","targetHints":{"allow":["GET"]}}],"collection":[{"href":"https:\/\/skin-heal.com\/es\/wp-json\/wp\/v2\/product"}],"about":[{"href":"https:\/\/skin-heal.com\/es\/wp-json\/wp\/v2\/types\/product"}],"wp:featuredmedia":[{"embeddable":true,"href":"https:\/\/skin-heal.com\/es\/wp-json\/wp\/v2\/media\/8392"}],"wp:attachment":[{"href":"https:\/\/skin-heal.com\/es\/wp-json\/wp\/v2\/media?parent=8383"}],"wp:term":[{"taxonomy":"product_brand","embeddable":true,"href":"https:\/\/skin-heal.com\/es\/wp-json\/wp\/v2\/product_brand?post=8383"},{"taxonomy":"product_cat","embeddable":true,"href":"https:\/\/skin-heal.com\/es\/wp-json\/wp\/v2\/product_cat?post=8383"},{"taxonomy":"product_tag","embeddable":true,"href":"https:\/\/skin-heal.com\/es\/wp-json\/wp\/v2\/product_tag?post=8383"}],"curies":[{"name":"wp","href":"https:\/\/api.w.org\/{rel}","templated":true}]}}