{"id":844,"date":"2018-11-27T16:41:57","date_gmt":"2018-11-27T16:41:57","guid":{"rendered":"https:\/\/skin-heal.com\/?post_type=product&#038;p=844"},"modified":"2020-04-16T13:24:17","modified_gmt":"2020-04-16T13:24:17","slug":"ellanse-s-2x1ml","status":"publish","type":"product","link":"https:\/\/skin-heal.com\/es\/producto\/ellanse-s-2x1ml\/","title":{"rendered":"Ellanse S (2x1ml)"},"content":{"rendered":"<ul>\n<li>Contiene: 30% PLC y 70% carboximetilcelulosa acuosa (CMC)<\/li>\n<li>Duraci\u00f3n de los resultados: 12 meses<\/li>\n<li>El paquete incluye: 2 jeringas precargadas de 1ml, 4 agujas de 27G3\/4\" y un prospecto<\/li>\n<li>Profundidad de la inyecci\u00f3n: dermis media y profunda<\/li>\n<\/ul>\n<p>De todos los productos de esta gama, Ellanse S es el que tiene la menor longevidad de efectos y, sin embargo, con su durabilidad de 1 a\u00f1o, sigue siendo m\u00e1s duradero que la mayor\u00eda de sus rivales en el mercado. Sin embargo, la verdadera ventaja que ofrece es su capacidad para estimular al cuerpo a producir m\u00e1s col\u00e1geno. Esto se debe a que contiene policaprolactona (PCL), una sustancia responsable de esta propiedad \u00fanica de Ellanse S. No obstante, esto no significa que los resultados se produzcan de forma lenta y gradual, ya que este relleno cut\u00e1neo de primera categor\u00eda tiene una acci\u00f3n 2 en 1: estimula la producci\u00f3n de col\u00e1geno y proporciona inmediatamente a las zonas tratadas un efecto de relleno y elevaci\u00f3n.<\/p>\n<p><strong>\u00bfEs seguro este relleno d\u00e9rmico de PCL?<\/strong><\/p>\n<p>Ellanse S es un producto impresionantemente seguro. Los eventos adversos y los efectos secundarios son muy raros y se reducen y desaparecen en pocos d\u00edas despu\u00e9s del tratamiento. Las microesferas de PCL de su estructura tienen una forma esf\u00e9rica suave que las hace m\u00e1s compatibles con el cuerpo humano. Por eso se puede inyectar en la piel de la cara, las manos, la mand\u00edbula, las sienes y m\u00e1s.<\/p>","protected":false},"excerpt":{"rendered":"<p>Ellanse S es uno de los pocos rellenos d\u00e9rmicos de primera calidad del mercado con los que los m\u00e9dicos pueden ofrecer a los pacientes tratamientos de inyecci\u00f3n notablemente seguros y que potencian el col\u00e1geno. Se trata de una nueva generaci\u00f3n de un producto de rejuvenecimiento cosm\u00e9tico que rellena y corrige los pliegues y las arrugas, a\u00f1ade volumen y tambi\u00e9n estimula al cuerpo a producir m\u00e1s col\u00e1geno. Es un relleno a base de PCL que tiene varias ventajas sobre los productos de HA de esta categor\u00eda.<\/p>","protected":false},"featured_media":851,"template":"","meta":[],"product_brand":[],"product_cat":[79,41,63],"product_tag":[],"class_list":{"0":"post-844","1":"product","2":"type-product","3":"status-publish","4":"has-post-thumbnail","6":"product_cat-dermal-fillers","7":"product_cat-ellanse","8":"product_cat-sinclair","9":"clearfix","11":"first","12":"outofstock","13":"taxable","14":"shipping-taxable","15":"purchasable","16":"product-type-simple"},"yoast_head":"<!-- This site is optimized with the Yoast SEO plugin v27.3 - https:\/\/yoast.com\/product\/yoast-seo-wordpress\/ -->\n<title>Ellanse S (2x1ml) - Skin Heal<\/title>\n<meta name=\"description\" content=\"Ellanse S is a unique dermal filler \u2013 it is PCL-based and it stimulates collagen production. It is safe, biocompatible and with a durability of 1 year.\" \/>\n<meta name=\"robots\" content=\"index, follow, max-snippet:-1, max-image-preview:large, max-video-preview:-1\" \/>\n<link rel=\"canonical\" href=\"https:\/\/skin-heal.com\/es\/producto\/ellanse-s-2x1ml\/\" \/>\n<meta property=\"og:locale\" content=\"es_MX\" \/>\n<meta property=\"og:type\" content=\"article\" \/>\n<meta property=\"og:title\" content=\"Ellanse S (2x1ml) - Skin Heal\" \/>\n<meta property=\"og:description\" content=\"Ellanse S is a unique dermal filler \u2013 it is PCL-based and it stimulates collagen production. It is safe, biocompatible and with a durability of 1 year.\" \/>\n<meta property=\"og:url\" content=\"https:\/\/skin-heal.com\/es\/producto\/ellanse-s-2x1ml\/\" \/>\n<meta property=\"og:site_name\" content=\"Skin Heal\" \/>\n<meta property=\"article:modified_time\" content=\"2020-04-16T13:24:17+00:00\" \/>\n<meta property=\"og:image\" content=\"https:\/\/cdn.skin-heal.com\/wp-content\/uploads\/2018\/11\/Ellanse-S.jpg\" \/>\n\t<meta property=\"og:image:width\" content=\"600\" \/>\n\t<meta property=\"og:image:height\" content=\"600\" \/>\n\t<meta property=\"og:image:type\" content=\"image\/jpeg\" \/>\n<meta name=\"twitter:card\" content=\"summary_large_image\" \/>\n<meta name=\"twitter:label1\" content=\"Tiempo de lectura\" \/>\n\t<meta name=\"twitter:data1\" content=\"1 minuto\" \/>\n<script type=\"application\/ld+json\" class=\"yoast-schema-graph\">{\"@context\":\"https:\\\/\\\/schema.org\",\"@graph\":[{\"@type\":\"WebPage\",\"@id\":\"https:\\\/\\\/skin-heal.com\\\/product\\\/ellanse-s-2x1ml\\\/\",\"url\":\"https:\\\/\\\/skin-heal.com\\\/product\\\/ellanse-s-2x1ml\\\/\",\"name\":\"Ellanse S (2x1ml) - Skin Heal\",\"isPartOf\":{\"@id\":\"https:\\\/\\\/skin-heal.com\\\/#website\"},\"primaryImageOfPage\":{\"@id\":\"https:\\\/\\\/skin-heal.com\\\/product\\\/ellanse-s-2x1ml\\\/#primaryimage\"},\"image\":{\"@id\":\"https:\\\/\\\/skin-heal.com\\\/product\\\/ellanse-s-2x1ml\\\/#primaryimage\"},\"thumbnailUrl\":\"https:\\\/\\\/skin-heal.com\\\/wp-content\\\/uploads\\\/2018\\\/11\\\/Ellanse-S.jpg\",\"datePublished\":\"2018-11-27T16:41:57+00:00\",\"dateModified\":\"2020-04-16T13:24:17+00:00\",\"description\":\"Ellanse S is a unique dermal filler \u2013 it is PCL-based and it stimulates collagen production. It is safe, biocompatible and with a durability of 1 year.\",\"breadcrumb\":{\"@id\":\"https:\\\/\\\/skin-heal.com\\\/product\\\/ellanse-s-2x1ml\\\/#breadcrumb\"},\"inLanguage\":\"es\",\"potentialAction\":[{\"@type\":\"ReadAction\",\"target\":[\"https:\\\/\\\/skin-heal.com\\\/product\\\/ellanse-s-2x1ml\\\/\"]}]},{\"@type\":\"ImageObject\",\"inLanguage\":\"es\",\"@id\":\"https:\\\/\\\/skin-heal.com\\\/product\\\/ellanse-s-2x1ml\\\/#primaryimage\",\"url\":\"https:\\\/\\\/skin-heal.com\\\/wp-content\\\/uploads\\\/2018\\\/11\\\/Ellanse-S.jpg\",\"contentUrl\":\"https:\\\/\\\/skin-heal.com\\\/wp-content\\\/uploads\\\/2018\\\/11\\\/Ellanse-S.jpg\",\"width\":600,\"height\":600,\"caption\":\"Ellanse S\"},{\"@type\":\"BreadcrumbList\",\"@id\":\"https:\\\/\\\/skin-heal.com\\\/product\\\/ellanse-s-2x1ml\\\/#breadcrumb\",\"itemListElement\":[{\"@type\":\"ListItem\",\"position\":1,\"name\":\"Home\",\"item\":\"https:\\\/\\\/skin-heal.com\\\/\"},{\"@type\":\"ListItem\",\"position\":2,\"name\":\"Store\",\"item\":\"https:\\\/\\\/skin-heal.com\\\/store\\\/\"},{\"@type\":\"ListItem\",\"position\":3,\"name\":\"Ellanse S (2x1ml)\"}]},{\"@type\":\"WebSite\",\"@id\":\"https:\\\/\\\/skin-heal.com\\\/#website\",\"url\":\"https:\\\/\\\/skin-heal.com\\\/\",\"name\":\"Skin Heal\",\"description\":\"Lowest Prices for Dermal Fillers\",\"potentialAction\":[{\"@type\":\"SearchAction\",\"target\":{\"@type\":\"EntryPoint\",\"urlTemplate\":\"https:\\\/\\\/skin-heal.com\\\/?s={search_term_string}\"},\"query-input\":{\"@type\":\"PropertyValueSpecification\",\"valueRequired\":true,\"valueName\":\"search_term_string\"}}],\"inLanguage\":\"es\"}]}<\/script>\n<!-- \/ Yoast SEO plugin. -->","yoast_head_json":{"title":"Ellanse S (2x1ml) - Skin Heal","description":"Ellanse S es un relleno d\u00e9rmico \u00fanico, a base de PCL, que estimula la producci\u00f3n de col\u00e1geno. Es seguro, biocompatible y con una durabilidad de 1 a\u00f1o.","robots":{"index":"index","follow":"follow","max-snippet":"max-snippet:-1","max-image-preview":"max-image-preview:large","max-video-preview":"max-video-preview:-1"},"canonical":"https:\/\/skin-heal.com\/es\/producto\/ellanse-s-2x1ml\/","og_locale":"es_MX","og_type":"article","og_title":"Ellanse S (2x1ml) - Skin Heal","og_description":"Ellanse S is a unique dermal filler \u2013 it is PCL-based and it stimulates collagen production. It is safe, biocompatible and with a durability of 1 year.","og_url":"https:\/\/skin-heal.com\/es\/producto\/ellanse-s-2x1ml\/","og_site_name":"Skin Heal","article_modified_time":"2020-04-16T13:24:17+00:00","og_image":[{"width":600,"height":600,"url":"https:\/\/cdn.skin-heal.com\/wp-content\/uploads\/2018\/11\/Ellanse-S.jpg","type":"image\/jpeg"}],"twitter_card":"summary_large_image","twitter_misc":{"Tiempo de lectura":"1 minuto"},"schema":{"@context":"https:\/\/schema.org","@graph":[{"@type":"WebPage","@id":"https:\/\/skin-heal.com\/product\/ellanse-s-2x1ml\/","url":"https:\/\/skin-heal.com\/product\/ellanse-s-2x1ml\/","name":"Ellanse S (2x1ml) - Skin Heal","isPartOf":{"@id":"https:\/\/skin-heal.com\/#website"},"primaryImageOfPage":{"@id":"https:\/\/skin-heal.com\/product\/ellanse-s-2x1ml\/#primaryimage"},"image":{"@id":"https:\/\/skin-heal.com\/product\/ellanse-s-2x1ml\/#primaryimage"},"thumbnailUrl":"https:\/\/cdn.skin-heal.com\/wp-content\/uploads\/2018\/11\/Ellanse-S.jpg","datePublished":"2018-11-27T16:41:57+00:00","dateModified":"2020-04-16T13:24:17+00:00","description":"Ellanse S es un relleno d\u00e9rmico \u00fanico, a base de PCL, que estimula la producci\u00f3n de col\u00e1geno. Es seguro, biocompatible y con una durabilidad de 1 a\u00f1o.","breadcrumb":{"@id":"https:\/\/skin-heal.com\/product\/ellanse-s-2x1ml\/#breadcrumb"},"inLanguage":"es","potentialAction":[{"@type":"ReadAction","target":["https:\/\/skin-heal.com\/product\/ellanse-s-2x1ml\/"]}]},{"@type":"ImageObject","inLanguage":"es","@id":"https:\/\/skin-heal.com\/product\/ellanse-s-2x1ml\/#primaryimage","url":"https:\/\/cdn.skin-heal.com\/wp-content\/uploads\/2018\/11\/Ellanse-S.jpg","contentUrl":"https:\/\/cdn.skin-heal.com\/wp-content\/uploads\/2018\/11\/Ellanse-S.jpg","width":600,"height":600,"caption":"Ellanse S"},{"@type":"BreadcrumbList","@id":"https:\/\/skin-heal.com\/product\/ellanse-s-2x1ml\/#breadcrumb","itemListElement":[{"@type":"ListItem","position":1,"name":"Home","item":"https:\/\/skin-heal.com\/"},{"@type":"ListItem","position":2,"name":"Store","item":"https:\/\/skin-heal.com\/store\/"},{"@type":"ListItem","position":3,"name":"Ellanse S (2x1ml)"}]},{"@type":"WebSite","@id":"https:\/\/skin-heal.com\/#website","url":"https:\/\/skin-heal.com\/","name":"Curaci\u00f3n de la piel","description":"Los precios m\u00e1s bajos para los rellenos d\u00e9rmicos","potentialAction":[{"@type":"SearchAction","target":{"@type":"EntryPoint","urlTemplate":"https:\/\/skin-heal.com\/?s={search_term_string}"},"query-input":{"@type":"PropertyValueSpecification","valueRequired":true,"valueName":"search_term_string"}}],"inLanguage":"es"}]}},"_links":{"self":[{"href":"https:\/\/skin-heal.com\/es\/wp-json\/wp\/v2\/product\/844","targetHints":{"allow":["GET"]}}],"collection":[{"href":"https:\/\/skin-heal.com\/es\/wp-json\/wp\/v2\/product"}],"about":[{"href":"https:\/\/skin-heal.com\/es\/wp-json\/wp\/v2\/types\/product"}],"wp:featuredmedia":[{"embeddable":true,"href":"https:\/\/skin-heal.com\/es\/wp-json\/wp\/v2\/media\/851"}],"wp:attachment":[{"href":"https:\/\/skin-heal.com\/es\/wp-json\/wp\/v2\/media?parent=844"}],"wp:term":[{"taxonomy":"product_brand","embeddable":true,"href":"https:\/\/skin-heal.com\/es\/wp-json\/wp\/v2\/product_brand?post=844"},{"taxonomy":"product_cat","embeddable":true,"href":"https:\/\/skin-heal.com\/es\/wp-json\/wp\/v2\/product_cat?post=844"},{"taxonomy":"product_tag","embeddable":true,"href":"https:\/\/skin-heal.com\/es\/wp-json\/wp\/v2\/product_tag?post=844"}],"curies":[{"name":"wp","href":"https:\/\/api.w.org\/{rel}","templated":true}]}}