{"id":845,"date":"2018-11-27T16:41:56","date_gmt":"2018-11-27T16:41:56","guid":{"rendered":"https:\/\/skin-heal.com\/?post_type=product&#038;p=845"},"modified":"2020-04-16T13:24:16","modified_gmt":"2020-04-16T13:24:16","slug":"ellanse-m-2x1ml","status":"publish","type":"product","link":"https:\/\/skin-heal.com\/es\/producto\/ellanse-m-2x1ml\/","title":{"rendered":"Ellanse M (2x1ml)"},"content":{"rendered":"<p><strong>Zonas de tratamiento y usos<\/strong><\/p>\n<ul>\n<li>L\u00edneas de marioneta<\/li>\n<li>Templos<\/li>\n<li>Mejillas<\/li>\n<li>Nariz<\/li>\n<li>Manos<\/li>\n<li>Frente<\/li>\n<li>Cara inferior<\/li>\n<li>\u00c1rea de las cejas<\/li>\n<li>Chin<\/li>\n<\/ul>\n<p>Ellanse M es un relleno cut\u00e1neo de PCL que puede hacer que la piel est\u00e9 m\u00e1s joven y radiante, estimular la producci\u00f3n de col\u00e1geno y ralentizar la aparici\u00f3n y formaci\u00f3n de l\u00edneas y arrugas superficiales. Est\u00e1 catalogado oficialmente como un producto sanitario de clase III y suele inyectarse en la subdermis. El \u00edndice de satisfacci\u00f3n de los pacientes con este magn\u00edfico producto de rejuvenecimiento est\u00e9tico es incre\u00edblemente alto y eso tiene mucho que ver con sus propiedades \u00fanicas.<\/p>\n<p><strong>Propiedades \u00fanicas que no se pueden pasar por alto<\/strong><\/p>\n<p>La policaprolactona (PCL) es una sustancia biodegradable que constituye casi un tercio de la composici\u00f3n de este avanzado producto de rejuvenecimiento de la piel. Por ello, Ellanse M destaca por su incre\u00edble elasticidad, viscosidad, seguridad y durabilidad. Un solo tratamiento con este producto genera resultados que permanecen activos hasta 2 a\u00f1os.<\/p>\n<p><strong>\u00bfC\u00f3mo estimula Ellanse M la producci\u00f3n de col\u00e1geno?<\/strong><\/p>\n<p>La propiedad m\u00e1s singular de este relleno inyectable de alta gama es el hecho de que aumenta la producci\u00f3n de col\u00e1geno en la piel. Esta reacci\u00f3n es provocada por las microesferas de PCL del implante d\u00e9rmico. El organismo humano las ve como un cuerpo extra\u00f1o y repone la producci\u00f3n de col\u00e1geno. Al mismo tiempo, sin embargo, el PCL es biol\u00f3gicamente compatible con el cuerpo humano, lo que hace que el tratamiento sea muy seguro.<\/p>","protected":false},"excerpt":{"rendered":"<p>Est\u00e1 usted ante Ellanse M, un pionero relleno de tejidos blandos desarrollado por Aqtis Medical para ser algo m\u00e1s que un implante d\u00e9rmico. Las microesferas de PCL de su estructura impulsan la producci\u00f3n de col\u00e1geno en la zona en la que se ha inyectado el producto. De este modo, este eficaz relleno d\u00e9rmico proporciona resultados inmediatos pero que mejoran continuamente con el tiempo, ya que la piel empieza a producir m\u00e1s col\u00e1geno de forma natural.<\/p>","protected":false},"featured_media":850,"template":"","meta":[],"product_brand":[],"product_cat":[79,41,63],"product_tag":[],"class_list":{"0":"post-845","1":"product","2":"type-product","3":"status-publish","4":"has-post-thumbnail","6":"product_cat-dermal-fillers","7":"product_cat-ellanse","8":"product_cat-sinclair","9":"clearfix","11":"first","12":"outofstock","13":"taxable","14":"shipping-taxable","15":"purchasable","16":"product-type-simple"},"yoast_head":"<!-- This site is optimized with the Yoast SEO plugin v27.3 - https:\/\/yoast.com\/product\/yoast-seo-wordpress\/ -->\n<title>Ellanse M (2x1ml) - Skin Heal<\/title>\n<meta name=\"description\" content=\"Ellanse M is a PCL filler that corrects fine wrinkles, improves contour, adds volume to the skin and boosts collagen production. Effects last 2 years.\" \/>\n<meta name=\"robots\" content=\"index, follow, max-snippet:-1, max-image-preview:large, max-video-preview:-1\" \/>\n<link rel=\"canonical\" href=\"https:\/\/skin-heal.com\/es\/producto\/ellanse-m-2x1ml\/\" \/>\n<meta property=\"og:locale\" content=\"es_MX\" \/>\n<meta property=\"og:type\" content=\"article\" \/>\n<meta property=\"og:title\" content=\"Ellanse M (2x1ml) - Skin Heal\" \/>\n<meta property=\"og:description\" content=\"Ellanse M is a PCL filler that corrects fine wrinkles, improves contour, adds volume to the skin and boosts collagen production. Effects last 2 years.\" \/>\n<meta property=\"og:url\" content=\"https:\/\/skin-heal.com\/es\/producto\/ellanse-m-2x1ml\/\" \/>\n<meta property=\"og:site_name\" content=\"Skin Heal\" \/>\n<meta property=\"article:modified_time\" content=\"2020-04-16T13:24:16+00:00\" \/>\n<meta property=\"og:image\" content=\"https:\/\/cdn.skin-heal.com\/wp-content\/uploads\/2018\/11\/Ellanse-M.jpg\" \/>\n\t<meta property=\"og:image:width\" content=\"600\" \/>\n\t<meta property=\"og:image:height\" content=\"600\" \/>\n\t<meta property=\"og:image:type\" content=\"image\/jpeg\" \/>\n<meta name=\"twitter:card\" content=\"summary_large_image\" \/>\n<meta name=\"twitter:label1\" content=\"Tiempo de lectura\" \/>\n\t<meta name=\"twitter:data1\" content=\"1 minuto\" \/>\n<script type=\"application\/ld+json\" class=\"yoast-schema-graph\">{\"@context\":\"https:\\\/\\\/schema.org\",\"@graph\":[{\"@type\":\"WebPage\",\"@id\":\"https:\\\/\\\/skin-heal.com\\\/product\\\/ellanse-m-2x1ml\\\/\",\"url\":\"https:\\\/\\\/skin-heal.com\\\/product\\\/ellanse-m-2x1ml\\\/\",\"name\":\"Ellanse M (2x1ml) - Skin Heal\",\"isPartOf\":{\"@id\":\"https:\\\/\\\/skin-heal.com\\\/#website\"},\"primaryImageOfPage\":{\"@id\":\"https:\\\/\\\/skin-heal.com\\\/product\\\/ellanse-m-2x1ml\\\/#primaryimage\"},\"image\":{\"@id\":\"https:\\\/\\\/skin-heal.com\\\/product\\\/ellanse-m-2x1ml\\\/#primaryimage\"},\"thumbnailUrl\":\"https:\\\/\\\/skin-heal.com\\\/wp-content\\\/uploads\\\/2018\\\/11\\\/Ellanse-M.jpg\",\"datePublished\":\"2018-11-27T16:41:56+00:00\",\"dateModified\":\"2020-04-16T13:24:16+00:00\",\"description\":\"Ellanse M is a PCL filler that corrects fine wrinkles, improves contour, adds volume to the skin and boosts collagen production. Effects last 2 years.\",\"breadcrumb\":{\"@id\":\"https:\\\/\\\/skin-heal.com\\\/product\\\/ellanse-m-2x1ml\\\/#breadcrumb\"},\"inLanguage\":\"es\",\"potentialAction\":[{\"@type\":\"ReadAction\",\"target\":[\"https:\\\/\\\/skin-heal.com\\\/product\\\/ellanse-m-2x1ml\\\/\"]}]},{\"@type\":\"ImageObject\",\"inLanguage\":\"es\",\"@id\":\"https:\\\/\\\/skin-heal.com\\\/product\\\/ellanse-m-2x1ml\\\/#primaryimage\",\"url\":\"https:\\\/\\\/skin-heal.com\\\/wp-content\\\/uploads\\\/2018\\\/11\\\/Ellanse-M.jpg\",\"contentUrl\":\"https:\\\/\\\/skin-heal.com\\\/wp-content\\\/uploads\\\/2018\\\/11\\\/Ellanse-M.jpg\",\"width\":600,\"height\":600,\"caption\":\"Ellanse M\"},{\"@type\":\"BreadcrumbList\",\"@id\":\"https:\\\/\\\/skin-heal.com\\\/product\\\/ellanse-m-2x1ml\\\/#breadcrumb\",\"itemListElement\":[{\"@type\":\"ListItem\",\"position\":1,\"name\":\"Home\",\"item\":\"https:\\\/\\\/skin-heal.com\\\/\"},{\"@type\":\"ListItem\",\"position\":2,\"name\":\"Store\",\"item\":\"https:\\\/\\\/skin-heal.com\\\/store\\\/\"},{\"@type\":\"ListItem\",\"position\":3,\"name\":\"Ellanse M (2x1ml)\"}]},{\"@type\":\"WebSite\",\"@id\":\"https:\\\/\\\/skin-heal.com\\\/#website\",\"url\":\"https:\\\/\\\/skin-heal.com\\\/\",\"name\":\"Skin Heal\",\"description\":\"Lowest Prices for Dermal Fillers\",\"potentialAction\":[{\"@type\":\"SearchAction\",\"target\":{\"@type\":\"EntryPoint\",\"urlTemplate\":\"https:\\\/\\\/skin-heal.com\\\/?s={search_term_string}\"},\"query-input\":{\"@type\":\"PropertyValueSpecification\",\"valueRequired\":true,\"valueName\":\"search_term_string\"}}],\"inLanguage\":\"es\"}]}<\/script>\n<!-- \/ Yoast SEO plugin. -->","yoast_head_json":{"title":"Ellanse M (2x1ml) - Skin Heal","description":"Ellanse M es un relleno de PCL que corrige las arrugas finas, mejora el contorno, a\u00f1ade volumen a la piel y estimula la producci\u00f3n de col\u00e1geno. Sus efectos duran 2 a\u00f1os.","robots":{"index":"index","follow":"follow","max-snippet":"max-snippet:-1","max-image-preview":"max-image-preview:large","max-video-preview":"max-video-preview:-1"},"canonical":"https:\/\/skin-heal.com\/es\/producto\/ellanse-m-2x1ml\/","og_locale":"es_MX","og_type":"article","og_title":"Ellanse M (2x1ml) - Skin Heal","og_description":"Ellanse M is a PCL filler that corrects fine wrinkles, improves contour, adds volume to the skin and boosts collagen production. Effects last 2 years.","og_url":"https:\/\/skin-heal.com\/es\/producto\/ellanse-m-2x1ml\/","og_site_name":"Skin Heal","article_modified_time":"2020-04-16T13:24:16+00:00","og_image":[{"width":600,"height":600,"url":"https:\/\/cdn.skin-heal.com\/wp-content\/uploads\/2018\/11\/Ellanse-M.jpg","type":"image\/jpeg"}],"twitter_card":"summary_large_image","twitter_misc":{"Tiempo de lectura":"1 minuto"},"schema":{"@context":"https:\/\/schema.org","@graph":[{"@type":"WebPage","@id":"https:\/\/skin-heal.com\/product\/ellanse-m-2x1ml\/","url":"https:\/\/skin-heal.com\/product\/ellanse-m-2x1ml\/","name":"Ellanse M (2x1ml) - Skin Heal","isPartOf":{"@id":"https:\/\/skin-heal.com\/#website"},"primaryImageOfPage":{"@id":"https:\/\/skin-heal.com\/product\/ellanse-m-2x1ml\/#primaryimage"},"image":{"@id":"https:\/\/skin-heal.com\/product\/ellanse-m-2x1ml\/#primaryimage"},"thumbnailUrl":"https:\/\/cdn.skin-heal.com\/wp-content\/uploads\/2018\/11\/Ellanse-M.jpg","datePublished":"2018-11-27T16:41:56+00:00","dateModified":"2020-04-16T13:24:16+00:00","description":"Ellanse M es un relleno de PCL que corrige las arrugas finas, mejora el contorno, a\u00f1ade volumen a la piel y estimula la producci\u00f3n de col\u00e1geno. Sus efectos duran 2 a\u00f1os.","breadcrumb":{"@id":"https:\/\/skin-heal.com\/product\/ellanse-m-2x1ml\/#breadcrumb"},"inLanguage":"es","potentialAction":[{"@type":"ReadAction","target":["https:\/\/skin-heal.com\/product\/ellanse-m-2x1ml\/"]}]},{"@type":"ImageObject","inLanguage":"es","@id":"https:\/\/skin-heal.com\/product\/ellanse-m-2x1ml\/#primaryimage","url":"https:\/\/cdn.skin-heal.com\/wp-content\/uploads\/2018\/11\/Ellanse-M.jpg","contentUrl":"https:\/\/cdn.skin-heal.com\/wp-content\/uploads\/2018\/11\/Ellanse-M.jpg","width":600,"height":600,"caption":"Ellanse M"},{"@type":"BreadcrumbList","@id":"https:\/\/skin-heal.com\/product\/ellanse-m-2x1ml\/#breadcrumb","itemListElement":[{"@type":"ListItem","position":1,"name":"Home","item":"https:\/\/skin-heal.com\/"},{"@type":"ListItem","position":2,"name":"Store","item":"https:\/\/skin-heal.com\/store\/"},{"@type":"ListItem","position":3,"name":"Ellanse M (2x1ml)"}]},{"@type":"WebSite","@id":"https:\/\/skin-heal.com\/#website","url":"https:\/\/skin-heal.com\/","name":"Curaci\u00f3n de la piel","description":"Los precios m\u00e1s bajos para los rellenos d\u00e9rmicos","potentialAction":[{"@type":"SearchAction","target":{"@type":"EntryPoint","urlTemplate":"https:\/\/skin-heal.com\/?s={search_term_string}"},"query-input":{"@type":"PropertyValueSpecification","valueRequired":true,"valueName":"search_term_string"}}],"inLanguage":"es"}]}},"_links":{"self":[{"href":"https:\/\/skin-heal.com\/es\/wp-json\/wp\/v2\/product\/845","targetHints":{"allow":["GET"]}}],"collection":[{"href":"https:\/\/skin-heal.com\/es\/wp-json\/wp\/v2\/product"}],"about":[{"href":"https:\/\/skin-heal.com\/es\/wp-json\/wp\/v2\/types\/product"}],"wp:featuredmedia":[{"embeddable":true,"href":"https:\/\/skin-heal.com\/es\/wp-json\/wp\/v2\/media\/850"}],"wp:attachment":[{"href":"https:\/\/skin-heal.com\/es\/wp-json\/wp\/v2\/media?parent=845"}],"wp:term":[{"taxonomy":"product_brand","embeddable":true,"href":"https:\/\/skin-heal.com\/es\/wp-json\/wp\/v2\/product_brand?post=845"},{"taxonomy":"product_cat","embeddable":true,"href":"https:\/\/skin-heal.com\/es\/wp-json\/wp\/v2\/product_cat?post=845"},{"taxonomy":"product_tag","embeddable":true,"href":"https:\/\/skin-heal.com\/es\/wp-json\/wp\/v2\/product_tag?post=845"}],"curies":[{"name":"wp","href":"https:\/\/api.w.org\/{rel}","templated":true}]}}