{"id":846,"date":"2018-11-27T16:41:54","date_gmt":"2018-11-27T16:41:54","guid":{"rendered":"https:\/\/skin-heal.com\/?post_type=product&#038;p=846"},"modified":"2020-04-16T13:24:16","modified_gmt":"2020-04-16T13:24:16","slug":"ellanse-l-2x1ml","status":"publish","type":"product","link":"https:\/\/skin-heal.com\/es\/producto\/ellanse-l-2x1ml\/","title":{"rendered":"Ellanse L (2x1ml)"},"content":{"rendered":"<p><strong>\u00bfCu\u00e1ntas sesiones antes de que se noten los resultados?<\/strong><\/p>\n<p>Ellanse L es un producto de rejuvenecimiento cosm\u00e9tico tan eficaz que s\u00f3lo se necesita una sesi\u00f3n de tratamiento para que sus propiedades surtan efecto y los resultados sean visibles. Junto con el hecho de que tiene una durabilidad de hasta 24 meses, este producto constituye una soluci\u00f3n de inyecci\u00f3n de relleno mucho m\u00e1s rentable. El producto se inyecta normalmente en la subdermis y tiene una doble acci\u00f3n. Ofrece un efecto inmediato de elevaci\u00f3n y relleno y, posteriormente, cuando los niveles de producci\u00f3n natural de col\u00e1geno aumentan, la piel:<\/p>\n<ul>\n<li>Consigue un suave brillo natural<\/li>\n<li>Se hidrata mejor<\/li>\n<li>Parece m\u00e1s joven y saludable<\/li>\n<\/ul>\n<p><strong>Efectos secundarios<\/strong><\/p>\n<p>Todos los tratamientos de inyecci\u00f3n, independientemente de lo avanzados o seguros que sean, vienen con una lista de posibles efectos secundarios. En el caso de Ellanse L, esta lista es bastante corta y s\u00f3lo presenta reacciones desagradables como hematomas, hinchaz\u00f3n y enrojecimiento alrededor de los puntos de inyecci\u00f3n. Estas reacciones, sin embargo, desaparecen unas horas o d\u00edas despu\u00e9s del tratamiento. Las microesferas de PCL utilizadas en la producci\u00f3n de este relleno cut\u00e1neo de f\u00e1cil aplicaci\u00f3n para el paciente son biocompatibles con el cuerpo humano. Aun as\u00ed, para obtener mejores resultados despu\u00e9s del procedimiento de inyecci\u00f3n, se recomienda a los pacientes que eviten el ejercicio y las duchas calientes durante el primer d\u00eda despu\u00e9s del tratamiento y que protejan su piel del sol y de las luces ultravioletas durante una semana despu\u00e9s del procedimiento.<\/p>","protected":false},"excerpt":{"rendered":"<p>Fabricado por Aqtis Medical, Ellanse L es un nuevo y prometedor tipo de relleno d\u00e9rmico de calidad. Tiene una longevidad excepcional que puede durar hasta 3 a\u00f1os y est\u00e1 compuesto por dos ingredientes clave: policaprolactona y carboximetilcelulosa. Gracias a ello, no s\u00f3lo puede aplicarse en varias zonas de tratamiento, sino que tambi\u00e9n puede hacer que la piel suba varios pelda\u00f1os en su producci\u00f3n de col\u00e1geno.<\/p>","protected":false},"featured_media":849,"template":"","meta":[],"product_brand":[],"product_cat":[79,41,63],"product_tag":[],"class_list":{"0":"post-846","1":"product","2":"type-product","3":"status-publish","4":"has-post-thumbnail","6":"product_cat-dermal-fillers","7":"product_cat-ellanse","8":"product_cat-sinclair","9":"clearfix","11":"first","12":"outofstock","13":"taxable","14":"shipping-taxable","15":"purchasable","16":"product-type-simple"},"yoast_head":"<!-- This site is optimized with the Yoast SEO plugin v27.3 - https:\/\/yoast.com\/product\/yoast-seo-wordpress\/ -->\n<title>Ellanse L (2x1ml) - Skin Heal<\/title>\n<meta name=\"description\" content=\"Ellanse L is a trusted skin filler that offers both instant and continuous results lasting up to 3 years. The PCL in it stimulates collagen production.\" \/>\n<meta name=\"robots\" content=\"index, follow, max-snippet:-1, max-image-preview:large, max-video-preview:-1\" \/>\n<link rel=\"canonical\" href=\"https:\/\/skin-heal.com\/es\/producto\/ellanse-l-2x1ml\/\" \/>\n<meta property=\"og:locale\" content=\"es_MX\" \/>\n<meta property=\"og:type\" content=\"article\" \/>\n<meta property=\"og:title\" content=\"Ellanse L (2x1ml) - Skin Heal\" \/>\n<meta property=\"og:description\" content=\"Ellanse L is a trusted skin filler that offers both instant and continuous results lasting up to 3 years. The PCL in it stimulates collagen production.\" \/>\n<meta property=\"og:url\" content=\"https:\/\/skin-heal.com\/es\/producto\/ellanse-l-2x1ml\/\" \/>\n<meta property=\"og:site_name\" content=\"Skin Heal\" \/>\n<meta property=\"article:modified_time\" content=\"2020-04-16T13:24:16+00:00\" \/>\n<meta property=\"og:image\" content=\"https:\/\/cdn.skin-heal.com\/wp-content\/uploads\/2018\/11\/Ellanse-L.jpg\" \/>\n\t<meta property=\"og:image:width\" content=\"600\" \/>\n\t<meta property=\"og:image:height\" content=\"600\" \/>\n\t<meta property=\"og:image:type\" content=\"image\/jpeg\" \/>\n<meta name=\"twitter:card\" content=\"summary_large_image\" \/>\n<meta name=\"twitter:label1\" content=\"Tiempo de lectura\" \/>\n\t<meta name=\"twitter:data1\" content=\"1 minuto\" \/>\n<script type=\"application\/ld+json\" class=\"yoast-schema-graph\">{\"@context\":\"https:\\\/\\\/schema.org\",\"@graph\":[{\"@type\":\"WebPage\",\"@id\":\"https:\\\/\\\/skin-heal.com\\\/product\\\/ellanse-l-2x1ml\\\/\",\"url\":\"https:\\\/\\\/skin-heal.com\\\/product\\\/ellanse-l-2x1ml\\\/\",\"name\":\"Ellanse L (2x1ml) - Skin Heal\",\"isPartOf\":{\"@id\":\"https:\\\/\\\/skin-heal.com\\\/#website\"},\"primaryImageOfPage\":{\"@id\":\"https:\\\/\\\/skin-heal.com\\\/product\\\/ellanse-l-2x1ml\\\/#primaryimage\"},\"image\":{\"@id\":\"https:\\\/\\\/skin-heal.com\\\/product\\\/ellanse-l-2x1ml\\\/#primaryimage\"},\"thumbnailUrl\":\"https:\\\/\\\/skin-heal.com\\\/wp-content\\\/uploads\\\/2018\\\/11\\\/Ellanse-L.jpg\",\"datePublished\":\"2018-11-27T16:41:54+00:00\",\"dateModified\":\"2020-04-16T13:24:16+00:00\",\"description\":\"Ellanse L is a trusted skin filler that offers both instant and continuous results lasting up to 3 years. The PCL in it stimulates collagen production.\",\"breadcrumb\":{\"@id\":\"https:\\\/\\\/skin-heal.com\\\/product\\\/ellanse-l-2x1ml\\\/#breadcrumb\"},\"inLanguage\":\"es\",\"potentialAction\":[{\"@type\":\"ReadAction\",\"target\":[\"https:\\\/\\\/skin-heal.com\\\/product\\\/ellanse-l-2x1ml\\\/\"]}]},{\"@type\":\"ImageObject\",\"inLanguage\":\"es\",\"@id\":\"https:\\\/\\\/skin-heal.com\\\/product\\\/ellanse-l-2x1ml\\\/#primaryimage\",\"url\":\"https:\\\/\\\/skin-heal.com\\\/wp-content\\\/uploads\\\/2018\\\/11\\\/Ellanse-L.jpg\",\"contentUrl\":\"https:\\\/\\\/skin-heal.com\\\/wp-content\\\/uploads\\\/2018\\\/11\\\/Ellanse-L.jpg\",\"width\":600,\"height\":600,\"caption\":\"Ellanse L\"},{\"@type\":\"BreadcrumbList\",\"@id\":\"https:\\\/\\\/skin-heal.com\\\/product\\\/ellanse-l-2x1ml\\\/#breadcrumb\",\"itemListElement\":[{\"@type\":\"ListItem\",\"position\":1,\"name\":\"Home\",\"item\":\"https:\\\/\\\/skin-heal.com\\\/\"},{\"@type\":\"ListItem\",\"position\":2,\"name\":\"Store\",\"item\":\"https:\\\/\\\/skin-heal.com\\\/store\\\/\"},{\"@type\":\"ListItem\",\"position\":3,\"name\":\"Ellanse L (2x1ml)\"}]},{\"@type\":\"WebSite\",\"@id\":\"https:\\\/\\\/skin-heal.com\\\/#website\",\"url\":\"https:\\\/\\\/skin-heal.com\\\/\",\"name\":\"Skin Heal\",\"description\":\"Lowest Prices for Dermal Fillers\",\"potentialAction\":[{\"@type\":\"SearchAction\",\"target\":{\"@type\":\"EntryPoint\",\"urlTemplate\":\"https:\\\/\\\/skin-heal.com\\\/?s={search_term_string}\"},\"query-input\":{\"@type\":\"PropertyValueSpecification\",\"valueRequired\":true,\"valueName\":\"search_term_string\"}}],\"inLanguage\":\"es\"}]}<\/script>\n<!-- \/ Yoast SEO plugin. -->","yoast_head_json":{"title":"Ellanse L (2x1ml) - Skin Heal","description":"Ellanse L es un relleno cut\u00e1neo de confianza que ofrece tanto resultados instant\u00e1neos como continuos que duran hasta 3 a\u00f1os. El PCL que contiene estimula la producci\u00f3n de col\u00e1geno.","robots":{"index":"index","follow":"follow","max-snippet":"max-snippet:-1","max-image-preview":"max-image-preview:large","max-video-preview":"max-video-preview:-1"},"canonical":"https:\/\/skin-heal.com\/es\/producto\/ellanse-l-2x1ml\/","og_locale":"es_MX","og_type":"article","og_title":"Ellanse L (2x1ml) - Skin Heal","og_description":"Ellanse L is a trusted skin filler that offers both instant and continuous results lasting up to 3 years. The PCL in it stimulates collagen production.","og_url":"https:\/\/skin-heal.com\/es\/producto\/ellanse-l-2x1ml\/","og_site_name":"Skin Heal","article_modified_time":"2020-04-16T13:24:16+00:00","og_image":[{"width":600,"height":600,"url":"https:\/\/cdn.skin-heal.com\/wp-content\/uploads\/2018\/11\/Ellanse-L.jpg","type":"image\/jpeg"}],"twitter_card":"summary_large_image","twitter_misc":{"Tiempo de lectura":"1 minuto"},"schema":{"@context":"https:\/\/schema.org","@graph":[{"@type":"WebPage","@id":"https:\/\/skin-heal.com\/product\/ellanse-l-2x1ml\/","url":"https:\/\/skin-heal.com\/product\/ellanse-l-2x1ml\/","name":"Ellanse L (2x1ml) - Skin Heal","isPartOf":{"@id":"https:\/\/skin-heal.com\/#website"},"primaryImageOfPage":{"@id":"https:\/\/skin-heal.com\/product\/ellanse-l-2x1ml\/#primaryimage"},"image":{"@id":"https:\/\/skin-heal.com\/product\/ellanse-l-2x1ml\/#primaryimage"},"thumbnailUrl":"https:\/\/cdn.skin-heal.com\/wp-content\/uploads\/2018\/11\/Ellanse-L.jpg","datePublished":"2018-11-27T16:41:54+00:00","dateModified":"2020-04-16T13:24:16+00:00","description":"Ellanse L es un relleno cut\u00e1neo de confianza que ofrece tanto resultados instant\u00e1neos como continuos que duran hasta 3 a\u00f1os. El PCL que contiene estimula la producci\u00f3n de col\u00e1geno.","breadcrumb":{"@id":"https:\/\/skin-heal.com\/product\/ellanse-l-2x1ml\/#breadcrumb"},"inLanguage":"es","potentialAction":[{"@type":"ReadAction","target":["https:\/\/skin-heal.com\/product\/ellanse-l-2x1ml\/"]}]},{"@type":"ImageObject","inLanguage":"es","@id":"https:\/\/skin-heal.com\/product\/ellanse-l-2x1ml\/#primaryimage","url":"https:\/\/cdn.skin-heal.com\/wp-content\/uploads\/2018\/11\/Ellanse-L.jpg","contentUrl":"https:\/\/cdn.skin-heal.com\/wp-content\/uploads\/2018\/11\/Ellanse-L.jpg","width":600,"height":600,"caption":"Ellanse L"},{"@type":"BreadcrumbList","@id":"https:\/\/skin-heal.com\/product\/ellanse-l-2x1ml\/#breadcrumb","itemListElement":[{"@type":"ListItem","position":1,"name":"Home","item":"https:\/\/skin-heal.com\/"},{"@type":"ListItem","position":2,"name":"Store","item":"https:\/\/skin-heal.com\/store\/"},{"@type":"ListItem","position":3,"name":"Ellanse L (2x1ml)"}]},{"@type":"WebSite","@id":"https:\/\/skin-heal.com\/#website","url":"https:\/\/skin-heal.com\/","name":"Curaci\u00f3n de la piel","description":"Los precios m\u00e1s bajos para los rellenos d\u00e9rmicos","potentialAction":[{"@type":"SearchAction","target":{"@type":"EntryPoint","urlTemplate":"https:\/\/skin-heal.com\/?s={search_term_string}"},"query-input":{"@type":"PropertyValueSpecification","valueRequired":true,"valueName":"search_term_string"}}],"inLanguage":"es"}]}},"_links":{"self":[{"href":"https:\/\/skin-heal.com\/es\/wp-json\/wp\/v2\/product\/846","targetHints":{"allow":["GET"]}}],"collection":[{"href":"https:\/\/skin-heal.com\/es\/wp-json\/wp\/v2\/product"}],"about":[{"href":"https:\/\/skin-heal.com\/es\/wp-json\/wp\/v2\/types\/product"}],"wp:featuredmedia":[{"embeddable":true,"href":"https:\/\/skin-heal.com\/es\/wp-json\/wp\/v2\/media\/849"}],"wp:attachment":[{"href":"https:\/\/skin-heal.com\/es\/wp-json\/wp\/v2\/media?parent=846"}],"wp:term":[{"taxonomy":"product_brand","embeddable":true,"href":"https:\/\/skin-heal.com\/es\/wp-json\/wp\/v2\/product_brand?post=846"},{"taxonomy":"product_cat","embeddable":true,"href":"https:\/\/skin-heal.com\/es\/wp-json\/wp\/v2\/product_cat?post=846"},{"taxonomy":"product_tag","embeddable":true,"href":"https:\/\/skin-heal.com\/es\/wp-json\/wp\/v2\/product_tag?post=846"}],"curies":[{"name":"wp","href":"https:\/\/api.w.org\/{rel}","templated":true}]}}