{"id":847,"date":"2018-11-27T16:41:51","date_gmt":"2018-11-27T16:41:51","guid":{"rendered":"https:\/\/skin-heal.com\/?post_type=product&#038;p=847"},"modified":"2020-04-16T13:24:16","modified_gmt":"2020-04-16T13:24:16","slug":"ellanse-e-2x1ml","status":"publish","type":"product","link":"https:\/\/skin-heal.com\/es\/producto\/ellanse-e-2x1ml\/","title":{"rendered":"Ellanse E (2x1ml)"},"content":{"rendered":"<p><strong>Beneficios de Ellanse E sobre los rellenos de HA<\/strong><\/p>\n<p>La mayor\u00eda de los otros rellenos d\u00e9rmicos de tipo profesional que se pueden comprar hoy en d\u00eda est\u00e1n basados en el \u00e1cido hialur\u00f3nico. Ellanse E es un tipo de producto totalmente diferente, ya que uno de sus principales componentes es una sustancia conocida como PCL o policaprolactona. Se presenta en forma de microesferas y su biocompatibilidad con el cuerpo humano est\u00e1 garantizada. Gracias a este ingrediente clave, este producto tiene varias ventajas sobre los rellenos de HA est\u00e1ndar:<\/p>\n<ul>\n<li><strong>M\u00e1s duraci\u00f3n<\/strong> - Algunos de los productos de HA m\u00e1s duraderos duran entre 12 y 18 meses como m\u00e1ximo, mientras que esta soluci\u00f3n de PCL tiene una longevidad de 4 a\u00f1os.<\/li>\n<li><strong>M\u00e1s asequible<\/strong> - Dado que los pacientes necesitan un tratamiento cada 4 a\u00f1os en lugar de cada pocos meses, es tambi\u00e9n la opci\u00f3n m\u00e1s econ\u00f3mica de las dos.<\/li>\n<li><strong>Un impulso de col\u00e1geno<\/strong> - El \u00e1cido hialur\u00f3nico no puede fomentar la producci\u00f3n de col\u00e1geno, pero el PCL s\u00ed.<\/li>\n<li><strong>Menos efectos secundarios<\/strong> - Ambas categor\u00edas de productos pueden presentar reacciones no deseadas raras y no perjudiciales, pero los que contienen policaprolactona no provocan efectos secundarios retardados causados por la hipersensibilidad.<\/li>\n<li><strong>Multifuncional<\/strong> - Rellena las arrugas, remodela el contorno, da a la piel un brillo suave y juvenil, etc.<\/li>\n<li><strong>Mayor precisi\u00f3n<\/strong> - Este relleno de tejidos blandos a base de PCL no migra, a diferencia de la mayor\u00eda de los inyectables de HA.<\/li>\n<\/ul>","protected":false},"excerpt":{"rendered":"<p>Ellanse E es el relleno de tejidos blandos m\u00e1s duradero de la l\u00ednea Ellanse de Aqtis Medical de implantes d\u00e9rmicos de alta pureza. Los efectos despu\u00e9s de un solo tratamiento de inyecci\u00f3n tienen una longevidad de 4 a\u00f1os. Y es que este producto es un regalo que sigue dando. Como su composici\u00f3n incluye microesferas de PCL, tiene la capacidad de reponer la producci\u00f3n de col\u00e1geno. Por lo tanto, proporciona excelentes beneficios a corto y largo plazo a los pacientes.<\/p>","protected":false},"featured_media":848,"template":"","meta":[],"product_brand":[],"product_cat":[79,41,63],"product_tag":[],"class_list":{"0":"post-847","1":"product","2":"type-product","3":"status-publish","4":"has-post-thumbnail","6":"product_cat-dermal-fillers","7":"product_cat-ellanse","8":"product_cat-sinclair","9":"clearfix","11":"first","12":"outofstock","13":"taxable","14":"shipping-taxable","15":"purchasable","16":"product-type-simple"},"yoast_head":"<!-- This site is optimized with the Yoast SEO plugin v27.3 - https:\/\/yoast.com\/product\/yoast-seo-wordpress\/ -->\n<title>Ellanse E (2x1ml) - Skin Heal<\/title>\n<meta name=\"description\" content=\"Ellanse E is one of the most durable dermal fillers. It corrects wrinkles, adds volume and defines contour. The PCL helps maintain results for 4 years.\" \/>\n<meta name=\"robots\" content=\"index, follow, max-snippet:-1, max-image-preview:large, max-video-preview:-1\" \/>\n<link rel=\"canonical\" href=\"https:\/\/skin-heal.com\/es\/producto\/ellanse-e-2x1ml\/\" \/>\n<meta property=\"og:locale\" content=\"es_MX\" \/>\n<meta property=\"og:type\" content=\"article\" \/>\n<meta property=\"og:title\" content=\"Ellanse E (2x1ml) - Skin Heal\" \/>\n<meta property=\"og:description\" content=\"Ellanse E is one of the most durable dermal fillers. It corrects wrinkles, adds volume and defines contour. The PCL helps maintain results for 4 years.\" \/>\n<meta property=\"og:url\" content=\"https:\/\/skin-heal.com\/es\/producto\/ellanse-e-2x1ml\/\" \/>\n<meta property=\"og:site_name\" content=\"Skin Heal\" \/>\n<meta property=\"article:modified_time\" content=\"2020-04-16T13:24:16+00:00\" \/>\n<meta property=\"og:image\" content=\"https:\/\/cdn.skin-heal.com\/wp-content\/uploads\/2018\/11\/Ellanse-E.jpg\" \/>\n\t<meta property=\"og:image:width\" content=\"600\" \/>\n\t<meta property=\"og:image:height\" content=\"600\" \/>\n\t<meta property=\"og:image:type\" content=\"image\/jpeg\" \/>\n<meta name=\"twitter:card\" content=\"summary_large_image\" \/>\n<meta name=\"twitter:label1\" content=\"Tiempo de lectura\" \/>\n\t<meta name=\"twitter:data1\" content=\"1 minuto\" \/>\n<script type=\"application\/ld+json\" class=\"yoast-schema-graph\">{\"@context\":\"https:\\\/\\\/schema.org\",\"@graph\":[{\"@type\":\"WebPage\",\"@id\":\"https:\\\/\\\/skin-heal.com\\\/product\\\/ellanse-e-2x1ml\\\/\",\"url\":\"https:\\\/\\\/skin-heal.com\\\/product\\\/ellanse-e-2x1ml\\\/\",\"name\":\"Ellanse E (2x1ml) - Skin Heal\",\"isPartOf\":{\"@id\":\"https:\\\/\\\/skin-heal.com\\\/#website\"},\"primaryImageOfPage\":{\"@id\":\"https:\\\/\\\/skin-heal.com\\\/product\\\/ellanse-e-2x1ml\\\/#primaryimage\"},\"image\":{\"@id\":\"https:\\\/\\\/skin-heal.com\\\/product\\\/ellanse-e-2x1ml\\\/#primaryimage\"},\"thumbnailUrl\":\"https:\\\/\\\/skin-heal.com\\\/wp-content\\\/uploads\\\/2018\\\/11\\\/Ellanse-E.jpg\",\"datePublished\":\"2018-11-27T16:41:51+00:00\",\"dateModified\":\"2020-04-16T13:24:16+00:00\",\"description\":\"Ellanse E is one of the most durable dermal fillers. It corrects wrinkles, adds volume and defines contour. The PCL helps maintain results for 4 years.\",\"breadcrumb\":{\"@id\":\"https:\\\/\\\/skin-heal.com\\\/product\\\/ellanse-e-2x1ml\\\/#breadcrumb\"},\"inLanguage\":\"es\",\"potentialAction\":[{\"@type\":\"ReadAction\",\"target\":[\"https:\\\/\\\/skin-heal.com\\\/product\\\/ellanse-e-2x1ml\\\/\"]}]},{\"@type\":\"ImageObject\",\"inLanguage\":\"es\",\"@id\":\"https:\\\/\\\/skin-heal.com\\\/product\\\/ellanse-e-2x1ml\\\/#primaryimage\",\"url\":\"https:\\\/\\\/skin-heal.com\\\/wp-content\\\/uploads\\\/2018\\\/11\\\/Ellanse-E.jpg\",\"contentUrl\":\"https:\\\/\\\/skin-heal.com\\\/wp-content\\\/uploads\\\/2018\\\/11\\\/Ellanse-E.jpg\",\"width\":600,\"height\":600,\"caption\":\"Ellanse E\"},{\"@type\":\"BreadcrumbList\",\"@id\":\"https:\\\/\\\/skin-heal.com\\\/product\\\/ellanse-e-2x1ml\\\/#breadcrumb\",\"itemListElement\":[{\"@type\":\"ListItem\",\"position\":1,\"name\":\"Home\",\"item\":\"https:\\\/\\\/skin-heal.com\\\/\"},{\"@type\":\"ListItem\",\"position\":2,\"name\":\"Store\",\"item\":\"https:\\\/\\\/skin-heal.com\\\/store\\\/\"},{\"@type\":\"ListItem\",\"position\":3,\"name\":\"Ellanse E (2x1ml)\"}]},{\"@type\":\"WebSite\",\"@id\":\"https:\\\/\\\/skin-heal.com\\\/#website\",\"url\":\"https:\\\/\\\/skin-heal.com\\\/\",\"name\":\"Skin Heal\",\"description\":\"Lowest Prices for Dermal Fillers\",\"potentialAction\":[{\"@type\":\"SearchAction\",\"target\":{\"@type\":\"EntryPoint\",\"urlTemplate\":\"https:\\\/\\\/skin-heal.com\\\/?s={search_term_string}\"},\"query-input\":{\"@type\":\"PropertyValueSpecification\",\"valueRequired\":true,\"valueName\":\"search_term_string\"}}],\"inLanguage\":\"es\"}]}<\/script>\n<!-- \/ Yoast SEO plugin. -->","yoast_head_json":{"title":"Ellanse E (2x1ml) - Skin Heal","description":"Ellanse E es uno de los rellenos d\u00e9rmicos m\u00e1s duraderos. Corrige las arrugas, a\u00f1ade volumen y define el contorno. El PCL ayuda a mantener los resultados durante 4 a\u00f1os.","robots":{"index":"index","follow":"follow","max-snippet":"max-snippet:-1","max-image-preview":"max-image-preview:large","max-video-preview":"max-video-preview:-1"},"canonical":"https:\/\/skin-heal.com\/es\/producto\/ellanse-e-2x1ml\/","og_locale":"es_MX","og_type":"article","og_title":"Ellanse E (2x1ml) - Skin Heal","og_description":"Ellanse E is one of the most durable dermal fillers. It corrects wrinkles, adds volume and defines contour. The PCL helps maintain results for 4 years.","og_url":"https:\/\/skin-heal.com\/es\/producto\/ellanse-e-2x1ml\/","og_site_name":"Skin Heal","article_modified_time":"2020-04-16T13:24:16+00:00","og_image":[{"width":600,"height":600,"url":"https:\/\/cdn.skin-heal.com\/wp-content\/uploads\/2018\/11\/Ellanse-E.jpg","type":"image\/jpeg"}],"twitter_card":"summary_large_image","twitter_misc":{"Tiempo de lectura":"1 minuto"},"schema":{"@context":"https:\/\/schema.org","@graph":[{"@type":"WebPage","@id":"https:\/\/skin-heal.com\/product\/ellanse-e-2x1ml\/","url":"https:\/\/skin-heal.com\/product\/ellanse-e-2x1ml\/","name":"Ellanse E (2x1ml) - Skin Heal","isPartOf":{"@id":"https:\/\/skin-heal.com\/#website"},"primaryImageOfPage":{"@id":"https:\/\/skin-heal.com\/product\/ellanse-e-2x1ml\/#primaryimage"},"image":{"@id":"https:\/\/skin-heal.com\/product\/ellanse-e-2x1ml\/#primaryimage"},"thumbnailUrl":"https:\/\/cdn.skin-heal.com\/wp-content\/uploads\/2018\/11\/Ellanse-E.jpg","datePublished":"2018-11-27T16:41:51+00:00","dateModified":"2020-04-16T13:24:16+00:00","description":"Ellanse E es uno de los rellenos d\u00e9rmicos m\u00e1s duraderos. Corrige las arrugas, a\u00f1ade volumen y define el contorno. El PCL ayuda a mantener los resultados durante 4 a\u00f1os.","breadcrumb":{"@id":"https:\/\/skin-heal.com\/product\/ellanse-e-2x1ml\/#breadcrumb"},"inLanguage":"es","potentialAction":[{"@type":"ReadAction","target":["https:\/\/skin-heal.com\/product\/ellanse-e-2x1ml\/"]}]},{"@type":"ImageObject","inLanguage":"es","@id":"https:\/\/skin-heal.com\/product\/ellanse-e-2x1ml\/#primaryimage","url":"https:\/\/cdn.skin-heal.com\/wp-content\/uploads\/2018\/11\/Ellanse-E.jpg","contentUrl":"https:\/\/cdn.skin-heal.com\/wp-content\/uploads\/2018\/11\/Ellanse-E.jpg","width":600,"height":600,"caption":"Ellanse E"},{"@type":"BreadcrumbList","@id":"https:\/\/skin-heal.com\/product\/ellanse-e-2x1ml\/#breadcrumb","itemListElement":[{"@type":"ListItem","position":1,"name":"Home","item":"https:\/\/skin-heal.com\/"},{"@type":"ListItem","position":2,"name":"Store","item":"https:\/\/skin-heal.com\/store\/"},{"@type":"ListItem","position":3,"name":"Ellanse E (2x1ml)"}]},{"@type":"WebSite","@id":"https:\/\/skin-heal.com\/#website","url":"https:\/\/skin-heal.com\/","name":"Curaci\u00f3n de la piel","description":"Los precios m\u00e1s bajos para los rellenos d\u00e9rmicos","potentialAction":[{"@type":"SearchAction","target":{"@type":"EntryPoint","urlTemplate":"https:\/\/skin-heal.com\/?s={search_term_string}"},"query-input":{"@type":"PropertyValueSpecification","valueRequired":true,"valueName":"search_term_string"}}],"inLanguage":"es"}]}},"_links":{"self":[{"href":"https:\/\/skin-heal.com\/es\/wp-json\/wp\/v2\/product\/847","targetHints":{"allow":["GET"]}}],"collection":[{"href":"https:\/\/skin-heal.com\/es\/wp-json\/wp\/v2\/product"}],"about":[{"href":"https:\/\/skin-heal.com\/es\/wp-json\/wp\/v2\/types\/product"}],"wp:featuredmedia":[{"embeddable":true,"href":"https:\/\/skin-heal.com\/es\/wp-json\/wp\/v2\/media\/848"}],"wp:attachment":[{"href":"https:\/\/skin-heal.com\/es\/wp-json\/wp\/v2\/media?parent=847"}],"wp:term":[{"taxonomy":"product_brand","embeddable":true,"href":"https:\/\/skin-heal.com\/es\/wp-json\/wp\/v2\/product_brand?post=847"},{"taxonomy":"product_cat","embeddable":true,"href":"https:\/\/skin-heal.com\/es\/wp-json\/wp\/v2\/product_cat?post=847"},{"taxonomy":"product_tag","embeddable":true,"href":"https:\/\/skin-heal.com\/es\/wp-json\/wp\/v2\/product_tag?post=847"}],"curies":[{"name":"wp","href":"https:\/\/api.w.org\/{rel}","templated":true}]}}