{"id":852,"date":"2018-11-28T13:51:02","date_gmt":"2018-11-28T13:51:02","guid":{"rendered":"https:\/\/skin-heal.com\/?post_type=product&#038;p=852"},"modified":"2022-06-15T18:15:18","modified_gmt":"2022-06-15T18:15:18","slug":"pluryal-volume-1x1ml","status":"publish","type":"product","link":"https:\/\/skin-heal.com\/es\/producto\/pluryal-volume-1x1ml\/","title":{"rendered":"Volumen Plural (1x1ml)"},"content":{"rendered":"<p>Pluryal Volume es un relleno inyectable l\u00edder de MD Skin Solutions. Para su fabricaci\u00f3n, la empresa ha utilizado el llamado concepto P.R.E.M.I.U.M. Por ello, este notable producto tiene las siguientes cualidades:<\/p>\n<ul>\n<li>Puro: sin ingredientes de origen animal, bien purificado, con m\u00ednimos efectos secundarios<\/li>\n<li>Reticulado: ofrece efectos m\u00e1s duraderos (hasta 16 meses)<\/li>\n<li>El\u00e1stico: inyecci\u00f3n suave y resultados de aspecto natural<\/li>\n<li>Monof\u00e1sico: no hay migraci\u00f3n del implante<\/li>\n<li>Isot\u00f3nico: mayor compatibilidad biol\u00f3gica<\/li>\n<li>Facilidad de uso: jeringa de dise\u00f1o ergon\u00f3mico, gu\u00eda detallada del producto, respetuosa con la salud<\/li>\n<li>Resistencia maximizada: degradaci\u00f3n lenta que hace que sea m\u00e1s duradera<\/li>\n<\/ul>\n<p>Este producto tiene una concentraci\u00f3n de HA de 23mg\/ml que da al gel una textura 3D m\u00e1s densa. Gracias a ello, un tratamiento con Pluryal Volume ofrece una correcci\u00f3n uniforme de la piel. Adem\u00e1s, los rellenos de HA que se caracterizan por una mayor densidad tambi\u00e9n son m\u00e1s cohesivos y presentan un menor riesgo de migraci\u00f3n del implante.<\/p>\n<h3>\u00bfD\u00f3nde y c\u00f3mo se inyecta?<\/h3>\n<p>Existen varias t\u00e9cnicas de inyecci\u00f3n que pueden utilizarse para la aplicaci\u00f3n de este magn\u00edfico relleno d\u00e9rmico. El procedimiento debe ser realizado por un cl\u00ednico experto que sea capaz de tomar una decisi\u00f3n bien informada y profesional sobre el m\u00e9todo de inyecci\u00f3n que ofrecer\u00e1 los mejores resultados posibles. Pluryal Volume se inyecta en la dermis profunda para aumentar el ment\u00f3n, a\u00f1adir volumen a los labios y las mejillas, contornear la mand\u00edbula, remodelar la nariz, mejorar el aspecto del dorso de las manos.<\/p>","protected":false},"excerpt":{"rendered":"<p>Fabricado con \u00e1cido hialur\u00f3nico monof\u00e1sico reticulado, Pluryal Volume es un relleno d\u00e9rmico de primera calidad que se dirige a zonas como la nariz, las mejillas, los labios, la barbilla, etc. y proporciona volumen. Al restaurar la estructura del rostro afectada por el envejecimiento, proporciona inmediatamente a los pacientes un aspecto m\u00e1s juvenil durante un periodo de entre 12 y 16 meses.<\/p>","protected":false},"featured_media":861,"template":"","meta":[],"product_brand":[],"product_cat":[79,64,46],"product_tag":[125],"class_list":{"0":"post-852","1":"product","2":"type-product","3":"status-publish","4":"has-post-thumbnail","6":"product_cat-dermal-fillers","7":"product_cat-md-skin-solutions","8":"product_cat-pluryal","9":"product_tag-backorder","10":"clearfix","12":"first","13":"outofstock","14":"taxable","15":"shipping-taxable","16":"purchasable","17":"product-type-simple"},"yoast_head":"<!-- This site is optimized with the Yoast SEO plugin v27.3 - https:\/\/yoast.com\/product\/yoast-seo-wordpress\/ -->\n<title>Pluryal Volume (1x1ml) - Skin Heal<\/title>\n<meta name=\"description\" content=\"Pluryal Volume is premium-quality skin filler that is pure, elastic and made of HA. It adds volume to the skin and lips and offers natural-looking results.\" \/>\n<meta name=\"robots\" content=\"index, follow, max-snippet:-1, max-image-preview:large, max-video-preview:-1\" \/>\n<link rel=\"canonical\" href=\"https:\/\/skin-heal.com\/es\/producto\/pluryal-volume-1x1ml\/\" \/>\n<meta property=\"og:locale\" content=\"es_MX\" \/>\n<meta property=\"og:type\" content=\"article\" \/>\n<meta property=\"og:title\" content=\"Pluryal Volume (1x1ml) - Skin Heal\" \/>\n<meta property=\"og:description\" content=\"Pluryal Volume is premium-quality skin filler that is pure, elastic and made of HA. It adds volume to the skin and lips and offers natural-looking results.\" \/>\n<meta property=\"og:url\" content=\"https:\/\/skin-heal.com\/es\/producto\/pluryal-volume-1x1ml\/\" \/>\n<meta property=\"og:site_name\" content=\"Skin Heal\" \/>\n<meta property=\"article:modified_time\" content=\"2022-06-15T18:15:18+00:00\" \/>\n<meta property=\"og:image\" content=\"https:\/\/cdn.skin-heal.com\/wp-content\/uploads\/2018\/11\/Pluryal-Volume.jpg\" \/>\n\t<meta property=\"og:image:width\" content=\"500\" \/>\n\t<meta property=\"og:image:height\" content=\"500\" \/>\n\t<meta property=\"og:image:type\" content=\"image\/jpeg\" \/>\n<meta name=\"twitter:card\" content=\"summary_large_image\" \/>\n<meta name=\"twitter:label1\" content=\"Tiempo de lectura\" \/>\n\t<meta name=\"twitter:data1\" content=\"1 minuto\" \/>\n<script type=\"application\/ld+json\" class=\"yoast-schema-graph\">{\"@context\":\"https:\\\/\\\/schema.org\",\"@graph\":[{\"@type\":\"WebPage\",\"@id\":\"https:\\\/\\\/skin-heal.com\\\/product\\\/pluryal-volume-1x1ml\\\/\",\"url\":\"https:\\\/\\\/skin-heal.com\\\/product\\\/pluryal-volume-1x1ml\\\/\",\"name\":\"Pluryal Volume (1x1ml) - Skin Heal\",\"isPartOf\":{\"@id\":\"https:\\\/\\\/skin-heal.com\\\/#website\"},\"primaryImageOfPage\":{\"@id\":\"https:\\\/\\\/skin-heal.com\\\/product\\\/pluryal-volume-1x1ml\\\/#primaryimage\"},\"image\":{\"@id\":\"https:\\\/\\\/skin-heal.com\\\/product\\\/pluryal-volume-1x1ml\\\/#primaryimage\"},\"thumbnailUrl\":\"https:\\\/\\\/skin-heal.com\\\/wp-content\\\/uploads\\\/2018\\\/11\\\/Pluryal-Volume.jpg\",\"datePublished\":\"2018-11-28T13:51:02+00:00\",\"dateModified\":\"2022-06-15T18:15:18+00:00\",\"description\":\"Pluryal Volume is premium-quality skin filler that is pure, elastic and made of HA. It adds volume to the skin and lips and offers natural-looking results.\",\"breadcrumb\":{\"@id\":\"https:\\\/\\\/skin-heal.com\\\/product\\\/pluryal-volume-1x1ml\\\/#breadcrumb\"},\"inLanguage\":\"es\",\"potentialAction\":[{\"@type\":\"ReadAction\",\"target\":[\"https:\\\/\\\/skin-heal.com\\\/product\\\/pluryal-volume-1x1ml\\\/\"]}]},{\"@type\":\"ImageObject\",\"inLanguage\":\"es\",\"@id\":\"https:\\\/\\\/skin-heal.com\\\/product\\\/pluryal-volume-1x1ml\\\/#primaryimage\",\"url\":\"https:\\\/\\\/skin-heal.com\\\/wp-content\\\/uploads\\\/2018\\\/11\\\/Pluryal-Volume.jpg\",\"contentUrl\":\"https:\\\/\\\/skin-heal.com\\\/wp-content\\\/uploads\\\/2018\\\/11\\\/Pluryal-Volume.jpg\",\"width\":500,\"height\":500,\"caption\":\"Pluryal Volume\"},{\"@type\":\"BreadcrumbList\",\"@id\":\"https:\\\/\\\/skin-heal.com\\\/product\\\/pluryal-volume-1x1ml\\\/#breadcrumb\",\"itemListElement\":[{\"@type\":\"ListItem\",\"position\":1,\"name\":\"Home\",\"item\":\"https:\\\/\\\/skin-heal.com\\\/\"},{\"@type\":\"ListItem\",\"position\":2,\"name\":\"Store\",\"item\":\"https:\\\/\\\/skin-heal.com\\\/store\\\/\"},{\"@type\":\"ListItem\",\"position\":3,\"name\":\"Pluryal Volume (1x1ml)\"}]},{\"@type\":\"WebSite\",\"@id\":\"https:\\\/\\\/skin-heal.com\\\/#website\",\"url\":\"https:\\\/\\\/skin-heal.com\\\/\",\"name\":\"Skin Heal\",\"description\":\"Lowest Prices for Dermal Fillers\",\"potentialAction\":[{\"@type\":\"SearchAction\",\"target\":{\"@type\":\"EntryPoint\",\"urlTemplate\":\"https:\\\/\\\/skin-heal.com\\\/?s={search_term_string}\"},\"query-input\":{\"@type\":\"PropertyValueSpecification\",\"valueRequired\":true,\"valueName\":\"search_term_string\"}}],\"inLanguage\":\"es\"}]}<\/script>\n<!-- \/ Yoast SEO plugin. -->","yoast_head_json":{"title":"Volumen Pluryal (1x1ml) - Skin Heal","description":"Pluryal Volume es un relleno cut\u00e1neo de primera calidad, puro, el\u00e1stico y compuesto de HA. Aporta volumen a la piel y los labios y ofrece resultados de aspecto natural.","robots":{"index":"index","follow":"follow","max-snippet":"max-snippet:-1","max-image-preview":"max-image-preview:large","max-video-preview":"max-video-preview:-1"},"canonical":"https:\/\/skin-heal.com\/es\/producto\/pluryal-volume-1x1ml\/","og_locale":"es_MX","og_type":"article","og_title":"Pluryal Volume (1x1ml) - Skin Heal","og_description":"Pluryal Volume is premium-quality skin filler that is pure, elastic and made of HA. It adds volume to the skin and lips and offers natural-looking results.","og_url":"https:\/\/skin-heal.com\/es\/producto\/pluryal-volume-1x1ml\/","og_site_name":"Skin Heal","article_modified_time":"2022-06-15T18:15:18+00:00","og_image":[{"width":500,"height":500,"url":"https:\/\/cdn.skin-heal.com\/wp-content\/uploads\/2018\/11\/Pluryal-Volume.jpg","type":"image\/jpeg"}],"twitter_card":"summary_large_image","twitter_misc":{"Tiempo de lectura":"1 minuto"},"schema":{"@context":"https:\/\/schema.org","@graph":[{"@type":"WebPage","@id":"https:\/\/skin-heal.com\/product\/pluryal-volume-1x1ml\/","url":"https:\/\/skin-heal.com\/product\/pluryal-volume-1x1ml\/","name":"Volumen Pluryal (1x1ml) - Skin Heal","isPartOf":{"@id":"https:\/\/skin-heal.com\/#website"},"primaryImageOfPage":{"@id":"https:\/\/skin-heal.com\/product\/pluryal-volume-1x1ml\/#primaryimage"},"image":{"@id":"https:\/\/skin-heal.com\/product\/pluryal-volume-1x1ml\/#primaryimage"},"thumbnailUrl":"https:\/\/cdn.skin-heal.com\/wp-content\/uploads\/2018\/11\/Pluryal-Volume.jpg","datePublished":"2018-11-28T13:51:02+00:00","dateModified":"2022-06-15T18:15:18+00:00","description":"Pluryal Volume es un relleno cut\u00e1neo de primera calidad, puro, el\u00e1stico y compuesto de HA. Aporta volumen a la piel y los labios y ofrece resultados de aspecto natural.","breadcrumb":{"@id":"https:\/\/skin-heal.com\/product\/pluryal-volume-1x1ml\/#breadcrumb"},"inLanguage":"es","potentialAction":[{"@type":"ReadAction","target":["https:\/\/skin-heal.com\/product\/pluryal-volume-1x1ml\/"]}]},{"@type":"ImageObject","inLanguage":"es","@id":"https:\/\/skin-heal.com\/product\/pluryal-volume-1x1ml\/#primaryimage","url":"https:\/\/cdn.skin-heal.com\/wp-content\/uploads\/2018\/11\/Pluryal-Volume.jpg","contentUrl":"https:\/\/cdn.skin-heal.com\/wp-content\/uploads\/2018\/11\/Pluryal-Volume.jpg","width":500,"height":500,"caption":"Pluryal Volume"},{"@type":"BreadcrumbList","@id":"https:\/\/skin-heal.com\/product\/pluryal-volume-1x1ml\/#breadcrumb","itemListElement":[{"@type":"ListItem","position":1,"name":"Home","item":"https:\/\/skin-heal.com\/"},{"@type":"ListItem","position":2,"name":"Store","item":"https:\/\/skin-heal.com\/store\/"},{"@type":"ListItem","position":3,"name":"Pluryal Volume (1x1ml)"}]},{"@type":"WebSite","@id":"https:\/\/skin-heal.com\/#website","url":"https:\/\/skin-heal.com\/","name":"Curaci\u00f3n de la piel","description":"Los precios m\u00e1s bajos para los rellenos d\u00e9rmicos","potentialAction":[{"@type":"SearchAction","target":{"@type":"EntryPoint","urlTemplate":"https:\/\/skin-heal.com\/?s={search_term_string}"},"query-input":{"@type":"PropertyValueSpecification","valueRequired":true,"valueName":"search_term_string"}}],"inLanguage":"es"}]}},"_links":{"self":[{"href":"https:\/\/skin-heal.com\/es\/wp-json\/wp\/v2\/product\/852","targetHints":{"allow":["GET"]}}],"collection":[{"href":"https:\/\/skin-heal.com\/es\/wp-json\/wp\/v2\/product"}],"about":[{"href":"https:\/\/skin-heal.com\/es\/wp-json\/wp\/v2\/types\/product"}],"wp:featuredmedia":[{"embeddable":true,"href":"https:\/\/skin-heal.com\/es\/wp-json\/wp\/v2\/media\/861"}],"wp:attachment":[{"href":"https:\/\/skin-heal.com\/es\/wp-json\/wp\/v2\/media?parent=852"}],"wp:term":[{"taxonomy":"product_brand","embeddable":true,"href":"https:\/\/skin-heal.com\/es\/wp-json\/wp\/v2\/product_brand?post=852"},{"taxonomy":"product_cat","embeddable":true,"href":"https:\/\/skin-heal.com\/es\/wp-json\/wp\/v2\/product_cat?post=852"},{"taxonomy":"product_tag","embeddable":true,"href":"https:\/\/skin-heal.com\/es\/wp-json\/wp\/v2\/product_tag?post=852"}],"curies":[{"name":"wp","href":"https:\/\/api.w.org\/{rel}","templated":true}]}}