{"id":853,"date":"2018-11-28T13:50:59","date_gmt":"2018-11-28T13:50:59","guid":{"rendered":"https:\/\/skin-heal.com\/?post_type=product&#038;p=853"},"modified":"2022-06-15T18:15:18","modified_gmt":"2022-06-15T18:15:18","slug":"pluryal-classic-1x1ml","status":"publish","type":"product","link":"https:\/\/skin-heal.com\/es\/producto\/pluryal-classic-1x1ml\/","title":{"rendered":"Pluryal Classic (1x1ml)"},"content":{"rendered":"<h3>\u00bfQu\u00e9 viene en el paquete?<\/h3>\n<p>Cada paquete de Pluryal cuenta con dos jeringas de 1ml precargadas con HA que tiene una concentraci\u00f3n de 23mg\/ml. MD Skin Solutions ha hecho un excelente trabajo al dise\u00f1arlas, ya que tienen unas impresionantes propiedades ergon\u00f3micas que facilitan la inyecci\u00f3n. Tambi\u00e9n se incluyen en el paquete cuatro agujas de 27G1\/2\", etiquetas de trazabilidad y un prospecto.<\/p>\n<h3>Hidrata, corrige y refresca<\/h3>\n<p>Pluryal contiene HA reticulado de primera calidad. No es de origen animal y es biocompatible con el cuerpo humano. Este relleno cut\u00e1neo de f\u00e1cil aplicaci\u00f3n para el paciente suele inyectarse en la dermis media y tarda entre 6 y 9 meses en disolverse. Despu\u00e9s, ser\u00e1 necesario un tratamiento adicional si el paciente desea prolongar los efectos conseguidos. La particularidad del \u00e1cido hialur\u00f3nico es que ya existe en nuestro cuerpo, lo que hace que su uso para estos procedimientos de rejuvenecimiento est\u00e9tico sea extraordinariamente seguro. Adem\u00e1s, tiene las propiedades naturales de hidratar r\u00e1pidamente los tejidos blandos, corregir las fracturas de la piel (l\u00edneas y arrugas) y a\u00f1adir volumen a los labios.<\/p>\n<h3>Zonas de tratamiento recomendadas<\/h3>\n<ul>\n<li>L\u00edneas de marioneta<\/li>\n<li>L\u00ednea glabelar<\/li>\n<li>Contorno y remodelaci\u00f3n de labios<\/li>\n<li>Pliegues nasolabiales<\/li>\n<\/ul>\n<p>La longevidad de los efectos despu\u00e9s de un tratamiento con Pluryal HA filler puede variar, ya que tambi\u00e9n se ven afectados por factores como la exposici\u00f3n al sol, el estilo de vida, la gen\u00e9tica, la t\u00e9cnica de inyecci\u00f3n, etc.<\/p>","protected":false},"excerpt":{"rendered":"<p>Pluryal es un innovador relleno d\u00e9rmico fabricado por la empresa luxemburguesa MD Skin Solutions. El gel de \u00e1cido hialur\u00f3nico de alta calidad del que est\u00e1 hecho tiene el poder de dar volumen a los labios deshidratados y de eliminar las arrugas moderadas y graves. Este producto no s\u00f3lo regenera y refresca la piel tratada, sino que tambi\u00e9n combate los signos del envejecimiento como ninguna otra inyecci\u00f3n de relleno de esta categor\u00eda.<\/p>","protected":false},"featured_media":862,"template":"","meta":[],"product_brand":[],"product_cat":[79,64,46],"product_tag":[125],"class_list":{"0":"post-853","1":"product","2":"type-product","3":"status-publish","4":"has-post-thumbnail","6":"product_cat-dermal-fillers","7":"product_cat-md-skin-solutions","8":"product_cat-pluryal","9":"product_tag-backorder","10":"clearfix","12":"first","13":"outofstock","14":"taxable","15":"shipping-taxable","16":"purchasable","17":"product-type-simple"},"yoast_head":"<!-- This site is optimized with the Yoast SEO plugin v27.4 - https:\/\/yoast.com\/product\/yoast-seo-wordpress\/ -->\n<title>Pluryal Classic (1x1ml) - Skin Heal<\/title>\n<meta name=\"description\" content=\"For a durable cross-linked HA filler, order Pluryal. It regenerates and hydrates the skin and immediately corrects facial wrinkles and lip contour.\" \/>\n<meta name=\"robots\" content=\"index, follow, max-snippet:-1, max-image-preview:large, max-video-preview:-1\" \/>\n<link rel=\"canonical\" href=\"https:\/\/skin-heal.com\/es\/producto\/pluryal-classic-1x1ml\/\" \/>\n<meta property=\"og:locale\" content=\"es_MX\" \/>\n<meta property=\"og:type\" content=\"article\" \/>\n<meta property=\"og:title\" content=\"Pluryal Classic (1x1ml) - Skin Heal\" \/>\n<meta property=\"og:description\" content=\"For a durable cross-linked HA filler, order Pluryal. It regenerates and hydrates the skin and immediately corrects facial wrinkles and lip contour.\" \/>\n<meta property=\"og:url\" content=\"https:\/\/skin-heal.com\/es\/producto\/pluryal-classic-1x1ml\/\" \/>\n<meta property=\"og:site_name\" content=\"Skin Heal\" \/>\n<meta property=\"article:modified_time\" content=\"2022-06-15T18:15:18+00:00\" \/>\n<meta property=\"og:image\" content=\"https:\/\/cdn.skin-heal.com\/wp-content\/uploads\/2018\/11\/Pluryal-Classic.jpg\" \/>\n\t<meta property=\"og:image:width\" content=\"500\" \/>\n\t<meta property=\"og:image:height\" content=\"500\" \/>\n\t<meta property=\"og:image:type\" content=\"image\/jpeg\" \/>\n<meta name=\"twitter:card\" content=\"summary_large_image\" \/>\n<meta name=\"twitter:label1\" content=\"Tiempo de lectura\" \/>\n\t<meta name=\"twitter:data1\" content=\"1 minuto\" \/>\n<script type=\"application\/ld+json\" class=\"yoast-schema-graph\">{\"@context\":\"https:\\\/\\\/schema.org\",\"@graph\":[{\"@type\":\"WebPage\",\"@id\":\"https:\\\/\\\/skin-heal.com\\\/product\\\/pluryal-classic-1x1ml\\\/\",\"url\":\"https:\\\/\\\/skin-heal.com\\\/product\\\/pluryal-classic-1x1ml\\\/\",\"name\":\"Pluryal Classic (1x1ml) - Skin Heal\",\"isPartOf\":{\"@id\":\"https:\\\/\\\/skin-heal.com\\\/#website\"},\"primaryImageOfPage\":{\"@id\":\"https:\\\/\\\/skin-heal.com\\\/product\\\/pluryal-classic-1x1ml\\\/#primaryimage\"},\"image\":{\"@id\":\"https:\\\/\\\/skin-heal.com\\\/product\\\/pluryal-classic-1x1ml\\\/#primaryimage\"},\"thumbnailUrl\":\"https:\\\/\\\/skin-heal.com\\\/wp-content\\\/uploads\\\/2018\\\/11\\\/Pluryal-Classic.jpg\",\"datePublished\":\"2018-11-28T13:50:59+00:00\",\"dateModified\":\"2022-06-15T18:15:18+00:00\",\"description\":\"For a durable cross-linked HA filler, order Pluryal. It regenerates and hydrates the skin and immediately corrects facial wrinkles and lip contour.\",\"breadcrumb\":{\"@id\":\"https:\\\/\\\/skin-heal.com\\\/product\\\/pluryal-classic-1x1ml\\\/#breadcrumb\"},\"inLanguage\":\"es\",\"potentialAction\":[{\"@type\":\"ReadAction\",\"target\":[\"https:\\\/\\\/skin-heal.com\\\/product\\\/pluryal-classic-1x1ml\\\/\"]}]},{\"@type\":\"ImageObject\",\"inLanguage\":\"es\",\"@id\":\"https:\\\/\\\/skin-heal.com\\\/product\\\/pluryal-classic-1x1ml\\\/#primaryimage\",\"url\":\"https:\\\/\\\/skin-heal.com\\\/wp-content\\\/uploads\\\/2018\\\/11\\\/Pluryal-Classic.jpg\",\"contentUrl\":\"https:\\\/\\\/skin-heal.com\\\/wp-content\\\/uploads\\\/2018\\\/11\\\/Pluryal-Classic.jpg\",\"width\":500,\"height\":500,\"caption\":\"Pluryal Classic\"},{\"@type\":\"BreadcrumbList\",\"@id\":\"https:\\\/\\\/skin-heal.com\\\/product\\\/pluryal-classic-1x1ml\\\/#breadcrumb\",\"itemListElement\":[{\"@type\":\"ListItem\",\"position\":1,\"name\":\"Home\",\"item\":\"https:\\\/\\\/skin-heal.com\\\/\"},{\"@type\":\"ListItem\",\"position\":2,\"name\":\"Store\",\"item\":\"https:\\\/\\\/skin-heal.com\\\/store\\\/\"},{\"@type\":\"ListItem\",\"position\":3,\"name\":\"Pluryal Classic (1x1ml)\"}]},{\"@type\":\"WebSite\",\"@id\":\"https:\\\/\\\/skin-heal.com\\\/#website\",\"url\":\"https:\\\/\\\/skin-heal.com\\\/\",\"name\":\"Skin Heal\",\"description\":\"Lowest Prices for Dermal Fillers\",\"potentialAction\":[{\"@type\":\"SearchAction\",\"target\":{\"@type\":\"EntryPoint\",\"urlTemplate\":\"https:\\\/\\\/skin-heal.com\\\/?s={search_term_string}\"},\"query-input\":{\"@type\":\"PropertyValueSpecification\",\"valueRequired\":true,\"valueName\":\"search_term_string\"}}],\"inLanguage\":\"es\"}]}<\/script>\n<!-- \/ Yoast SEO plugin. -->","yoast_head_json":{"title":"Pluryal Classic (1x1ml) - Piel sana","description":"Si desea un relleno de HA reticulado duradero, solicite Pluryal. Regenera e hidrata la piel y corrige inmediatamente las arrugas faciales y el contorno de los labios.","robots":{"index":"index","follow":"follow","max-snippet":"max-snippet:-1","max-image-preview":"max-image-preview:large","max-video-preview":"max-video-preview:-1"},"canonical":"https:\/\/skin-heal.com\/es\/producto\/pluryal-classic-1x1ml\/","og_locale":"es_MX","og_type":"article","og_title":"Pluryal Classic (1x1ml) - Skin Heal","og_description":"For a durable cross-linked HA filler, order Pluryal. It regenerates and hydrates the skin and immediately corrects facial wrinkles and lip contour.","og_url":"https:\/\/skin-heal.com\/es\/producto\/pluryal-classic-1x1ml\/","og_site_name":"Skin Heal","article_modified_time":"2022-06-15T18:15:18+00:00","og_image":[{"width":500,"height":500,"url":"https:\/\/cdn.skin-heal.com\/wp-content\/uploads\/2018\/11\/Pluryal-Classic.jpg","type":"image\/jpeg"}],"twitter_card":"summary_large_image","twitter_misc":{"Tiempo de lectura":"1 minuto"},"schema":{"@context":"https:\/\/schema.org","@graph":[{"@type":"WebPage","@id":"https:\/\/skin-heal.com\/product\/pluryal-classic-1x1ml\/","url":"https:\/\/skin-heal.com\/product\/pluryal-classic-1x1ml\/","name":"Pluryal Classic (1x1ml) - Piel sana","isPartOf":{"@id":"https:\/\/skin-heal.com\/#website"},"primaryImageOfPage":{"@id":"https:\/\/skin-heal.com\/product\/pluryal-classic-1x1ml\/#primaryimage"},"image":{"@id":"https:\/\/skin-heal.com\/product\/pluryal-classic-1x1ml\/#primaryimage"},"thumbnailUrl":"https:\/\/cdn.skin-heal.com\/wp-content\/uploads\/2018\/11\/Pluryal-Classic.jpg","datePublished":"2018-11-28T13:50:59+00:00","dateModified":"2022-06-15T18:15:18+00:00","description":"Si desea un relleno de HA reticulado duradero, solicite Pluryal. Regenera e hidrata la piel y corrige inmediatamente las arrugas faciales y el contorno de los labios.","breadcrumb":{"@id":"https:\/\/skin-heal.com\/product\/pluryal-classic-1x1ml\/#breadcrumb"},"inLanguage":"es","potentialAction":[{"@type":"ReadAction","target":["https:\/\/skin-heal.com\/product\/pluryal-classic-1x1ml\/"]}]},{"@type":"ImageObject","inLanguage":"es","@id":"https:\/\/skin-heal.com\/product\/pluryal-classic-1x1ml\/#primaryimage","url":"https:\/\/cdn.skin-heal.com\/wp-content\/uploads\/2018\/11\/Pluryal-Classic.jpg","contentUrl":"https:\/\/cdn.skin-heal.com\/wp-content\/uploads\/2018\/11\/Pluryal-Classic.jpg","width":500,"height":500,"caption":"Pluryal Classic"},{"@type":"BreadcrumbList","@id":"https:\/\/skin-heal.com\/product\/pluryal-classic-1x1ml\/#breadcrumb","itemListElement":[{"@type":"ListItem","position":1,"name":"Home","item":"https:\/\/skin-heal.com\/"},{"@type":"ListItem","position":2,"name":"Store","item":"https:\/\/skin-heal.com\/store\/"},{"@type":"ListItem","position":3,"name":"Pluryal Classic (1x1ml)"}]},{"@type":"WebSite","@id":"https:\/\/skin-heal.com\/#website","url":"https:\/\/skin-heal.com\/","name":"Curaci\u00f3n de la piel","description":"Los precios m\u00e1s bajos para los rellenos d\u00e9rmicos","potentialAction":[{"@type":"SearchAction","target":{"@type":"EntryPoint","urlTemplate":"https:\/\/skin-heal.com\/?s={search_term_string}"},"query-input":{"@type":"PropertyValueSpecification","valueRequired":true,"valueName":"search_term_string"}}],"inLanguage":"es"}]}},"_links":{"self":[{"href":"https:\/\/skin-heal.com\/es\/wp-json\/wp\/v2\/product\/853","targetHints":{"allow":["GET"]}}],"collection":[{"href":"https:\/\/skin-heal.com\/es\/wp-json\/wp\/v2\/product"}],"about":[{"href":"https:\/\/skin-heal.com\/es\/wp-json\/wp\/v2\/types\/product"}],"wp:featuredmedia":[{"embeddable":true,"href":"https:\/\/skin-heal.com\/es\/wp-json\/wp\/v2\/media\/862"}],"wp:attachment":[{"href":"https:\/\/skin-heal.com\/es\/wp-json\/wp\/v2\/media?parent=853"}],"wp:term":[{"taxonomy":"product_brand","embeddable":true,"href":"https:\/\/skin-heal.com\/es\/wp-json\/wp\/v2\/product_brand?post=853"},{"taxonomy":"product_cat","embeddable":true,"href":"https:\/\/skin-heal.com\/es\/wp-json\/wp\/v2\/product_cat?post=853"},{"taxonomy":"product_tag","embeddable":true,"href":"https:\/\/skin-heal.com\/es\/wp-json\/wp\/v2\/product_tag?post=853"}],"curies":[{"name":"wp","href":"https:\/\/api.w.org\/{rel}","templated":true}]}}