{"id":854,"date":"2018-11-28T13:57:29","date_gmt":"2018-11-28T13:57:29","guid":{"rendered":"https:\/\/skin-heal.com\/?post_type=product&#038;p=854"},"modified":"2020-04-16T13:11:10","modified_gmt":"2020-04-16T13:11:10","slug":"pluryal-meso-i-3x5ml","status":"publish","type":"product","link":"https:\/\/skin-heal.com\/es\/producto\/pluryal-meso-i-3x5ml\/","title":{"rendered":"Pluryal Meso I (3x5ml)"},"content":{"rendered":"<h3>\u00bfQu\u00e9 contiene Pluryal Meso 1?<\/h3>\n<p>Pluryal Meso 1 es un producto inyectable que tiene como dos componentes principales el \u00e1cido hialur\u00f3nico (AH) y los amino\u00e1cidos. Ambos son completamente seguros y ser\u00e1n absorbidos y disueltos por el cuerpo con el tiempo (varias semanas o meses). La funci\u00f3n del AH es rellenar los pliegues de la piel (l\u00edneas y arrugas) causados por el proceso natural de envejecimiento, el sol o los da\u00f1os causados por el sol, etc. Esta sustancia tambi\u00e9n puede hidratar los tejidos blandos y proporcionar una hidrataci\u00f3n duradera de la piel. Los amino\u00e1cidos, por su parte, act\u00faan en profundidad en la dermis repar\u00e1ndola y reestructur\u00e1ndola. El resultado es una piel con mayor elasticidad y firmeza.<\/p>\n<h3>Ingredientes b\u00e1sicos<\/h3>\n<ul>\n<li>Sal s\u00f3dica del \u00e1cido hialur\u00f3nico<\/li>\n<li>Amino\u00e1cidos (clorhidrato de L-lisina, L-valina, L-ciste\u00edna, L-serina, L-isoleucina, L-leucina, L-prolina, L-alanina)<\/li>\n<li>Glicina<\/li>\n<li>Agua<\/li>\n<li>Bicarbonato de sodio<\/li>\n<\/ul>\n<p>Este producto de mesoterapia purificada est\u00e1 dise\u00f1ado espec\u00edficamente para tratar a los pacientes que tienen una piel da\u00f1ada por el sol o envejecida. El tratamiento est\u00e1ndar con Pluryal Meso 1 consta de 3 etapas diferentes:<\/p>\n<ol>\n<li>Etapa inicial - 4 sesiones de inyecci\u00f3n (una por semana)<\/li>\n<li>Segunda etapa - 2 sesiones de inyecci\u00f3n (una al mes)<\/li>\n<li>Etapa final - 1 sesi\u00f3n de inyecciones cada 2 a 6 meses para mantener los resultados<\/li>\n<\/ol>","protected":false},"excerpt":{"rendered":"<p>Pluryal Meso 1 es un producto de mesoterapia fiable que se utiliza como soluci\u00f3n de rejuvenecimiento e hidrataci\u00f3n de la piel. Contiene una combinaci\u00f3n ganadora de \u00e1cido hialur\u00f3nico de alta calidad y amino\u00e1cidos. Cuando se inyecta en la piel, hidrata, regenera y revitaliza r\u00e1pidamente el tejido blando y elimina las l\u00edneas finas y las arrugas superficiales. De este modo, el paciente adquiere un aspecto m\u00e1s joven y resplandeciente.<\/p>","protected":false},"featured_media":858,"template":"","meta":[],"product_brand":[],"product_cat":[64,80,46],"product_tag":[],"class_list":{"0":"post-854","1":"product","2":"type-product","3":"status-publish","4":"has-post-thumbnail","6":"product_cat-md-skin-solutions","7":"product_cat-mesotherapy","8":"product_cat-pluryal","9":"clearfix","11":"first","12":"outofstock","13":"taxable","14":"shipping-taxable","15":"purchasable","16":"product-type-simple"},"yoast_head":"<!-- This site is optimized with the Yoast SEO plugin v27.3 - https:\/\/yoast.com\/product\/yoast-seo-wordpress\/ -->\n<title>Pluryal Meso I (3x5ml) - Skin Heal<\/title>\n<meta name=\"description\" content=\"Pluryal Meso 1 is a high-standard mesotherapy product that delivers a fast skin hydration and rejuvenation and smooths fine lines and wrinkles on the face.\" \/>\n<meta name=\"robots\" content=\"index, follow, max-snippet:-1, max-image-preview:large, max-video-preview:-1\" \/>\n<link rel=\"canonical\" href=\"https:\/\/skin-heal.com\/es\/producto\/pluryal-meso-i-3x5ml\/\" \/>\n<meta property=\"og:locale\" content=\"es_MX\" \/>\n<meta property=\"og:type\" content=\"article\" \/>\n<meta property=\"og:title\" content=\"Pluryal Meso I (3x5ml) - Skin Heal\" \/>\n<meta property=\"og:description\" content=\"Pluryal Meso 1 is a high-standard mesotherapy product that delivers a fast skin hydration and rejuvenation and smooths fine lines and wrinkles on the face.\" \/>\n<meta property=\"og:url\" content=\"https:\/\/skin-heal.com\/es\/producto\/pluryal-meso-i-3x5ml\/\" \/>\n<meta property=\"og:site_name\" content=\"Skin Heal\" \/>\n<meta property=\"article:modified_time\" content=\"2020-04-16T13:11:10+00:00\" \/>\n<meta property=\"og:image\" content=\"https:\/\/cdn.skin-heal.com\/wp-content\/uploads\/2018\/11\/Pluryal-Meso-I.jpg\" \/>\n\t<meta property=\"og:image:width\" content=\"500\" \/>\n\t<meta property=\"og:image:height\" content=\"500\" \/>\n\t<meta property=\"og:image:type\" content=\"image\/jpeg\" \/>\n<meta name=\"twitter:card\" content=\"summary_large_image\" \/>\n<meta name=\"twitter:label1\" content=\"Tiempo de lectura\" \/>\n\t<meta name=\"twitter:data1\" content=\"1 minuto\" \/>\n<script type=\"application\/ld+json\" class=\"yoast-schema-graph\">{\"@context\":\"https:\\\/\\\/schema.org\",\"@graph\":[{\"@type\":\"WebPage\",\"@id\":\"https:\\\/\\\/skin-heal.com\\\/product\\\/pluryal-meso-i-3x5ml\\\/\",\"url\":\"https:\\\/\\\/skin-heal.com\\\/product\\\/pluryal-meso-i-3x5ml\\\/\",\"name\":\"Pluryal Meso I (3x5ml) - Skin Heal\",\"isPartOf\":{\"@id\":\"https:\\\/\\\/skin-heal.com\\\/#website\"},\"primaryImageOfPage\":{\"@id\":\"https:\\\/\\\/skin-heal.com\\\/product\\\/pluryal-meso-i-3x5ml\\\/#primaryimage\"},\"image\":{\"@id\":\"https:\\\/\\\/skin-heal.com\\\/product\\\/pluryal-meso-i-3x5ml\\\/#primaryimage\"},\"thumbnailUrl\":\"https:\\\/\\\/skin-heal.com\\\/wp-content\\\/uploads\\\/2018\\\/11\\\/Pluryal-Meso-I.jpg\",\"datePublished\":\"2018-11-28T13:57:29+00:00\",\"dateModified\":\"2020-04-16T13:11:10+00:00\",\"description\":\"Pluryal Meso 1 is a high-standard mesotherapy product that delivers a fast skin hydration and rejuvenation and smooths fine lines and wrinkles on the face.\",\"breadcrumb\":{\"@id\":\"https:\\\/\\\/skin-heal.com\\\/product\\\/pluryal-meso-i-3x5ml\\\/#breadcrumb\"},\"inLanguage\":\"es\",\"potentialAction\":[{\"@type\":\"ReadAction\",\"target\":[\"https:\\\/\\\/skin-heal.com\\\/product\\\/pluryal-meso-i-3x5ml\\\/\"]}]},{\"@type\":\"ImageObject\",\"inLanguage\":\"es\",\"@id\":\"https:\\\/\\\/skin-heal.com\\\/product\\\/pluryal-meso-i-3x5ml\\\/#primaryimage\",\"url\":\"https:\\\/\\\/skin-heal.com\\\/wp-content\\\/uploads\\\/2018\\\/11\\\/Pluryal-Meso-I.jpg\",\"contentUrl\":\"https:\\\/\\\/skin-heal.com\\\/wp-content\\\/uploads\\\/2018\\\/11\\\/Pluryal-Meso-I.jpg\",\"width\":500,\"height\":500,\"caption\":\"Pluryal Meso I\"},{\"@type\":\"BreadcrumbList\",\"@id\":\"https:\\\/\\\/skin-heal.com\\\/product\\\/pluryal-meso-i-3x5ml\\\/#breadcrumb\",\"itemListElement\":[{\"@type\":\"ListItem\",\"position\":1,\"name\":\"Home\",\"item\":\"https:\\\/\\\/skin-heal.com\\\/\"},{\"@type\":\"ListItem\",\"position\":2,\"name\":\"Store\",\"item\":\"https:\\\/\\\/skin-heal.com\\\/store\\\/\"},{\"@type\":\"ListItem\",\"position\":3,\"name\":\"Pluryal Meso I (3x5ml)\"}]},{\"@type\":\"WebSite\",\"@id\":\"https:\\\/\\\/skin-heal.com\\\/#website\",\"url\":\"https:\\\/\\\/skin-heal.com\\\/\",\"name\":\"Skin Heal\",\"description\":\"Lowest Prices for Dermal Fillers\",\"potentialAction\":[{\"@type\":\"SearchAction\",\"target\":{\"@type\":\"EntryPoint\",\"urlTemplate\":\"https:\\\/\\\/skin-heal.com\\\/?s={search_term_string}\"},\"query-input\":{\"@type\":\"PropertyValueSpecification\",\"valueRequired\":true,\"valueName\":\"search_term_string\"}}],\"inLanguage\":\"es\"}]}<\/script>\n<!-- \/ Yoast SEO plugin. -->","yoast_head_json":{"title":"Pluryal Meso I (3x5ml) - Skin Heal","description":"Pluryal Meso 1 es un producto de mesoterapia de alto nivel que proporciona una r\u00e1pida hidrataci\u00f3n y rejuvenecimiento de la piel y alisa las l\u00edneas finas y arrugas del rostro.","robots":{"index":"index","follow":"follow","max-snippet":"max-snippet:-1","max-image-preview":"max-image-preview:large","max-video-preview":"max-video-preview:-1"},"canonical":"https:\/\/skin-heal.com\/es\/producto\/pluryal-meso-i-3x5ml\/","og_locale":"es_MX","og_type":"article","og_title":"Pluryal Meso I (3x5ml) - Skin Heal","og_description":"Pluryal Meso 1 is a high-standard mesotherapy product that delivers a fast skin hydration and rejuvenation and smooths fine lines and wrinkles on the face.","og_url":"https:\/\/skin-heal.com\/es\/producto\/pluryal-meso-i-3x5ml\/","og_site_name":"Skin Heal","article_modified_time":"2020-04-16T13:11:10+00:00","og_image":[{"width":500,"height":500,"url":"https:\/\/cdn.skin-heal.com\/wp-content\/uploads\/2018\/11\/Pluryal-Meso-I.jpg","type":"image\/jpeg"}],"twitter_card":"summary_large_image","twitter_misc":{"Tiempo de lectura":"1 minuto"},"schema":{"@context":"https:\/\/schema.org","@graph":[{"@type":"WebPage","@id":"https:\/\/skin-heal.com\/product\/pluryal-meso-i-3x5ml\/","url":"https:\/\/skin-heal.com\/product\/pluryal-meso-i-3x5ml\/","name":"Pluryal Meso I (3x5ml) - Skin Heal","isPartOf":{"@id":"https:\/\/skin-heal.com\/#website"},"primaryImageOfPage":{"@id":"https:\/\/skin-heal.com\/product\/pluryal-meso-i-3x5ml\/#primaryimage"},"image":{"@id":"https:\/\/skin-heal.com\/product\/pluryal-meso-i-3x5ml\/#primaryimage"},"thumbnailUrl":"https:\/\/cdn.skin-heal.com\/wp-content\/uploads\/2018\/11\/Pluryal-Meso-I.jpg","datePublished":"2018-11-28T13:57:29+00:00","dateModified":"2020-04-16T13:11:10+00:00","description":"Pluryal Meso 1 es un producto de mesoterapia de alto nivel que proporciona una r\u00e1pida hidrataci\u00f3n y rejuvenecimiento de la piel y alisa las l\u00edneas finas y arrugas del rostro.","breadcrumb":{"@id":"https:\/\/skin-heal.com\/product\/pluryal-meso-i-3x5ml\/#breadcrumb"},"inLanguage":"es","potentialAction":[{"@type":"ReadAction","target":["https:\/\/skin-heal.com\/product\/pluryal-meso-i-3x5ml\/"]}]},{"@type":"ImageObject","inLanguage":"es","@id":"https:\/\/skin-heal.com\/product\/pluryal-meso-i-3x5ml\/#primaryimage","url":"https:\/\/cdn.skin-heal.com\/wp-content\/uploads\/2018\/11\/Pluryal-Meso-I.jpg","contentUrl":"https:\/\/cdn.skin-heal.com\/wp-content\/uploads\/2018\/11\/Pluryal-Meso-I.jpg","width":500,"height":500,"caption":"Pluryal Meso I"},{"@type":"BreadcrumbList","@id":"https:\/\/skin-heal.com\/product\/pluryal-meso-i-3x5ml\/#breadcrumb","itemListElement":[{"@type":"ListItem","position":1,"name":"Home","item":"https:\/\/skin-heal.com\/"},{"@type":"ListItem","position":2,"name":"Store","item":"https:\/\/skin-heal.com\/store\/"},{"@type":"ListItem","position":3,"name":"Pluryal Meso I (3x5ml)"}]},{"@type":"WebSite","@id":"https:\/\/skin-heal.com\/#website","url":"https:\/\/skin-heal.com\/","name":"Curaci\u00f3n de la piel","description":"Los precios m\u00e1s bajos para los rellenos d\u00e9rmicos","potentialAction":[{"@type":"SearchAction","target":{"@type":"EntryPoint","urlTemplate":"https:\/\/skin-heal.com\/?s={search_term_string}"},"query-input":{"@type":"PropertyValueSpecification","valueRequired":true,"valueName":"search_term_string"}}],"inLanguage":"es"}]}},"_links":{"self":[{"href":"https:\/\/skin-heal.com\/es\/wp-json\/wp\/v2\/product\/854","targetHints":{"allow":["GET"]}}],"collection":[{"href":"https:\/\/skin-heal.com\/es\/wp-json\/wp\/v2\/product"}],"about":[{"href":"https:\/\/skin-heal.com\/es\/wp-json\/wp\/v2\/types\/product"}],"wp:featuredmedia":[{"embeddable":true,"href":"https:\/\/skin-heal.com\/es\/wp-json\/wp\/v2\/media\/858"}],"wp:attachment":[{"href":"https:\/\/skin-heal.com\/es\/wp-json\/wp\/v2\/media?parent=854"}],"wp:term":[{"taxonomy":"product_brand","embeddable":true,"href":"https:\/\/skin-heal.com\/es\/wp-json\/wp\/v2\/product_brand?post=854"},{"taxonomy":"product_cat","embeddable":true,"href":"https:\/\/skin-heal.com\/es\/wp-json\/wp\/v2\/product_cat?post=854"},{"taxonomy":"product_tag","embeddable":true,"href":"https:\/\/skin-heal.com\/es\/wp-json\/wp\/v2\/product_tag?post=854"}],"curies":[{"name":"wp","href":"https:\/\/api.w.org\/{rel}","templated":true}]}}