{"id":855,"date":"2018-11-28T13:51:20","date_gmt":"2018-11-28T13:51:20","guid":{"rendered":"https:\/\/skin-heal.com\/?post_type=product&#038;p=855"},"modified":"2020-04-16T13:11:10","modified_gmt":"2020-04-16T13:11:10","slug":"pluryal-booster-1x1ml","status":"publish","type":"product","link":"https:\/\/skin-heal.com\/es\/producto\/pluryal-booster-1x1ml\/","title":{"rendered":"Pluryal Booster (1x1ml)"},"content":{"rendered":"<ul>\n<li>Composici\u00f3n: \u00c1cido hialur\u00f3nico (monof\u00e1sico, reticulado)<\/li>\n<li>Durabilidad: 3-4 meses<\/li>\n<li>T\u00e9cnica de esterilizaci\u00f3n - por Glicerol<\/li>\n<li>Acci\u00f3n - hidrata, densifica, refresca y revitaliza la piel<\/li>\n<li>Peso molecular - 3 millones de Daltons<\/li>\n<li>Pluryal Boosters vs Pluryal rellenos d\u00e9rmicos<\/li>\n<\/ul>\n<p>Los productos de refuerzo de la piel y de relleno inyectable de esta marca tienen algunas cosas en com\u00fan: est\u00e1n basados en HA y se administran en la piel mediante una inyecci\u00f3n. Sin embargo, su funcionamiento no es id\u00e9ntico. Los rellenos cut\u00e1neos pueden eliminar arrugas y l\u00edneas de diferente intensidad, as\u00ed como contornear y esculpir el rostro. En cambio, Pluryal Booster s\u00f3lo puede corregir las l\u00edneas superficiales. Puede que esto no suene muy impresionante al principio, pero este producto tiene un arma secreta: sus propiedades antioxidantes. Gracias a ellas, estimula con \u00e9xito la piel para restaurar sus niveles de hidrataci\u00f3n y mejorar su textura.<\/p>\n<h3>Tratamiento y \u00e1reas de tratamiento<\/h3>\n<p>Pluryal Booster proporciona resultados inmediatos. El tratamiento en s\u00ed consta de varios cursos. El primero se compone de 3 sesiones realizadas 3 semanas dentro de otra. Despu\u00e9s de 3-4 meses, los pacientes pueden necesitar un tratamiento de mantenimiento. El procedimiento de inyecci\u00f3n dura menos de media hora y ofrece una soluci\u00f3n r\u00e1pida para problemas est\u00e9ticos como:<\/p>\n<ul>\n<li>Cicatrices de acn\u00e9<\/li>\n<li>Piel deshidratada<\/li>\n<li>L\u00edneas y arrugas superficiales<\/li>\n<li>P\u00e9rdida de estructura, brillo, densidad y\/o firmeza de la piel<\/li>\n<li>Poros dilatados<\/li>\n<\/ul>","protected":false},"excerpt":{"rendered":"<p>Pluryal Booster es un producto excepcional para el rejuvenecimiento de la piel que contiene \u00e1cido hialur\u00f3nico, pero no debe confundirse con un relleno d\u00e9rmico. Se trata de un tratamiento inyectable que combina el poder del AH y los antioxidantes para restaurar el hidroequilibrio natural de la piel, su brillo, su aspecto juvenil, su densidad y su estructura. Adem\u00e1s, este producto es actualmente el mejor potenciador de la piel del mercado porque es incre\u00edblemente seguro, f\u00e1cil de usar y duradero.<\/p>","protected":false},"featured_media":860,"template":"","meta":[],"product_brand":[],"product_cat":[64,80,46],"product_tag":[],"class_list":{"0":"post-855","1":"product","2":"type-product","3":"status-publish","4":"has-post-thumbnail","6":"product_cat-md-skin-solutions","7":"product_cat-mesotherapy","8":"product_cat-pluryal","9":"clearfix","11":"first","12":"outofstock","13":"taxable","14":"shipping-taxable","15":"purchasable","16":"product-type-simple"},"yoast_head":"<!-- This site is optimized with the Yoast SEO plugin v27.3 - https:\/\/yoast.com\/product\/yoast-seo-wordpress\/ -->\n<title>Pluryal Booster (1x1ml) - Skin Heal<\/title>\n<meta name=\"description\" content=\"Pluryal Booster is an HA-based antioxidant skin booster that restores the structure and hydro-balance of the face and lips, corrects fine lines and more.\" \/>\n<meta name=\"robots\" content=\"index, follow, max-snippet:-1, max-image-preview:large, max-video-preview:-1\" \/>\n<link rel=\"canonical\" href=\"https:\/\/skin-heal.com\/es\/producto\/pluryal-booster-1x1ml\/\" \/>\n<meta property=\"og:locale\" content=\"es_MX\" \/>\n<meta property=\"og:type\" content=\"article\" \/>\n<meta property=\"og:title\" content=\"Pluryal Booster (1x1ml) - Skin Heal\" \/>\n<meta property=\"og:description\" content=\"Pluryal Booster is an HA-based antioxidant skin booster that restores the structure and hydro-balance of the face and lips, corrects fine lines and more.\" \/>\n<meta property=\"og:url\" content=\"https:\/\/skin-heal.com\/es\/producto\/pluryal-booster-1x1ml\/\" \/>\n<meta property=\"og:site_name\" content=\"Skin Heal\" \/>\n<meta property=\"article:modified_time\" content=\"2020-04-16T13:11:10+00:00\" \/>\n<meta property=\"og:image\" content=\"https:\/\/cdn.skin-heal.com\/wp-content\/uploads\/2018\/11\/Pluryal-Booster-1.jpg\" \/>\n\t<meta property=\"og:image:width\" content=\"500\" \/>\n\t<meta property=\"og:image:height\" content=\"500\" \/>\n\t<meta property=\"og:image:type\" content=\"image\/jpeg\" \/>\n<meta name=\"twitter:card\" content=\"summary_large_image\" \/>\n<meta name=\"twitter:label1\" content=\"Tiempo de lectura\" \/>\n\t<meta name=\"twitter:data1\" content=\"1 minuto\" \/>\n<script type=\"application\/ld+json\" class=\"yoast-schema-graph\">{\"@context\":\"https:\\\/\\\/schema.org\",\"@graph\":[{\"@type\":\"WebPage\",\"@id\":\"https:\\\/\\\/skin-heal.com\\\/product\\\/pluryal-booster-1x1ml\\\/\",\"url\":\"https:\\\/\\\/skin-heal.com\\\/product\\\/pluryal-booster-1x1ml\\\/\",\"name\":\"Pluryal Booster (1x1ml) - Skin Heal\",\"isPartOf\":{\"@id\":\"https:\\\/\\\/skin-heal.com\\\/#website\"},\"primaryImageOfPage\":{\"@id\":\"https:\\\/\\\/skin-heal.com\\\/product\\\/pluryal-booster-1x1ml\\\/#primaryimage\"},\"image\":{\"@id\":\"https:\\\/\\\/skin-heal.com\\\/product\\\/pluryal-booster-1x1ml\\\/#primaryimage\"},\"thumbnailUrl\":\"https:\\\/\\\/skin-heal.com\\\/wp-content\\\/uploads\\\/2018\\\/11\\\/Pluryal-Booster-1.jpg\",\"datePublished\":\"2018-11-28T13:51:20+00:00\",\"dateModified\":\"2020-04-16T13:11:10+00:00\",\"description\":\"Pluryal Booster is an HA-based antioxidant skin booster that restores the structure and hydro-balance of the face and lips, corrects fine lines and more.\",\"breadcrumb\":{\"@id\":\"https:\\\/\\\/skin-heal.com\\\/product\\\/pluryal-booster-1x1ml\\\/#breadcrumb\"},\"inLanguage\":\"es\",\"potentialAction\":[{\"@type\":\"ReadAction\",\"target\":[\"https:\\\/\\\/skin-heal.com\\\/product\\\/pluryal-booster-1x1ml\\\/\"]}]},{\"@type\":\"ImageObject\",\"inLanguage\":\"es\",\"@id\":\"https:\\\/\\\/skin-heal.com\\\/product\\\/pluryal-booster-1x1ml\\\/#primaryimage\",\"url\":\"https:\\\/\\\/skin-heal.com\\\/wp-content\\\/uploads\\\/2018\\\/11\\\/Pluryal-Booster-1.jpg\",\"contentUrl\":\"https:\\\/\\\/skin-heal.com\\\/wp-content\\\/uploads\\\/2018\\\/11\\\/Pluryal-Booster-1.jpg\",\"width\":500,\"height\":500,\"caption\":\"Pluryal Booster\"},{\"@type\":\"BreadcrumbList\",\"@id\":\"https:\\\/\\\/skin-heal.com\\\/product\\\/pluryal-booster-1x1ml\\\/#breadcrumb\",\"itemListElement\":[{\"@type\":\"ListItem\",\"position\":1,\"name\":\"Home\",\"item\":\"https:\\\/\\\/skin-heal.com\\\/\"},{\"@type\":\"ListItem\",\"position\":2,\"name\":\"Store\",\"item\":\"https:\\\/\\\/skin-heal.com\\\/store\\\/\"},{\"@type\":\"ListItem\",\"position\":3,\"name\":\"Pluryal Booster (1x1ml)\"}]},{\"@type\":\"WebSite\",\"@id\":\"https:\\\/\\\/skin-heal.com\\\/#website\",\"url\":\"https:\\\/\\\/skin-heal.com\\\/\",\"name\":\"Skin Heal\",\"description\":\"Lowest Prices for Dermal Fillers\",\"potentialAction\":[{\"@type\":\"SearchAction\",\"target\":{\"@type\":\"EntryPoint\",\"urlTemplate\":\"https:\\\/\\\/skin-heal.com\\\/?s={search_term_string}\"},\"query-input\":{\"@type\":\"PropertyValueSpecification\",\"valueRequired\":true,\"valueName\":\"search_term_string\"}}],\"inLanguage\":\"es\"}]}<\/script>\n<!-- \/ Yoast SEO plugin. -->","yoast_head_json":{"title":"Pluryal Booster (1x1ml) - Skin Heal","description":"Pluryal Booster es un potenciador antioxidante de la piel a base de HA que restaura la estructura y el hidroequilibrio del rostro y los labios, corrige las l\u00edneas de expresi\u00f3n y mucho m\u00e1s.","robots":{"index":"index","follow":"follow","max-snippet":"max-snippet:-1","max-image-preview":"max-image-preview:large","max-video-preview":"max-video-preview:-1"},"canonical":"https:\/\/skin-heal.com\/es\/producto\/pluryal-booster-1x1ml\/","og_locale":"es_MX","og_type":"article","og_title":"Pluryal Booster (1x1ml) - Skin Heal","og_description":"Pluryal Booster is an HA-based antioxidant skin booster that restores the structure and hydro-balance of the face and lips, corrects fine lines and more.","og_url":"https:\/\/skin-heal.com\/es\/producto\/pluryal-booster-1x1ml\/","og_site_name":"Skin Heal","article_modified_time":"2020-04-16T13:11:10+00:00","og_image":[{"width":500,"height":500,"url":"https:\/\/cdn.skin-heal.com\/wp-content\/uploads\/2018\/11\/Pluryal-Booster-1.jpg","type":"image\/jpeg"}],"twitter_card":"summary_large_image","twitter_misc":{"Tiempo de lectura":"1 minuto"},"schema":{"@context":"https:\/\/schema.org","@graph":[{"@type":"WebPage","@id":"https:\/\/skin-heal.com\/product\/pluryal-booster-1x1ml\/","url":"https:\/\/skin-heal.com\/product\/pluryal-booster-1x1ml\/","name":"Pluryal Booster (1x1ml) - Skin Heal","isPartOf":{"@id":"https:\/\/skin-heal.com\/#website"},"primaryImageOfPage":{"@id":"https:\/\/skin-heal.com\/product\/pluryal-booster-1x1ml\/#primaryimage"},"image":{"@id":"https:\/\/skin-heal.com\/product\/pluryal-booster-1x1ml\/#primaryimage"},"thumbnailUrl":"https:\/\/cdn.skin-heal.com\/wp-content\/uploads\/2018\/11\/Pluryal-Booster-1.jpg","datePublished":"2018-11-28T13:51:20+00:00","dateModified":"2020-04-16T13:11:10+00:00","description":"Pluryal Booster es un potenciador antioxidante de la piel a base de HA que restaura la estructura y el hidroequilibrio del rostro y los labios, corrige las l\u00edneas de expresi\u00f3n y mucho m\u00e1s.","breadcrumb":{"@id":"https:\/\/skin-heal.com\/product\/pluryal-booster-1x1ml\/#breadcrumb"},"inLanguage":"es","potentialAction":[{"@type":"ReadAction","target":["https:\/\/skin-heal.com\/product\/pluryal-booster-1x1ml\/"]}]},{"@type":"ImageObject","inLanguage":"es","@id":"https:\/\/skin-heal.com\/product\/pluryal-booster-1x1ml\/#primaryimage","url":"https:\/\/cdn.skin-heal.com\/wp-content\/uploads\/2018\/11\/Pluryal-Booster-1.jpg","contentUrl":"https:\/\/cdn.skin-heal.com\/wp-content\/uploads\/2018\/11\/Pluryal-Booster-1.jpg","width":500,"height":500,"caption":"Pluryal Booster"},{"@type":"BreadcrumbList","@id":"https:\/\/skin-heal.com\/product\/pluryal-booster-1x1ml\/#breadcrumb","itemListElement":[{"@type":"ListItem","position":1,"name":"Home","item":"https:\/\/skin-heal.com\/"},{"@type":"ListItem","position":2,"name":"Store","item":"https:\/\/skin-heal.com\/store\/"},{"@type":"ListItem","position":3,"name":"Pluryal Booster (1x1ml)"}]},{"@type":"WebSite","@id":"https:\/\/skin-heal.com\/#website","url":"https:\/\/skin-heal.com\/","name":"Curaci\u00f3n de la piel","description":"Los precios m\u00e1s bajos para los rellenos d\u00e9rmicos","potentialAction":[{"@type":"SearchAction","target":{"@type":"EntryPoint","urlTemplate":"https:\/\/skin-heal.com\/?s={search_term_string}"},"query-input":{"@type":"PropertyValueSpecification","valueRequired":true,"valueName":"search_term_string"}}],"inLanguage":"es"}]}},"_links":{"self":[{"href":"https:\/\/skin-heal.com\/es\/wp-json\/wp\/v2\/product\/855","targetHints":{"allow":["GET"]}}],"collection":[{"href":"https:\/\/skin-heal.com\/es\/wp-json\/wp\/v2\/product"}],"about":[{"href":"https:\/\/skin-heal.com\/es\/wp-json\/wp\/v2\/types\/product"}],"wp:featuredmedia":[{"embeddable":true,"href":"https:\/\/skin-heal.com\/es\/wp-json\/wp\/v2\/media\/860"}],"wp:attachment":[{"href":"https:\/\/skin-heal.com\/es\/wp-json\/wp\/v2\/media?parent=855"}],"wp:term":[{"taxonomy":"product_brand","embeddable":true,"href":"https:\/\/skin-heal.com\/es\/wp-json\/wp\/v2\/product_brand?post=855"},{"taxonomy":"product_cat","embeddable":true,"href":"https:\/\/skin-heal.com\/es\/wp-json\/wp\/v2\/product_cat?post=855"},{"taxonomy":"product_tag","embeddable":true,"href":"https:\/\/skin-heal.com\/es\/wp-json\/wp\/v2\/product_tag?post=855"}],"curies":[{"name":"wp","href":"https:\/\/api.w.org\/{rel}","templated":true}]}}