{"id":856,"date":"2018-11-28T13:57:31","date_gmt":"2018-11-28T13:57:31","guid":{"rendered":"https:\/\/skin-heal.com\/?post_type=product&#038;p=856"},"modified":"2020-04-16T13:11:10","modified_gmt":"2020-04-16T13:11:10","slug":"pluryal-meso-ii-3x5ml","status":"publish","type":"product","link":"https:\/\/skin-heal.com\/es\/producto\/pluryal-meso-ii-3x5ml\/","title":{"rendered":"Pluryal Meso II (3x5ml)"},"content":{"rendered":"<p>Pluryal Meso 2 se presenta en una caja que contiene tres jeringas precargadas de 0,5 ml que contienen una soluci\u00f3n inyectable est\u00e9ril y transparente a base de varios amino\u00e1cidos diferentes, cloro, as\u00ed como HA. Gracias a esta innovadora combinaci\u00f3n, este producto puede:<\/p>\n<ul>\n<li>Tensar la piel madura (especialmente dise\u00f1ado para pacientes de m\u00e1s de 40 a\u00f1os)<\/li>\n<li>Da un brillo natural a la piel<\/li>\n<li>Proporcionar una regeneraci\u00f3n y revitalizaci\u00f3n duradera de la piel<\/li>\n<li>Mejorar la textura de la piel<\/li>\n<\/ul>\n<p>Ofrece unos resultados incre\u00edbles cuando se aplica en el rostro, pero tambi\u00e9n puede utilizarse en otras zonas como el dorso de las manos, el descolado y el cuello.<\/p>\n<h3>Programa t\u00edpico de terapia con Pluryal Meso 2<\/h3>\n<p>Durante la primera parte del tratamiento de mesoterapia, se recomienda a los pacientes que se sometan a 4 sesiones de inyecci\u00f3n (una cada semana). Despu\u00e9s, las sesiones se reducen a una al mes durante 2 meses seguidos. Para conservar los efectos de la terapia, los m\u00e9dicos pueden recomendar visitas de retoque cada pocos meses (2-6 meses).<\/p>\n<p>Dado que Pluryal Meso 2 es un producto seguro que no contiene ingredientes de origen animal y ofrece un tratamiento no invasivo y no quir\u00fargico, puede combinarse con otros procedimientos de rejuvenecimiento de la piel. Incluso cuando se utiliza como soluci\u00f3n independiente, los resultados son fant\u00e1sticos y el aspecto que se consigue es muy natural, juvenil y suave.<\/p>","protected":false},"excerpt":{"rendered":"<p>Gracias a su f\u00f3rmula pionera que contiene un complejo de amino\u00e1cidos con cloro y fragmentos de \u00e1cido hialur\u00f3nico, Pluryal Meso 2 se sit\u00faa f\u00e1cilmente entre los productos de mesoterapia m\u00e1s potentes que se pueden adquirir hoy en d\u00eda. Su objetivo: \u00a1tensar! Tensa la piel madura y puede combinarse con otros tratamientos profesionales de rejuvenecimiento cosm\u00e9tico para obtener resultados \u00f3ptimos.<\/p>","protected":false},"featured_media":857,"template":"","meta":[],"product_brand":[],"product_cat":[64,80,46],"product_tag":[],"class_list":{"0":"post-856","1":"product","2":"type-product","3":"status-publish","4":"has-post-thumbnail","6":"product_cat-md-skin-solutions","7":"product_cat-mesotherapy","8":"product_cat-pluryal","9":"clearfix","11":"first","12":"outofstock","13":"taxable","14":"shipping-taxable","15":"purchasable","16":"product-type-simple"},"yoast_head":"<!-- This site is optimized with the Yoast SEO plugin v27.4 - https:\/\/yoast.com\/product\/yoast-seo-wordpress\/ -->\n<title>Pluryal Meso II (3x5ml) - Skin Heal<\/title>\n<meta name=\"description\" content=\"Pluryal Meso 2 is a first-class mesotherapy product that tightens the skin of patients over 40 and it delivers natural-looking skin rejuvenation results.\" \/>\n<meta name=\"robots\" content=\"index, follow, max-snippet:-1, max-image-preview:large, max-video-preview:-1\" \/>\n<link rel=\"canonical\" href=\"https:\/\/skin-heal.com\/es\/producto\/pluryal-meso-ii-3x5ml\/\" \/>\n<meta property=\"og:locale\" content=\"es_MX\" \/>\n<meta property=\"og:type\" content=\"article\" \/>\n<meta property=\"og:title\" content=\"Pluryal Meso II (3x5ml) - Skin Heal\" \/>\n<meta property=\"og:description\" content=\"Pluryal Meso 2 is a first-class mesotherapy product that tightens the skin of patients over 40 and it delivers natural-looking skin rejuvenation results.\" \/>\n<meta property=\"og:url\" content=\"https:\/\/skin-heal.com\/es\/producto\/pluryal-meso-ii-3x5ml\/\" \/>\n<meta property=\"og:site_name\" content=\"Skin Heal\" \/>\n<meta property=\"article:modified_time\" content=\"2020-04-16T13:11:10+00:00\" \/>\n<meta property=\"og:image\" content=\"https:\/\/cdn.skin-heal.com\/wp-content\/uploads\/2018\/11\/Pluryal-Meso-II.jpg\" \/>\n\t<meta property=\"og:image:width\" content=\"500\" \/>\n\t<meta property=\"og:image:height\" content=\"500\" \/>\n\t<meta property=\"og:image:type\" content=\"image\/jpeg\" \/>\n<meta name=\"twitter:card\" content=\"summary_large_image\" \/>\n<meta name=\"twitter:label1\" content=\"Tiempo de lectura\" \/>\n\t<meta name=\"twitter:data1\" content=\"1 minuto\" \/>\n<script type=\"application\/ld+json\" class=\"yoast-schema-graph\">{\"@context\":\"https:\\\/\\\/schema.org\",\"@graph\":[{\"@type\":\"WebPage\",\"@id\":\"https:\\\/\\\/skin-heal.com\\\/product\\\/pluryal-meso-ii-3x5ml\\\/\",\"url\":\"https:\\\/\\\/skin-heal.com\\\/product\\\/pluryal-meso-ii-3x5ml\\\/\",\"name\":\"Pluryal Meso II (3x5ml) - Skin Heal\",\"isPartOf\":{\"@id\":\"https:\\\/\\\/skin-heal.com\\\/#website\"},\"primaryImageOfPage\":{\"@id\":\"https:\\\/\\\/skin-heal.com\\\/product\\\/pluryal-meso-ii-3x5ml\\\/#primaryimage\"},\"image\":{\"@id\":\"https:\\\/\\\/skin-heal.com\\\/product\\\/pluryal-meso-ii-3x5ml\\\/#primaryimage\"},\"thumbnailUrl\":\"https:\\\/\\\/skin-heal.com\\\/wp-content\\\/uploads\\\/2018\\\/11\\\/Pluryal-Meso-II.jpg\",\"datePublished\":\"2018-11-28T13:57:31+00:00\",\"dateModified\":\"2020-04-16T13:11:10+00:00\",\"description\":\"Pluryal Meso 2 is a first-class mesotherapy product that tightens the skin of patients over 40 and it delivers natural-looking skin rejuvenation results.\",\"breadcrumb\":{\"@id\":\"https:\\\/\\\/skin-heal.com\\\/product\\\/pluryal-meso-ii-3x5ml\\\/#breadcrumb\"},\"inLanguage\":\"es\",\"potentialAction\":[{\"@type\":\"ReadAction\",\"target\":[\"https:\\\/\\\/skin-heal.com\\\/product\\\/pluryal-meso-ii-3x5ml\\\/\"]}]},{\"@type\":\"ImageObject\",\"inLanguage\":\"es\",\"@id\":\"https:\\\/\\\/skin-heal.com\\\/product\\\/pluryal-meso-ii-3x5ml\\\/#primaryimage\",\"url\":\"https:\\\/\\\/skin-heal.com\\\/wp-content\\\/uploads\\\/2018\\\/11\\\/Pluryal-Meso-II.jpg\",\"contentUrl\":\"https:\\\/\\\/skin-heal.com\\\/wp-content\\\/uploads\\\/2018\\\/11\\\/Pluryal-Meso-II.jpg\",\"width\":500,\"height\":500,\"caption\":\"Pluryal Meso II\"},{\"@type\":\"BreadcrumbList\",\"@id\":\"https:\\\/\\\/skin-heal.com\\\/product\\\/pluryal-meso-ii-3x5ml\\\/#breadcrumb\",\"itemListElement\":[{\"@type\":\"ListItem\",\"position\":1,\"name\":\"Home\",\"item\":\"https:\\\/\\\/skin-heal.com\\\/\"},{\"@type\":\"ListItem\",\"position\":2,\"name\":\"Store\",\"item\":\"https:\\\/\\\/skin-heal.com\\\/store\\\/\"},{\"@type\":\"ListItem\",\"position\":3,\"name\":\"Pluryal Meso II (3x5ml)\"}]},{\"@type\":\"WebSite\",\"@id\":\"https:\\\/\\\/skin-heal.com\\\/#website\",\"url\":\"https:\\\/\\\/skin-heal.com\\\/\",\"name\":\"Skin Heal\",\"description\":\"Lowest Prices for Dermal Fillers\",\"potentialAction\":[{\"@type\":\"SearchAction\",\"target\":{\"@type\":\"EntryPoint\",\"urlTemplate\":\"https:\\\/\\\/skin-heal.com\\\/?s={search_term_string}\"},\"query-input\":{\"@type\":\"PropertyValueSpecification\",\"valueRequired\":true,\"valueName\":\"search_term_string\"}}],\"inLanguage\":\"es\"}]}<\/script>\n<!-- \/ Yoast SEO plugin. -->","yoast_head_json":{"title":"Pluryal Meso II (3x5ml) - Skin Heal","description":"Pluryal Meso 2 es un producto de mesoterapia de primera clase que tensa la piel de los pacientes mayores de 40 a\u00f1os y ofrece resultados de rejuvenecimiento cut\u00e1neo de aspecto natural.","robots":{"index":"index","follow":"follow","max-snippet":"max-snippet:-1","max-image-preview":"max-image-preview:large","max-video-preview":"max-video-preview:-1"},"canonical":"https:\/\/skin-heal.com\/es\/producto\/pluryal-meso-ii-3x5ml\/","og_locale":"es_MX","og_type":"article","og_title":"Pluryal Meso II (3x5ml) - Skin Heal","og_description":"Pluryal Meso 2 is a first-class mesotherapy product that tightens the skin of patients over 40 and it delivers natural-looking skin rejuvenation results.","og_url":"https:\/\/skin-heal.com\/es\/producto\/pluryal-meso-ii-3x5ml\/","og_site_name":"Skin Heal","article_modified_time":"2020-04-16T13:11:10+00:00","og_image":[{"width":500,"height":500,"url":"https:\/\/cdn.skin-heal.com\/wp-content\/uploads\/2018\/11\/Pluryal-Meso-II.jpg","type":"image\/jpeg"}],"twitter_card":"summary_large_image","twitter_misc":{"Tiempo de lectura":"1 minuto"},"schema":{"@context":"https:\/\/schema.org","@graph":[{"@type":"WebPage","@id":"https:\/\/skin-heal.com\/product\/pluryal-meso-ii-3x5ml\/","url":"https:\/\/skin-heal.com\/product\/pluryal-meso-ii-3x5ml\/","name":"Pluryal Meso II (3x5ml) - Skin Heal","isPartOf":{"@id":"https:\/\/skin-heal.com\/#website"},"primaryImageOfPage":{"@id":"https:\/\/skin-heal.com\/product\/pluryal-meso-ii-3x5ml\/#primaryimage"},"image":{"@id":"https:\/\/skin-heal.com\/product\/pluryal-meso-ii-3x5ml\/#primaryimage"},"thumbnailUrl":"https:\/\/cdn.skin-heal.com\/wp-content\/uploads\/2018\/11\/Pluryal-Meso-II.jpg","datePublished":"2018-11-28T13:57:31+00:00","dateModified":"2020-04-16T13:11:10+00:00","description":"Pluryal Meso 2 es un producto de mesoterapia de primera clase que tensa la piel de los pacientes mayores de 40 a\u00f1os y ofrece resultados de rejuvenecimiento cut\u00e1neo de aspecto natural.","breadcrumb":{"@id":"https:\/\/skin-heal.com\/product\/pluryal-meso-ii-3x5ml\/#breadcrumb"},"inLanguage":"es","potentialAction":[{"@type":"ReadAction","target":["https:\/\/skin-heal.com\/product\/pluryal-meso-ii-3x5ml\/"]}]},{"@type":"ImageObject","inLanguage":"es","@id":"https:\/\/skin-heal.com\/product\/pluryal-meso-ii-3x5ml\/#primaryimage","url":"https:\/\/cdn.skin-heal.com\/wp-content\/uploads\/2018\/11\/Pluryal-Meso-II.jpg","contentUrl":"https:\/\/cdn.skin-heal.com\/wp-content\/uploads\/2018\/11\/Pluryal-Meso-II.jpg","width":500,"height":500,"caption":"Pluryal Meso II"},{"@type":"BreadcrumbList","@id":"https:\/\/skin-heal.com\/product\/pluryal-meso-ii-3x5ml\/#breadcrumb","itemListElement":[{"@type":"ListItem","position":1,"name":"Home","item":"https:\/\/skin-heal.com\/"},{"@type":"ListItem","position":2,"name":"Store","item":"https:\/\/skin-heal.com\/store\/"},{"@type":"ListItem","position":3,"name":"Pluryal Meso II (3x5ml)"}]},{"@type":"WebSite","@id":"https:\/\/skin-heal.com\/#website","url":"https:\/\/skin-heal.com\/","name":"Curaci\u00f3n de la piel","description":"Los precios m\u00e1s bajos para los rellenos d\u00e9rmicos","potentialAction":[{"@type":"SearchAction","target":{"@type":"EntryPoint","urlTemplate":"https:\/\/skin-heal.com\/?s={search_term_string}"},"query-input":{"@type":"PropertyValueSpecification","valueRequired":true,"valueName":"search_term_string"}}],"inLanguage":"es"}]}},"_links":{"self":[{"href":"https:\/\/skin-heal.com\/es\/wp-json\/wp\/v2\/product\/856","targetHints":{"allow":["GET"]}}],"collection":[{"href":"https:\/\/skin-heal.com\/es\/wp-json\/wp\/v2\/product"}],"about":[{"href":"https:\/\/skin-heal.com\/es\/wp-json\/wp\/v2\/types\/product"}],"wp:featuredmedia":[{"embeddable":true,"href":"https:\/\/skin-heal.com\/es\/wp-json\/wp\/v2\/media\/857"}],"wp:attachment":[{"href":"https:\/\/skin-heal.com\/es\/wp-json\/wp\/v2\/media?parent=856"}],"wp:term":[{"taxonomy":"product_brand","embeddable":true,"href":"https:\/\/skin-heal.com\/es\/wp-json\/wp\/v2\/product_brand?post=856"},{"taxonomy":"product_cat","embeddable":true,"href":"https:\/\/skin-heal.com\/es\/wp-json\/wp\/v2\/product_cat?post=856"},{"taxonomy":"product_tag","embeddable":true,"href":"https:\/\/skin-heal.com\/es\/wp-json\/wp\/v2\/product_tag?post=856"}],"curies":[{"name":"wp","href":"https:\/\/api.w.org\/{rel}","templated":true}]}}