{"id":863,"date":"2018-11-28T14:18:06","date_gmt":"2018-11-28T14:18:06","guid":{"rendered":"https:\/\/skin-heal.com\/?post_type=product&#038;p=863"},"modified":"2020-04-16T13:25:23","modified_gmt":"2020-04-16T13:25:23","slug":"perfectha-derm-1x1ml","status":"publish","type":"product","link":"https:\/\/skin-heal.com\/es\/producto\/perfectha-derm-1x1ml\/","title":{"rendered":"Perfectha Derm (1x1ml)"},"content":{"rendered":"<p>Perfectha Derm es un relleno de \u00e1cido hialur\u00f3nico de primera calidad y su funci\u00f3n es similar a la de un coj\u00edn. Se aplica en la piel mediante una inyecci\u00f3n. Como resultado, proporciona a los tejidos blandos apoyo, volumen y protecci\u00f3n adicionales. Por eso se puede utilizar para:<\/p>\n<ul>\n<li>Eliminaci\u00f3n de las l\u00edneas glabelares<\/li>\n<li>Mejora de los labios<\/li>\n<li>Correcci\u00f3n de las depresiones de la piel y de las arrugas del tercio medio facial<\/li>\n<li>Definici\u00f3n y modelado del contorno de los labios<\/li>\n<\/ul>\n<p>La duraci\u00f3n media de los efectos del tratamiento oscila entre 6 y 12 meses en la mayor\u00eda de los casos, tras los cuales los pacientes pueden necesitar someterse a otra sesi\u00f3n de inyecciones para prolongar y conservar los resultados.<\/p>\n<h3>\u00bfExisten riesgos?<\/h3>\n<p>Perfectha Derm es un relleno de \u00e1cido hialur\u00f3nico excepcionalmente seguro. Ha sido producido con materiales de primera calidad en un entorno controlado por los Laboratorios ObvieLine, una empresa con m\u00e1s de una d\u00e9cada de experiencia en el sector. Sin embargo, no se recomienda el uso de este producto en pacientes sensibles o al\u00e9rgicos al \u00c1cido Hialur\u00f3nico o a los derivados del AH. Los efectos secundarios son raramente reportados y se reducen s\u00f3lo a la hinchaz\u00f3n, moretones, picaz\u00f3n, enrojecimiento, sensibilidad y dolor alrededor de los puntos de inyecci\u00f3n.<\/p>\n<p>La concentraci\u00f3n de part\u00edculas de gel es de 90.000 partes de gel\/s\/ml, por lo que es mejor inyectarlo en la dermis media.<\/p>","protected":false},"excerpt":{"rendered":"<p>Alta pureza, sin efectos secundarios perjudiciales, de larga duraci\u00f3n - esto es lo que obtendr\u00e1 con Perfectha Derm. Se trata de un fant\u00e1stico relleno d\u00e9rmico que puede proporcionar correcci\u00f3n a las arrugas moderadas y\/o severas, volumen y plenitud a la cara y los labios. Ha sido producido de acuerdo con todas las normas internacionales y ha sido sometido a un estricto control de calidad. El resultado: una perfecci\u00f3n en un envase.<\/p>","protected":false},"featured_media":871,"template":"","meta":[],"product_brand":[],"product_cat":[79,42,63],"product_tag":[],"class_list":{"0":"post-863","1":"product","2":"type-product","3":"status-publish","4":"has-post-thumbnail","6":"product_cat-dermal-fillers","7":"product_cat-perfectha","8":"product_cat-sinclair","9":"clearfix","11":"first","12":"outofstock","13":"taxable","14":"shipping-taxable","15":"purchasable","16":"product-type-simple"},"yoast_head":"<!-- This site is optimized with the Yoast SEO plugin v27.3 - https:\/\/yoast.com\/product\/yoast-seo-wordpress\/ -->\n<title>Perfectha Derm (1x1ml) - Skin Heal<\/title>\n<meta name=\"description\" content=\"Order Perfectha Derm \u2013 a quality HA filler that removes medium to severe wrinkles and offers a safe lip enhancement solution, lasting 6-12 months.\" \/>\n<meta name=\"robots\" content=\"index, follow, max-snippet:-1, max-image-preview:large, max-video-preview:-1\" \/>\n<link rel=\"canonical\" href=\"https:\/\/skin-heal.com\/es\/producto\/perfectha-derm-1x1ml\/\" \/>\n<meta property=\"og:locale\" content=\"es_MX\" \/>\n<meta property=\"og:type\" content=\"article\" \/>\n<meta property=\"og:title\" content=\"Perfectha Derm (1x1ml) - Skin Heal\" \/>\n<meta property=\"og:description\" content=\"Order Perfectha Derm \u2013 a quality HA filler that removes medium to severe wrinkles and offers a safe lip enhancement solution, lasting 6-12 months.\" \/>\n<meta property=\"og:url\" content=\"https:\/\/skin-heal.com\/es\/producto\/perfectha-derm-1x1ml\/\" \/>\n<meta property=\"og:site_name\" content=\"Skin Heal\" \/>\n<meta property=\"article:modified_time\" content=\"2020-04-16T13:25:23+00:00\" \/>\n<meta property=\"og:image\" content=\"https:\/\/cdn.skin-heal.com\/wp-content\/uploads\/2018\/11\/Perfectha-Derm.jpg\" \/>\n\t<meta property=\"og:image:width\" content=\"600\" \/>\n\t<meta property=\"og:image:height\" content=\"600\" \/>\n\t<meta property=\"og:image:type\" content=\"image\/jpeg\" \/>\n<meta name=\"twitter:card\" content=\"summary_large_image\" \/>\n<meta name=\"twitter:label1\" content=\"Tiempo de lectura\" \/>\n\t<meta name=\"twitter:data1\" content=\"1 minuto\" \/>\n<script type=\"application\/ld+json\" class=\"yoast-schema-graph\">{\"@context\":\"https:\\\/\\\/schema.org\",\"@graph\":[{\"@type\":\"WebPage\",\"@id\":\"https:\\\/\\\/skin-heal.com\\\/product\\\/perfectha-derm-1x1ml\\\/\",\"url\":\"https:\\\/\\\/skin-heal.com\\\/product\\\/perfectha-derm-1x1ml\\\/\",\"name\":\"Perfectha Derm (1x1ml) - Skin Heal\",\"isPartOf\":{\"@id\":\"https:\\\/\\\/skin-heal.com\\\/#website\"},\"primaryImageOfPage\":{\"@id\":\"https:\\\/\\\/skin-heal.com\\\/product\\\/perfectha-derm-1x1ml\\\/#primaryimage\"},\"image\":{\"@id\":\"https:\\\/\\\/skin-heal.com\\\/product\\\/perfectha-derm-1x1ml\\\/#primaryimage\"},\"thumbnailUrl\":\"https:\\\/\\\/skin-heal.com\\\/wp-content\\\/uploads\\\/2018\\\/11\\\/Perfectha-Derm.jpg\",\"datePublished\":\"2018-11-28T14:18:06+00:00\",\"dateModified\":\"2020-04-16T13:25:23+00:00\",\"description\":\"Order Perfectha Derm \u2013 a quality HA filler that removes medium to severe wrinkles and offers a safe lip enhancement solution, lasting 6-12 months.\",\"breadcrumb\":{\"@id\":\"https:\\\/\\\/skin-heal.com\\\/product\\\/perfectha-derm-1x1ml\\\/#breadcrumb\"},\"inLanguage\":\"es\",\"potentialAction\":[{\"@type\":\"ReadAction\",\"target\":[\"https:\\\/\\\/skin-heal.com\\\/product\\\/perfectha-derm-1x1ml\\\/\"]}]},{\"@type\":\"ImageObject\",\"inLanguage\":\"es\",\"@id\":\"https:\\\/\\\/skin-heal.com\\\/product\\\/perfectha-derm-1x1ml\\\/#primaryimage\",\"url\":\"https:\\\/\\\/skin-heal.com\\\/wp-content\\\/uploads\\\/2018\\\/11\\\/Perfectha-Derm.jpg\",\"contentUrl\":\"https:\\\/\\\/skin-heal.com\\\/wp-content\\\/uploads\\\/2018\\\/11\\\/Perfectha-Derm.jpg\",\"width\":600,\"height\":600,\"caption\":\"Perfectha Derm\"},{\"@type\":\"BreadcrumbList\",\"@id\":\"https:\\\/\\\/skin-heal.com\\\/product\\\/perfectha-derm-1x1ml\\\/#breadcrumb\",\"itemListElement\":[{\"@type\":\"ListItem\",\"position\":1,\"name\":\"Home\",\"item\":\"https:\\\/\\\/skin-heal.com\\\/\"},{\"@type\":\"ListItem\",\"position\":2,\"name\":\"Store\",\"item\":\"https:\\\/\\\/skin-heal.com\\\/store\\\/\"},{\"@type\":\"ListItem\",\"position\":3,\"name\":\"Perfectha Derm (1x1ml)\"}]},{\"@type\":\"WebSite\",\"@id\":\"https:\\\/\\\/skin-heal.com\\\/#website\",\"url\":\"https:\\\/\\\/skin-heal.com\\\/\",\"name\":\"Skin Heal\",\"description\":\"Lowest Prices for Dermal Fillers\",\"potentialAction\":[{\"@type\":\"SearchAction\",\"target\":{\"@type\":\"EntryPoint\",\"urlTemplate\":\"https:\\\/\\\/skin-heal.com\\\/?s={search_term_string}\"},\"query-input\":{\"@type\":\"PropertyValueSpecification\",\"valueRequired\":true,\"valueName\":\"search_term_string\"}}],\"inLanguage\":\"es\"}]}<\/script>\n<!-- \/ Yoast SEO plugin. -->","yoast_head_json":{"title":"Perfectha Derm (1x1ml) - Skin Heal","description":"Solicite Perfectha Derm, un relleno de HA de calidad que elimina las arrugas medias a severas y ofrece una soluci\u00f3n segura para el realce de los labios, con una duraci\u00f3n de 6 a 12 meses.","robots":{"index":"index","follow":"follow","max-snippet":"max-snippet:-1","max-image-preview":"max-image-preview:large","max-video-preview":"max-video-preview:-1"},"canonical":"https:\/\/skin-heal.com\/es\/producto\/perfectha-derm-1x1ml\/","og_locale":"es_MX","og_type":"article","og_title":"Perfectha Derm (1x1ml) - Skin Heal","og_description":"Order Perfectha Derm \u2013 a quality HA filler that removes medium to severe wrinkles and offers a safe lip enhancement solution, lasting 6-12 months.","og_url":"https:\/\/skin-heal.com\/es\/producto\/perfectha-derm-1x1ml\/","og_site_name":"Skin Heal","article_modified_time":"2020-04-16T13:25:23+00:00","og_image":[{"width":600,"height":600,"url":"https:\/\/cdn.skin-heal.com\/wp-content\/uploads\/2018\/11\/Perfectha-Derm.jpg","type":"image\/jpeg"}],"twitter_card":"summary_large_image","twitter_misc":{"Tiempo de lectura":"1 minuto"},"schema":{"@context":"https:\/\/schema.org","@graph":[{"@type":"WebPage","@id":"https:\/\/skin-heal.com\/product\/perfectha-derm-1x1ml\/","url":"https:\/\/skin-heal.com\/product\/perfectha-derm-1x1ml\/","name":"Perfectha Derm (1x1ml) - Skin Heal","isPartOf":{"@id":"https:\/\/skin-heal.com\/#website"},"primaryImageOfPage":{"@id":"https:\/\/skin-heal.com\/product\/perfectha-derm-1x1ml\/#primaryimage"},"image":{"@id":"https:\/\/skin-heal.com\/product\/perfectha-derm-1x1ml\/#primaryimage"},"thumbnailUrl":"https:\/\/cdn.skin-heal.com\/wp-content\/uploads\/2018\/11\/Perfectha-Derm.jpg","datePublished":"2018-11-28T14:18:06+00:00","dateModified":"2020-04-16T13:25:23+00:00","description":"Solicite Perfectha Derm, un relleno de HA de calidad que elimina las arrugas medias a severas y ofrece una soluci\u00f3n segura para el realce de los labios, con una duraci\u00f3n de 6 a 12 meses.","breadcrumb":{"@id":"https:\/\/skin-heal.com\/product\/perfectha-derm-1x1ml\/#breadcrumb"},"inLanguage":"es","potentialAction":[{"@type":"ReadAction","target":["https:\/\/skin-heal.com\/product\/perfectha-derm-1x1ml\/"]}]},{"@type":"ImageObject","inLanguage":"es","@id":"https:\/\/skin-heal.com\/product\/perfectha-derm-1x1ml\/#primaryimage","url":"https:\/\/cdn.skin-heal.com\/wp-content\/uploads\/2018\/11\/Perfectha-Derm.jpg","contentUrl":"https:\/\/cdn.skin-heal.com\/wp-content\/uploads\/2018\/11\/Perfectha-Derm.jpg","width":600,"height":600,"caption":"Perfectha Derm"},{"@type":"BreadcrumbList","@id":"https:\/\/skin-heal.com\/product\/perfectha-derm-1x1ml\/#breadcrumb","itemListElement":[{"@type":"ListItem","position":1,"name":"Home","item":"https:\/\/skin-heal.com\/"},{"@type":"ListItem","position":2,"name":"Store","item":"https:\/\/skin-heal.com\/store\/"},{"@type":"ListItem","position":3,"name":"Perfectha Derm (1x1ml)"}]},{"@type":"WebSite","@id":"https:\/\/skin-heal.com\/#website","url":"https:\/\/skin-heal.com\/","name":"Curaci\u00f3n de la piel","description":"Los precios m\u00e1s bajos para los rellenos d\u00e9rmicos","potentialAction":[{"@type":"SearchAction","target":{"@type":"EntryPoint","urlTemplate":"https:\/\/skin-heal.com\/?s={search_term_string}"},"query-input":{"@type":"PropertyValueSpecification","valueRequired":true,"valueName":"search_term_string"}}],"inLanguage":"es"}]}},"_links":{"self":[{"href":"https:\/\/skin-heal.com\/es\/wp-json\/wp\/v2\/product\/863","targetHints":{"allow":["GET"]}}],"collection":[{"href":"https:\/\/skin-heal.com\/es\/wp-json\/wp\/v2\/product"}],"about":[{"href":"https:\/\/skin-heal.com\/es\/wp-json\/wp\/v2\/types\/product"}],"wp:featuredmedia":[{"embeddable":true,"href":"https:\/\/skin-heal.com\/es\/wp-json\/wp\/v2\/media\/871"}],"wp:attachment":[{"href":"https:\/\/skin-heal.com\/es\/wp-json\/wp\/v2\/media?parent=863"}],"wp:term":[{"taxonomy":"product_brand","embeddable":true,"href":"https:\/\/skin-heal.com\/es\/wp-json\/wp\/v2\/product_brand?post=863"},{"taxonomy":"product_cat","embeddable":true,"href":"https:\/\/skin-heal.com\/es\/wp-json\/wp\/v2\/product_cat?post=863"},{"taxonomy":"product_tag","embeddable":true,"href":"https:\/\/skin-heal.com\/es\/wp-json\/wp\/v2\/product_tag?post=863"}],"curies":[{"name":"wp","href":"https:\/\/api.w.org\/{rel}","templated":true}]}}