{"id":864,"date":"2018-11-28T14:18:37","date_gmt":"2018-11-28T14:18:37","guid":{"rendered":"https:\/\/skin-heal.com\/?post_type=product&#038;p=864"},"modified":"2020-04-16T13:25:24","modified_gmt":"2020-04-16T13:25:24","slug":"perfectha-finelines-1x0-5ml","status":"publish","type":"product","link":"https:\/\/skin-heal.com\/es\/producto\/perfectha-finelines-1x0-5ml\/","title":{"rendered":"Perfectha FineLines (1\u00d70,5ml)"},"content":{"rendered":"<h3>\u00bfCu\u00e1l es la concentraci\u00f3n de Perfectha FineLines?<\/h3>\n<p>Todos los rellenos d\u00e9rmicos Perfectha contienen \u00e1cido hialur\u00f3nico (AH). Se trata de una valiosa sustancia que se produce a partir de materias primas puras utilizando los m\u00e9todos y tecnolog\u00edas m\u00e1s innovadores disponibles en la actualidad. El AH de este producto no es de origen animal, lo que lo hace biol\u00f3gicamente compatible con el cuerpo humano. Adem\u00e1s, el \u00e1cido hialur\u00f3nico existe de forma natural en el organismo humano. Todos los rellenos cut\u00e1neos profesionales de esta marca tienen la misma concentraci\u00f3n de AH: 20mg\/ml. Sin embargo, todos tienen un tama\u00f1o de part\u00edcula y una concentraci\u00f3n diferentes. De este modo, los profesionales pueden ofrecer a los pacientes un tratamiento m\u00e1s personalizado y espec\u00edfico y conseguir resultados mejores y m\u00e1s duraderos. La concentraci\u00f3n de part\u00edculas de Perfectha FineLines es una de las m\u00e1s altas de la gama: 180.000 part\u00edculas de gel por ml. Esto lo hace ideal para la eliminaci\u00f3n de l\u00edneas superficiales.<\/p>\n<p>Este producto se inyecta en la dermis superficial con una aguja de 30G1\/2\" (el paquete incluye dos de ellas) y puede corregir:<\/p>\n<ul>\n<li>L\u00edneas periorales<\/li>\n<li>Depresiones y arrugas faciales poco profundas<\/li>\n<li>L\u00edneas periorbitales<\/li>\n<\/ul>\n<p>La durabilidad de los efectos conseguidos con una sesi\u00f3n de inyecci\u00f3n con este pionero limador de tejidos blandos se estima en 4-6 meses.<\/p>","protected":false},"excerpt":{"rendered":"<p>Perfectha FineLines es un relleno de HA cut\u00e1neo de primera calidad que corrige las arrugas y l\u00edneas superficiales del rostro. Desarrollado por los Laboratorios ObvieLine de Francia, este producto contiene un gel de \u00e1cido hialur\u00f3nico con altas propiedades de elevaci\u00f3n e hidrataci\u00f3n. Por ello, es f\u00e1cil de inyectar y los resultados siempre proporcionan una alta satisfacci\u00f3n al paciente. Fabricado con la tecnolog\u00eda E-BRID, el n\u00famero de part\u00edculas de gel que contiene ha sido adaptado para proporcionar resultados \u00f3ptimos.<\/p>","protected":false},"featured_media":870,"template":"","meta":[],"product_brand":[],"product_cat":[79,42,63],"product_tag":[],"class_list":{"0":"post-864","1":"product","2":"type-product","3":"status-publish","4":"has-post-thumbnail","6":"product_cat-dermal-fillers","7":"product_cat-perfectha","8":"product_cat-sinclair","9":"clearfix","11":"first","12":"outofstock","13":"taxable","14":"shipping-taxable","15":"purchasable","16":"product-type-simple"},"yoast_head":"<!-- This site is optimized with the Yoast SEO plugin v27.3 - https:\/\/yoast.com\/product\/yoast-seo-wordpress\/ -->\n<title>Perfectha FineLines (1x0.5ml) - Skin Heal<\/title>\n<meta name=\"description\" content=\"Perfectha FineLines is a reliable skin filler that offers immediate fine line removal and it can be easily injected into several key facial areas.\" \/>\n<meta name=\"robots\" content=\"index, follow, max-snippet:-1, max-image-preview:large, max-video-preview:-1\" \/>\n<link rel=\"canonical\" href=\"https:\/\/skin-heal.com\/es\/producto\/perfectha-finelines-1x0-5ml\/\" \/>\n<meta property=\"og:locale\" content=\"es_MX\" \/>\n<meta property=\"og:type\" content=\"article\" \/>\n<meta property=\"og:title\" content=\"Perfectha FineLines (1x0.5ml) - Skin Heal\" \/>\n<meta property=\"og:description\" content=\"Perfectha FineLines is a reliable skin filler that offers immediate fine line removal and it can be easily injected into several key facial areas.\" \/>\n<meta property=\"og:url\" content=\"https:\/\/skin-heal.com\/es\/producto\/perfectha-finelines-1x0-5ml\/\" \/>\n<meta property=\"og:site_name\" content=\"Skin Heal\" \/>\n<meta property=\"article:modified_time\" content=\"2020-04-16T13:25:24+00:00\" \/>\n<meta property=\"og:image\" content=\"https:\/\/cdn.skin-heal.com\/wp-content\/uploads\/2018\/11\/Perfectha-FineLines.jpg\" \/>\n\t<meta property=\"og:image:width\" content=\"600\" \/>\n\t<meta property=\"og:image:height\" content=\"600\" \/>\n\t<meta property=\"og:image:type\" content=\"image\/jpeg\" \/>\n<meta name=\"twitter:card\" content=\"summary_large_image\" \/>\n<meta name=\"twitter:label1\" content=\"Tiempo de lectura\" \/>\n\t<meta name=\"twitter:data1\" content=\"1 minuto\" \/>\n<script type=\"application\/ld+json\" class=\"yoast-schema-graph\">{\"@context\":\"https:\\\/\\\/schema.org\",\"@graph\":[{\"@type\":\"WebPage\",\"@id\":\"https:\\\/\\\/skin-heal.com\\\/product\\\/perfectha-finelines-1x0-5ml\\\/\",\"url\":\"https:\\\/\\\/skin-heal.com\\\/product\\\/perfectha-finelines-1x0-5ml\\\/\",\"name\":\"Perfectha FineLines (1x0.5ml) - Skin Heal\",\"isPartOf\":{\"@id\":\"https:\\\/\\\/skin-heal.com\\\/#website\"},\"primaryImageOfPage\":{\"@id\":\"https:\\\/\\\/skin-heal.com\\\/product\\\/perfectha-finelines-1x0-5ml\\\/#primaryimage\"},\"image\":{\"@id\":\"https:\\\/\\\/skin-heal.com\\\/product\\\/perfectha-finelines-1x0-5ml\\\/#primaryimage\"},\"thumbnailUrl\":\"https:\\\/\\\/skin-heal.com\\\/wp-content\\\/uploads\\\/2018\\\/11\\\/Perfectha-FineLines.jpg\",\"datePublished\":\"2018-11-28T14:18:37+00:00\",\"dateModified\":\"2020-04-16T13:25:24+00:00\",\"description\":\"Perfectha FineLines is a reliable skin filler that offers immediate fine line removal and it can be easily injected into several key facial areas.\",\"breadcrumb\":{\"@id\":\"https:\\\/\\\/skin-heal.com\\\/product\\\/perfectha-finelines-1x0-5ml\\\/#breadcrumb\"},\"inLanguage\":\"es\",\"potentialAction\":[{\"@type\":\"ReadAction\",\"target\":[\"https:\\\/\\\/skin-heal.com\\\/product\\\/perfectha-finelines-1x0-5ml\\\/\"]}]},{\"@type\":\"ImageObject\",\"inLanguage\":\"es\",\"@id\":\"https:\\\/\\\/skin-heal.com\\\/product\\\/perfectha-finelines-1x0-5ml\\\/#primaryimage\",\"url\":\"https:\\\/\\\/skin-heal.com\\\/wp-content\\\/uploads\\\/2018\\\/11\\\/Perfectha-FineLines.jpg\",\"contentUrl\":\"https:\\\/\\\/skin-heal.com\\\/wp-content\\\/uploads\\\/2018\\\/11\\\/Perfectha-FineLines.jpg\",\"width\":600,\"height\":600,\"caption\":\"Perfectha FineLines\"},{\"@type\":\"BreadcrumbList\",\"@id\":\"https:\\\/\\\/skin-heal.com\\\/product\\\/perfectha-finelines-1x0-5ml\\\/#breadcrumb\",\"itemListElement\":[{\"@type\":\"ListItem\",\"position\":1,\"name\":\"Home\",\"item\":\"https:\\\/\\\/skin-heal.com\\\/\"},{\"@type\":\"ListItem\",\"position\":2,\"name\":\"Store\",\"item\":\"https:\\\/\\\/skin-heal.com\\\/store\\\/\"},{\"@type\":\"ListItem\",\"position\":3,\"name\":\"Perfectha FineLines (1&#215;0.5ml)\"}]},{\"@type\":\"WebSite\",\"@id\":\"https:\\\/\\\/skin-heal.com\\\/#website\",\"url\":\"https:\\\/\\\/skin-heal.com\\\/\",\"name\":\"Skin Heal\",\"description\":\"Lowest Prices for Dermal Fillers\",\"potentialAction\":[{\"@type\":\"SearchAction\",\"target\":{\"@type\":\"EntryPoint\",\"urlTemplate\":\"https:\\\/\\\/skin-heal.com\\\/?s={search_term_string}\"},\"query-input\":{\"@type\":\"PropertyValueSpecification\",\"valueRequired\":true,\"valueName\":\"search_term_string\"}}],\"inLanguage\":\"es\"}]}<\/script>\n<!-- \/ Yoast SEO plugin. -->","yoast_head_json":{"title":"Perfectha FineLines (1x0,5ml) - Skin Heal","description":"Perfectha FineLines es un relleno cut\u00e1neo fiable que ofrece una eliminaci\u00f3n inmediata de las l\u00edneas de expresi\u00f3n y puede inyectarse f\u00e1cilmente en varias zonas faciales clave.","robots":{"index":"index","follow":"follow","max-snippet":"max-snippet:-1","max-image-preview":"max-image-preview:large","max-video-preview":"max-video-preview:-1"},"canonical":"https:\/\/skin-heal.com\/es\/producto\/perfectha-finelines-1x0-5ml\/","og_locale":"es_MX","og_type":"article","og_title":"Perfectha FineLines (1x0.5ml) - Skin Heal","og_description":"Perfectha FineLines is a reliable skin filler that offers immediate fine line removal and it can be easily injected into several key facial areas.","og_url":"https:\/\/skin-heal.com\/es\/producto\/perfectha-finelines-1x0-5ml\/","og_site_name":"Skin Heal","article_modified_time":"2020-04-16T13:25:24+00:00","og_image":[{"width":600,"height":600,"url":"https:\/\/cdn.skin-heal.com\/wp-content\/uploads\/2018\/11\/Perfectha-FineLines.jpg","type":"image\/jpeg"}],"twitter_card":"summary_large_image","twitter_misc":{"Tiempo de lectura":"1 minuto"},"schema":{"@context":"https:\/\/schema.org","@graph":[{"@type":"WebPage","@id":"https:\/\/skin-heal.com\/product\/perfectha-finelines-1x0-5ml\/","url":"https:\/\/skin-heal.com\/product\/perfectha-finelines-1x0-5ml\/","name":"Perfectha FineLines (1x0,5ml) - Skin Heal","isPartOf":{"@id":"https:\/\/skin-heal.com\/#website"},"primaryImageOfPage":{"@id":"https:\/\/skin-heal.com\/product\/perfectha-finelines-1x0-5ml\/#primaryimage"},"image":{"@id":"https:\/\/skin-heal.com\/product\/perfectha-finelines-1x0-5ml\/#primaryimage"},"thumbnailUrl":"https:\/\/cdn.skin-heal.com\/wp-content\/uploads\/2018\/11\/Perfectha-FineLines.jpg","datePublished":"2018-11-28T14:18:37+00:00","dateModified":"2020-04-16T13:25:24+00:00","description":"Perfectha FineLines es un relleno cut\u00e1neo fiable que ofrece una eliminaci\u00f3n inmediata de las l\u00edneas de expresi\u00f3n y puede inyectarse f\u00e1cilmente en varias zonas faciales clave.","breadcrumb":{"@id":"https:\/\/skin-heal.com\/product\/perfectha-finelines-1x0-5ml\/#breadcrumb"},"inLanguage":"es","potentialAction":[{"@type":"ReadAction","target":["https:\/\/skin-heal.com\/product\/perfectha-finelines-1x0-5ml\/"]}]},{"@type":"ImageObject","inLanguage":"es","@id":"https:\/\/skin-heal.com\/product\/perfectha-finelines-1x0-5ml\/#primaryimage","url":"https:\/\/cdn.skin-heal.com\/wp-content\/uploads\/2018\/11\/Perfectha-FineLines.jpg","contentUrl":"https:\/\/cdn.skin-heal.com\/wp-content\/uploads\/2018\/11\/Perfectha-FineLines.jpg","width":600,"height":600,"caption":"Perfectha FineLines"},{"@type":"BreadcrumbList","@id":"https:\/\/skin-heal.com\/product\/perfectha-finelines-1x0-5ml\/#breadcrumb","itemListElement":[{"@type":"ListItem","position":1,"name":"Home","item":"https:\/\/skin-heal.com\/"},{"@type":"ListItem","position":2,"name":"Store","item":"https:\/\/skin-heal.com\/store\/"},{"@type":"ListItem","position":3,"name":"Perfectha FineLines (1&#215;0.5ml)"}]},{"@type":"WebSite","@id":"https:\/\/skin-heal.com\/#website","url":"https:\/\/skin-heal.com\/","name":"Curaci\u00f3n de la piel","description":"Los precios m\u00e1s bajos para los rellenos d\u00e9rmicos","potentialAction":[{"@type":"SearchAction","target":{"@type":"EntryPoint","urlTemplate":"https:\/\/skin-heal.com\/?s={search_term_string}"},"query-input":{"@type":"PropertyValueSpecification","valueRequired":true,"valueName":"search_term_string"}}],"inLanguage":"es"}]}},"_links":{"self":[{"href":"https:\/\/skin-heal.com\/es\/wp-json\/wp\/v2\/product\/864","targetHints":{"allow":["GET"]}}],"collection":[{"href":"https:\/\/skin-heal.com\/es\/wp-json\/wp\/v2\/product"}],"about":[{"href":"https:\/\/skin-heal.com\/es\/wp-json\/wp\/v2\/types\/product"}],"wp:featuredmedia":[{"embeddable":true,"href":"https:\/\/skin-heal.com\/es\/wp-json\/wp\/v2\/media\/870"}],"wp:attachment":[{"href":"https:\/\/skin-heal.com\/es\/wp-json\/wp\/v2\/media?parent=864"}],"wp:term":[{"taxonomy":"product_brand","embeddable":true,"href":"https:\/\/skin-heal.com\/es\/wp-json\/wp\/v2\/product_brand?post=864"},{"taxonomy":"product_cat","embeddable":true,"href":"https:\/\/skin-heal.com\/es\/wp-json\/wp\/v2\/product_cat?post=864"},{"taxonomy":"product_tag","embeddable":true,"href":"https:\/\/skin-heal.com\/es\/wp-json\/wp\/v2\/product_tag?post=864"}],"curies":[{"name":"wp","href":"https:\/\/api.w.org\/{rel}","templated":true}]}}