{"id":865,"date":"2018-11-28T14:17:31","date_gmt":"2018-11-28T14:17:31","guid":{"rendered":"https:\/\/skin-heal.com\/?post_type=product&#038;p=865"},"modified":"2020-04-16T13:25:23","modified_gmt":"2020-04-16T13:25:23","slug":"perfectha-deep-1x1ml","status":"publish","type":"product","link":"https:\/\/skin-heal.com\/es\/producto\/perfectha-deep-1x1ml\/","title":{"rendered":"Perfectha Deep (1x1ml)"},"content":{"rendered":"<h3>Basado en una tecnolog\u00eda innovadora<\/h3>\n<p>Perfectha Deep ha sido dise\u00f1ado y fabricado por uno de los principales productores europeos de rellenos de tejidos blandos a base de \u00e1cido hialur\u00f3nico: los laboratorios ObvieLine. Con sede en Francia, la empresa tiene m\u00e1s de 12 a\u00f1os de experiencia y ha desarrollado un m\u00e9todo de producci\u00f3n \u00fanico conocido como Tecnolog\u00eda E-BRID. Por lo tanto, este producto contiene un gel de AH reticulado que tiene una concentraci\u00f3n de 20mg\/ml y fue hecho en soluci\u00f3n salina tamponada con fosfato. Adem\u00e1s, esta tecnolog\u00eda permite que el producto contenga una cantidad cuidadosamente estimada de part\u00edculas de microgel: 8.000 por ml. De este modo, Perfectha Deep tiene el poder de ofrecer resultados instant\u00e1neos cuando se inyecta en la dermis profunda del paciente.<\/p>\n<p>Cada paquete de Perfectha Deep incluye una jeringa precargada de 1 ml y dos agujas de un solo uso de 27G1\/2\". Las zonas que se pueden tratar con este relleno d\u00e9rmico seguro y f\u00e1cil de inyectar incluyen:<\/p>\n<ul>\n<li>Nariz<\/li>\n<li>Zona nasolabial<\/li>\n<li>Chin<\/li>\n<li>Mejillas<\/li>\n<li>Labios<\/li>\n<\/ul>\n<p>Un procedimiento de aumento o correcci\u00f3n de depresiones faciales que implique el uso de este producto de rejuvenecimiento cosm\u00e9tico de \u00faltima generaci\u00f3n persiste hasta un a\u00f1o, ya que la tecnolog\u00eda E-BRID disminuye en gran medida el proceso de degradaci\u00f3n enzim\u00e1tica dentro de la piel, lo que prolonga la longevidad de cada sesi\u00f3n de tratamiento.<\/p>","protected":false},"excerpt":{"rendered":"<p>Al limitar la oxidaci\u00f3n en el organismo y basarse en una innovadora tecnolog\u00eda E-BRID, Perfectha Deep es un relleno d\u00e9rmico altamente eficaz que aporta la concentraci\u00f3n justa de \u00e1cido hialur\u00f3nico a la piel, eliminando r\u00e1pida y visiblemente las arrugas faciales profundas. Incluso cuando se utiliza para el contorno facial y el aumento de la nariz, la barbilla o las mejillas, este producto de rejuvenecimiento de la piel de primera clase tiene una durabilidad de 8 a 12 meses.<\/p>","protected":false},"featured_media":872,"template":"","meta":[],"product_brand":[],"product_cat":[79,42,63],"product_tag":[],"class_list":{"0":"post-865","1":"product","2":"type-product","3":"status-publish","4":"has-post-thumbnail","6":"product_cat-dermal-fillers","7":"product_cat-perfectha","8":"product_cat-sinclair","9":"clearfix","11":"first","12":"outofstock","13":"taxable","14":"shipping-taxable","15":"purchasable","16":"product-type-simple"},"yoast_head":"<!-- This site is optimized with the Yoast SEO plugin v27.3 - https:\/\/yoast.com\/product\/yoast-seo-wordpress\/ -->\n<title>Perfectha Deep (1x1ml) - Skin Heal<\/title>\n<meta name=\"description\" content=\"Perfectha Deep is a durable skin filler that uses E-BRID Technology. The HA gel in it is excellent for deep line removal and facial volume restoration.\" \/>\n<meta name=\"robots\" content=\"index, follow, max-snippet:-1, max-image-preview:large, max-video-preview:-1\" \/>\n<link rel=\"canonical\" href=\"https:\/\/skin-heal.com\/es\/producto\/perfectha-deep-1x1ml\/\" \/>\n<meta property=\"og:locale\" content=\"es_MX\" \/>\n<meta property=\"og:type\" content=\"article\" \/>\n<meta property=\"og:title\" content=\"Perfectha Deep (1x1ml) - Skin Heal\" \/>\n<meta property=\"og:description\" content=\"Perfectha Deep is a durable skin filler that uses E-BRID Technology. The HA gel in it is excellent for deep line removal and facial volume restoration.\" \/>\n<meta property=\"og:url\" content=\"https:\/\/skin-heal.com\/es\/producto\/perfectha-deep-1x1ml\/\" \/>\n<meta property=\"og:site_name\" content=\"Skin Heal\" \/>\n<meta property=\"article:modified_time\" content=\"2020-04-16T13:25:23+00:00\" \/>\n<meta property=\"og:image\" content=\"https:\/\/cdn.skin-heal.com\/wp-content\/uploads\/2018\/11\/Perfectha-Deep.jpg\" \/>\n\t<meta property=\"og:image:width\" content=\"600\" \/>\n\t<meta property=\"og:image:height\" content=\"600\" \/>\n\t<meta property=\"og:image:type\" content=\"image\/jpeg\" \/>\n<meta name=\"twitter:card\" content=\"summary_large_image\" \/>\n<meta name=\"twitter:label1\" content=\"Tiempo de lectura\" \/>\n\t<meta name=\"twitter:data1\" content=\"1 minuto\" \/>\n<script type=\"application\/ld+json\" class=\"yoast-schema-graph\">{\"@context\":\"https:\\\/\\\/schema.org\",\"@graph\":[{\"@type\":\"WebPage\",\"@id\":\"https:\\\/\\\/skin-heal.com\\\/product\\\/perfectha-deep-1x1ml\\\/\",\"url\":\"https:\\\/\\\/skin-heal.com\\\/product\\\/perfectha-deep-1x1ml\\\/\",\"name\":\"Perfectha Deep (1x1ml) - Skin Heal\",\"isPartOf\":{\"@id\":\"https:\\\/\\\/skin-heal.com\\\/#website\"},\"primaryImageOfPage\":{\"@id\":\"https:\\\/\\\/skin-heal.com\\\/product\\\/perfectha-deep-1x1ml\\\/#primaryimage\"},\"image\":{\"@id\":\"https:\\\/\\\/skin-heal.com\\\/product\\\/perfectha-deep-1x1ml\\\/#primaryimage\"},\"thumbnailUrl\":\"https:\\\/\\\/skin-heal.com\\\/wp-content\\\/uploads\\\/2018\\\/11\\\/Perfectha-Deep.jpg\",\"datePublished\":\"2018-11-28T14:17:31+00:00\",\"dateModified\":\"2020-04-16T13:25:23+00:00\",\"description\":\"Perfectha Deep is a durable skin filler that uses E-BRID Technology. The HA gel in it is excellent for deep line removal and facial volume restoration.\",\"breadcrumb\":{\"@id\":\"https:\\\/\\\/skin-heal.com\\\/product\\\/perfectha-deep-1x1ml\\\/#breadcrumb\"},\"inLanguage\":\"es\",\"potentialAction\":[{\"@type\":\"ReadAction\",\"target\":[\"https:\\\/\\\/skin-heal.com\\\/product\\\/perfectha-deep-1x1ml\\\/\"]}]},{\"@type\":\"ImageObject\",\"inLanguage\":\"es\",\"@id\":\"https:\\\/\\\/skin-heal.com\\\/product\\\/perfectha-deep-1x1ml\\\/#primaryimage\",\"url\":\"https:\\\/\\\/skin-heal.com\\\/wp-content\\\/uploads\\\/2018\\\/11\\\/Perfectha-Deep.jpg\",\"contentUrl\":\"https:\\\/\\\/skin-heal.com\\\/wp-content\\\/uploads\\\/2018\\\/11\\\/Perfectha-Deep.jpg\",\"width\":600,\"height\":600,\"caption\":\"Perfectha Deep\"},{\"@type\":\"BreadcrumbList\",\"@id\":\"https:\\\/\\\/skin-heal.com\\\/product\\\/perfectha-deep-1x1ml\\\/#breadcrumb\",\"itemListElement\":[{\"@type\":\"ListItem\",\"position\":1,\"name\":\"Home\",\"item\":\"https:\\\/\\\/skin-heal.com\\\/\"},{\"@type\":\"ListItem\",\"position\":2,\"name\":\"Store\",\"item\":\"https:\\\/\\\/skin-heal.com\\\/store\\\/\"},{\"@type\":\"ListItem\",\"position\":3,\"name\":\"Perfectha Deep (1x1ml)\"}]},{\"@type\":\"WebSite\",\"@id\":\"https:\\\/\\\/skin-heal.com\\\/#website\",\"url\":\"https:\\\/\\\/skin-heal.com\\\/\",\"name\":\"Skin Heal\",\"description\":\"Lowest Prices for Dermal Fillers\",\"potentialAction\":[{\"@type\":\"SearchAction\",\"target\":{\"@type\":\"EntryPoint\",\"urlTemplate\":\"https:\\\/\\\/skin-heal.com\\\/?s={search_term_string}\"},\"query-input\":{\"@type\":\"PropertyValueSpecification\",\"valueRequired\":true,\"valueName\":\"search_term_string\"}}],\"inLanguage\":\"es\"}]}<\/script>\n<!-- \/ Yoast SEO plugin. -->","yoast_head_json":{"title":"Perfectha Deep (1x1ml) - Skin Heal","description":"Perfectha Deep es un relleno cut\u00e1neo duradero que utiliza la tecnolog\u00eda E-BRID. El gel de HA que contiene es excelente para eliminar l\u00edneas profundas y restaurar el volumen facial.","robots":{"index":"index","follow":"follow","max-snippet":"max-snippet:-1","max-image-preview":"max-image-preview:large","max-video-preview":"max-video-preview:-1"},"canonical":"https:\/\/skin-heal.com\/es\/producto\/perfectha-deep-1x1ml\/","og_locale":"es_MX","og_type":"article","og_title":"Perfectha Deep (1x1ml) - Skin Heal","og_description":"Perfectha Deep is a durable skin filler that uses E-BRID Technology. The HA gel in it is excellent for deep line removal and facial volume restoration.","og_url":"https:\/\/skin-heal.com\/es\/producto\/perfectha-deep-1x1ml\/","og_site_name":"Skin Heal","article_modified_time":"2020-04-16T13:25:23+00:00","og_image":[{"width":600,"height":600,"url":"https:\/\/cdn.skin-heal.com\/wp-content\/uploads\/2018\/11\/Perfectha-Deep.jpg","type":"image\/jpeg"}],"twitter_card":"summary_large_image","twitter_misc":{"Tiempo de lectura":"1 minuto"},"schema":{"@context":"https:\/\/schema.org","@graph":[{"@type":"WebPage","@id":"https:\/\/skin-heal.com\/product\/perfectha-deep-1x1ml\/","url":"https:\/\/skin-heal.com\/product\/perfectha-deep-1x1ml\/","name":"Perfectha Deep (1x1ml) - Skin Heal","isPartOf":{"@id":"https:\/\/skin-heal.com\/#website"},"primaryImageOfPage":{"@id":"https:\/\/skin-heal.com\/product\/perfectha-deep-1x1ml\/#primaryimage"},"image":{"@id":"https:\/\/skin-heal.com\/product\/perfectha-deep-1x1ml\/#primaryimage"},"thumbnailUrl":"https:\/\/cdn.skin-heal.com\/wp-content\/uploads\/2018\/11\/Perfectha-Deep.jpg","datePublished":"2018-11-28T14:17:31+00:00","dateModified":"2020-04-16T13:25:23+00:00","description":"Perfectha Deep es un relleno cut\u00e1neo duradero que utiliza la tecnolog\u00eda E-BRID. El gel de HA que contiene es excelente para eliminar l\u00edneas profundas y restaurar el volumen facial.","breadcrumb":{"@id":"https:\/\/skin-heal.com\/product\/perfectha-deep-1x1ml\/#breadcrumb"},"inLanguage":"es","potentialAction":[{"@type":"ReadAction","target":["https:\/\/skin-heal.com\/product\/perfectha-deep-1x1ml\/"]}]},{"@type":"ImageObject","inLanguage":"es","@id":"https:\/\/skin-heal.com\/product\/perfectha-deep-1x1ml\/#primaryimage","url":"https:\/\/cdn.skin-heal.com\/wp-content\/uploads\/2018\/11\/Perfectha-Deep.jpg","contentUrl":"https:\/\/cdn.skin-heal.com\/wp-content\/uploads\/2018\/11\/Perfectha-Deep.jpg","width":600,"height":600,"caption":"Perfectha Deep"},{"@type":"BreadcrumbList","@id":"https:\/\/skin-heal.com\/product\/perfectha-deep-1x1ml\/#breadcrumb","itemListElement":[{"@type":"ListItem","position":1,"name":"Home","item":"https:\/\/skin-heal.com\/"},{"@type":"ListItem","position":2,"name":"Store","item":"https:\/\/skin-heal.com\/store\/"},{"@type":"ListItem","position":3,"name":"Perfectha Deep (1x1ml)"}]},{"@type":"WebSite","@id":"https:\/\/skin-heal.com\/#website","url":"https:\/\/skin-heal.com\/","name":"Curaci\u00f3n de la piel","description":"Los precios m\u00e1s bajos para los rellenos d\u00e9rmicos","potentialAction":[{"@type":"SearchAction","target":{"@type":"EntryPoint","urlTemplate":"https:\/\/skin-heal.com\/?s={search_term_string}"},"query-input":{"@type":"PropertyValueSpecification","valueRequired":true,"valueName":"search_term_string"}}],"inLanguage":"es"}]}},"_links":{"self":[{"href":"https:\/\/skin-heal.com\/es\/wp-json\/wp\/v2\/product\/865","targetHints":{"allow":["GET"]}}],"collection":[{"href":"https:\/\/skin-heal.com\/es\/wp-json\/wp\/v2\/product"}],"about":[{"href":"https:\/\/skin-heal.com\/es\/wp-json\/wp\/v2\/types\/product"}],"wp:featuredmedia":[{"embeddable":true,"href":"https:\/\/skin-heal.com\/es\/wp-json\/wp\/v2\/media\/872"}],"wp:attachment":[{"href":"https:\/\/skin-heal.com\/es\/wp-json\/wp\/v2\/media?parent=865"}],"wp:term":[{"taxonomy":"product_brand","embeddable":true,"href":"https:\/\/skin-heal.com\/es\/wp-json\/wp\/v2\/product_brand?post=865"},{"taxonomy":"product_cat","embeddable":true,"href":"https:\/\/skin-heal.com\/es\/wp-json\/wp\/v2\/product_cat?post=865"},{"taxonomy":"product_tag","embeddable":true,"href":"https:\/\/skin-heal.com\/es\/wp-json\/wp\/v2\/product_tag?post=865"}],"curies":[{"name":"wp","href":"https:\/\/api.w.org\/{rel}","templated":true}]}}