{"id":866,"date":"2018-11-28T14:17:15","date_gmt":"2018-11-28T14:17:15","guid":{"rendered":"https:\/\/skin-heal.com\/?post_type=product&#038;p=866"},"modified":"2020-04-16T13:25:24","modified_gmt":"2020-04-16T13:25:24","slug":"perfectha-subskin-1x3ml","status":"publish","type":"product","link":"https:\/\/skin-heal.com\/es\/producto\/perfectha-subskin-1x3ml\/","title":{"rendered":"Perfectha Subskin (1x3ml)"},"content":{"rendered":"<h3>\u00bfQu\u00e9 contiene la f\u00f3rmula de Perfectha Subskin?<\/h3>\n<p>Este fiable relleno d\u00e9rmico se presenta en una jeringa precargada de 3 ml y su principal ingrediente es la Soluci\u00f3n Polim\u00e9rica de \u00c1cido Hialur\u00f3nico con una concentraci\u00f3n de 20mg\/ml y una concentraci\u00f3n de gel de part\u00edculas de 2.000 part\u00edculas\/ml. Como resultado, cuando se inyecta en las capas subcut\u00e1neas o supraperi\u00f3sticas, no migra, ofreciendo resultados est\u00e9ticos precisos y exactos.<\/p>\n<h3>Indicaciones<\/h3>\n<ul>\n<li>Contornos faciales<\/li>\n<li>Manos<\/li>\n<li>Mejillas y barbilla<\/li>\n<li>Restauraci\u00f3n y creaci\u00f3n de volumen<\/li>\n<li>Puente nasal<\/li>\n<li>Zonas cigom\u00e1ticas<\/li>\n<\/ul>\n<p>Cuando se trata de durabilidad, Perfectha Subskin es muy dif\u00edcil de igualar. Una sesi\u00f3n realizada con este excelente relleno inyectable proporciona resultados m\u00e1s duraderos que van de 12 a 18 meses. No hay muchos otros productos de rejuvenecimiento de la piel de gama alta que puedan lograr tal haza\u00f1a y quiz\u00e1s sea porque no se basan en la revolucionaria tecnolog\u00eda E-BRID. Gracias a ella, las capacidades de voluminizaci\u00f3n y elevaci\u00f3n de este producto bien elaborado son mayores y los resultados que ofrece vienen acompa\u00f1ados de una mayor longevidad.<\/p>\n<p>Perfectha Subskin es un producto sanitario de clase III que proporciona una inyecci\u00f3n f\u00e1cil y suave. La textura suave del gel de HA se lleva toda la culpa de este poder especial del producto.<\/p>","protected":false},"excerpt":{"rendered":"<p>Con una capacidad de voluminizaci\u00f3n impresionantemente alta, Perfectha Subskin 3,0ml se encuentra entre los mejores rellenos cut\u00e1neos para el recuento facial, la restauraci\u00f3n del volumen y el aumento. La baja concentraci\u00f3n de part\u00edculas de gel en su estructura permite que se inyecte f\u00e1cilmente en las capas m\u00e1s profundas de la piel, donde pueden proporcionar un efecto lifting duradero. Basado en HA reticulado, este producto es seguro y se biodegrada naturalmente con el tiempo.<\/p>","protected":false},"featured_media":873,"template":"","meta":[],"product_brand":[],"product_cat":[79,42,63],"product_tag":[],"class_list":{"0":"post-866","1":"product","2":"type-product","3":"status-publish","4":"has-post-thumbnail","6":"product_cat-dermal-fillers","7":"product_cat-perfectha","8":"product_cat-sinclair","9":"clearfix","11":"first","12":"outofstock","13":"taxable","14":"shipping-taxable","15":"purchasable","16":"product-type-simple"},"yoast_head":"<!-- This site is optimized with the Yoast SEO plugin v27.4 - https:\/\/yoast.com\/product\/yoast-seo-wordpress\/ -->\n<title>Perfectha Subskin (1x3ml) - Skin Heal<\/title>\n<meta name=\"description\" content=\"Innovative HA skin filler Perfectha Subskin creates volume in the face and shapes facial contours. It is longer-lasting, easy-to-inject and biodegradable.\" \/>\n<meta name=\"robots\" content=\"index, follow, max-snippet:-1, max-image-preview:large, max-video-preview:-1\" \/>\n<link rel=\"canonical\" href=\"https:\/\/skin-heal.com\/es\/producto\/perfectha-subskin-1x3ml\/\" \/>\n<meta property=\"og:locale\" content=\"es_MX\" \/>\n<meta property=\"og:type\" content=\"article\" \/>\n<meta property=\"og:title\" content=\"Perfectha Subskin (1x3ml) - Skin Heal\" \/>\n<meta property=\"og:description\" content=\"Innovative HA skin filler Perfectha Subskin creates volume in the face and shapes facial contours. It is longer-lasting, easy-to-inject and biodegradable.\" \/>\n<meta property=\"og:url\" content=\"https:\/\/skin-heal.com\/es\/producto\/perfectha-subskin-1x3ml\/\" \/>\n<meta property=\"og:site_name\" content=\"Skin Heal\" \/>\n<meta property=\"article:modified_time\" content=\"2020-04-16T13:25:24+00:00\" \/>\n<meta property=\"og:image\" content=\"https:\/\/cdn.skin-heal.com\/wp-content\/uploads\/2018\/11\/Perfectha-Subskin.jpg\" \/>\n\t<meta property=\"og:image:width\" content=\"600\" \/>\n\t<meta property=\"og:image:height\" content=\"600\" \/>\n\t<meta property=\"og:image:type\" content=\"image\/jpeg\" \/>\n<meta name=\"twitter:card\" content=\"summary_large_image\" \/>\n<meta name=\"twitter:label1\" content=\"Tiempo de lectura\" \/>\n\t<meta name=\"twitter:data1\" content=\"1 minuto\" \/>\n<script type=\"application\/ld+json\" class=\"yoast-schema-graph\">{\"@context\":\"https:\\\/\\\/schema.org\",\"@graph\":[{\"@type\":\"WebPage\",\"@id\":\"https:\\\/\\\/skin-heal.com\\\/product\\\/perfectha-subskin-1x3ml\\\/\",\"url\":\"https:\\\/\\\/skin-heal.com\\\/product\\\/perfectha-subskin-1x3ml\\\/\",\"name\":\"Perfectha Subskin (1x3ml) - Skin Heal\",\"isPartOf\":{\"@id\":\"https:\\\/\\\/skin-heal.com\\\/#website\"},\"primaryImageOfPage\":{\"@id\":\"https:\\\/\\\/skin-heal.com\\\/product\\\/perfectha-subskin-1x3ml\\\/#primaryimage\"},\"image\":{\"@id\":\"https:\\\/\\\/skin-heal.com\\\/product\\\/perfectha-subskin-1x3ml\\\/#primaryimage\"},\"thumbnailUrl\":\"https:\\\/\\\/skin-heal.com\\\/wp-content\\\/uploads\\\/2018\\\/11\\\/Perfectha-Subskin.jpg\",\"datePublished\":\"2018-11-28T14:17:15+00:00\",\"dateModified\":\"2020-04-16T13:25:24+00:00\",\"description\":\"Innovative HA skin filler Perfectha Subskin creates volume in the face and shapes facial contours. It is longer-lasting, easy-to-inject and biodegradable.\",\"breadcrumb\":{\"@id\":\"https:\\\/\\\/skin-heal.com\\\/product\\\/perfectha-subskin-1x3ml\\\/#breadcrumb\"},\"inLanguage\":\"es\",\"potentialAction\":[{\"@type\":\"ReadAction\",\"target\":[\"https:\\\/\\\/skin-heal.com\\\/product\\\/perfectha-subskin-1x3ml\\\/\"]}]},{\"@type\":\"ImageObject\",\"inLanguage\":\"es\",\"@id\":\"https:\\\/\\\/skin-heal.com\\\/product\\\/perfectha-subskin-1x3ml\\\/#primaryimage\",\"url\":\"https:\\\/\\\/skin-heal.com\\\/wp-content\\\/uploads\\\/2018\\\/11\\\/Perfectha-Subskin.jpg\",\"contentUrl\":\"https:\\\/\\\/skin-heal.com\\\/wp-content\\\/uploads\\\/2018\\\/11\\\/Perfectha-Subskin.jpg\",\"width\":600,\"height\":600,\"caption\":\"Perfectha Subskin\"},{\"@type\":\"BreadcrumbList\",\"@id\":\"https:\\\/\\\/skin-heal.com\\\/product\\\/perfectha-subskin-1x3ml\\\/#breadcrumb\",\"itemListElement\":[{\"@type\":\"ListItem\",\"position\":1,\"name\":\"Home\",\"item\":\"https:\\\/\\\/skin-heal.com\\\/\"},{\"@type\":\"ListItem\",\"position\":2,\"name\":\"Store\",\"item\":\"https:\\\/\\\/skin-heal.com\\\/store\\\/\"},{\"@type\":\"ListItem\",\"position\":3,\"name\":\"Perfectha Subskin (1x3ml)\"}]},{\"@type\":\"WebSite\",\"@id\":\"https:\\\/\\\/skin-heal.com\\\/#website\",\"url\":\"https:\\\/\\\/skin-heal.com\\\/\",\"name\":\"Skin Heal\",\"description\":\"Lowest Prices for Dermal Fillers\",\"potentialAction\":[{\"@type\":\"SearchAction\",\"target\":{\"@type\":\"EntryPoint\",\"urlTemplate\":\"https:\\\/\\\/skin-heal.com\\\/?s={search_term_string}\"},\"query-input\":{\"@type\":\"PropertyValueSpecification\",\"valueRequired\":true,\"valueName\":\"search_term_string\"}}],\"inLanguage\":\"es\"}]}<\/script>\n<!-- \/ Yoast SEO plugin. -->","yoast_head_json":{"title":"Perfectha Subskin (1x3ml) - Skin Heal","description":"El innovador relleno cut\u00e1neo de HA Perfectha Subskin crea volumen en el rostro y moldea el contorno facial. Es m\u00e1s duradero, f\u00e1cil de inyectar y biodegradable.","robots":{"index":"index","follow":"follow","max-snippet":"max-snippet:-1","max-image-preview":"max-image-preview:large","max-video-preview":"max-video-preview:-1"},"canonical":"https:\/\/skin-heal.com\/es\/producto\/perfectha-subskin-1x3ml\/","og_locale":"es_MX","og_type":"article","og_title":"Perfectha Subskin (1x3ml) - Skin Heal","og_description":"Innovative HA skin filler Perfectha Subskin creates volume in the face and shapes facial contours. It is longer-lasting, easy-to-inject and biodegradable.","og_url":"https:\/\/skin-heal.com\/es\/producto\/perfectha-subskin-1x3ml\/","og_site_name":"Skin Heal","article_modified_time":"2020-04-16T13:25:24+00:00","og_image":[{"width":600,"height":600,"url":"https:\/\/cdn.skin-heal.com\/wp-content\/uploads\/2018\/11\/Perfectha-Subskin.jpg","type":"image\/jpeg"}],"twitter_card":"summary_large_image","twitter_misc":{"Tiempo de lectura":"1 minuto"},"schema":{"@context":"https:\/\/schema.org","@graph":[{"@type":"WebPage","@id":"https:\/\/skin-heal.com\/product\/perfectha-subskin-1x3ml\/","url":"https:\/\/skin-heal.com\/product\/perfectha-subskin-1x3ml\/","name":"Perfectha Subskin (1x3ml) - Skin Heal","isPartOf":{"@id":"https:\/\/skin-heal.com\/#website"},"primaryImageOfPage":{"@id":"https:\/\/skin-heal.com\/product\/perfectha-subskin-1x3ml\/#primaryimage"},"image":{"@id":"https:\/\/skin-heal.com\/product\/perfectha-subskin-1x3ml\/#primaryimage"},"thumbnailUrl":"https:\/\/cdn.skin-heal.com\/wp-content\/uploads\/2018\/11\/Perfectha-Subskin.jpg","datePublished":"2018-11-28T14:17:15+00:00","dateModified":"2020-04-16T13:25:24+00:00","description":"El innovador relleno cut\u00e1neo de HA Perfectha Subskin crea volumen en el rostro y moldea el contorno facial. Es m\u00e1s duradero, f\u00e1cil de inyectar y biodegradable.","breadcrumb":{"@id":"https:\/\/skin-heal.com\/product\/perfectha-subskin-1x3ml\/#breadcrumb"},"inLanguage":"es","potentialAction":[{"@type":"ReadAction","target":["https:\/\/skin-heal.com\/product\/perfectha-subskin-1x3ml\/"]}]},{"@type":"ImageObject","inLanguage":"es","@id":"https:\/\/skin-heal.com\/product\/perfectha-subskin-1x3ml\/#primaryimage","url":"https:\/\/cdn.skin-heal.com\/wp-content\/uploads\/2018\/11\/Perfectha-Subskin.jpg","contentUrl":"https:\/\/cdn.skin-heal.com\/wp-content\/uploads\/2018\/11\/Perfectha-Subskin.jpg","width":600,"height":600,"caption":"Perfectha Subskin"},{"@type":"BreadcrumbList","@id":"https:\/\/skin-heal.com\/product\/perfectha-subskin-1x3ml\/#breadcrumb","itemListElement":[{"@type":"ListItem","position":1,"name":"Home","item":"https:\/\/skin-heal.com\/"},{"@type":"ListItem","position":2,"name":"Store","item":"https:\/\/skin-heal.com\/store\/"},{"@type":"ListItem","position":3,"name":"Perfectha Subskin (1x3ml)"}]},{"@type":"WebSite","@id":"https:\/\/skin-heal.com\/#website","url":"https:\/\/skin-heal.com\/","name":"Curaci\u00f3n de la piel","description":"Los precios m\u00e1s bajos para los rellenos d\u00e9rmicos","potentialAction":[{"@type":"SearchAction","target":{"@type":"EntryPoint","urlTemplate":"https:\/\/skin-heal.com\/?s={search_term_string}"},"query-input":{"@type":"PropertyValueSpecification","valueRequired":true,"valueName":"search_term_string"}}],"inLanguage":"es"}]}},"_links":{"self":[{"href":"https:\/\/skin-heal.com\/es\/wp-json\/wp\/v2\/product\/866","targetHints":{"allow":["GET"]}}],"collection":[{"href":"https:\/\/skin-heal.com\/es\/wp-json\/wp\/v2\/product"}],"about":[{"href":"https:\/\/skin-heal.com\/es\/wp-json\/wp\/v2\/types\/product"}],"wp:featuredmedia":[{"embeddable":true,"href":"https:\/\/skin-heal.com\/es\/wp-json\/wp\/v2\/media\/873"}],"wp:attachment":[{"href":"https:\/\/skin-heal.com\/es\/wp-json\/wp\/v2\/media?parent=866"}],"wp:term":[{"taxonomy":"product_brand","embeddable":true,"href":"https:\/\/skin-heal.com\/es\/wp-json\/wp\/v2\/product_brand?post=866"},{"taxonomy":"product_cat","embeddable":true,"href":"https:\/\/skin-heal.com\/es\/wp-json\/wp\/v2\/product_cat?post=866"},{"taxonomy":"product_tag","embeddable":true,"href":"https:\/\/skin-heal.com\/es\/wp-json\/wp\/v2\/product_tag?post=866"}],"curies":[{"name":"wp","href":"https:\/\/api.w.org\/{rel}","templated":true}]}}