{"id":867,"date":"2018-11-28T14:17:08","date_gmt":"2018-11-28T14:17:08","guid":{"rendered":"https:\/\/skin-heal.com\/?post_type=product&#038;p=867"},"modified":"2020-04-16T13:25:24","modified_gmt":"2020-04-16T13:25:24","slug":"perfectha-subskin-3x1ml","status":"publish","type":"product","link":"https:\/\/skin-heal.com\/es\/producto\/perfectha-subskin-3x1ml\/","title":{"rendered":"Perfectha Subskin (3x1ml)"},"content":{"rendered":"<p>La concentraci\u00f3n de HA de Perfectha Subskin puede ser id\u00e9ntica a la de todos los dem\u00e1s rellenos d\u00e9rmicos de esta marca, pero su concentraci\u00f3n de part\u00edculas de gel es lo que hace que este producto sea especial. 2.000 - esa es la cantidad exacta de part\u00edculas de gel que se pueden encontrar en cada 1 ml de esta inyecci\u00f3n de relleno pionera. Se trata de una precisi\u00f3n que s\u00f3lo puede lograrse gracias a la tecnolog\u00eda E-BRIT, marca registrada de los Laboratorios ObvieLine, que adapta cada gel de AH de la empresa para que se ajuste de forma ideal a las caracter\u00edsticas espec\u00edficas de las zonas de tratamiento. En el caso de Perfectha Subskin, el producto se inyecta en las capas supraperi\u00f3sticas o subcut\u00e1neas de la dermis. De este modo, puede aportar el volumen necesario para remodelar, realzar, corregir o definir el contorno facial, el puente de la nariz, el ment\u00f3n, las mejillas, etc.<\/p>\n<h3>Los beneficios incluyen<\/h3>\n<ul>\n<li>Degradaci\u00f3n lenta de la HA - resultados duraderos<\/li>\n<li>Propiedades de flujo sorprendentes: inyecci\u00f3n suave<\/li>\n<li>No hay rastros de BDDE ni de ingredientes de origen animal: no se requieren pruebas antes del tratamiento<\/li>\n<li>Tecnolog\u00eda E-BRID: un mayor grado de voluminizaci\u00f3n<\/li>\n<li>Fabricado con componentes y materias primas de primera calidad - 100% cumple con las normas de calidad y seguridad<\/li>\n<\/ul>\n<p>El procedimiento de tratamiento suele durar unos 30 minutos y siempre debe ser realizado por un cl\u00ednico capacitado.<\/p>","protected":false},"excerpt":{"rendered":"<p>Perfectha Subskin 1,0ml se dirige a varias zonas del rostro y ha sido dise\u00f1ado espec\u00edficamente para proporcionar un volumen duradero. Se trata de un relleno de tejidos blandos de primera calidad a base de HA y fabricado en Francia por los acreditados Laboratorios ObvieLine. Con una longevidad de efectos de hasta 18 meses, es el producto m\u00e1s duradero de esta l\u00ednea. Se trata de un producto de rejuvenecimiento de la piel de gran pureza y totalmente esterilizado que no decepciona.<\/p>","protected":false},"featured_media":873,"template":"","meta":[],"product_brand":[],"product_cat":[79,42,63],"product_tag":[],"class_list":{"0":"post-867","1":"product","2":"type-product","3":"status-publish","4":"has-post-thumbnail","6":"product_cat-dermal-fillers","7":"product_cat-perfectha","8":"product_cat-sinclair","9":"clearfix","11":"first","12":"outofstock","13":"taxable","14":"shipping-taxable","15":"purchasable","16":"product-type-simple"},"yoast_head":"<!-- This site is optimized with the Yoast SEO plugin v27.4 - https:\/\/yoast.com\/product\/yoast-seo-wordpress\/ -->\n<title>Perfectha Subskin (3x1ml) - Skin Heal<\/title>\n<meta name=\"description\" content=\"Perfectha Subskin provides volume and reshapes facial contours like no other professional skin filler on the market. Its durability? 12 to 18 months!\" \/>\n<meta name=\"robots\" content=\"index, follow, max-snippet:-1, max-image-preview:large, max-video-preview:-1\" \/>\n<link rel=\"canonical\" href=\"https:\/\/skin-heal.com\/es\/producto\/perfectha-subskin-3x1ml\/\" \/>\n<meta property=\"og:locale\" content=\"es_MX\" \/>\n<meta property=\"og:type\" content=\"article\" \/>\n<meta property=\"og:title\" content=\"Perfectha Subskin (3x1ml) - Skin Heal\" \/>\n<meta property=\"og:description\" content=\"Perfectha Subskin provides volume and reshapes facial contours like no other professional skin filler on the market. Its durability? 12 to 18 months!\" \/>\n<meta property=\"og:url\" content=\"https:\/\/skin-heal.com\/es\/producto\/perfectha-subskin-3x1ml\/\" \/>\n<meta property=\"og:site_name\" content=\"Skin Heal\" \/>\n<meta property=\"article:modified_time\" content=\"2020-04-16T13:25:24+00:00\" \/>\n<meta property=\"og:image\" content=\"https:\/\/cdn.skin-heal.com\/wp-content\/uploads\/2018\/11\/Perfectha-Subskin.jpg\" \/>\n\t<meta property=\"og:image:width\" content=\"600\" \/>\n\t<meta property=\"og:image:height\" content=\"600\" \/>\n\t<meta property=\"og:image:type\" content=\"image\/jpeg\" \/>\n<meta name=\"twitter:card\" content=\"summary_large_image\" \/>\n<meta name=\"twitter:label1\" content=\"Tiempo de lectura\" \/>\n\t<meta name=\"twitter:data1\" content=\"1 minuto\" \/>\n<script type=\"application\/ld+json\" class=\"yoast-schema-graph\">{\"@context\":\"https:\\\/\\\/schema.org\",\"@graph\":[{\"@type\":\"WebPage\",\"@id\":\"https:\\\/\\\/skin-heal.com\\\/product\\\/perfectha-subskin-3x1ml\\\/\",\"url\":\"https:\\\/\\\/skin-heal.com\\\/product\\\/perfectha-subskin-3x1ml\\\/\",\"name\":\"Perfectha Subskin (3x1ml) - Skin Heal\",\"isPartOf\":{\"@id\":\"https:\\\/\\\/skin-heal.com\\\/#website\"},\"primaryImageOfPage\":{\"@id\":\"https:\\\/\\\/skin-heal.com\\\/product\\\/perfectha-subskin-3x1ml\\\/#primaryimage\"},\"image\":{\"@id\":\"https:\\\/\\\/skin-heal.com\\\/product\\\/perfectha-subskin-3x1ml\\\/#primaryimage\"},\"thumbnailUrl\":\"https:\\\/\\\/skin-heal.com\\\/wp-content\\\/uploads\\\/2018\\\/11\\\/Perfectha-Subskin.jpg\",\"datePublished\":\"2018-11-28T14:17:08+00:00\",\"dateModified\":\"2020-04-16T13:25:24+00:00\",\"description\":\"Perfectha Subskin provides volume and reshapes facial contours like no other professional skin filler on the market. Its durability? 12 to 18 months!\",\"breadcrumb\":{\"@id\":\"https:\\\/\\\/skin-heal.com\\\/product\\\/perfectha-subskin-3x1ml\\\/#breadcrumb\"},\"inLanguage\":\"es\",\"potentialAction\":[{\"@type\":\"ReadAction\",\"target\":[\"https:\\\/\\\/skin-heal.com\\\/product\\\/perfectha-subskin-3x1ml\\\/\"]}]},{\"@type\":\"ImageObject\",\"inLanguage\":\"es\",\"@id\":\"https:\\\/\\\/skin-heal.com\\\/product\\\/perfectha-subskin-3x1ml\\\/#primaryimage\",\"url\":\"https:\\\/\\\/skin-heal.com\\\/wp-content\\\/uploads\\\/2018\\\/11\\\/Perfectha-Subskin.jpg\",\"contentUrl\":\"https:\\\/\\\/skin-heal.com\\\/wp-content\\\/uploads\\\/2018\\\/11\\\/Perfectha-Subskin.jpg\",\"width\":600,\"height\":600,\"caption\":\"Perfectha Subskin\"},{\"@type\":\"BreadcrumbList\",\"@id\":\"https:\\\/\\\/skin-heal.com\\\/product\\\/perfectha-subskin-3x1ml\\\/#breadcrumb\",\"itemListElement\":[{\"@type\":\"ListItem\",\"position\":1,\"name\":\"Home\",\"item\":\"https:\\\/\\\/skin-heal.com\\\/\"},{\"@type\":\"ListItem\",\"position\":2,\"name\":\"Store\",\"item\":\"https:\\\/\\\/skin-heal.com\\\/store\\\/\"},{\"@type\":\"ListItem\",\"position\":3,\"name\":\"Perfectha Subskin (3x1ml)\"}]},{\"@type\":\"WebSite\",\"@id\":\"https:\\\/\\\/skin-heal.com\\\/#website\",\"url\":\"https:\\\/\\\/skin-heal.com\\\/\",\"name\":\"Skin Heal\",\"description\":\"Lowest Prices for Dermal Fillers\",\"potentialAction\":[{\"@type\":\"SearchAction\",\"target\":{\"@type\":\"EntryPoint\",\"urlTemplate\":\"https:\\\/\\\/skin-heal.com\\\/?s={search_term_string}\"},\"query-input\":{\"@type\":\"PropertyValueSpecification\",\"valueRequired\":true,\"valueName\":\"search_term_string\"}}],\"inLanguage\":\"es\"}]}<\/script>\n<!-- \/ Yoast SEO plugin. -->","yoast_head_json":{"title":"Perfectha Subskin (3x1ml) - Skin Heal","description":"Perfectha Subskin proporciona volumen y remodela el contorno facial como ning\u00fan otro relleno cut\u00e1neo profesional del mercado. \u00bfSu durabilidad? \u00a1De 12 a 18 meses!","robots":{"index":"index","follow":"follow","max-snippet":"max-snippet:-1","max-image-preview":"max-image-preview:large","max-video-preview":"max-video-preview:-1"},"canonical":"https:\/\/skin-heal.com\/es\/producto\/perfectha-subskin-3x1ml\/","og_locale":"es_MX","og_type":"article","og_title":"Perfectha Subskin (3x1ml) - Skin Heal","og_description":"Perfectha Subskin provides volume and reshapes facial contours like no other professional skin filler on the market. Its durability? 12 to 18 months!","og_url":"https:\/\/skin-heal.com\/es\/producto\/perfectha-subskin-3x1ml\/","og_site_name":"Skin Heal","article_modified_time":"2020-04-16T13:25:24+00:00","og_image":[{"width":600,"height":600,"url":"https:\/\/cdn.skin-heal.com\/wp-content\/uploads\/2018\/11\/Perfectha-Subskin.jpg","type":"image\/jpeg"}],"twitter_card":"summary_large_image","twitter_misc":{"Tiempo de lectura":"1 minuto"},"schema":{"@context":"https:\/\/schema.org","@graph":[{"@type":"WebPage","@id":"https:\/\/skin-heal.com\/product\/perfectha-subskin-3x1ml\/","url":"https:\/\/skin-heal.com\/product\/perfectha-subskin-3x1ml\/","name":"Perfectha Subskin (3x1ml) - Skin Heal","isPartOf":{"@id":"https:\/\/skin-heal.com\/#website"},"primaryImageOfPage":{"@id":"https:\/\/skin-heal.com\/product\/perfectha-subskin-3x1ml\/#primaryimage"},"image":{"@id":"https:\/\/skin-heal.com\/product\/perfectha-subskin-3x1ml\/#primaryimage"},"thumbnailUrl":"https:\/\/cdn.skin-heal.com\/wp-content\/uploads\/2018\/11\/Perfectha-Subskin.jpg","datePublished":"2018-11-28T14:17:08+00:00","dateModified":"2020-04-16T13:25:24+00:00","description":"Perfectha Subskin proporciona volumen y remodela el contorno facial como ning\u00fan otro relleno cut\u00e1neo profesional del mercado. \u00bfSu durabilidad? \u00a1De 12 a 18 meses!","breadcrumb":{"@id":"https:\/\/skin-heal.com\/product\/perfectha-subskin-3x1ml\/#breadcrumb"},"inLanguage":"es","potentialAction":[{"@type":"ReadAction","target":["https:\/\/skin-heal.com\/product\/perfectha-subskin-3x1ml\/"]}]},{"@type":"ImageObject","inLanguage":"es","@id":"https:\/\/skin-heal.com\/product\/perfectha-subskin-3x1ml\/#primaryimage","url":"https:\/\/cdn.skin-heal.com\/wp-content\/uploads\/2018\/11\/Perfectha-Subskin.jpg","contentUrl":"https:\/\/cdn.skin-heal.com\/wp-content\/uploads\/2018\/11\/Perfectha-Subskin.jpg","width":600,"height":600,"caption":"Perfectha Subskin"},{"@type":"BreadcrumbList","@id":"https:\/\/skin-heal.com\/product\/perfectha-subskin-3x1ml\/#breadcrumb","itemListElement":[{"@type":"ListItem","position":1,"name":"Home","item":"https:\/\/skin-heal.com\/"},{"@type":"ListItem","position":2,"name":"Store","item":"https:\/\/skin-heal.com\/store\/"},{"@type":"ListItem","position":3,"name":"Perfectha Subskin (3x1ml)"}]},{"@type":"WebSite","@id":"https:\/\/skin-heal.com\/#website","url":"https:\/\/skin-heal.com\/","name":"Curaci\u00f3n de la piel","description":"Los precios m\u00e1s bajos para los rellenos d\u00e9rmicos","potentialAction":[{"@type":"SearchAction","target":{"@type":"EntryPoint","urlTemplate":"https:\/\/skin-heal.com\/?s={search_term_string}"},"query-input":{"@type":"PropertyValueSpecification","valueRequired":true,"valueName":"search_term_string"}}],"inLanguage":"es"}]}},"_links":{"self":[{"href":"https:\/\/skin-heal.com\/es\/wp-json\/wp\/v2\/product\/867","targetHints":{"allow":["GET"]}}],"collection":[{"href":"https:\/\/skin-heal.com\/es\/wp-json\/wp\/v2\/product"}],"about":[{"href":"https:\/\/skin-heal.com\/es\/wp-json\/wp\/v2\/types\/product"}],"wp:featuredmedia":[{"embeddable":true,"href":"https:\/\/skin-heal.com\/es\/wp-json\/wp\/v2\/media\/873"}],"wp:attachment":[{"href":"https:\/\/skin-heal.com\/es\/wp-json\/wp\/v2\/media?parent=867"}],"wp:term":[{"taxonomy":"product_brand","embeddable":true,"href":"https:\/\/skin-heal.com\/es\/wp-json\/wp\/v2\/product_brand?post=867"},{"taxonomy":"product_cat","embeddable":true,"href":"https:\/\/skin-heal.com\/es\/wp-json\/wp\/v2\/product_cat?post=867"},{"taxonomy":"product_tag","embeddable":true,"href":"https:\/\/skin-heal.com\/es\/wp-json\/wp\/v2\/product_tag?post=867"}],"curies":[{"name":"wp","href":"https:\/\/api.w.org\/{rel}","templated":true}]}}