{"id":868,"date":"2018-11-28T14:16:50","date_gmt":"2018-11-28T14:16:50","guid":{"rendered":"https:\/\/skin-heal.com\/?post_type=product&#038;p=868"},"modified":"2020-04-16T13:25:23","modified_gmt":"2020-04-16T13:25:23","slug":"perfectha-complement-1x0-8ml","status":"publish","type":"product","link":"https:\/\/skin-heal.com\/es\/producto\/perfectha-complement-1x0-8ml\/","title":{"rendered":"Complemento Perfectha (1\u00d70,8ml)"},"content":{"rendered":"<p>Se trata de un nuevo y prometedor tipo de relleno de tejidos blandos que se vende r\u00e1pidamente y que puede utilizarse despu\u00e9s de un peeling facial o de una inyecci\u00f3n de toxina botul\u00ednica. Como su nombre indica, su finalidad es complementar el otro tratamiento. Con Perfectha Complement, los profesionales pueden retocar diferentes zonas del rostro. El producto es f\u00e1cil de inyectar en la supra-dermis, donde se biodegrada en cuesti\u00f3n de 4 a 6 meses. Ofrece un bajo volumen de inyecci\u00f3n con resultados inmejorables.<\/p>\n<h3>Cada caja de Perfectha Complemento incluye<\/h3>\n<ul>\n<li>1 jeringa precargada de 0,8 ml con gel de HA<\/li>\n<li>2 agujas desechables de 30G1\/2\".<\/li>\n<li>1 x inserto de producto<\/li>\n<li>2 etiquetas de trazabilidad<\/li>\n<\/ul>\n<h3>M\u00e9todos avanzados de producci\u00f3n<\/h3>\n<p>El Complemento Perfectha ha sido fabricado en un entorno perfectamente controlado a trav\u00e9s de un proceso de mezcla controlado. Su f\u00f3rmula ha sido mejorada y optimizada a trav\u00e9s de una tecnolog\u00eda E-BRID que garantiza un mayor resultado de lifting. Este eficaz relleno de la piel tambi\u00e9n ha sido sometido a un proceso de esterilizaci\u00f3n de primer nivel antes de llegar a los estantes. Por lo tanto, algunas de las cosas que puede esperar de \u00e9l son:<\/p>\n<ul>\n<li>Una notable longevidad<\/li>\n<li>Excelente compatibilidad biol\u00f3gica<\/li>\n<li>Cero impurezas<\/li>\n<li>Descomposici\u00f3n uniforme y gradual<\/li>\n<li>Una inyecci\u00f3n suave<\/li>\n<\/ul>\n<p>Los posibles efectos secundarios son el enrojecimiento, la sensibilidad, la degluci\u00f3n, la sensibilidad y los hematomas alrededor de los puntos de inyecci\u00f3n. No son peligrosos y remiten r\u00e1pidamente.<\/p>","protected":false},"excerpt":{"rendered":"<p>Perfectha Complement es un relleno cut\u00e1neo de primera calidad desarrollado para complementar otros tratamientos de rejuvenecimiento est\u00e9tico. Su gel de \u00e1cido hialur\u00f3nico de origen no animal no contiene BDDE, por lo que puede combinarse f\u00e1cilmente con una amplia gama de tratamientos cut\u00e1neos sin ning\u00fan efecto secundario perjudicial. El uso principal de este producto es para peque\u00f1as alteraciones y correcciones de l\u00edneas periorales superficiales y patas de gallo.<\/p>","protected":false},"featured_media":874,"template":"","meta":[],"product_brand":[],"product_cat":[79,63],"product_tag":[],"class_list":{"0":"post-868","1":"product","2":"type-product","3":"status-publish","4":"has-post-thumbnail","6":"product_cat-dermal-fillers","7":"product_cat-sinclair","8":"clearfix","10":"first","11":"outofstock","12":"taxable","13":"shipping-taxable","14":"purchasable","15":"product-type-simple"},"yoast_head":"<!-- This site is optimized with the Yoast SEO plugin v27.3 - https:\/\/yoast.com\/product\/yoast-seo-wordpress\/ -->\n<title>Perfectha Complement (1x0.8ml) - Skin Heal<\/title>\n<meta name=\"description\" content=\"Perfectha Complement is an effective skin filler used to complement other skin rejuvenation treatments. Get this non-animal based HA filler from Skin Heal.\" \/>\n<meta name=\"robots\" content=\"index, follow, max-snippet:-1, max-image-preview:large, max-video-preview:-1\" \/>\n<link rel=\"canonical\" href=\"https:\/\/skin-heal.com\/es\/producto\/perfectha-complement-1x0-8ml\/\" \/>\n<meta property=\"og:locale\" content=\"es_MX\" \/>\n<meta property=\"og:type\" content=\"article\" \/>\n<meta property=\"og:title\" content=\"Perfectha Complement (1x0.8ml) - Skin Heal\" \/>\n<meta property=\"og:description\" content=\"Perfectha Complement is an effective skin filler used to complement other skin rejuvenation treatments. Get this non-animal based HA filler from Skin Heal.\" \/>\n<meta property=\"og:url\" content=\"https:\/\/skin-heal.com\/es\/producto\/perfectha-complement-1x0-8ml\/\" \/>\n<meta property=\"og:site_name\" content=\"Skin Heal\" \/>\n<meta property=\"article:modified_time\" content=\"2020-04-16T13:25:23+00:00\" \/>\n<meta property=\"og:image\" content=\"https:\/\/cdn.skin-heal.com\/wp-content\/uploads\/2018\/11\/Perfectha-Complement.jpg\" \/>\n\t<meta property=\"og:image:width\" content=\"600\" \/>\n\t<meta property=\"og:image:height\" content=\"600\" \/>\n\t<meta property=\"og:image:type\" content=\"image\/jpeg\" \/>\n<meta name=\"twitter:card\" content=\"summary_large_image\" \/>\n<meta name=\"twitter:label1\" content=\"Tiempo de lectura\" \/>\n\t<meta name=\"twitter:data1\" content=\"1 minuto\" \/>\n<script type=\"application\/ld+json\" class=\"yoast-schema-graph\">{\"@context\":\"https:\\\/\\\/schema.org\",\"@graph\":[{\"@type\":\"WebPage\",\"@id\":\"https:\\\/\\\/skin-heal.com\\\/product\\\/perfectha-complement-1x0-8ml\\\/\",\"url\":\"https:\\\/\\\/skin-heal.com\\\/product\\\/perfectha-complement-1x0-8ml\\\/\",\"name\":\"Perfectha Complement (1x0.8ml) - Skin Heal\",\"isPartOf\":{\"@id\":\"https:\\\/\\\/skin-heal.com\\\/#website\"},\"primaryImageOfPage\":{\"@id\":\"https:\\\/\\\/skin-heal.com\\\/product\\\/perfectha-complement-1x0-8ml\\\/#primaryimage\"},\"image\":{\"@id\":\"https:\\\/\\\/skin-heal.com\\\/product\\\/perfectha-complement-1x0-8ml\\\/#primaryimage\"},\"thumbnailUrl\":\"https:\\\/\\\/skin-heal.com\\\/wp-content\\\/uploads\\\/2018\\\/11\\\/Perfectha-Complement.jpg\",\"datePublished\":\"2018-11-28T14:16:50+00:00\",\"dateModified\":\"2020-04-16T13:25:23+00:00\",\"description\":\"Perfectha Complement is an effective skin filler used to complement other skin rejuvenation treatments. Get this non-animal based HA filler from Skin Heal.\",\"breadcrumb\":{\"@id\":\"https:\\\/\\\/skin-heal.com\\\/product\\\/perfectha-complement-1x0-8ml\\\/#breadcrumb\"},\"inLanguage\":\"es\",\"potentialAction\":[{\"@type\":\"ReadAction\",\"target\":[\"https:\\\/\\\/skin-heal.com\\\/product\\\/perfectha-complement-1x0-8ml\\\/\"]}]},{\"@type\":\"ImageObject\",\"inLanguage\":\"es\",\"@id\":\"https:\\\/\\\/skin-heal.com\\\/product\\\/perfectha-complement-1x0-8ml\\\/#primaryimage\",\"url\":\"https:\\\/\\\/skin-heal.com\\\/wp-content\\\/uploads\\\/2018\\\/11\\\/Perfectha-Complement.jpg\",\"contentUrl\":\"https:\\\/\\\/skin-heal.com\\\/wp-content\\\/uploads\\\/2018\\\/11\\\/Perfectha-Complement.jpg\",\"width\":600,\"height\":600,\"caption\":\"Perfectha Complement\"},{\"@type\":\"BreadcrumbList\",\"@id\":\"https:\\\/\\\/skin-heal.com\\\/product\\\/perfectha-complement-1x0-8ml\\\/#breadcrumb\",\"itemListElement\":[{\"@type\":\"ListItem\",\"position\":1,\"name\":\"Home\",\"item\":\"https:\\\/\\\/skin-heal.com\\\/\"},{\"@type\":\"ListItem\",\"position\":2,\"name\":\"Store\",\"item\":\"https:\\\/\\\/skin-heal.com\\\/store\\\/\"},{\"@type\":\"ListItem\",\"position\":3,\"name\":\"Perfectha Complement (1&#215;0.8ml)\"}]},{\"@type\":\"WebSite\",\"@id\":\"https:\\\/\\\/skin-heal.com\\\/#website\",\"url\":\"https:\\\/\\\/skin-heal.com\\\/\",\"name\":\"Skin Heal\",\"description\":\"Lowest Prices for Dermal Fillers\",\"potentialAction\":[{\"@type\":\"SearchAction\",\"target\":{\"@type\":\"EntryPoint\",\"urlTemplate\":\"https:\\\/\\\/skin-heal.com\\\/?s={search_term_string}\"},\"query-input\":{\"@type\":\"PropertyValueSpecification\",\"valueRequired\":true,\"valueName\":\"search_term_string\"}}],\"inLanguage\":\"es\"}]}<\/script>\n<!-- \/ Yoast SEO plugin. -->","yoast_head_json":{"title":"Complemento Perfectha (1x0,8ml) - Skin Heal","description":"Perfectha Complement es un eficaz relleno cut\u00e1neo que se utiliza para complementar otros tratamientos de rejuvenecimiento de la piel. Consiga este relleno de HA de origen no animal en Skin Heal.","robots":{"index":"index","follow":"follow","max-snippet":"max-snippet:-1","max-image-preview":"max-image-preview:large","max-video-preview":"max-video-preview:-1"},"canonical":"https:\/\/skin-heal.com\/es\/producto\/perfectha-complement-1x0-8ml\/","og_locale":"es_MX","og_type":"article","og_title":"Perfectha Complement (1x0.8ml) - Skin Heal","og_description":"Perfectha Complement is an effective skin filler used to complement other skin rejuvenation treatments. Get this non-animal based HA filler from Skin Heal.","og_url":"https:\/\/skin-heal.com\/es\/producto\/perfectha-complement-1x0-8ml\/","og_site_name":"Skin Heal","article_modified_time":"2020-04-16T13:25:23+00:00","og_image":[{"width":600,"height":600,"url":"https:\/\/cdn.skin-heal.com\/wp-content\/uploads\/2018\/11\/Perfectha-Complement.jpg","type":"image\/jpeg"}],"twitter_card":"summary_large_image","twitter_misc":{"Tiempo de lectura":"1 minuto"},"schema":{"@context":"https:\/\/schema.org","@graph":[{"@type":"WebPage","@id":"https:\/\/skin-heal.com\/product\/perfectha-complement-1x0-8ml\/","url":"https:\/\/skin-heal.com\/product\/perfectha-complement-1x0-8ml\/","name":"Complemento Perfectha (1x0,8ml) - Skin Heal","isPartOf":{"@id":"https:\/\/skin-heal.com\/#website"},"primaryImageOfPage":{"@id":"https:\/\/skin-heal.com\/product\/perfectha-complement-1x0-8ml\/#primaryimage"},"image":{"@id":"https:\/\/skin-heal.com\/product\/perfectha-complement-1x0-8ml\/#primaryimage"},"thumbnailUrl":"https:\/\/cdn.skin-heal.com\/wp-content\/uploads\/2018\/11\/Perfectha-Complement.jpg","datePublished":"2018-11-28T14:16:50+00:00","dateModified":"2020-04-16T13:25:23+00:00","description":"Perfectha Complement es un eficaz relleno cut\u00e1neo que se utiliza para complementar otros tratamientos de rejuvenecimiento de la piel. Consiga este relleno de HA de origen no animal en Skin Heal.","breadcrumb":{"@id":"https:\/\/skin-heal.com\/product\/perfectha-complement-1x0-8ml\/#breadcrumb"},"inLanguage":"es","potentialAction":[{"@type":"ReadAction","target":["https:\/\/skin-heal.com\/product\/perfectha-complement-1x0-8ml\/"]}]},{"@type":"ImageObject","inLanguage":"es","@id":"https:\/\/skin-heal.com\/product\/perfectha-complement-1x0-8ml\/#primaryimage","url":"https:\/\/cdn.skin-heal.com\/wp-content\/uploads\/2018\/11\/Perfectha-Complement.jpg","contentUrl":"https:\/\/cdn.skin-heal.com\/wp-content\/uploads\/2018\/11\/Perfectha-Complement.jpg","width":600,"height":600,"caption":"Perfectha Complement"},{"@type":"BreadcrumbList","@id":"https:\/\/skin-heal.com\/product\/perfectha-complement-1x0-8ml\/#breadcrumb","itemListElement":[{"@type":"ListItem","position":1,"name":"Home","item":"https:\/\/skin-heal.com\/"},{"@type":"ListItem","position":2,"name":"Store","item":"https:\/\/skin-heal.com\/store\/"},{"@type":"ListItem","position":3,"name":"Perfectha Complement (1&#215;0.8ml)"}]},{"@type":"WebSite","@id":"https:\/\/skin-heal.com\/#website","url":"https:\/\/skin-heal.com\/","name":"Curaci\u00f3n de la piel","description":"Los precios m\u00e1s bajos para los rellenos d\u00e9rmicos","potentialAction":[{"@type":"SearchAction","target":{"@type":"EntryPoint","urlTemplate":"https:\/\/skin-heal.com\/?s={search_term_string}"},"query-input":{"@type":"PropertyValueSpecification","valueRequired":true,"valueName":"search_term_string"}}],"inLanguage":"es"}]}},"_links":{"self":[{"href":"https:\/\/skin-heal.com\/es\/wp-json\/wp\/v2\/product\/868","targetHints":{"allow":["GET"]}}],"collection":[{"href":"https:\/\/skin-heal.com\/es\/wp-json\/wp\/v2\/product"}],"about":[{"href":"https:\/\/skin-heal.com\/es\/wp-json\/wp\/v2\/types\/product"}],"wp:featuredmedia":[{"embeddable":true,"href":"https:\/\/skin-heal.com\/es\/wp-json\/wp\/v2\/media\/874"}],"wp:attachment":[{"href":"https:\/\/skin-heal.com\/es\/wp-json\/wp\/v2\/media?parent=868"}],"wp:term":[{"taxonomy":"product_brand","embeddable":true,"href":"https:\/\/skin-heal.com\/es\/wp-json\/wp\/v2\/product_brand?post=868"},{"taxonomy":"product_cat","embeddable":true,"href":"https:\/\/skin-heal.com\/es\/wp-json\/wp\/v2\/product_cat?post=868"},{"taxonomy":"product_tag","embeddable":true,"href":"https:\/\/skin-heal.com\/es\/wp-json\/wp\/v2\/product_tag?post=868"}],"curies":[{"name":"wp","href":"https:\/\/api.w.org\/{rel}","templated":true}]}}