{"id":875,"date":"2018-11-28T15:08:52","date_gmt":"2018-11-28T15:08:52","guid":{"rendered":"https:\/\/skin-heal.com\/?post_type=product&#038;p=875"},"modified":"2020-04-16T13:24:14","modified_gmt":"2020-04-16T13:24:14","slug":"decoria-essence-1x1ml","status":"publish","type":"product","link":"https:\/\/skin-heal.com\/es\/producto\/decoria-essence-1x1ml\/","title":{"rendered":"Esencia Decoria (1x1ml)"},"content":{"rendered":"<h3>Cada envase de Decoria Essence contiene<\/h3>\n<ul>\n<li>1 jeringa de vidrio de un solo uso de 1 ml<\/li>\n<li>2 agujas de un solo uso<\/li>\n<li>2 etiquetas de registro de pacientes para la trazabilidad de los productos<\/li>\n<\/ul>\n<p>La jeringa est\u00e1 esterilizada y viene precargada con 20mg\/ml de hialuronato s\u00f3dico reticulado, tamp\u00f3n fisiol\u00f3gico (Q.S.) y soluci\u00f3n de cloruro s\u00f3dico (Q.S.).<\/p>\n<p>El producto debe inyectarse en la dermis superficial o media para corregir los labios y las l\u00edneas y arrugas faciales poco profundas. Los cl\u00ednicos tambi\u00e9n pueden utilizar Decoria Essence para definir y remodelar la zona del arco de cupido. La longevidad de los resultados oscila entre 6 y 12 meses. Transcurrido ese tiempo, todos los componentes e ingredientes de este relleno cut\u00e1neo seguro se descompondr\u00e1n y ser\u00e1n totalmente reabsorbidos por el tejido blando en el que fueron inyectados.<\/p>\n<h3>Contraindicaciones y efectos secundarios<\/h3>\n<p>Decoria Essence no se recomienda para el tratamiento de pacientes que sufran una inflamaci\u00f3n o enfermedad cut\u00e1nea cr\u00f3nica o aguda, que tengan una infecci\u00f3n que afecte al lugar de la inyecci\u00f3n y aquellos que est\u00e9n tomando medicamentos que afecten a la funci\u00f3n plaquetaria de la sangre. Tambi\u00e9n se aconseja a las mujeres embarazadas y lactantes que eviten los tratamientos con inyecciones de relleno en general.<\/p>\n<p>Los efectos secundarios se observan de forma muy leve y rara vez se presentan. Entre ellos se encuentran el dolor, los hematomas y la hinchaz\u00f3n, y todos ellos desaparecen en una o dos semanas despu\u00e9s del tratamiento.<\/p>","protected":false},"excerpt":{"rendered":"<p>Decoria Essence es un relleno facial de \u00faltima generaci\u00f3n que proporciona una gran satisfacci\u00f3n tanto a los pacientes como a los profesionales. Los pacientes lo adoran porque proporciona un tratamiento seguro y natural de las l\u00edneas superficiales y la correcci\u00f3n de los labios con resultados de aspecto natural. Los profesionales lo valoran porque es muy sencillo y f\u00e1cil de usar, lo que facilita mucho su trabajo. Fabricado por Bohus BioTech AB, este producto es de muy alta calidad.<\/p>","protected":false},"featured_media":891,"template":"","meta":[],"product_brand":[],"product_cat":[66,44,79],"product_tag":[],"class_list":{"0":"post-875","1":"product","2":"type-product","3":"status-publish","4":"has-post-thumbnail","6":"product_cat-bohus-biotech","7":"product_cat-decoria","8":"product_cat-dermal-fillers","9":"clearfix","11":"first","12":"outofstock","13":"taxable","14":"shipping-taxable","15":"purchasable","16":"product-type-simple"},"yoast_head":"<!-- This site is optimized with the Yoast SEO plugin v27.3 - https:\/\/yoast.com\/product\/yoast-seo-wordpress\/ -->\n<title>Decoria Essence (1x1ml) - Skin Heal<\/title>\n<meta name=\"description\" content=\"Decoria Essence is a trusted skin filler that is successfully used for fine line removal and lip correction. It is health-friendly and easy-to-inject.\" \/>\n<meta name=\"robots\" content=\"index, follow, max-snippet:-1, max-image-preview:large, max-video-preview:-1\" \/>\n<link rel=\"canonical\" href=\"https:\/\/skin-heal.com\/es\/producto\/decoria-essence-1x1ml\/\" \/>\n<meta property=\"og:locale\" content=\"es_MX\" \/>\n<meta property=\"og:type\" content=\"article\" \/>\n<meta property=\"og:title\" content=\"Decoria Essence (1x1ml) - Skin Heal\" \/>\n<meta property=\"og:description\" content=\"Decoria Essence is a trusted skin filler that is successfully used for fine line removal and lip correction. It is health-friendly and easy-to-inject.\" \/>\n<meta property=\"og:url\" content=\"https:\/\/skin-heal.com\/es\/producto\/decoria-essence-1x1ml\/\" \/>\n<meta property=\"og:site_name\" content=\"Skin Heal\" \/>\n<meta property=\"article:modified_time\" content=\"2020-04-16T13:24:14+00:00\" \/>\n<meta property=\"og:image\" content=\"https:\/\/cdn.skin-heal.com\/wp-content\/uploads\/2018\/11\/Decoria-Essense.jpg\" \/>\n\t<meta property=\"og:image:width\" content=\"600\" \/>\n\t<meta property=\"og:image:height\" content=\"600\" \/>\n\t<meta property=\"og:image:type\" content=\"image\/jpeg\" \/>\n<meta name=\"twitter:card\" content=\"summary_large_image\" \/>\n<meta name=\"twitter:label1\" content=\"Tiempo de lectura\" \/>\n\t<meta name=\"twitter:data1\" content=\"1 minuto\" \/>\n<script type=\"application\/ld+json\" class=\"yoast-schema-graph\">{\"@context\":\"https:\\\/\\\/schema.org\",\"@graph\":[{\"@type\":\"WebPage\",\"@id\":\"https:\\\/\\\/skin-heal.com\\\/product\\\/decoria-essence-1x1ml\\\/\",\"url\":\"https:\\\/\\\/skin-heal.com\\\/product\\\/decoria-essence-1x1ml\\\/\",\"name\":\"Decoria Essence (1x1ml) - Skin Heal\",\"isPartOf\":{\"@id\":\"https:\\\/\\\/skin-heal.com\\\/#website\"},\"primaryImageOfPage\":{\"@id\":\"https:\\\/\\\/skin-heal.com\\\/product\\\/decoria-essence-1x1ml\\\/#primaryimage\"},\"image\":{\"@id\":\"https:\\\/\\\/skin-heal.com\\\/product\\\/decoria-essence-1x1ml\\\/#primaryimage\"},\"thumbnailUrl\":\"https:\\\/\\\/skin-heal.com\\\/wp-content\\\/uploads\\\/2018\\\/11\\\/Decoria-Essense.jpg\",\"datePublished\":\"2018-11-28T15:08:52+00:00\",\"dateModified\":\"2020-04-16T13:24:14+00:00\",\"description\":\"Decoria Essence is a trusted skin filler that is successfully used for fine line removal and lip correction. It is health-friendly and easy-to-inject.\",\"breadcrumb\":{\"@id\":\"https:\\\/\\\/skin-heal.com\\\/product\\\/decoria-essence-1x1ml\\\/#breadcrumb\"},\"inLanguage\":\"es\",\"potentialAction\":[{\"@type\":\"ReadAction\",\"target\":[\"https:\\\/\\\/skin-heal.com\\\/product\\\/decoria-essence-1x1ml\\\/\"]}]},{\"@type\":\"ImageObject\",\"inLanguage\":\"es\",\"@id\":\"https:\\\/\\\/skin-heal.com\\\/product\\\/decoria-essence-1x1ml\\\/#primaryimage\",\"url\":\"https:\\\/\\\/skin-heal.com\\\/wp-content\\\/uploads\\\/2018\\\/11\\\/Decoria-Essense.jpg\",\"contentUrl\":\"https:\\\/\\\/skin-heal.com\\\/wp-content\\\/uploads\\\/2018\\\/11\\\/Decoria-Essense.jpg\",\"width\":600,\"height\":600,\"caption\":\"Decoria Essense\"},{\"@type\":\"BreadcrumbList\",\"@id\":\"https:\\\/\\\/skin-heal.com\\\/product\\\/decoria-essence-1x1ml\\\/#breadcrumb\",\"itemListElement\":[{\"@type\":\"ListItem\",\"position\":1,\"name\":\"Home\",\"item\":\"https:\\\/\\\/skin-heal.com\\\/\"},{\"@type\":\"ListItem\",\"position\":2,\"name\":\"Store\",\"item\":\"https:\\\/\\\/skin-heal.com\\\/store\\\/\"},{\"@type\":\"ListItem\",\"position\":3,\"name\":\"Decoria Essence (1x1ml)\"}]},{\"@type\":\"WebSite\",\"@id\":\"https:\\\/\\\/skin-heal.com\\\/#website\",\"url\":\"https:\\\/\\\/skin-heal.com\\\/\",\"name\":\"Skin Heal\",\"description\":\"Lowest Prices for Dermal Fillers\",\"potentialAction\":[{\"@type\":\"SearchAction\",\"target\":{\"@type\":\"EntryPoint\",\"urlTemplate\":\"https:\\\/\\\/skin-heal.com\\\/?s={search_term_string}\"},\"query-input\":{\"@type\":\"PropertyValueSpecification\",\"valueRequired\":true,\"valueName\":\"search_term_string\"}}],\"inLanguage\":\"es\"}]}<\/script>\n<!-- \/ Yoast SEO plugin. -->","yoast_head_json":{"title":"Esencia Decoria (1x1ml) - Skin Heal","description":"Decoria Essence es un relleno cut\u00e1neo de confianza que se utiliza con \u00e9xito para la eliminaci\u00f3n de l\u00edneas finas y la correcci\u00f3n de labios. Es inocuo para la salud y f\u00e1cil de inyectar.","robots":{"index":"index","follow":"follow","max-snippet":"max-snippet:-1","max-image-preview":"max-image-preview:large","max-video-preview":"max-video-preview:-1"},"canonical":"https:\/\/skin-heal.com\/es\/producto\/decoria-essence-1x1ml\/","og_locale":"es_MX","og_type":"article","og_title":"Decoria Essence (1x1ml) - Skin Heal","og_description":"Decoria Essence is a trusted skin filler that is successfully used for fine line removal and lip correction. It is health-friendly and easy-to-inject.","og_url":"https:\/\/skin-heal.com\/es\/producto\/decoria-essence-1x1ml\/","og_site_name":"Skin Heal","article_modified_time":"2020-04-16T13:24:14+00:00","og_image":[{"width":600,"height":600,"url":"https:\/\/cdn.skin-heal.com\/wp-content\/uploads\/2018\/11\/Decoria-Essense.jpg","type":"image\/jpeg"}],"twitter_card":"summary_large_image","twitter_misc":{"Tiempo de lectura":"1 minuto"},"schema":{"@context":"https:\/\/schema.org","@graph":[{"@type":"WebPage","@id":"https:\/\/skin-heal.com\/product\/decoria-essence-1x1ml\/","url":"https:\/\/skin-heal.com\/product\/decoria-essence-1x1ml\/","name":"Esencia Decoria (1x1ml) - Skin Heal","isPartOf":{"@id":"https:\/\/skin-heal.com\/#website"},"primaryImageOfPage":{"@id":"https:\/\/skin-heal.com\/product\/decoria-essence-1x1ml\/#primaryimage"},"image":{"@id":"https:\/\/skin-heal.com\/product\/decoria-essence-1x1ml\/#primaryimage"},"thumbnailUrl":"https:\/\/cdn.skin-heal.com\/wp-content\/uploads\/2018\/11\/Decoria-Essense.jpg","datePublished":"2018-11-28T15:08:52+00:00","dateModified":"2020-04-16T13:24:14+00:00","description":"Decoria Essence es un relleno cut\u00e1neo de confianza que se utiliza con \u00e9xito para la eliminaci\u00f3n de l\u00edneas finas y la correcci\u00f3n de labios. Es inocuo para la salud y f\u00e1cil de inyectar.","breadcrumb":{"@id":"https:\/\/skin-heal.com\/product\/decoria-essence-1x1ml\/#breadcrumb"},"inLanguage":"es","potentialAction":[{"@type":"ReadAction","target":["https:\/\/skin-heal.com\/product\/decoria-essence-1x1ml\/"]}]},{"@type":"ImageObject","inLanguage":"es","@id":"https:\/\/skin-heal.com\/product\/decoria-essence-1x1ml\/#primaryimage","url":"https:\/\/cdn.skin-heal.com\/wp-content\/uploads\/2018\/11\/Decoria-Essense.jpg","contentUrl":"https:\/\/cdn.skin-heal.com\/wp-content\/uploads\/2018\/11\/Decoria-Essense.jpg","width":600,"height":600,"caption":"Decoria Essense"},{"@type":"BreadcrumbList","@id":"https:\/\/skin-heal.com\/product\/decoria-essence-1x1ml\/#breadcrumb","itemListElement":[{"@type":"ListItem","position":1,"name":"Home","item":"https:\/\/skin-heal.com\/"},{"@type":"ListItem","position":2,"name":"Store","item":"https:\/\/skin-heal.com\/store\/"},{"@type":"ListItem","position":3,"name":"Decoria Essence (1x1ml)"}]},{"@type":"WebSite","@id":"https:\/\/skin-heal.com\/#website","url":"https:\/\/skin-heal.com\/","name":"Curaci\u00f3n de la piel","description":"Los precios m\u00e1s bajos para los rellenos d\u00e9rmicos","potentialAction":[{"@type":"SearchAction","target":{"@type":"EntryPoint","urlTemplate":"https:\/\/skin-heal.com\/?s={search_term_string}"},"query-input":{"@type":"PropertyValueSpecification","valueRequired":true,"valueName":"search_term_string"}}],"inLanguage":"es"}]}},"_links":{"self":[{"href":"https:\/\/skin-heal.com\/es\/wp-json\/wp\/v2\/product\/875","targetHints":{"allow":["GET"]}}],"collection":[{"href":"https:\/\/skin-heal.com\/es\/wp-json\/wp\/v2\/product"}],"about":[{"href":"https:\/\/skin-heal.com\/es\/wp-json\/wp\/v2\/types\/product"}],"wp:featuredmedia":[{"embeddable":true,"href":"https:\/\/skin-heal.com\/es\/wp-json\/wp\/v2\/media\/891"}],"wp:attachment":[{"href":"https:\/\/skin-heal.com\/es\/wp-json\/wp\/v2\/media?parent=875"}],"wp:term":[{"taxonomy":"product_brand","embeddable":true,"href":"https:\/\/skin-heal.com\/es\/wp-json\/wp\/v2\/product_brand?post=875"},{"taxonomy":"product_cat","embeddable":true,"href":"https:\/\/skin-heal.com\/es\/wp-json\/wp\/v2\/product_cat?post=875"},{"taxonomy":"product_tag","embeddable":true,"href":"https:\/\/skin-heal.com\/es\/wp-json\/wp\/v2\/product_tag?post=875"}],"curies":[{"name":"wp","href":"https:\/\/api.w.org\/{rel}","templated":true}]}}