{"id":876,"date":"2018-11-29T09:53:26","date_gmt":"2018-11-29T09:53:26","guid":{"rendered":"https:\/\/skin-heal.com\/?post_type=product&#038;p=876"},"modified":"2020-04-16T13:24:15","modified_gmt":"2020-04-16T13:24:15","slug":"decoria-intense-1x1ml","status":"publish","type":"product","link":"https:\/\/skin-heal.com\/es\/producto\/decoria-intense-1x1ml\/","title":{"rendered":"Decoria Intense (1x1ml)"},"content":{"rendered":"<h3>Explicaci\u00f3n de las principales caracter\u00edsticas de Decoria Intense<\/h3>\n<p>Este producto cosm\u00e9tico inyectable ha sido desarrollado por Bohus BioTech AB, una empresa sueca con m\u00e1s de 20 a\u00f1os de experiencia. Por lo tanto, tiene un origen conocido y garantizado que hace que su uso sea muy libre de riesgos. Fue elaborado mediante la tecnolog\u00eda SpheriSized propia de la empresa. Como resultado, las part\u00edculas de HA que contiene vienen en forma de esferas en lugar de la forma r\u00f3mbica est\u00e1ndar. Esta caracter\u00edstica permite a los profesionales:<\/p>\n<ul>\n<li>Distribuir uniformemente el relleno en la zona tratada<\/li>\n<li>Proporcionar una mayor satisfacci\u00f3n al paciente<\/li>\n<li>Dar a la piel un aspecto m\u00e1s suave y natural<\/li>\n<li>Proporcionar una inyecci\u00f3n suave<\/li>\n<\/ul>\n<p>Decoria Intense es un dispositivo m\u00e9dico de primera categor\u00eda que incluye una jeringa con un dise\u00f1o ergon\u00f3mico y agujas de primer nivel que fueron fabricadas en Jap\u00f3n especialmente para este producto. Adem\u00e1s, ofrece efectos que duran al menos 6-7 meses (a menudo hasta un a\u00f1o).<\/p>\n<p>El \u00e1cido hialur\u00f3nico meticulosamente purificado y esterilizado de este fiable relleno d\u00e9rmico no contiene ingredientes de origen animal. Aunque es de origen sint\u00e9tico, el AH que contiene se asemeja al que se encuentra naturalmente en nuestro cuerpo. Por lo tanto, se trata de un producto de rejuvenecimiento de la piel biodegradable 100% que es seguro incluso para los pacientes que son propensos a desarrollar reacciones al\u00e9rgicas a los productos cosm\u00e9ticos y medicamentos.<\/p>\n<h3>Gu\u00eda de inyecci\u00f3n<\/h3>\n<p>Decoria Intense fue desarrollado espec\u00edficamente para servir como una soluci\u00f3n de mejora de los labios y de eliminaci\u00f3n de arrugas medias y profundas. Por eso es mejor si se inyecta en las capas medias y profundas de la piel.<\/p>","protected":false},"excerpt":{"rendered":"<p>Inyectado en la dermis media y profunda, Decoria Intense es un relleno facial de calidad profesional dise\u00f1ado para eliminar los pliegues y las arrugas medias y profundas. Gracias a sus extraordinarias propiedades voluminizadoras, tambi\u00e9n puede utilizarse para proporcionar a los pacientes un realce de labios de aspecto natural y est\u00e9tico. Se basa en una revolucionaria tecnolog\u00eda SpheriSized y contiene \u00e1cido hialur\u00f3nico biocompatible.<\/p>","protected":false},"featured_media":890,"template":"","meta":[],"product_brand":[],"product_cat":[66,44,79],"product_tag":[],"class_list":{"0":"post-876","1":"product","2":"type-product","3":"status-publish","4":"has-post-thumbnail","6":"product_cat-bohus-biotech","7":"product_cat-decoria","8":"product_cat-dermal-fillers","9":"clearfix","11":"first","12":"outofstock","13":"taxable","14":"shipping-taxable","15":"purchasable","16":"product-type-simple"},"yoast_head":"<!-- This site is optimized with the Yoast SEO plugin v27.4 - https:\/\/yoast.com\/product\/yoast-seo-wordpress\/ -->\n<title>Decoria Intense (1x1ml) - Skin Heal<\/title>\n<meta name=\"description\" content=\"Decoria Intense can remove both moderate and severe wrinkles and folds and it offers fast lip enhancement because it is a high-purity HA skin filler.\" \/>\n<meta name=\"robots\" content=\"index, follow, max-snippet:-1, max-image-preview:large, max-video-preview:-1\" \/>\n<link rel=\"canonical\" href=\"https:\/\/skin-heal.com\/es\/producto\/decoria-intense-1x1ml\/\" \/>\n<meta property=\"og:locale\" content=\"es_MX\" \/>\n<meta property=\"og:type\" content=\"article\" \/>\n<meta property=\"og:title\" content=\"Decoria Intense (1x1ml) - Skin Heal\" \/>\n<meta property=\"og:description\" content=\"Decoria Intense can remove both moderate and severe wrinkles and folds and it offers fast lip enhancement because it is a high-purity HA skin filler.\" \/>\n<meta property=\"og:url\" content=\"https:\/\/skin-heal.com\/es\/producto\/decoria-intense-1x1ml\/\" \/>\n<meta property=\"og:site_name\" content=\"Skin Heal\" \/>\n<meta property=\"article:modified_time\" content=\"2020-04-16T13:24:15+00:00\" \/>\n<meta property=\"og:image\" content=\"https:\/\/cdn.skin-heal.com\/wp-content\/uploads\/2018\/11\/Decoria-Intense.jpg\" \/>\n\t<meta property=\"og:image:width\" content=\"600\" \/>\n\t<meta property=\"og:image:height\" content=\"600\" \/>\n\t<meta property=\"og:image:type\" content=\"image\/jpeg\" \/>\n<meta name=\"twitter:card\" content=\"summary_large_image\" \/>\n<meta name=\"twitter:label1\" content=\"Tiempo de lectura\" \/>\n\t<meta name=\"twitter:data1\" content=\"1 minuto\" \/>\n<script type=\"application\/ld+json\" class=\"yoast-schema-graph\">{\"@context\":\"https:\\\/\\\/schema.org\",\"@graph\":[{\"@type\":\"WebPage\",\"@id\":\"https:\\\/\\\/skin-heal.com\\\/product\\\/decoria-intense-1x1ml\\\/\",\"url\":\"https:\\\/\\\/skin-heal.com\\\/product\\\/decoria-intense-1x1ml\\\/\",\"name\":\"Decoria Intense (1x1ml) - Skin Heal\",\"isPartOf\":{\"@id\":\"https:\\\/\\\/skin-heal.com\\\/#website\"},\"primaryImageOfPage\":{\"@id\":\"https:\\\/\\\/skin-heal.com\\\/product\\\/decoria-intense-1x1ml\\\/#primaryimage\"},\"image\":{\"@id\":\"https:\\\/\\\/skin-heal.com\\\/product\\\/decoria-intense-1x1ml\\\/#primaryimage\"},\"thumbnailUrl\":\"https:\\\/\\\/skin-heal.com\\\/wp-content\\\/uploads\\\/2018\\\/11\\\/Decoria-Intense.jpg\",\"datePublished\":\"2018-11-29T09:53:26+00:00\",\"dateModified\":\"2020-04-16T13:24:15+00:00\",\"description\":\"Decoria Intense can remove both moderate and severe wrinkles and folds and it offers fast lip enhancement because it is a high-purity HA skin filler.\",\"breadcrumb\":{\"@id\":\"https:\\\/\\\/skin-heal.com\\\/product\\\/decoria-intense-1x1ml\\\/#breadcrumb\"},\"inLanguage\":\"es\",\"potentialAction\":[{\"@type\":\"ReadAction\",\"target\":[\"https:\\\/\\\/skin-heal.com\\\/product\\\/decoria-intense-1x1ml\\\/\"]}]},{\"@type\":\"ImageObject\",\"inLanguage\":\"es\",\"@id\":\"https:\\\/\\\/skin-heal.com\\\/product\\\/decoria-intense-1x1ml\\\/#primaryimage\",\"url\":\"https:\\\/\\\/skin-heal.com\\\/wp-content\\\/uploads\\\/2018\\\/11\\\/Decoria-Intense.jpg\",\"contentUrl\":\"https:\\\/\\\/skin-heal.com\\\/wp-content\\\/uploads\\\/2018\\\/11\\\/Decoria-Intense.jpg\",\"width\":600,\"height\":600,\"caption\":\"Decoria Intense\"},{\"@type\":\"BreadcrumbList\",\"@id\":\"https:\\\/\\\/skin-heal.com\\\/product\\\/decoria-intense-1x1ml\\\/#breadcrumb\",\"itemListElement\":[{\"@type\":\"ListItem\",\"position\":1,\"name\":\"Home\",\"item\":\"https:\\\/\\\/skin-heal.com\\\/\"},{\"@type\":\"ListItem\",\"position\":2,\"name\":\"Store\",\"item\":\"https:\\\/\\\/skin-heal.com\\\/store\\\/\"},{\"@type\":\"ListItem\",\"position\":3,\"name\":\"Decoria Intense (1x1ml)\"}]},{\"@type\":\"WebSite\",\"@id\":\"https:\\\/\\\/skin-heal.com\\\/#website\",\"url\":\"https:\\\/\\\/skin-heal.com\\\/\",\"name\":\"Skin Heal\",\"description\":\"Lowest Prices for Dermal Fillers\",\"potentialAction\":[{\"@type\":\"SearchAction\",\"target\":{\"@type\":\"EntryPoint\",\"urlTemplate\":\"https:\\\/\\\/skin-heal.com\\\/?s={search_term_string}\"},\"query-input\":{\"@type\":\"PropertyValueSpecification\",\"valueRequired\":true,\"valueName\":\"search_term_string\"}}],\"inLanguage\":\"es\"}]}<\/script>\n<!-- \/ Yoast SEO plugin. -->","yoast_head_json":{"title":"Decoria Intense (1x1ml) - Skin Heal","description":"Decoria Intense puede eliminar arrugas y pliegues moderados y severos y ofrece un r\u00e1pido realce de los labios porque es un relleno cut\u00e1neo de HA de alta pureza.","robots":{"index":"index","follow":"follow","max-snippet":"max-snippet:-1","max-image-preview":"max-image-preview:large","max-video-preview":"max-video-preview:-1"},"canonical":"https:\/\/skin-heal.com\/es\/producto\/decoria-intense-1x1ml\/","og_locale":"es_MX","og_type":"article","og_title":"Decoria Intense (1x1ml) - Skin Heal","og_description":"Decoria Intense can remove both moderate and severe wrinkles and folds and it offers fast lip enhancement because it is a high-purity HA skin filler.","og_url":"https:\/\/skin-heal.com\/es\/producto\/decoria-intense-1x1ml\/","og_site_name":"Skin Heal","article_modified_time":"2020-04-16T13:24:15+00:00","og_image":[{"width":600,"height":600,"url":"https:\/\/cdn.skin-heal.com\/wp-content\/uploads\/2018\/11\/Decoria-Intense.jpg","type":"image\/jpeg"}],"twitter_card":"summary_large_image","twitter_misc":{"Tiempo de lectura":"1 minuto"},"schema":{"@context":"https:\/\/schema.org","@graph":[{"@type":"WebPage","@id":"https:\/\/skin-heal.com\/product\/decoria-intense-1x1ml\/","url":"https:\/\/skin-heal.com\/product\/decoria-intense-1x1ml\/","name":"Decoria Intense (1x1ml) - Skin Heal","isPartOf":{"@id":"https:\/\/skin-heal.com\/#website"},"primaryImageOfPage":{"@id":"https:\/\/skin-heal.com\/product\/decoria-intense-1x1ml\/#primaryimage"},"image":{"@id":"https:\/\/skin-heal.com\/product\/decoria-intense-1x1ml\/#primaryimage"},"thumbnailUrl":"https:\/\/cdn.skin-heal.com\/wp-content\/uploads\/2018\/11\/Decoria-Intense.jpg","datePublished":"2018-11-29T09:53:26+00:00","dateModified":"2020-04-16T13:24:15+00:00","description":"Decoria Intense puede eliminar arrugas y pliegues moderados y severos y ofrece un r\u00e1pido realce de los labios porque es un relleno cut\u00e1neo de HA de alta pureza.","breadcrumb":{"@id":"https:\/\/skin-heal.com\/product\/decoria-intense-1x1ml\/#breadcrumb"},"inLanguage":"es","potentialAction":[{"@type":"ReadAction","target":["https:\/\/skin-heal.com\/product\/decoria-intense-1x1ml\/"]}]},{"@type":"ImageObject","inLanguage":"es","@id":"https:\/\/skin-heal.com\/product\/decoria-intense-1x1ml\/#primaryimage","url":"https:\/\/cdn.skin-heal.com\/wp-content\/uploads\/2018\/11\/Decoria-Intense.jpg","contentUrl":"https:\/\/cdn.skin-heal.com\/wp-content\/uploads\/2018\/11\/Decoria-Intense.jpg","width":600,"height":600,"caption":"Decoria Intense"},{"@type":"BreadcrumbList","@id":"https:\/\/skin-heal.com\/product\/decoria-intense-1x1ml\/#breadcrumb","itemListElement":[{"@type":"ListItem","position":1,"name":"Home","item":"https:\/\/skin-heal.com\/"},{"@type":"ListItem","position":2,"name":"Store","item":"https:\/\/skin-heal.com\/store\/"},{"@type":"ListItem","position":3,"name":"Decoria Intense (1x1ml)"}]},{"@type":"WebSite","@id":"https:\/\/skin-heal.com\/#website","url":"https:\/\/skin-heal.com\/","name":"Curaci\u00f3n de la piel","description":"Los precios m\u00e1s bajos para los rellenos d\u00e9rmicos","potentialAction":[{"@type":"SearchAction","target":{"@type":"EntryPoint","urlTemplate":"https:\/\/skin-heal.com\/?s={search_term_string}"},"query-input":{"@type":"PropertyValueSpecification","valueRequired":true,"valueName":"search_term_string"}}],"inLanguage":"es"}]}},"_links":{"self":[{"href":"https:\/\/skin-heal.com\/es\/wp-json\/wp\/v2\/product\/876","targetHints":{"allow":["GET"]}}],"collection":[{"href":"https:\/\/skin-heal.com\/es\/wp-json\/wp\/v2\/product"}],"about":[{"href":"https:\/\/skin-heal.com\/es\/wp-json\/wp\/v2\/types\/product"}],"wp:featuredmedia":[{"embeddable":true,"href":"https:\/\/skin-heal.com\/es\/wp-json\/wp\/v2\/media\/890"}],"wp:attachment":[{"href":"https:\/\/skin-heal.com\/es\/wp-json\/wp\/v2\/media?parent=876"}],"wp:term":[{"taxonomy":"product_brand","embeddable":true,"href":"https:\/\/skin-heal.com\/es\/wp-json\/wp\/v2\/product_brand?post=876"},{"taxonomy":"product_cat","embeddable":true,"href":"https:\/\/skin-heal.com\/es\/wp-json\/wp\/v2\/product_cat?post=876"},{"taxonomy":"product_tag","embeddable":true,"href":"https:\/\/skin-heal.com\/es\/wp-json\/wp\/v2\/product_tag?post=876"}],"curies":[{"name":"wp","href":"https:\/\/api.w.org\/{rel}","templated":true}]}}