{"id":877,"date":"2018-11-28T15:07:20","date_gmt":"2018-11-28T15:07:20","guid":{"rendered":"https:\/\/skin-heal.com\/?post_type=product&#038;p=877"},"modified":"2024-05-12T19:21:48","modified_gmt":"2024-05-12T16:21:48","slug":"jalupro-2-amps2vials","status":"publish","type":"product","link":"https:\/\/skin-heal.com\/es\/producto\/jalupro-2-amps2vials\/","title":{"rendered":"Jalupro (2 amperios+2viales)"},"content":{"rendered":"<h3>La f\u00f3rmula rica en amino\u00e1cidos de Jalupro<\/h3>\n<p>La eficacia biorrevitalizadora de este producto pionero en el rejuvenecimiento de la piel es impresionante, principalmente porque presenta una alta concentraci\u00f3n de amino\u00e1cidos (L-Lisina, L-Prolina, Glicina, L-Leucina). Tienen el poder de dar un empuj\u00f3n a los fibroblastos y, al hacerlo, revitalizar la piel. Los fibroblastos son un tipo especial de c\u00e9lulas responsables de la reparaci\u00f3n de la piel da\u00f1ada y de la producci\u00f3n de col\u00e1geno. Sin embargo, cuanto m\u00e1s envejecemos, menor es el n\u00famero de c\u00e9lulas de fibroblastos. Con Jalupro, ese proceso natural ya no ser\u00e1 un gran problema porque este biorrevitalizador de la piel se asegurar\u00e1 de echar una mano a los fibroblastos en la batalla contra el envejecimiento.<\/p>\n<h3>Zonas objetivo<\/h3>\n<ul>\n<li>Cara<\/li>\n<li>Cuello<\/li>\n<li>D\u00e9collet\u00e9<\/li>\n<li>Abdomen<\/li>\n<li>Manos<\/li>\n<li>Zona de la rodilla<\/li>\n<li>Interior de los muslos<\/li>\n<\/ul>\n<p>Jalupro es una soluci\u00f3n perfecta para los pacientes con signos leves o medios de envejecimiento natural o fotoenvejecimiento (arrugas, l\u00edneas de expresi\u00f3n) en el rostro o para aquellos que desean eliminar las estr\u00edas en diferentes regiones del cuerpo. Este producto profesional para el rejuvenecimiento de la piel puede utilizarse junto con otros tratamientos cosm\u00e9ticos y est\u00e9ticos (quir\u00fargicos o no quir\u00fargicos). Es una soluci\u00f3n segura y no t\u00f3xica que tiene una longevidad de aproximadamente medio a\u00f1o y ofrece una forma saludable y natural de mejorar la textura de la piel de una amplia gama de pacientes.<\/p>","protected":false},"excerpt":{"rendered":"<p>Jalupro es un biorrevitalizador d\u00e9rmico de nueva generaci\u00f3n que lleva la mesoterapia a un nivel superior y mejor. Est\u00e1 lleno de valiosos amino\u00e1cidos que pueden reducir los signos del envejecimiento natural y el fotoenvejecimiento de la forma m\u00e1s segura, saludable y natural posible. Fabricado por la empresa suiza de biotecnolog\u00eda Professional Derma, este producto \u00fanico de mesoterapia tiene una duraci\u00f3n de unos 6 meses.<\/p>","protected":false},"featured_media":880,"template":"","meta":[],"product_brand":[],"product_cat":[45,80,68,144],"product_tag":[145],"class_list":{"0":"post-877","1":"product","2":"type-product","3":"status-publish","4":"has-post-thumbnail","6":"product_cat-jalupro","7":"product_cat-mesotherapy","8":"product_cat-professional-derma","9":"product_cat-holiday-mega-sale","10":"product_tag-5off","11":"clearfix","13":"first","14":"instock","15":"sale","16":"taxable","17":"shipping-taxable","18":"purchasable","19":"product-type-simple"},"yoast_head":"<!-- This site is optimized with the Yoast SEO plugin v27.4 - https:\/\/yoast.com\/product\/yoast-seo-wordpress\/ -->\n<title>Jalupro (2 amps+2vials) - Skin Heal<\/title>\n<meta name=\"description\" content=\"Jalupro is a unique dermal biorevitalizer that fights the signs of aging with amino acids. This quality mesotherapy product can improve the skin\u2019s texture.\" \/>\n<meta name=\"robots\" content=\"index, follow, max-snippet:-1, max-image-preview:large, max-video-preview:-1\" \/>\n<link rel=\"canonical\" href=\"https:\/\/skin-heal.com\/es\/producto\/jalupro-2-amps2vials\/\" \/>\n<meta property=\"og:locale\" content=\"es_MX\" \/>\n<meta property=\"og:type\" content=\"article\" \/>\n<meta property=\"og:title\" content=\"Jalupro (2 amps+2vials) - Skin Heal\" \/>\n<meta property=\"og:description\" content=\"Jalupro is a unique dermal biorevitalizer that fights the signs of aging with amino acids. This quality mesotherapy product can improve the skin\u2019s texture.\" \/>\n<meta property=\"og:url\" content=\"https:\/\/skin-heal.com\/es\/producto\/jalupro-2-amps2vials\/\" \/>\n<meta property=\"og:site_name\" content=\"Skin Heal\" \/>\n<meta property=\"article:modified_time\" content=\"2024-05-12T16:21:48+00:00\" \/>\n<meta property=\"og:image\" content=\"https:\/\/cdn.skin-heal.com\/wp-content\/uploads\/2018\/11\/Jalupro-1.jpg\" \/>\n\t<meta property=\"og:image:width\" content=\"550\" \/>\n\t<meta property=\"og:image:height\" content=\"550\" \/>\n\t<meta property=\"og:image:type\" content=\"image\/jpeg\" \/>\n<meta name=\"twitter:card\" content=\"summary_large_image\" \/>\n<meta name=\"twitter:label1\" content=\"Tiempo de lectura\" \/>\n\t<meta name=\"twitter:data1\" content=\"1 minuto\" \/>\n<script type=\"application\/ld+json\" class=\"yoast-schema-graph\">{\"@context\":\"https:\\\/\\\/schema.org\",\"@graph\":[{\"@type\":\"WebPage\",\"@id\":\"https:\\\/\\\/skin-heal.com\\\/product\\\/jalupro-2-amps2vials\\\/\",\"url\":\"https:\\\/\\\/skin-heal.com\\\/product\\\/jalupro-2-amps2vials\\\/\",\"name\":\"Jalupro (2 amps+2vials) - Skin Heal\",\"isPartOf\":{\"@id\":\"https:\\\/\\\/skin-heal.com\\\/#website\"},\"primaryImageOfPage\":{\"@id\":\"https:\\\/\\\/skin-heal.com\\\/product\\\/jalupro-2-amps2vials\\\/#primaryimage\"},\"image\":{\"@id\":\"https:\\\/\\\/skin-heal.com\\\/product\\\/jalupro-2-amps2vials\\\/#primaryimage\"},\"thumbnailUrl\":\"https:\\\/\\\/skin-heal.com\\\/wp-content\\\/uploads\\\/2018\\\/11\\\/Jalupro-1.jpg\",\"datePublished\":\"2018-11-28T15:07:20+00:00\",\"dateModified\":\"2024-05-12T16:21:48+00:00\",\"description\":\"Jalupro is a unique dermal biorevitalizer that fights the signs of aging with amino acids. This quality mesotherapy product can improve the skin\u2019s texture.\",\"breadcrumb\":{\"@id\":\"https:\\\/\\\/skin-heal.com\\\/product\\\/jalupro-2-amps2vials\\\/#breadcrumb\"},\"inLanguage\":\"es\",\"potentialAction\":[{\"@type\":\"ReadAction\",\"target\":[\"https:\\\/\\\/skin-heal.com\\\/product\\\/jalupro-2-amps2vials\\\/\"]}]},{\"@type\":\"ImageObject\",\"inLanguage\":\"es\",\"@id\":\"https:\\\/\\\/skin-heal.com\\\/product\\\/jalupro-2-amps2vials\\\/#primaryimage\",\"url\":\"https:\\\/\\\/skin-heal.com\\\/wp-content\\\/uploads\\\/2018\\\/11\\\/Jalupro-1.jpg\",\"contentUrl\":\"https:\\\/\\\/skin-heal.com\\\/wp-content\\\/uploads\\\/2018\\\/11\\\/Jalupro-1.jpg\",\"width\":550,\"height\":550,\"caption\":\"Jalupro\"},{\"@type\":\"BreadcrumbList\",\"@id\":\"https:\\\/\\\/skin-heal.com\\\/product\\\/jalupro-2-amps2vials\\\/#breadcrumb\",\"itemListElement\":[{\"@type\":\"ListItem\",\"position\":1,\"name\":\"Home\",\"item\":\"https:\\\/\\\/skin-heal.com\\\/\"},{\"@type\":\"ListItem\",\"position\":2,\"name\":\"Store\",\"item\":\"https:\\\/\\\/skin-heal.com\\\/store\\\/\"},{\"@type\":\"ListItem\",\"position\":3,\"name\":\"Jalupro (2 amps+2vials)\"}]},{\"@type\":\"WebSite\",\"@id\":\"https:\\\/\\\/skin-heal.com\\\/#website\",\"url\":\"https:\\\/\\\/skin-heal.com\\\/\",\"name\":\"Skin Heal\",\"description\":\"Lowest Prices for Dermal Fillers\",\"potentialAction\":[{\"@type\":\"SearchAction\",\"target\":{\"@type\":\"EntryPoint\",\"urlTemplate\":\"https:\\\/\\\/skin-heal.com\\\/?s={search_term_string}\"},\"query-input\":{\"@type\":\"PropertyValueSpecification\",\"valueRequired\":true,\"valueName\":\"search_term_string\"}}],\"inLanguage\":\"es\"}]}<\/script>\n<!-- \/ Yoast SEO plugin. -->","yoast_head_json":{"title":"Jalupro (2 amperios+2viales) - Piel sana","description":"Jalupro es un biorrevitalizante d\u00e9rmico \u00fanico que combate los signos del envejecimiento con amino\u00e1cidos. Este producto de mesoterapia de calidad puede mejorar la textura de la piel.","robots":{"index":"index","follow":"follow","max-snippet":"max-snippet:-1","max-image-preview":"max-image-preview:large","max-video-preview":"max-video-preview:-1"},"canonical":"https:\/\/skin-heal.com\/es\/producto\/jalupro-2-amps2vials\/","og_locale":"es_MX","og_type":"article","og_title":"Jalupro (2 amps+2vials) - Skin Heal","og_description":"Jalupro is a unique dermal biorevitalizer that fights the signs of aging with amino acids. This quality mesotherapy product can improve the skin\u2019s texture.","og_url":"https:\/\/skin-heal.com\/es\/producto\/jalupro-2-amps2vials\/","og_site_name":"Skin Heal","article_modified_time":"2024-05-12T16:21:48+00:00","og_image":[{"width":550,"height":550,"url":"https:\/\/cdn.skin-heal.com\/wp-content\/uploads\/2018\/11\/Jalupro-1.jpg","type":"image\/jpeg"}],"twitter_card":"summary_large_image","twitter_misc":{"Tiempo de lectura":"1 minuto"},"schema":{"@context":"https:\/\/schema.org","@graph":[{"@type":"WebPage","@id":"https:\/\/skin-heal.com\/product\/jalupro-2-amps2vials\/","url":"https:\/\/skin-heal.com\/product\/jalupro-2-amps2vials\/","name":"Jalupro (2 amperios+2viales) - Piel sana","isPartOf":{"@id":"https:\/\/skin-heal.com\/#website"},"primaryImageOfPage":{"@id":"https:\/\/skin-heal.com\/product\/jalupro-2-amps2vials\/#primaryimage"},"image":{"@id":"https:\/\/skin-heal.com\/product\/jalupro-2-amps2vials\/#primaryimage"},"thumbnailUrl":"https:\/\/cdn.skin-heal.com\/wp-content\/uploads\/2018\/11\/Jalupro-1.jpg","datePublished":"2018-11-28T15:07:20+00:00","dateModified":"2024-05-12T16:21:48+00:00","description":"Jalupro es un biorrevitalizante d\u00e9rmico \u00fanico que combate los signos del envejecimiento con amino\u00e1cidos. Este producto de mesoterapia de calidad puede mejorar la textura de la piel.","breadcrumb":{"@id":"https:\/\/skin-heal.com\/product\/jalupro-2-amps2vials\/#breadcrumb"},"inLanguage":"es","potentialAction":[{"@type":"ReadAction","target":["https:\/\/skin-heal.com\/product\/jalupro-2-amps2vials\/"]}]},{"@type":"ImageObject","inLanguage":"es","@id":"https:\/\/skin-heal.com\/product\/jalupro-2-amps2vials\/#primaryimage","url":"https:\/\/cdn.skin-heal.com\/wp-content\/uploads\/2018\/11\/Jalupro-1.jpg","contentUrl":"https:\/\/cdn.skin-heal.com\/wp-content\/uploads\/2018\/11\/Jalupro-1.jpg","width":550,"height":550,"caption":"Jalupro"},{"@type":"BreadcrumbList","@id":"https:\/\/skin-heal.com\/product\/jalupro-2-amps2vials\/#breadcrumb","itemListElement":[{"@type":"ListItem","position":1,"name":"Home","item":"https:\/\/skin-heal.com\/"},{"@type":"ListItem","position":2,"name":"Store","item":"https:\/\/skin-heal.com\/store\/"},{"@type":"ListItem","position":3,"name":"Jalupro (2 amps+2vials)"}]},{"@type":"WebSite","@id":"https:\/\/skin-heal.com\/#website","url":"https:\/\/skin-heal.com\/","name":"Curaci\u00f3n de la piel","description":"Los precios m\u00e1s bajos para los rellenos d\u00e9rmicos","potentialAction":[{"@type":"SearchAction","target":{"@type":"EntryPoint","urlTemplate":"https:\/\/skin-heal.com\/?s={search_term_string}"},"query-input":{"@type":"PropertyValueSpecification","valueRequired":true,"valueName":"search_term_string"}}],"inLanguage":"es"}]}},"_links":{"self":[{"href":"https:\/\/skin-heal.com\/es\/wp-json\/wp\/v2\/product\/877","targetHints":{"allow":["GET"]}}],"collection":[{"href":"https:\/\/skin-heal.com\/es\/wp-json\/wp\/v2\/product"}],"about":[{"href":"https:\/\/skin-heal.com\/es\/wp-json\/wp\/v2\/types\/product"}],"wp:featuredmedia":[{"embeddable":true,"href":"https:\/\/skin-heal.com\/es\/wp-json\/wp\/v2\/media\/880"}],"wp:attachment":[{"href":"https:\/\/skin-heal.com\/es\/wp-json\/wp\/v2\/media?parent=877"}],"wp:term":[{"taxonomy":"product_brand","embeddable":true,"href":"https:\/\/skin-heal.com\/es\/wp-json\/wp\/v2\/product_brand?post=877"},{"taxonomy":"product_cat","embeddable":true,"href":"https:\/\/skin-heal.com\/es\/wp-json\/wp\/v2\/product_cat?post=877"},{"taxonomy":"product_tag","embeddable":true,"href":"https:\/\/skin-heal.com\/es\/wp-json\/wp\/v2\/product_tag?post=877"}],"curies":[{"name":"wp","href":"https:\/\/api.w.org\/{rel}","templated":true}]}}