{"id":878,"date":"2018-11-28T15:07:29","date_gmt":"2018-11-28T15:07:29","guid":{"rendered":"https:\/\/skin-heal.com\/?post_type=product&#038;p=878"},"modified":"2024-05-12T19:22:09","modified_gmt":"2024-05-12T16:22:09","slug":"jalupro-hmw-1x1-5ml-1x1ml","status":"publish","type":"product","link":"https:\/\/skin-heal.com\/es\/producto\/jalupro-hmw-1x1-5ml-1x1ml\/","title":{"rendered":"Jalupro HMW (1\u00d71,5ml + 1x1ml)"},"content":{"rendered":"<p>Cada caja de Jalupro HMW incluye un frasco de soluci\u00f3n de amino\u00e1cidos y una jeringa de cristal de un solo uso precargada con gel de hialuronato s\u00f3dico. Estas dos soluciones se mezclan y se inyectan en la zona deseada (cuello, cara, manos, interior de los muslos, escote, abdomen, zona de las rodillas o axilas). Gracias a esta potente f\u00f3rmula, el producto ofrece resultados tanto inmediatos como continuos. Por lo tanto, los pacientes disfrutan de beneficios a corto y largo plazo. El relleno cosm\u00e9tico de rejuvenecimiento puede volver a aplicarse seis meses despu\u00e9s de la primera sesi\u00f3n de mesoterapia con \u00e9l para retener y prolongar los resultados conseguidos y mantener el aspecto joven y radiante de la piel.<\/p>\n<h3>Indicaciones<\/h3>\n<ul>\n<li>Piel deshidratada<\/li>\n<li>Mejorar y retocar los efectos conseguidos con otros procedimientos cosm\u00e9ticos<\/li>\n<li>Correcci\u00f3n de cicatrices y arrugas<\/li>\n<li>Antes o despu\u00e9s de los tratamientos de revitalizaci\u00f3n de la piel<\/li>\n<\/ul>\n<h3>Calidad y resultados garantizados<\/h3>\n<p>La empresa que est\u00e1 detr\u00e1s de Jalupro HMW es Professional Derma. Con sede en Suiza, se ha consolidado como una de las principales empresas de desarrollo y producci\u00f3n de dispositivos m\u00e9dicos de primera calidad. Por lo tanto, este producto de mesoterapia de nueva generaci\u00f3n tiene un origen fiable. No utiliza productos qu\u00edmicos agresivos. En cambio, se basa en una combinaci\u00f3n de amino\u00e1cidos e hialuronato s\u00f3dico para estimular las c\u00e9lulas de la piel, hidratar la dermis y ralentizar el proceso de envejecimiento.<\/p>","protected":false},"excerpt":{"rendered":"<p>Jalupro HMW es un biorrevitalizador de confianza que se ha desarrollado espec\u00edficamente para tratar, refrescar, rehidratar y revitalizar la piel deshidratada que muestra signos de envejecimiento como arrugas y depresiones. Est\u00e1 catalogado como un producto de mesoterapia de alta gama y se aplica en la piel mediante una inyecci\u00f3n. Contiene un c\u00f3ctel de amino\u00e1cidos que estimulan de forma natural las c\u00e9lulas de la piel para que trabajen a mayor velocidad, proporcionando un aspecto m\u00e1s joven.<\/p>","protected":false},"featured_media":881,"template":"","meta":[],"product_brand":[],"product_cat":[45,80,68],"product_tag":[145],"class_list":{"0":"post-878","1":"product","2":"type-product","3":"status-publish","4":"has-post-thumbnail","6":"product_cat-jalupro","7":"product_cat-mesotherapy","8":"product_cat-professional-derma","9":"product_tag-5off","10":"clearfix","12":"first","13":"instock","14":"sale","15":"taxable","16":"shipping-taxable","17":"purchasable","18":"product-type-simple"},"yoast_head":"<!-- This site is optimized with the Yoast SEO plugin v27.3 - https:\/\/yoast.com\/product\/yoast-seo-wordpress\/ -->\n<title>Jalupro HMW (1\u00d71.5ml + 1x1ml) - Skin Heal<\/title>\n<meta name=\"description\" content=\"Buy Jalupro HMW \u2013 an effective dermal biorevitalizer. This innovative mesotherapy product is particularly suitable for patients with a dehydrated skin.\" \/>\n<meta name=\"robots\" content=\"index, follow, max-snippet:-1, max-image-preview:large, max-video-preview:-1\" \/>\n<link rel=\"canonical\" href=\"https:\/\/skin-heal.com\/es\/producto\/jalupro-hmw-1x1-5ml-1x1ml\/\" \/>\n<meta property=\"og:locale\" content=\"es_MX\" \/>\n<meta property=\"og:type\" content=\"article\" \/>\n<meta property=\"og:title\" content=\"Jalupro HMW (1\u00d71.5ml + 1x1ml) - Skin Heal\" \/>\n<meta property=\"og:description\" content=\"Buy Jalupro HMW \u2013 an effective dermal biorevitalizer. This innovative mesotherapy product is particularly suitable for patients with a dehydrated skin.\" \/>\n<meta property=\"og:url\" content=\"https:\/\/skin-heal.com\/es\/producto\/jalupro-hmw-1x1-5ml-1x1ml\/\" \/>\n<meta property=\"og:site_name\" content=\"Skin Heal\" \/>\n<meta property=\"article:modified_time\" content=\"2024-05-12T16:22:09+00:00\" \/>\n<meta property=\"og:image\" content=\"https:\/\/cdn.skin-heal.com\/wp-content\/uploads\/2018\/11\/Jalupro-HMW.jpg\" \/>\n\t<meta property=\"og:image:width\" content=\"550\" \/>\n\t<meta property=\"og:image:height\" content=\"550\" \/>\n\t<meta property=\"og:image:type\" content=\"image\/jpeg\" \/>\n<meta name=\"twitter:card\" content=\"summary_large_image\" \/>\n<meta name=\"twitter:label1\" content=\"Tiempo de lectura\" \/>\n\t<meta name=\"twitter:data1\" content=\"1 minuto\" \/>\n<script type=\"application\/ld+json\" class=\"yoast-schema-graph\">{\"@context\":\"https:\\\/\\\/schema.org\",\"@graph\":[{\"@type\":\"WebPage\",\"@id\":\"https:\\\/\\\/skin-heal.com\\\/product\\\/jalupro-hmw-1x1-5ml-1x1ml\\\/\",\"url\":\"https:\\\/\\\/skin-heal.com\\\/product\\\/jalupro-hmw-1x1-5ml-1x1ml\\\/\",\"name\":\"Jalupro HMW (1\u00d71.5ml + 1x1ml) - Skin Heal\",\"isPartOf\":{\"@id\":\"https:\\\/\\\/skin-heal.com\\\/#website\"},\"primaryImageOfPage\":{\"@id\":\"https:\\\/\\\/skin-heal.com\\\/product\\\/jalupro-hmw-1x1-5ml-1x1ml\\\/#primaryimage\"},\"image\":{\"@id\":\"https:\\\/\\\/skin-heal.com\\\/product\\\/jalupro-hmw-1x1-5ml-1x1ml\\\/#primaryimage\"},\"thumbnailUrl\":\"https:\\\/\\\/skin-heal.com\\\/wp-content\\\/uploads\\\/2018\\\/11\\\/Jalupro-HMW.jpg\",\"datePublished\":\"2018-11-28T15:07:29+00:00\",\"dateModified\":\"2024-05-12T16:22:09+00:00\",\"description\":\"Buy Jalupro HMW \u2013 an effective dermal biorevitalizer. This innovative mesotherapy product is particularly suitable for patients with a dehydrated skin.\",\"breadcrumb\":{\"@id\":\"https:\\\/\\\/skin-heal.com\\\/product\\\/jalupro-hmw-1x1-5ml-1x1ml\\\/#breadcrumb\"},\"inLanguage\":\"es\",\"potentialAction\":[{\"@type\":\"ReadAction\",\"target\":[\"https:\\\/\\\/skin-heal.com\\\/product\\\/jalupro-hmw-1x1-5ml-1x1ml\\\/\"]}]},{\"@type\":\"ImageObject\",\"inLanguage\":\"es\",\"@id\":\"https:\\\/\\\/skin-heal.com\\\/product\\\/jalupro-hmw-1x1-5ml-1x1ml\\\/#primaryimage\",\"url\":\"https:\\\/\\\/skin-heal.com\\\/wp-content\\\/uploads\\\/2018\\\/11\\\/Jalupro-HMW.jpg\",\"contentUrl\":\"https:\\\/\\\/skin-heal.com\\\/wp-content\\\/uploads\\\/2018\\\/11\\\/Jalupro-HMW.jpg\",\"width\":550,\"height\":550,\"caption\":\"Jalupro HMW\"},{\"@type\":\"BreadcrumbList\",\"@id\":\"https:\\\/\\\/skin-heal.com\\\/product\\\/jalupro-hmw-1x1-5ml-1x1ml\\\/#breadcrumb\",\"itemListElement\":[{\"@type\":\"ListItem\",\"position\":1,\"name\":\"Home\",\"item\":\"https:\\\/\\\/skin-heal.com\\\/\"},{\"@type\":\"ListItem\",\"position\":2,\"name\":\"Store\",\"item\":\"https:\\\/\\\/skin-heal.com\\\/store\\\/\"},{\"@type\":\"ListItem\",\"position\":3,\"name\":\"Jalupro HMW (1\u00d71.5ml + 1x1ml)\"}]},{\"@type\":\"WebSite\",\"@id\":\"https:\\\/\\\/skin-heal.com\\\/#website\",\"url\":\"https:\\\/\\\/skin-heal.com\\\/\",\"name\":\"Skin Heal\",\"description\":\"Lowest Prices for Dermal Fillers\",\"potentialAction\":[{\"@type\":\"SearchAction\",\"target\":{\"@type\":\"EntryPoint\",\"urlTemplate\":\"https:\\\/\\\/skin-heal.com\\\/?s={search_term_string}\"},\"query-input\":{\"@type\":\"PropertyValueSpecification\",\"valueRequired\":true,\"valueName\":\"search_term_string\"}}],\"inLanguage\":\"es\"}]}<\/script>\n<!-- \/ Yoast SEO plugin. -->","yoast_head_json":{"title":"Jalupro HMW (1\u00d71,5ml + 1x1ml) - Skin Heal","description":"Comprar Jalupro HMW - un eficaz biorrevitalizador d\u00e9rmico. Este innovador producto de mesoterapia est\u00e1 especialmente indicado para pacientes con piel deshidratada.","robots":{"index":"index","follow":"follow","max-snippet":"max-snippet:-1","max-image-preview":"max-image-preview:large","max-video-preview":"max-video-preview:-1"},"canonical":"https:\/\/skin-heal.com\/es\/producto\/jalupro-hmw-1x1-5ml-1x1ml\/","og_locale":"es_MX","og_type":"article","og_title":"Jalupro HMW (1\u00d71.5ml + 1x1ml) - Skin Heal","og_description":"Buy Jalupro HMW \u2013 an effective dermal biorevitalizer. This innovative mesotherapy product is particularly suitable for patients with a dehydrated skin.","og_url":"https:\/\/skin-heal.com\/es\/producto\/jalupro-hmw-1x1-5ml-1x1ml\/","og_site_name":"Skin Heal","article_modified_time":"2024-05-12T16:22:09+00:00","og_image":[{"width":550,"height":550,"url":"https:\/\/cdn.skin-heal.com\/wp-content\/uploads\/2018\/11\/Jalupro-HMW.jpg","type":"image\/jpeg"}],"twitter_card":"summary_large_image","twitter_misc":{"Tiempo de lectura":"1 minuto"},"schema":{"@context":"https:\/\/schema.org","@graph":[{"@type":"WebPage","@id":"https:\/\/skin-heal.com\/product\/jalupro-hmw-1x1-5ml-1x1ml\/","url":"https:\/\/skin-heal.com\/product\/jalupro-hmw-1x1-5ml-1x1ml\/","name":"Jalupro HMW (1\u00d71,5ml + 1x1ml) - Skin Heal","isPartOf":{"@id":"https:\/\/skin-heal.com\/#website"},"primaryImageOfPage":{"@id":"https:\/\/skin-heal.com\/product\/jalupro-hmw-1x1-5ml-1x1ml\/#primaryimage"},"image":{"@id":"https:\/\/skin-heal.com\/product\/jalupro-hmw-1x1-5ml-1x1ml\/#primaryimage"},"thumbnailUrl":"https:\/\/cdn.skin-heal.com\/wp-content\/uploads\/2018\/11\/Jalupro-HMW.jpg","datePublished":"2018-11-28T15:07:29+00:00","dateModified":"2024-05-12T16:22:09+00:00","description":"Comprar Jalupro HMW - un eficaz biorrevitalizador d\u00e9rmico. Este innovador producto de mesoterapia est\u00e1 especialmente indicado para pacientes con piel deshidratada.","breadcrumb":{"@id":"https:\/\/skin-heal.com\/product\/jalupro-hmw-1x1-5ml-1x1ml\/#breadcrumb"},"inLanguage":"es","potentialAction":[{"@type":"ReadAction","target":["https:\/\/skin-heal.com\/product\/jalupro-hmw-1x1-5ml-1x1ml\/"]}]},{"@type":"ImageObject","inLanguage":"es","@id":"https:\/\/skin-heal.com\/product\/jalupro-hmw-1x1-5ml-1x1ml\/#primaryimage","url":"https:\/\/cdn.skin-heal.com\/wp-content\/uploads\/2018\/11\/Jalupro-HMW.jpg","contentUrl":"https:\/\/cdn.skin-heal.com\/wp-content\/uploads\/2018\/11\/Jalupro-HMW.jpg","width":550,"height":550,"caption":"Jalupro HMW"},{"@type":"BreadcrumbList","@id":"https:\/\/skin-heal.com\/product\/jalupro-hmw-1x1-5ml-1x1ml\/#breadcrumb","itemListElement":[{"@type":"ListItem","position":1,"name":"Home","item":"https:\/\/skin-heal.com\/"},{"@type":"ListItem","position":2,"name":"Store","item":"https:\/\/skin-heal.com\/store\/"},{"@type":"ListItem","position":3,"name":"Jalupro HMW (1\u00d71.5ml + 1x1ml)"}]},{"@type":"WebSite","@id":"https:\/\/skin-heal.com\/#website","url":"https:\/\/skin-heal.com\/","name":"Curaci\u00f3n de la piel","description":"Los precios m\u00e1s bajos para los rellenos d\u00e9rmicos","potentialAction":[{"@type":"SearchAction","target":{"@type":"EntryPoint","urlTemplate":"https:\/\/skin-heal.com\/?s={search_term_string}"},"query-input":{"@type":"PropertyValueSpecification","valueRequired":true,"valueName":"search_term_string"}}],"inLanguage":"es"}]}},"_links":{"self":[{"href":"https:\/\/skin-heal.com\/es\/wp-json\/wp\/v2\/product\/878","targetHints":{"allow":["GET"]}}],"collection":[{"href":"https:\/\/skin-heal.com\/es\/wp-json\/wp\/v2\/product"}],"about":[{"href":"https:\/\/skin-heal.com\/es\/wp-json\/wp\/v2\/types\/product"}],"wp:featuredmedia":[{"embeddable":true,"href":"https:\/\/skin-heal.com\/es\/wp-json\/wp\/v2\/media\/881"}],"wp:attachment":[{"href":"https:\/\/skin-heal.com\/es\/wp-json\/wp\/v2\/media?parent=878"}],"wp:term":[{"taxonomy":"product_brand","embeddable":true,"href":"https:\/\/skin-heal.com\/es\/wp-json\/wp\/v2\/product_brand?post=878"},{"taxonomy":"product_cat","embeddable":true,"href":"https:\/\/skin-heal.com\/es\/wp-json\/wp\/v2\/product_cat?post=878"},{"taxonomy":"product_tag","embeddable":true,"href":"https:\/\/skin-heal.com\/es\/wp-json\/wp\/v2\/product_tag?post=878"}],"curies":[{"name":"wp","href":"https:\/\/api.w.org\/{rel}","templated":true}]}}