{"id":879,"date":"2018-11-28T15:07:44","date_gmt":"2018-11-28T15:07:44","guid":{"rendered":"https:\/\/skin-heal.com\/?post_type=product&#038;p=879"},"modified":"2021-05-14T14:56:11","modified_gmt":"2021-05-14T14:56:11","slug":"jalupro-eyelash-enhancer","status":"publish","type":"product","link":"https:\/\/skin-heal.com\/es\/producto\/jalupro-eyelash-enhancer\/","title":{"rendered":"Jalupro potenciador de pesta\u00f1as"},"content":{"rendered":"<h3>\u00bfQu\u00e9 contiene el gel potenciador de pesta\u00f1as y cejas Jalupro?<\/h3>\n<p>La caja contiene un tubo de 25 gramos con este innovador gel potenciador. Est\u00e1 compuesto por dos ingredientes principales: el extracto de la flor Trifolium pretense o, simplemente, un extracto de tr\u00e9bol rojo, y el p\u00e9ptido biomim\u00e9tico (Acetil tetrap\u00e9ptido-3). Cuando se combinan, estos dos componentes mejoran el aspecto de las pesta\u00f1as y las cejas haci\u00e9ndolas:<\/p>\n<ul>\n<li>M\u00e1s grueso<\/li>\n<li>M\u00e1s resistentes<\/li>\n<li>M\u00e1s largo<\/li>\n<\/ul>\n<p>El gel potenciador de pesta\u00f1as y cejas Jalupro estimula el crecimiento del vello en las zonas tratadas. La mayor\u00eda de los pacientes observan una mejora considerable tras utilizar este producto durante dos meses.<\/p>\n<h3>\u00bfQui\u00e9n debe utilizar este gel?<\/h3>\n<p>El grosor y la fuerza de nuestras cejas y pesta\u00f1as vienen determinados en gran medida por la gen\u00e9tica. La edad es el segundo gran factor que influye. A partir de los 40 a\u00f1os, el vello de estas zonas concretas de la cara se vuelve visiblemente m\u00e1s escaso y fino. Tener las pesta\u00f1as m\u00e1s largas no s\u00f3lo hace que una persona sea m\u00e1s atractiva est\u00e9ticamente, sino que tambi\u00e9n proporciona a los ojos una protecci\u00f3n contra el polvo y otras peque\u00f1as part\u00edculas. En cuanto a las cejas, cuanto m\u00e1s escasas sean, m\u00e1s envejecido parecer\u00e1 el rostro de la persona.<\/p>\n<p>La belleza siempre est\u00e1 en los detalles. Por eso, el gel potenciador de pesta\u00f1as y cejas Jalupro es un producto con un papel muy especial.<\/p>","protected":false},"excerpt":{"rendered":"<p>Jalupro Gel Potenciador de Pesta\u00f1as y Cejas es un magn\u00edfico gel cosm\u00e9tico que proporciona un aumento de las pesta\u00f1as y\/o cejas mediante el crecimiento y rebrote del vello en esas zonas faciales. Proporciona una terapia muy segura que no implica dolor, molestias ni efectos secundarios.  Los resultados son impresionantes incluso despu\u00e9s de un par de meses.<\/p>","protected":false},"featured_media":882,"template":"","meta":[],"product_brand":[],"product_cat":[87,45,68],"product_tag":[],"class_list":{"0":"post-879","1":"product","2":"type-product","3":"status-publish","4":"has-post-thumbnail","6":"product_cat-cosmetics","7":"product_cat-jalupro","8":"product_cat-professional-derma","9":"clearfix","11":"first","12":"outofstock","13":"taxable","14":"shipping-taxable","15":"purchasable","16":"product-type-simple"},"yoast_head":"<!-- This site is optimized with the Yoast SEO plugin v27.3 - https:\/\/yoast.com\/product\/yoast-seo-wordpress\/ -->\n<title>Jalupro Eyelash Enhancer - Skin Heal<\/title>\n<meta name=\"description\" content=\"Get Jalupro Enhancer Gel for Eyelashes and Eyebrows for a more youthful appearance. It can quickly strengthen, thicken and lengthen eyelashes and eyebrows.\" \/>\n<meta name=\"robots\" content=\"index, follow, max-snippet:-1, max-image-preview:large, max-video-preview:-1\" \/>\n<link rel=\"canonical\" href=\"https:\/\/skin-heal.com\/es\/producto\/jalupro-eyelash-enhancer\/\" \/>\n<meta property=\"og:locale\" content=\"es_MX\" \/>\n<meta property=\"og:type\" content=\"article\" \/>\n<meta property=\"og:title\" content=\"Jalupro Eyelash Enhancer - Skin Heal\" \/>\n<meta property=\"og:description\" content=\"Get Jalupro Enhancer Gel for Eyelashes and Eyebrows for a more youthful appearance. It can quickly strengthen, thicken and lengthen eyelashes and eyebrows.\" \/>\n<meta property=\"og:url\" content=\"https:\/\/skin-heal.com\/es\/producto\/jalupro-eyelash-enhancer\/\" \/>\n<meta property=\"og:site_name\" content=\"Skin Heal\" \/>\n<meta property=\"article:modified_time\" content=\"2021-05-14T14:56:11+00:00\" \/>\n<meta property=\"og:image\" content=\"https:\/\/cdn.skin-heal.com\/wp-content\/uploads\/2018\/11\/Jalupro-Eyelash-Enhancer.png\" \/>\n\t<meta property=\"og:image:width\" content=\"550\" \/>\n\t<meta property=\"og:image:height\" content=\"550\" \/>\n\t<meta property=\"og:image:type\" content=\"image\/png\" \/>\n<meta name=\"twitter:card\" content=\"summary_large_image\" \/>\n<meta name=\"twitter:label1\" content=\"Tiempo de lectura\" \/>\n\t<meta name=\"twitter:data1\" content=\"1 minuto\" \/>\n<script type=\"application\/ld+json\" class=\"yoast-schema-graph\">{\"@context\":\"https:\\\/\\\/schema.org\",\"@graph\":[{\"@type\":\"WebPage\",\"@id\":\"https:\\\/\\\/skin-heal.com\\\/product\\\/jalupro-eyelash-enhancer\\\/\",\"url\":\"https:\\\/\\\/skin-heal.com\\\/product\\\/jalupro-eyelash-enhancer\\\/\",\"name\":\"Jalupro Eyelash Enhancer - Skin Heal\",\"isPartOf\":{\"@id\":\"https:\\\/\\\/skin-heal.com\\\/#website\"},\"primaryImageOfPage\":{\"@id\":\"https:\\\/\\\/skin-heal.com\\\/product\\\/jalupro-eyelash-enhancer\\\/#primaryimage\"},\"image\":{\"@id\":\"https:\\\/\\\/skin-heal.com\\\/product\\\/jalupro-eyelash-enhancer\\\/#primaryimage\"},\"thumbnailUrl\":\"https:\\\/\\\/skin-heal.com\\\/wp-content\\\/uploads\\\/2018\\\/11\\\/Jalupro-Eyelash-Enhancer.png\",\"datePublished\":\"2018-11-28T15:07:44+00:00\",\"dateModified\":\"2021-05-14T14:56:11+00:00\",\"description\":\"Get Jalupro Enhancer Gel for Eyelashes and Eyebrows for a more youthful appearance. It can quickly strengthen, thicken and lengthen eyelashes and eyebrows.\",\"breadcrumb\":{\"@id\":\"https:\\\/\\\/skin-heal.com\\\/product\\\/jalupro-eyelash-enhancer\\\/#breadcrumb\"},\"inLanguage\":\"es\",\"potentialAction\":[{\"@type\":\"ReadAction\",\"target\":[\"https:\\\/\\\/skin-heal.com\\\/product\\\/jalupro-eyelash-enhancer\\\/\"]}]},{\"@type\":\"ImageObject\",\"inLanguage\":\"es\",\"@id\":\"https:\\\/\\\/skin-heal.com\\\/product\\\/jalupro-eyelash-enhancer\\\/#primaryimage\",\"url\":\"https:\\\/\\\/skin-heal.com\\\/wp-content\\\/uploads\\\/2018\\\/11\\\/Jalupro-Eyelash-Enhancer.png\",\"contentUrl\":\"https:\\\/\\\/skin-heal.com\\\/wp-content\\\/uploads\\\/2018\\\/11\\\/Jalupro-Eyelash-Enhancer.png\",\"width\":550,\"height\":550,\"caption\":\"Jalupro Eyelash Enhancer\"},{\"@type\":\"BreadcrumbList\",\"@id\":\"https:\\\/\\\/skin-heal.com\\\/product\\\/jalupro-eyelash-enhancer\\\/#breadcrumb\",\"itemListElement\":[{\"@type\":\"ListItem\",\"position\":1,\"name\":\"Home\",\"item\":\"https:\\\/\\\/skin-heal.com\\\/\"},{\"@type\":\"ListItem\",\"position\":2,\"name\":\"Store\",\"item\":\"https:\\\/\\\/skin-heal.com\\\/store\\\/\"},{\"@type\":\"ListItem\",\"position\":3,\"name\":\"Jalupro Eyelash Enhancer\"}]},{\"@type\":\"WebSite\",\"@id\":\"https:\\\/\\\/skin-heal.com\\\/#website\",\"url\":\"https:\\\/\\\/skin-heal.com\\\/\",\"name\":\"Skin Heal\",\"description\":\"Lowest Prices for Dermal Fillers\",\"potentialAction\":[{\"@type\":\"SearchAction\",\"target\":{\"@type\":\"EntryPoint\",\"urlTemplate\":\"https:\\\/\\\/skin-heal.com\\\/?s={search_term_string}\"},\"query-input\":{\"@type\":\"PropertyValueSpecification\",\"valueRequired\":true,\"valueName\":\"search_term_string\"}}],\"inLanguage\":\"es\"}]}<\/script>\n<!-- \/ Yoast SEO plugin. -->","yoast_head_json":{"title":"Jalupro Potenciador de Pesta\u00f1as - Skin Heal","description":"Obtenga Jalupro Gel Potenciador para Pesta\u00f1as y Cejas para una apariencia m\u00e1s juvenil. Puede fortalecer, espesar y alargar r\u00e1pidamente las pesta\u00f1as y las cejas.","robots":{"index":"index","follow":"follow","max-snippet":"max-snippet:-1","max-image-preview":"max-image-preview:large","max-video-preview":"max-video-preview:-1"},"canonical":"https:\/\/skin-heal.com\/es\/producto\/jalupro-eyelash-enhancer\/","og_locale":"es_MX","og_type":"article","og_title":"Jalupro Eyelash Enhancer - Skin Heal","og_description":"Get Jalupro Enhancer Gel for Eyelashes and Eyebrows for a more youthful appearance. It can quickly strengthen, thicken and lengthen eyelashes and eyebrows.","og_url":"https:\/\/skin-heal.com\/es\/producto\/jalupro-eyelash-enhancer\/","og_site_name":"Skin Heal","article_modified_time":"2021-05-14T14:56:11+00:00","og_image":[{"width":550,"height":550,"url":"https:\/\/cdn.skin-heal.com\/wp-content\/uploads\/2018\/11\/Jalupro-Eyelash-Enhancer.png","type":"image\/png"}],"twitter_card":"summary_large_image","twitter_misc":{"Tiempo de lectura":"1 minuto"},"schema":{"@context":"https:\/\/schema.org","@graph":[{"@type":"WebPage","@id":"https:\/\/skin-heal.com\/product\/jalupro-eyelash-enhancer\/","url":"https:\/\/skin-heal.com\/product\/jalupro-eyelash-enhancer\/","name":"Jalupro Potenciador de Pesta\u00f1as - Skin Heal","isPartOf":{"@id":"https:\/\/skin-heal.com\/#website"},"primaryImageOfPage":{"@id":"https:\/\/skin-heal.com\/product\/jalupro-eyelash-enhancer\/#primaryimage"},"image":{"@id":"https:\/\/skin-heal.com\/product\/jalupro-eyelash-enhancer\/#primaryimage"},"thumbnailUrl":"https:\/\/cdn.skin-heal.com\/wp-content\/uploads\/2018\/11\/Jalupro-Eyelash-Enhancer.png","datePublished":"2018-11-28T15:07:44+00:00","dateModified":"2021-05-14T14:56:11+00:00","description":"Obtenga Jalupro Gel Potenciador para Pesta\u00f1as y Cejas para una apariencia m\u00e1s juvenil. Puede fortalecer, espesar y alargar r\u00e1pidamente las pesta\u00f1as y las cejas.","breadcrumb":{"@id":"https:\/\/skin-heal.com\/product\/jalupro-eyelash-enhancer\/#breadcrumb"},"inLanguage":"es","potentialAction":[{"@type":"ReadAction","target":["https:\/\/skin-heal.com\/product\/jalupro-eyelash-enhancer\/"]}]},{"@type":"ImageObject","inLanguage":"es","@id":"https:\/\/skin-heal.com\/product\/jalupro-eyelash-enhancer\/#primaryimage","url":"https:\/\/cdn.skin-heal.com\/wp-content\/uploads\/2018\/11\/Jalupro-Eyelash-Enhancer.png","contentUrl":"https:\/\/cdn.skin-heal.com\/wp-content\/uploads\/2018\/11\/Jalupro-Eyelash-Enhancer.png","width":550,"height":550,"caption":"Jalupro Eyelash Enhancer"},{"@type":"BreadcrumbList","@id":"https:\/\/skin-heal.com\/product\/jalupro-eyelash-enhancer\/#breadcrumb","itemListElement":[{"@type":"ListItem","position":1,"name":"Home","item":"https:\/\/skin-heal.com\/"},{"@type":"ListItem","position":2,"name":"Store","item":"https:\/\/skin-heal.com\/store\/"},{"@type":"ListItem","position":3,"name":"Jalupro Eyelash Enhancer"}]},{"@type":"WebSite","@id":"https:\/\/skin-heal.com\/#website","url":"https:\/\/skin-heal.com\/","name":"Curaci\u00f3n de la piel","description":"Los precios m\u00e1s bajos para los rellenos d\u00e9rmicos","potentialAction":[{"@type":"SearchAction","target":{"@type":"EntryPoint","urlTemplate":"https:\/\/skin-heal.com\/?s={search_term_string}"},"query-input":{"@type":"PropertyValueSpecification","valueRequired":true,"valueName":"search_term_string"}}],"inLanguage":"es"}]}},"_links":{"self":[{"href":"https:\/\/skin-heal.com\/es\/wp-json\/wp\/v2\/product\/879","targetHints":{"allow":["GET"]}}],"collection":[{"href":"https:\/\/skin-heal.com\/es\/wp-json\/wp\/v2\/product"}],"about":[{"href":"https:\/\/skin-heal.com\/es\/wp-json\/wp\/v2\/types\/product"}],"wp:featuredmedia":[{"embeddable":true,"href":"https:\/\/skin-heal.com\/es\/wp-json\/wp\/v2\/media\/882"}],"wp:attachment":[{"href":"https:\/\/skin-heal.com\/es\/wp-json\/wp\/v2\/media?parent=879"}],"wp:term":[{"taxonomy":"product_brand","embeddable":true,"href":"https:\/\/skin-heal.com\/es\/wp-json\/wp\/v2\/product_brand?post=879"},{"taxonomy":"product_cat","embeddable":true,"href":"https:\/\/skin-heal.com\/es\/wp-json\/wp\/v2\/product_cat?post=879"},{"taxonomy":"product_tag","embeddable":true,"href":"https:\/\/skin-heal.com\/es\/wp-json\/wp\/v2\/product_tag?post=879"}],"curies":[{"name":"wp","href":"https:\/\/api.w.org\/{rel}","templated":true}]}}