{"id":892,"date":"2018-11-29T10:02:29","date_gmt":"2018-11-29T10:02:29","guid":{"rendered":"https:\/\/skin-heal.com\/?post_type=product&#038;p=892"},"modified":"2022-06-15T18:15:18","modified_gmt":"2022-06-15T18:15:18","slug":"hyacorp-mlf2-1x10ml","status":"publish","type":"product","link":"https:\/\/skin-heal.com\/es\/producto\/hyacorp-mlf2-1x10ml\/","title":{"rendered":"Hyacorp MLF2 (1x10ml)"},"content":{"rendered":"<h3>\u00bfEn qu\u00e9 consiste el tratamiento?<\/h3>\n<p>Para conseguir los efectos deseados, los m\u00e9dicos necesitan realizar una sola sesi\u00f3n de inyecciones con HYAcorp MLF2. Las principales zonas de tratamiento en las que se puede aplicar este producto son las partes grandes del cuerpo, como los gl\u00fateos. La inyecci\u00f3n puede aplicarse en diferentes capas d\u00e9rmicas y los resultados suelen durar entre 6 y 8 meses. Al igual que los rellenos faciales, los rellenos corporales de HA como \u00e9ste se disuelven de forma natural en el cuerpo y, cuando esto sucede, los pacientes tendr\u00e1n que someterse a otro tratamiento si quieren mantener los resultados.<\/p>\n<ul>\n<li>De un solo uso<\/li>\n<li>Resultados inmediatos<\/li>\n<li>No es necesario operar<\/li>\n<li>Cero tiempo de inactividad<\/li>\n<li>Incre\u00edblemente seguro<\/li>\n<\/ul>\n<p>Es importante se\u00f1alar que este revolucionario producto no debe aplicarse en la cara.<\/p>\n<h3>\u00bfEn qu\u00e9 se diferencia HYAcorp MLF2 de otros rellenos corporales de la misma marca?<\/h3>\n<p>Todos los rellenos corporales producidos por HYAcorp tienen una concentraci\u00f3n id\u00e9ntica de \u00e1cido hialur\u00f3nico (20mg\/ml). Sin embargo, las part\u00edculas de gel de este producto tienen el mayor tama\u00f1o. Var\u00edan entre 300 y 500\u00b5m frente a los 250-300\u00b5m (en el MLF1). Eso y su textura m\u00e1s firme y su mayor efecto voluminizador hacen de HYAcorp MLF2 una mejor opci\u00f3n para el tratamiento de las partes m\u00e1s grandes del cuerpo.<\/p>","protected":false},"excerpt":{"rendered":"<p>HYAcorp MLF 2 es uno de los mejores y m\u00e1s efectivos rellenos corporales que se dirigen a las partes m\u00e1s grandes del cuerpo. Se puede utilizar tanto para la remodelaci\u00f3n como para el contorno y se puede inyectar a una profundidad diferente dependiendo de la zona tratada y de los resultados deseados. El \u00e1cido hialur\u00f3nico no animal utilizado para su producci\u00f3n garantiza unos efectos secundarios m\u00ednimos y unos resultados \u00f3ptimos.<\/p>","protected":false},"featured_media":900,"template":"","meta":[],"product_brand":[],"product_cat":[65,79,43],"product_tag":[125],"class_list":{"0":"post-892","1":"product","2":"type-product","3":"status-publish","4":"has-post-thumbnail","6":"product_cat-bioscience","7":"product_cat-dermal-fillers","8":"product_cat-hyacorp","9":"product_tag-backorder","10":"clearfix","12":"first","13":"outofstock","14":"taxable","15":"shipping-taxable","16":"purchasable","17":"product-type-simple"},"yoast_head":"<!-- This site is optimized with the Yoast SEO plugin v27.4 - https:\/\/yoast.com\/product\/yoast-seo-wordpress\/ -->\n<title>Hyacorp MLF2 (1x10ml) - Skin Heal<\/title>\n<meta name=\"description\" content=\"HYAcorp MLF2 is a superb body filler that reshapes and contours bigger body parts. One injection session delivers results that are visible for 6-8 months.\" \/>\n<meta name=\"robots\" content=\"index, follow, max-snippet:-1, max-image-preview:large, max-video-preview:-1\" \/>\n<link rel=\"canonical\" href=\"https:\/\/skin-heal.com\/es\/producto\/hyacorp-mlf2-1x10ml\/\" \/>\n<meta property=\"og:locale\" content=\"es_MX\" \/>\n<meta property=\"og:type\" content=\"article\" \/>\n<meta property=\"og:title\" content=\"Hyacorp MLF2 (1x10ml) - Skin Heal\" \/>\n<meta property=\"og:description\" content=\"HYAcorp MLF2 is a superb body filler that reshapes and contours bigger body parts. One injection session delivers results that are visible for 6-8 months.\" \/>\n<meta property=\"og:url\" content=\"https:\/\/skin-heal.com\/es\/producto\/hyacorp-mlf2-1x10ml\/\" \/>\n<meta property=\"og:site_name\" content=\"Skin Heal\" \/>\n<meta property=\"article:modified_time\" content=\"2022-06-15T18:15:18+00:00\" \/>\n<meta property=\"og:image\" content=\"https:\/\/cdn.skin-heal.com\/wp-content\/uploads\/2018\/11\/Hyacorp-MLF2.jpg\" \/>\n\t<meta property=\"og:image:width\" content=\"500\" \/>\n\t<meta property=\"og:image:height\" content=\"500\" \/>\n\t<meta property=\"og:image:type\" content=\"image\/jpeg\" \/>\n<meta name=\"twitter:card\" content=\"summary_large_image\" \/>\n<meta name=\"twitter:label1\" content=\"Tiempo de lectura\" \/>\n\t<meta name=\"twitter:data1\" content=\"1 minuto\" \/>\n<script type=\"application\/ld+json\" class=\"yoast-schema-graph\">{\"@context\":\"https:\\\/\\\/schema.org\",\"@graph\":[{\"@type\":\"WebPage\",\"@id\":\"https:\\\/\\\/skin-heal.com\\\/product\\\/hyacorp-mlf2-1x10ml\\\/\",\"url\":\"https:\\\/\\\/skin-heal.com\\\/product\\\/hyacorp-mlf2-1x10ml\\\/\",\"name\":\"Hyacorp MLF2 (1x10ml) - Skin Heal\",\"isPartOf\":{\"@id\":\"https:\\\/\\\/skin-heal.com\\\/#website\"},\"primaryImageOfPage\":{\"@id\":\"https:\\\/\\\/skin-heal.com\\\/product\\\/hyacorp-mlf2-1x10ml\\\/#primaryimage\"},\"image\":{\"@id\":\"https:\\\/\\\/skin-heal.com\\\/product\\\/hyacorp-mlf2-1x10ml\\\/#primaryimage\"},\"thumbnailUrl\":\"https:\\\/\\\/skin-heal.com\\\/wp-content\\\/uploads\\\/2018\\\/11\\\/Hyacorp-MLF2.jpg\",\"datePublished\":\"2018-11-29T10:02:29+00:00\",\"dateModified\":\"2022-06-15T18:15:18+00:00\",\"description\":\"HYAcorp MLF2 is a superb body filler that reshapes and contours bigger body parts. One injection session delivers results that are visible for 6-8 months.\",\"breadcrumb\":{\"@id\":\"https:\\\/\\\/skin-heal.com\\\/product\\\/hyacorp-mlf2-1x10ml\\\/#breadcrumb\"},\"inLanguage\":\"es\",\"potentialAction\":[{\"@type\":\"ReadAction\",\"target\":[\"https:\\\/\\\/skin-heal.com\\\/product\\\/hyacorp-mlf2-1x10ml\\\/\"]}]},{\"@type\":\"ImageObject\",\"inLanguage\":\"es\",\"@id\":\"https:\\\/\\\/skin-heal.com\\\/product\\\/hyacorp-mlf2-1x10ml\\\/#primaryimage\",\"url\":\"https:\\\/\\\/skin-heal.com\\\/wp-content\\\/uploads\\\/2018\\\/11\\\/Hyacorp-MLF2.jpg\",\"contentUrl\":\"https:\\\/\\\/skin-heal.com\\\/wp-content\\\/uploads\\\/2018\\\/11\\\/Hyacorp-MLF2.jpg\",\"width\":500,\"height\":500,\"caption\":\"Hyacorp MLF2\"},{\"@type\":\"BreadcrumbList\",\"@id\":\"https:\\\/\\\/skin-heal.com\\\/product\\\/hyacorp-mlf2-1x10ml\\\/#breadcrumb\",\"itemListElement\":[{\"@type\":\"ListItem\",\"position\":1,\"name\":\"Home\",\"item\":\"https:\\\/\\\/skin-heal.com\\\/\"},{\"@type\":\"ListItem\",\"position\":2,\"name\":\"Store\",\"item\":\"https:\\\/\\\/skin-heal.com\\\/store\\\/\"},{\"@type\":\"ListItem\",\"position\":3,\"name\":\"Hyacorp MLF2 (1x10ml)\"}]},{\"@type\":\"WebSite\",\"@id\":\"https:\\\/\\\/skin-heal.com\\\/#website\",\"url\":\"https:\\\/\\\/skin-heal.com\\\/\",\"name\":\"Skin Heal\",\"description\":\"Lowest Prices for Dermal Fillers\",\"potentialAction\":[{\"@type\":\"SearchAction\",\"target\":{\"@type\":\"EntryPoint\",\"urlTemplate\":\"https:\\\/\\\/skin-heal.com\\\/?s={search_term_string}\"},\"query-input\":{\"@type\":\"PropertyValueSpecification\",\"valueRequired\":true,\"valueName\":\"search_term_string\"}}],\"inLanguage\":\"es\"}]}<\/script>\n<!-- \/ Yoast SEO plugin. -->","yoast_head_json":{"title":"Hyacorp MLF2 (1x10ml) - Piel sana","description":"HYAcorp MLF2 es un excelente relleno corporal que remodela y contornea las partes m\u00e1s grandes del cuerpo. Una sesi\u00f3n de inyecciones proporciona resultados visibles durante 6-8 meses.","robots":{"index":"index","follow":"follow","max-snippet":"max-snippet:-1","max-image-preview":"max-image-preview:large","max-video-preview":"max-video-preview:-1"},"canonical":"https:\/\/skin-heal.com\/es\/producto\/hyacorp-mlf2-1x10ml\/","og_locale":"es_MX","og_type":"article","og_title":"Hyacorp MLF2 (1x10ml) - Skin Heal","og_description":"HYAcorp MLF2 is a superb body filler that reshapes and contours bigger body parts. One injection session delivers results that are visible for 6-8 months.","og_url":"https:\/\/skin-heal.com\/es\/producto\/hyacorp-mlf2-1x10ml\/","og_site_name":"Skin Heal","article_modified_time":"2022-06-15T18:15:18+00:00","og_image":[{"width":500,"height":500,"url":"https:\/\/cdn.skin-heal.com\/wp-content\/uploads\/2018\/11\/Hyacorp-MLF2.jpg","type":"image\/jpeg"}],"twitter_card":"summary_large_image","twitter_misc":{"Tiempo de lectura":"1 minuto"},"schema":{"@context":"https:\/\/schema.org","@graph":[{"@type":"WebPage","@id":"https:\/\/skin-heal.com\/product\/hyacorp-mlf2-1x10ml\/","url":"https:\/\/skin-heal.com\/product\/hyacorp-mlf2-1x10ml\/","name":"Hyacorp MLF2 (1x10ml) - Piel sana","isPartOf":{"@id":"https:\/\/skin-heal.com\/#website"},"primaryImageOfPage":{"@id":"https:\/\/skin-heal.com\/product\/hyacorp-mlf2-1x10ml\/#primaryimage"},"image":{"@id":"https:\/\/skin-heal.com\/product\/hyacorp-mlf2-1x10ml\/#primaryimage"},"thumbnailUrl":"https:\/\/cdn.skin-heal.com\/wp-content\/uploads\/2018\/11\/Hyacorp-MLF2.jpg","datePublished":"2018-11-29T10:02:29+00:00","dateModified":"2022-06-15T18:15:18+00:00","description":"HYAcorp MLF2 es un excelente relleno corporal que remodela y contornea las partes m\u00e1s grandes del cuerpo. Una sesi\u00f3n de inyecciones proporciona resultados visibles durante 6-8 meses.","breadcrumb":{"@id":"https:\/\/skin-heal.com\/product\/hyacorp-mlf2-1x10ml\/#breadcrumb"},"inLanguage":"es","potentialAction":[{"@type":"ReadAction","target":["https:\/\/skin-heal.com\/product\/hyacorp-mlf2-1x10ml\/"]}]},{"@type":"ImageObject","inLanguage":"es","@id":"https:\/\/skin-heal.com\/product\/hyacorp-mlf2-1x10ml\/#primaryimage","url":"https:\/\/cdn.skin-heal.com\/wp-content\/uploads\/2018\/11\/Hyacorp-MLF2.jpg","contentUrl":"https:\/\/cdn.skin-heal.com\/wp-content\/uploads\/2018\/11\/Hyacorp-MLF2.jpg","width":500,"height":500,"caption":"Hyacorp MLF2"},{"@type":"BreadcrumbList","@id":"https:\/\/skin-heal.com\/product\/hyacorp-mlf2-1x10ml\/#breadcrumb","itemListElement":[{"@type":"ListItem","position":1,"name":"Home","item":"https:\/\/skin-heal.com\/"},{"@type":"ListItem","position":2,"name":"Store","item":"https:\/\/skin-heal.com\/store\/"},{"@type":"ListItem","position":3,"name":"Hyacorp MLF2 (1x10ml)"}]},{"@type":"WebSite","@id":"https:\/\/skin-heal.com\/#website","url":"https:\/\/skin-heal.com\/","name":"Curaci\u00f3n de la piel","description":"Los precios m\u00e1s bajos para los rellenos d\u00e9rmicos","potentialAction":[{"@type":"SearchAction","target":{"@type":"EntryPoint","urlTemplate":"https:\/\/skin-heal.com\/?s={search_term_string}"},"query-input":{"@type":"PropertyValueSpecification","valueRequired":true,"valueName":"search_term_string"}}],"inLanguage":"es"}]}},"_links":{"self":[{"href":"https:\/\/skin-heal.com\/es\/wp-json\/wp\/v2\/product\/892","targetHints":{"allow":["GET"]}}],"collection":[{"href":"https:\/\/skin-heal.com\/es\/wp-json\/wp\/v2\/product"}],"about":[{"href":"https:\/\/skin-heal.com\/es\/wp-json\/wp\/v2\/types\/product"}],"wp:featuredmedia":[{"embeddable":true,"href":"https:\/\/skin-heal.com\/es\/wp-json\/wp\/v2\/media\/900"}],"wp:attachment":[{"href":"https:\/\/skin-heal.com\/es\/wp-json\/wp\/v2\/media?parent=892"}],"wp:term":[{"taxonomy":"product_brand","embeddable":true,"href":"https:\/\/skin-heal.com\/es\/wp-json\/wp\/v2\/product_brand?post=892"},{"taxonomy":"product_cat","embeddable":true,"href":"https:\/\/skin-heal.com\/es\/wp-json\/wp\/v2\/product_cat?post=892"},{"taxonomy":"product_tag","embeddable":true,"href":"https:\/\/skin-heal.com\/es\/wp-json\/wp\/v2\/product_tag?post=892"}],"curies":[{"name":"wp","href":"https:\/\/api.w.org\/{rel}","templated":true}]}}