{"id":893,"date":"2018-11-29T10:18:20","date_gmt":"2018-11-29T10:18:20","guid":{"rendered":"https:\/\/skin-heal.com\/?post_type=product&#038;p=893"},"modified":"2022-06-15T18:15:17","modified_gmt":"2022-06-15T18:15:17","slug":"hyacorp-face-ii-voluma","status":"publish","type":"product","link":"https:\/\/skin-heal.com\/es\/producto\/hyacorp-face-ii-voluma\/","title":{"rendered":"Hyacorp FACE II Voluma"},"content":{"rendered":"<h3>\u00bfQu\u00e9 es HYAcorp Face II Voluma?<\/h3>\n<p>Se trata de una inyecci\u00f3n de relleno de HA de alta calidad que ha sido debidamente purificada y no contiene ingredientes de origen animal. Por eso es notablemente seguro para su uso en una amplia gama de pacientes. El hecho de tener \u00e1cido hialur\u00f3nico reticulado estabilizado en su composici\u00f3n significa que HYAcorp Face II Voluma es tambi\u00e9n un producto 100% absorbible y biodegradable. El AH es una sustancia que no s\u00f3lo es saludable sino que se encuentra en el organismo humano. Por lo tanto, es absorbido de forma natural por los tejidos blandos y se disolver\u00e1 en un plazo de 6 a 8 meses (o incluso m\u00e1s).<\/p>\n<h3>Principales usos<\/h3>\n<ul>\n<li>Eliminaci\u00f3n del pliegue nasolabial<\/li>\n<li>Correcci\u00f3n de arrugas y pliegues profundos\/de fondo<\/li>\n<li>Contorno facial<\/li>\n<li>Restauraci\u00f3n del volumen facial<\/li>\n<\/ul>\n<h3>Adecuado para el tratamiento de arrugas y pliegues m\u00e1s profundos<\/h3>\n<p>HYAcorp Face II Voluma se ha desarrollado exclusivamente para la correcci\u00f3n de pliegues y arrugas m\u00e1s profundos, as\u00ed como para la correcci\u00f3n de defectos del contorno facial. Esto significa que el gel de \u00e1cido hialur\u00f3nico que contiene tiene un mayor nivel de reticulaci\u00f3n y, como resultado, el producto s\u00f3lo puede inyectarse en la dermis m\u00e1s profunda. Por lo tanto, la aplicaci\u00f3n de este producto profesional de rejuvenecimiento cosm\u00e9tico en la capa superficial de la piel no es aconsejable.<\/p>","protected":false},"excerpt":{"rendered":"<p>Al mejorar el contorno de la cara y restaurar su volumen, HYAcorp Face II Voluma es un relleno de HA probado que puede ocuparse r\u00e1pidamente de las depresiones, pliegues y arrugas que se han formado en la capa m\u00e1s profunda de la piel y dar a los pacientes un aspecto m\u00e1s joven y renovado. Los resultados suelen durar entre 6 y 8 meses, mientras que los efectos secundarios son poco frecuentes y desaparecen en cuesti\u00f3n de d\u00edas tras el tratamiento.<\/p>","protected":false},"featured_media":903,"template":"","meta":[],"product_brand":[],"product_cat":[65,79,43],"product_tag":[125],"class_list":{"0":"post-893","1":"product","2":"type-product","3":"status-publish","4":"has-post-thumbnail","6":"product_cat-bioscience","7":"product_cat-dermal-fillers","8":"product_cat-hyacorp","9":"product_tag-backorder","10":"clearfix","12":"first","13":"outofstock","14":"taxable","15":"shipping-taxable","16":"purchasable","17":"product-type-simple"},"yoast_head":"<!-- This site is optimized with the Yoast SEO plugin v27.3 - https:\/\/yoast.com\/product\/yoast-seo-wordpress\/ -->\n<title>Hyacorp FACE II Voluma - Skin Heal<\/title>\n<meta name=\"description\" content=\"HYAcorp Face II Voluma is a durable HA filler that corrects deeper folds, contours defects and restores volume. Results after one session last 6-8 months.\" \/>\n<meta name=\"robots\" content=\"index, follow, max-snippet:-1, max-image-preview:large, max-video-preview:-1\" \/>\n<link rel=\"canonical\" href=\"https:\/\/skin-heal.com\/es\/producto\/hyacorp-face-ii-voluma\/\" \/>\n<meta property=\"og:locale\" content=\"es_MX\" \/>\n<meta property=\"og:type\" content=\"article\" \/>\n<meta property=\"og:title\" content=\"Hyacorp FACE II Voluma - Skin Heal\" \/>\n<meta property=\"og:description\" content=\"HYAcorp Face II Voluma is a durable HA filler that corrects deeper folds, contours defects and restores volume. Results after one session last 6-8 months.\" \/>\n<meta property=\"og:url\" content=\"https:\/\/skin-heal.com\/es\/producto\/hyacorp-face-ii-voluma\/\" \/>\n<meta property=\"og:site_name\" content=\"Skin Heal\" \/>\n<meta property=\"article:modified_time\" content=\"2022-06-15T18:15:17+00:00\" \/>\n<meta property=\"og:image\" content=\"https:\/\/cdn.skin-heal.com\/wp-content\/uploads\/2018\/11\/Hyacorp-Face-II-Volyma.jpg\" \/>\n\t<meta property=\"og:image:width\" content=\"500\" \/>\n\t<meta property=\"og:image:height\" content=\"500\" \/>\n\t<meta property=\"og:image:type\" content=\"image\/jpeg\" \/>\n<meta name=\"twitter:card\" content=\"summary_large_image\" \/>\n<meta name=\"twitter:label1\" content=\"Tiempo de lectura\" \/>\n\t<meta name=\"twitter:data1\" content=\"1 minuto\" \/>\n<script type=\"application\/ld+json\" class=\"yoast-schema-graph\">{\"@context\":\"https:\\\/\\\/schema.org\",\"@graph\":[{\"@type\":\"WebPage\",\"@id\":\"https:\\\/\\\/skin-heal.com\\\/product\\\/hyacorp-face-ii-voluma\\\/\",\"url\":\"https:\\\/\\\/skin-heal.com\\\/product\\\/hyacorp-face-ii-voluma\\\/\",\"name\":\"Hyacorp FACE II Voluma - Skin Heal\",\"isPartOf\":{\"@id\":\"https:\\\/\\\/skin-heal.com\\\/#website\"},\"primaryImageOfPage\":{\"@id\":\"https:\\\/\\\/skin-heal.com\\\/product\\\/hyacorp-face-ii-voluma\\\/#primaryimage\"},\"image\":{\"@id\":\"https:\\\/\\\/skin-heal.com\\\/product\\\/hyacorp-face-ii-voluma\\\/#primaryimage\"},\"thumbnailUrl\":\"https:\\\/\\\/skin-heal.com\\\/wp-content\\\/uploads\\\/2018\\\/11\\\/Hyacorp-Face-II-Volyma.jpg\",\"datePublished\":\"2018-11-29T10:18:20+00:00\",\"dateModified\":\"2022-06-15T18:15:17+00:00\",\"description\":\"HYAcorp Face II Voluma is a durable HA filler that corrects deeper folds, contours defects and restores volume. Results after one session last 6-8 months.\",\"breadcrumb\":{\"@id\":\"https:\\\/\\\/skin-heal.com\\\/product\\\/hyacorp-face-ii-voluma\\\/#breadcrumb\"},\"inLanguage\":\"es\",\"potentialAction\":[{\"@type\":\"ReadAction\",\"target\":[\"https:\\\/\\\/skin-heal.com\\\/product\\\/hyacorp-face-ii-voluma\\\/\"]}]},{\"@type\":\"ImageObject\",\"inLanguage\":\"es\",\"@id\":\"https:\\\/\\\/skin-heal.com\\\/product\\\/hyacorp-face-ii-voluma\\\/#primaryimage\",\"url\":\"https:\\\/\\\/skin-heal.com\\\/wp-content\\\/uploads\\\/2018\\\/11\\\/Hyacorp-Face-II-Volyma.jpg\",\"contentUrl\":\"https:\\\/\\\/skin-heal.com\\\/wp-content\\\/uploads\\\/2018\\\/11\\\/Hyacorp-Face-II-Volyma.jpg\",\"width\":500,\"height\":500,\"caption\":\"Hyacorp Face II Volyma\"},{\"@type\":\"BreadcrumbList\",\"@id\":\"https:\\\/\\\/skin-heal.com\\\/product\\\/hyacorp-face-ii-voluma\\\/#breadcrumb\",\"itemListElement\":[{\"@type\":\"ListItem\",\"position\":1,\"name\":\"Home\",\"item\":\"https:\\\/\\\/skin-heal.com\\\/\"},{\"@type\":\"ListItem\",\"position\":2,\"name\":\"Store\",\"item\":\"https:\\\/\\\/skin-heal.com\\\/store\\\/\"},{\"@type\":\"ListItem\",\"position\":3,\"name\":\"Hyacorp FACE II Voluma\"}]},{\"@type\":\"WebSite\",\"@id\":\"https:\\\/\\\/skin-heal.com\\\/#website\",\"url\":\"https:\\\/\\\/skin-heal.com\\\/\",\"name\":\"Skin Heal\",\"description\":\"Lowest Prices for Dermal Fillers\",\"potentialAction\":[{\"@type\":\"SearchAction\",\"target\":{\"@type\":\"EntryPoint\",\"urlTemplate\":\"https:\\\/\\\/skin-heal.com\\\/?s={search_term_string}\"},\"query-input\":{\"@type\":\"PropertyValueSpecification\",\"valueRequired\":true,\"valueName\":\"search_term_string\"}}],\"inLanguage\":\"es\"}]}<\/script>\n<!-- \/ Yoast SEO plugin. -->","yoast_head_json":{"title":"Hyacorp FACE II Voluma - Piel sana","description":"HYAcorp Face II Voluma es un relleno de HA duradero que corrige los pliegues m\u00e1s profundos, contornea los defectos y restaura el volumen. Los resultados despu\u00e9s de una sesi\u00f3n duran de 6 a 8 meses.","robots":{"index":"index","follow":"follow","max-snippet":"max-snippet:-1","max-image-preview":"max-image-preview:large","max-video-preview":"max-video-preview:-1"},"canonical":"https:\/\/skin-heal.com\/es\/producto\/hyacorp-face-ii-voluma\/","og_locale":"es_MX","og_type":"article","og_title":"Hyacorp FACE II Voluma - Skin Heal","og_description":"HYAcorp Face II Voluma is a durable HA filler that corrects deeper folds, contours defects and restores volume. Results after one session last 6-8 months.","og_url":"https:\/\/skin-heal.com\/es\/producto\/hyacorp-face-ii-voluma\/","og_site_name":"Skin Heal","article_modified_time":"2022-06-15T18:15:17+00:00","og_image":[{"width":500,"height":500,"url":"https:\/\/cdn.skin-heal.com\/wp-content\/uploads\/2018\/11\/Hyacorp-Face-II-Volyma.jpg","type":"image\/jpeg"}],"twitter_card":"summary_large_image","twitter_misc":{"Tiempo de lectura":"1 minuto"},"schema":{"@context":"https:\/\/schema.org","@graph":[{"@type":"WebPage","@id":"https:\/\/skin-heal.com\/product\/hyacorp-face-ii-voluma\/","url":"https:\/\/skin-heal.com\/product\/hyacorp-face-ii-voluma\/","name":"Hyacorp FACE II Voluma - Piel sana","isPartOf":{"@id":"https:\/\/skin-heal.com\/#website"},"primaryImageOfPage":{"@id":"https:\/\/skin-heal.com\/product\/hyacorp-face-ii-voluma\/#primaryimage"},"image":{"@id":"https:\/\/skin-heal.com\/product\/hyacorp-face-ii-voluma\/#primaryimage"},"thumbnailUrl":"https:\/\/cdn.skin-heal.com\/wp-content\/uploads\/2018\/11\/Hyacorp-Face-II-Volyma.jpg","datePublished":"2018-11-29T10:18:20+00:00","dateModified":"2022-06-15T18:15:17+00:00","description":"HYAcorp Face II Voluma es un relleno de HA duradero que corrige los pliegues m\u00e1s profundos, contornea los defectos y restaura el volumen. Los resultados despu\u00e9s de una sesi\u00f3n duran de 6 a 8 meses.","breadcrumb":{"@id":"https:\/\/skin-heal.com\/product\/hyacorp-face-ii-voluma\/#breadcrumb"},"inLanguage":"es","potentialAction":[{"@type":"ReadAction","target":["https:\/\/skin-heal.com\/product\/hyacorp-face-ii-voluma\/"]}]},{"@type":"ImageObject","inLanguage":"es","@id":"https:\/\/skin-heal.com\/product\/hyacorp-face-ii-voluma\/#primaryimage","url":"https:\/\/cdn.skin-heal.com\/wp-content\/uploads\/2018\/11\/Hyacorp-Face-II-Volyma.jpg","contentUrl":"https:\/\/cdn.skin-heal.com\/wp-content\/uploads\/2018\/11\/Hyacorp-Face-II-Volyma.jpg","width":500,"height":500,"caption":"Hyacorp Face II Volyma"},{"@type":"BreadcrumbList","@id":"https:\/\/skin-heal.com\/product\/hyacorp-face-ii-voluma\/#breadcrumb","itemListElement":[{"@type":"ListItem","position":1,"name":"Home","item":"https:\/\/skin-heal.com\/"},{"@type":"ListItem","position":2,"name":"Store","item":"https:\/\/skin-heal.com\/store\/"},{"@type":"ListItem","position":3,"name":"Hyacorp FACE II Voluma"}]},{"@type":"WebSite","@id":"https:\/\/skin-heal.com\/#website","url":"https:\/\/skin-heal.com\/","name":"Curaci\u00f3n de la piel","description":"Los precios m\u00e1s bajos para los rellenos d\u00e9rmicos","potentialAction":[{"@type":"SearchAction","target":{"@type":"EntryPoint","urlTemplate":"https:\/\/skin-heal.com\/?s={search_term_string}"},"query-input":{"@type":"PropertyValueSpecification","valueRequired":true,"valueName":"search_term_string"}}],"inLanguage":"es"}]}},"_links":{"self":[{"href":"https:\/\/skin-heal.com\/es\/wp-json\/wp\/v2\/product\/893","targetHints":{"allow":["GET"]}}],"collection":[{"href":"https:\/\/skin-heal.com\/es\/wp-json\/wp\/v2\/product"}],"about":[{"href":"https:\/\/skin-heal.com\/es\/wp-json\/wp\/v2\/types\/product"}],"wp:featuredmedia":[{"embeddable":true,"href":"https:\/\/skin-heal.com\/es\/wp-json\/wp\/v2\/media\/903"}],"wp:attachment":[{"href":"https:\/\/skin-heal.com\/es\/wp-json\/wp\/v2\/media?parent=893"}],"wp:term":[{"taxonomy":"product_brand","embeddable":true,"href":"https:\/\/skin-heal.com\/es\/wp-json\/wp\/v2\/product_brand?post=893"},{"taxonomy":"product_cat","embeddable":true,"href":"https:\/\/skin-heal.com\/es\/wp-json\/wp\/v2\/product_cat?post=893"},{"taxonomy":"product_tag","embeddable":true,"href":"https:\/\/skin-heal.com\/es\/wp-json\/wp\/v2\/product_tag?post=893"}],"curies":[{"name":"wp","href":"https:\/\/api.w.org\/{rel}","templated":true}]}}