{"id":894,"date":"2018-11-29T10:22:33","date_gmt":"2018-11-29T10:22:33","guid":{"rendered":"https:\/\/skin-heal.com\/?post_type=product&#038;p=894"},"modified":"2022-06-15T18:15:17","modified_gmt":"2022-06-15T18:15:17","slug":"hyacorp-face-1x1ml","status":"publish","type":"product","link":"https:\/\/skin-heal.com\/es\/producto\/hyacorp-face-1x1ml\/","title":{"rendered":"Hyacorp FACE (1x1ml)"},"content":{"rendered":"<p>Cada paquete de HYAcorp Face 1ml contiene 1 gel inyectable de 1ml. Los ingredientes clave de este producto son:<\/p>\n<ul>\n<li>\u00c1cido hialur\u00f3nico - 2 mg<\/li>\n<li>\u00c1cido hialur\u00f3nico reticulado - 20 mg<\/li>\n<li>Cloruro de sodio - 6,9 mg<\/li>\n<\/ul>\n<p>Este producto de primera calidad ha sido desarrollado y producido de acuerdo con todas las normas medioambientales, de calidad, de seguridad y de salud por una empresa con sede en Alemania y con a\u00f1os de experiencia en el sector. Dado que se trata de una inyecci\u00f3n de relleno a base de AH, los fabricantes han hecho todo lo posible para ofrecer un producto sin riesgos y que sea f\u00e1cil de usar para los pacientes. Por eso se ha utilizado un proceso conocido como biofermentaci\u00f3n durante la producci\u00f3n del componente de HA que contiene. De este modo, el producto final es extremadamente seguro, absorbible y de acci\u00f3n r\u00e1pida.<\/p>\n<h3>Indicaciones<\/h3>\n<ul>\n<li>Eliminaci\u00f3n de arrugas y pliegues de moderados a severos<\/li>\n<li>Correcci\u00f3n del pliegue nasolabial<\/li>\n<li>Mejora de las mejillas<\/li>\n<li>Tratamiento de los pliegues de la glabela<\/li>\n<li>Contorno facial<\/li>\n<\/ul>\n<h3>HYAcorp Face vs HYAcorp Face II Voluma<\/h3>\n<p>HYAcorp Face es un relleno de la piel del rostro que no debe confundirse con Face II Voluma. Aunque ambos se dirigen y tratan las arrugas faciales, la p\u00e9rdida de volumen y los defectos del contorno, son dos productos diferentes. El primero se inyecta en la dermis media y profunda, mientras que el segundo se aplica mediante inyecci\u00f3n en las capas m\u00e1s profundas de la piel. Por lo tanto, tienen texturas diferentes y no deben intercambiarse.<\/p>","protected":false},"excerpt":{"rendered":"<p>Con sus excelentes propiedades de absorci\u00f3n, viscoel\u00e1sticas y voluminizadoras, HYAcorp Face 1ml es un relleno cut\u00e1neo fiable que se dirige a diversas imperfecciones faciales, depresiones y signos de envejecimiento como arrugas y pliegues medios y profundos. Ha sido fabricado por una empresa de renombre y las materias primas utilizadas en su producci\u00f3n se caracterizan por su alta pureza y longevidad.<\/p>","protected":false},"featured_media":904,"template":"","meta":[],"product_brand":[],"product_cat":[65,79,43],"product_tag":[125],"class_list":{"0":"post-894","1":"product","2":"type-product","3":"status-publish","4":"has-post-thumbnail","6":"product_cat-bioscience","7":"product_cat-dermal-fillers","8":"product_cat-hyacorp","9":"product_tag-backorder","10":"clearfix","12":"first","13":"outofstock","14":"taxable","15":"shipping-taxable","16":"purchasable","17":"product-type-simple"},"yoast_head":"<!-- This site is optimized with the Yoast SEO plugin v27.3 - https:\/\/yoast.com\/product\/yoast-seo-wordpress\/ -->\n<title>Hyacorp FACE (1x1ml) - Skin Heal<\/title>\n<meta name=\"description\" content=\"HYAcorp Face 1ml is powerful facial filler. Its high purity HA can remove moderate to severe wrinkles, as well as to restore facial contour and volume.\" \/>\n<meta name=\"robots\" content=\"index, follow, max-snippet:-1, max-image-preview:large, max-video-preview:-1\" \/>\n<link rel=\"canonical\" href=\"https:\/\/skin-heal.com\/es\/producto\/hyacorp-face-1x1ml\/\" \/>\n<meta property=\"og:locale\" content=\"es_MX\" \/>\n<meta property=\"og:type\" content=\"article\" \/>\n<meta property=\"og:title\" content=\"Hyacorp FACE (1x1ml) - Skin Heal\" \/>\n<meta property=\"og:description\" content=\"HYAcorp Face 1ml is powerful facial filler. Its high purity HA can remove moderate to severe wrinkles, as well as to restore facial contour and volume.\" \/>\n<meta property=\"og:url\" content=\"https:\/\/skin-heal.com\/es\/producto\/hyacorp-face-1x1ml\/\" \/>\n<meta property=\"og:site_name\" content=\"Skin Heal\" \/>\n<meta property=\"article:modified_time\" content=\"2022-06-15T18:15:17+00:00\" \/>\n<meta property=\"og:image\" content=\"https:\/\/cdn.skin-heal.com\/wp-content\/uploads\/2018\/11\/Hyacorp-Face.jpg\" \/>\n\t<meta property=\"og:image:width\" content=\"500\" \/>\n\t<meta property=\"og:image:height\" content=\"500\" \/>\n\t<meta property=\"og:image:type\" content=\"image\/jpeg\" \/>\n<meta name=\"twitter:card\" content=\"summary_large_image\" \/>\n<meta name=\"twitter:label1\" content=\"Tiempo de lectura\" \/>\n\t<meta name=\"twitter:data1\" content=\"1 minuto\" \/>\n<script type=\"application\/ld+json\" class=\"yoast-schema-graph\">{\"@context\":\"https:\\\/\\\/schema.org\",\"@graph\":[{\"@type\":\"WebPage\",\"@id\":\"https:\\\/\\\/skin-heal.com\\\/product\\\/hyacorp-face-1x1ml\\\/\",\"url\":\"https:\\\/\\\/skin-heal.com\\\/product\\\/hyacorp-face-1x1ml\\\/\",\"name\":\"Hyacorp FACE (1x1ml) - Skin Heal\",\"isPartOf\":{\"@id\":\"https:\\\/\\\/skin-heal.com\\\/#website\"},\"primaryImageOfPage\":{\"@id\":\"https:\\\/\\\/skin-heal.com\\\/product\\\/hyacorp-face-1x1ml\\\/#primaryimage\"},\"image\":{\"@id\":\"https:\\\/\\\/skin-heal.com\\\/product\\\/hyacorp-face-1x1ml\\\/#primaryimage\"},\"thumbnailUrl\":\"https:\\\/\\\/skin-heal.com\\\/wp-content\\\/uploads\\\/2018\\\/11\\\/Hyacorp-Face.jpg\",\"datePublished\":\"2018-11-29T10:22:33+00:00\",\"dateModified\":\"2022-06-15T18:15:17+00:00\",\"description\":\"HYAcorp Face 1ml is powerful facial filler. Its high purity HA can remove moderate to severe wrinkles, as well as to restore facial contour and volume.\",\"breadcrumb\":{\"@id\":\"https:\\\/\\\/skin-heal.com\\\/product\\\/hyacorp-face-1x1ml\\\/#breadcrumb\"},\"inLanguage\":\"es\",\"potentialAction\":[{\"@type\":\"ReadAction\",\"target\":[\"https:\\\/\\\/skin-heal.com\\\/product\\\/hyacorp-face-1x1ml\\\/\"]}]},{\"@type\":\"ImageObject\",\"inLanguage\":\"es\",\"@id\":\"https:\\\/\\\/skin-heal.com\\\/product\\\/hyacorp-face-1x1ml\\\/#primaryimage\",\"url\":\"https:\\\/\\\/skin-heal.com\\\/wp-content\\\/uploads\\\/2018\\\/11\\\/Hyacorp-Face.jpg\",\"contentUrl\":\"https:\\\/\\\/skin-heal.com\\\/wp-content\\\/uploads\\\/2018\\\/11\\\/Hyacorp-Face.jpg\",\"width\":500,\"height\":500,\"caption\":\"Hyacorp Face\"},{\"@type\":\"BreadcrumbList\",\"@id\":\"https:\\\/\\\/skin-heal.com\\\/product\\\/hyacorp-face-1x1ml\\\/#breadcrumb\",\"itemListElement\":[{\"@type\":\"ListItem\",\"position\":1,\"name\":\"Home\",\"item\":\"https:\\\/\\\/skin-heal.com\\\/\"},{\"@type\":\"ListItem\",\"position\":2,\"name\":\"Store\",\"item\":\"https:\\\/\\\/skin-heal.com\\\/store\\\/\"},{\"@type\":\"ListItem\",\"position\":3,\"name\":\"Hyacorp FACE (1x1ml)\"}]},{\"@type\":\"WebSite\",\"@id\":\"https:\\\/\\\/skin-heal.com\\\/#website\",\"url\":\"https:\\\/\\\/skin-heal.com\\\/\",\"name\":\"Skin Heal\",\"description\":\"Lowest Prices for Dermal Fillers\",\"potentialAction\":[{\"@type\":\"SearchAction\",\"target\":{\"@type\":\"EntryPoint\",\"urlTemplate\":\"https:\\\/\\\/skin-heal.com\\\/?s={search_term_string}\"},\"query-input\":{\"@type\":\"PropertyValueSpecification\",\"valueRequired\":true,\"valueName\":\"search_term_string\"}}],\"inLanguage\":\"es\"}]}<\/script>\n<!-- \/ Yoast SEO plugin. -->","yoast_head_json":{"title":"Hyacorp ROSTRO (1x1ml) - Skin Heal","description":"HYAcorp Face 1ml es un potente relleno facial. Su alta pureza HA puede eliminar las arrugas moderadas a severas, as\u00ed como para restaurar el contorno facial y el volumen.","robots":{"index":"index","follow":"follow","max-snippet":"max-snippet:-1","max-image-preview":"max-image-preview:large","max-video-preview":"max-video-preview:-1"},"canonical":"https:\/\/skin-heal.com\/es\/producto\/hyacorp-face-1x1ml\/","og_locale":"es_MX","og_type":"article","og_title":"Hyacorp FACE (1x1ml) - Skin Heal","og_description":"HYAcorp Face 1ml is powerful facial filler. Its high purity HA can remove moderate to severe wrinkles, as well as to restore facial contour and volume.","og_url":"https:\/\/skin-heal.com\/es\/producto\/hyacorp-face-1x1ml\/","og_site_name":"Skin Heal","article_modified_time":"2022-06-15T18:15:17+00:00","og_image":[{"width":500,"height":500,"url":"https:\/\/cdn.skin-heal.com\/wp-content\/uploads\/2018\/11\/Hyacorp-Face.jpg","type":"image\/jpeg"}],"twitter_card":"summary_large_image","twitter_misc":{"Tiempo de lectura":"1 minuto"},"schema":{"@context":"https:\/\/schema.org","@graph":[{"@type":"WebPage","@id":"https:\/\/skin-heal.com\/product\/hyacorp-face-1x1ml\/","url":"https:\/\/skin-heal.com\/product\/hyacorp-face-1x1ml\/","name":"Hyacorp ROSTRO (1x1ml) - Skin Heal","isPartOf":{"@id":"https:\/\/skin-heal.com\/#website"},"primaryImageOfPage":{"@id":"https:\/\/skin-heal.com\/product\/hyacorp-face-1x1ml\/#primaryimage"},"image":{"@id":"https:\/\/skin-heal.com\/product\/hyacorp-face-1x1ml\/#primaryimage"},"thumbnailUrl":"https:\/\/cdn.skin-heal.com\/wp-content\/uploads\/2018\/11\/Hyacorp-Face.jpg","datePublished":"2018-11-29T10:22:33+00:00","dateModified":"2022-06-15T18:15:17+00:00","description":"HYAcorp Face 1ml es un potente relleno facial. Su alta pureza HA puede eliminar las arrugas moderadas a severas, as\u00ed como para restaurar el contorno facial y el volumen.","breadcrumb":{"@id":"https:\/\/skin-heal.com\/product\/hyacorp-face-1x1ml\/#breadcrumb"},"inLanguage":"es","potentialAction":[{"@type":"ReadAction","target":["https:\/\/skin-heal.com\/product\/hyacorp-face-1x1ml\/"]}]},{"@type":"ImageObject","inLanguage":"es","@id":"https:\/\/skin-heal.com\/product\/hyacorp-face-1x1ml\/#primaryimage","url":"https:\/\/cdn.skin-heal.com\/wp-content\/uploads\/2018\/11\/Hyacorp-Face.jpg","contentUrl":"https:\/\/cdn.skin-heal.com\/wp-content\/uploads\/2018\/11\/Hyacorp-Face.jpg","width":500,"height":500,"caption":"Hyacorp Face"},{"@type":"BreadcrumbList","@id":"https:\/\/skin-heal.com\/product\/hyacorp-face-1x1ml\/#breadcrumb","itemListElement":[{"@type":"ListItem","position":1,"name":"Home","item":"https:\/\/skin-heal.com\/"},{"@type":"ListItem","position":2,"name":"Store","item":"https:\/\/skin-heal.com\/store\/"},{"@type":"ListItem","position":3,"name":"Hyacorp FACE (1x1ml)"}]},{"@type":"WebSite","@id":"https:\/\/skin-heal.com\/#website","url":"https:\/\/skin-heal.com\/","name":"Curaci\u00f3n de la piel","description":"Los precios m\u00e1s bajos para los rellenos d\u00e9rmicos","potentialAction":[{"@type":"SearchAction","target":{"@type":"EntryPoint","urlTemplate":"https:\/\/skin-heal.com\/?s={search_term_string}"},"query-input":{"@type":"PropertyValueSpecification","valueRequired":true,"valueName":"search_term_string"}}],"inLanguage":"es"}]}},"_links":{"self":[{"href":"https:\/\/skin-heal.com\/es\/wp-json\/wp\/v2\/product\/894","targetHints":{"allow":["GET"]}}],"collection":[{"href":"https:\/\/skin-heal.com\/es\/wp-json\/wp\/v2\/product"}],"about":[{"href":"https:\/\/skin-heal.com\/es\/wp-json\/wp\/v2\/types\/product"}],"wp:featuredmedia":[{"embeddable":true,"href":"https:\/\/skin-heal.com\/es\/wp-json\/wp\/v2\/media\/904"}],"wp:attachment":[{"href":"https:\/\/skin-heal.com\/es\/wp-json\/wp\/v2\/media?parent=894"}],"wp:term":[{"taxonomy":"product_brand","embeddable":true,"href":"https:\/\/skin-heal.com\/es\/wp-json\/wp\/v2\/product_brand?post=894"},{"taxonomy":"product_cat","embeddable":true,"href":"https:\/\/skin-heal.com\/es\/wp-json\/wp\/v2\/product_cat?post=894"},{"taxonomy":"product_tag","embeddable":true,"href":"https:\/\/skin-heal.com\/es\/wp-json\/wp\/v2\/product_tag?post=894"}],"curies":[{"name":"wp","href":"https:\/\/api.w.org\/{rel}","templated":true}]}}