{"id":895,"date":"2018-11-29T09:59:57","date_gmt":"2018-11-29T09:59:57","guid":{"rendered":"https:\/\/skin-heal.com\/?post_type=product&#038;p=895"},"modified":"2022-06-15T18:15:18","modified_gmt":"2022-06-15T18:15:18","slug":"hyacorp-mlf1-1x10ml","status":"publish","type":"product","link":"https:\/\/skin-heal.com\/es\/producto\/hyacorp-mlf1-1x10ml\/","title":{"rendered":"Hyacorp MLF1 (1x10ml)"},"content":{"rendered":"<h3>HYAcorp MLF 1 como alternativa a los procedimientos quir\u00fargicos est\u00e9ticos<\/h3>\n<p>Se trata de un relleno cut\u00e1neo de confianza que, al igual que ciertos tratamientos quir\u00fargicos est\u00e9ticos, puede dar forma a partes del cuerpo m\u00e1s peque\u00f1as, como las pantorrillas o las manos, o incluso corregir deformidades c\u00f3ncavas. Sin embargo, un procedimiento que implique el uso de HYAcorp MLF 1 tiene varias grandes ventajas sobre las soluciones quir\u00fargicas m\u00e1s tradicionales:<\/p>\n<ul>\n<li>No es invasivo ni quir\u00fargico<\/li>\n<li>No hay tiempo de inactividad y los pacientes pueden volver a su rutina diaria despu\u00e9s del procedimiento<\/li>\n<li>Una sesi\u00f3n de inyecciones dura unos 30 minutos<\/li>\n<li>Los efectos secundarios se observan raramente y no suelen ser graves (enrojecimiento, sensibilidad, hinchaz\u00f3n, hematomas)<\/li>\n<li>Duradero pero no permanente<\/li>\n<li>Un tratamiento natural que se basa en las propiedades del AH que se encuentra naturalmente en el cuerpo humano<\/li>\n<\/ul>\n<h3>\u00bfQu\u00e9 contiene?<\/h3>\n<p>Cada mililitro de HYAcorp MLF 1 contiene 20mg de \u00e1cido hialur\u00f3nico reticulado, 2mg de HA y 6,9mg de cloruro de sodio. Cada caja contiene tambi\u00e9n 1ml de agua para inyecci\u00f3n. Cada lote de este relleno corporal de venta r\u00e1pida ha sido sometido a pruebas exhaustivas y cuenta con una garant\u00eda de calidad y seguridad.<\/p>\n<h3>Durabilidad<\/h3>\n<p>La longevidad est\u00e1ndar de un tratamiento de inyecci\u00f3n realizado con este dispositivo m\u00e9dico de calidad var\u00eda entre 6-8 meses o m\u00e1s. Los pacientes disfrutan de resultados instant\u00e1neos.<\/p>","protected":false},"excerpt":{"rendered":"<p>HYAcorp MLF 1 es una de las mejores alternativas a los procedimientos quir\u00fargicos destinados a remodelar y contornear el cuerpo. Se trata de un relleno corporal de primera categor\u00eda que es ideal para el tratamiento de partes del cuerpo m\u00e1s peque\u00f1as que necesitan ser remodeladas o contorneadas. La composici\u00f3n de este producto se basa en el \u00e1cido hialur\u00f3nico y no tiene efectos secundarios perjudiciales.<\/p>","protected":false},"featured_media":899,"template":"","meta":[],"product_brand":[],"product_cat":[65,79,43],"product_tag":[125],"class_list":{"0":"post-895","1":"product","2":"type-product","3":"status-publish","4":"has-post-thumbnail","6":"product_cat-bioscience","7":"product_cat-dermal-fillers","8":"product_cat-hyacorp","9":"product_tag-backorder","10":"clearfix","12":"first","13":"outofstock","14":"taxable","15":"shipping-taxable","16":"purchasable","17":"product-type-simple"},"yoast_head":"<!-- This site is optimized with the Yoast SEO plugin v27.3 - https:\/\/yoast.com\/product\/yoast-seo-wordpress\/ -->\n<title>Hyacorp MLF1 (1x10ml) - Skin Heal<\/title>\n<meta name=\"description\" content=\"HYAcorp MLF 1 is the number 1 body filler for contouring and reshaping smaller body parts. It contains quality HA and it is safer than a cosmetic surgery.\" \/>\n<meta name=\"robots\" content=\"index, follow, max-snippet:-1, max-image-preview:large, max-video-preview:-1\" \/>\n<link rel=\"canonical\" href=\"https:\/\/skin-heal.com\/es\/producto\/hyacorp-mlf1-1x10ml\/\" \/>\n<meta property=\"og:locale\" content=\"es_MX\" \/>\n<meta property=\"og:type\" content=\"article\" \/>\n<meta property=\"og:title\" content=\"Hyacorp MLF1 (1x10ml) - Skin Heal\" \/>\n<meta property=\"og:description\" content=\"HYAcorp MLF 1 is the number 1 body filler for contouring and reshaping smaller body parts. It contains quality HA and it is safer than a cosmetic surgery.\" \/>\n<meta property=\"og:url\" content=\"https:\/\/skin-heal.com\/es\/producto\/hyacorp-mlf1-1x10ml\/\" \/>\n<meta property=\"og:site_name\" content=\"Skin Heal\" \/>\n<meta property=\"article:modified_time\" content=\"2022-06-15T18:15:18+00:00\" \/>\n<meta property=\"og:image\" content=\"https:\/\/cdn.skin-heal.com\/wp-content\/uploads\/2018\/11\/Hyacorp-MLF1.jpg\" \/>\n\t<meta property=\"og:image:width\" content=\"500\" \/>\n\t<meta property=\"og:image:height\" content=\"500\" \/>\n\t<meta property=\"og:image:type\" content=\"image\/jpeg\" \/>\n<meta name=\"twitter:card\" content=\"summary_large_image\" \/>\n<meta name=\"twitter:label1\" content=\"Tiempo de lectura\" \/>\n\t<meta name=\"twitter:data1\" content=\"1 minuto\" \/>\n<script type=\"application\/ld+json\" class=\"yoast-schema-graph\">{\"@context\":\"https:\\\/\\\/schema.org\",\"@graph\":[{\"@type\":\"WebPage\",\"@id\":\"https:\\\/\\\/skin-heal.com\\\/product\\\/hyacorp-mlf1-1x10ml\\\/\",\"url\":\"https:\\\/\\\/skin-heal.com\\\/product\\\/hyacorp-mlf1-1x10ml\\\/\",\"name\":\"Hyacorp MLF1 (1x10ml) - Skin Heal\",\"isPartOf\":{\"@id\":\"https:\\\/\\\/skin-heal.com\\\/#website\"},\"primaryImageOfPage\":{\"@id\":\"https:\\\/\\\/skin-heal.com\\\/product\\\/hyacorp-mlf1-1x10ml\\\/#primaryimage\"},\"image\":{\"@id\":\"https:\\\/\\\/skin-heal.com\\\/product\\\/hyacorp-mlf1-1x10ml\\\/#primaryimage\"},\"thumbnailUrl\":\"https:\\\/\\\/skin-heal.com\\\/wp-content\\\/uploads\\\/2018\\\/11\\\/Hyacorp-MLF1.jpg\",\"datePublished\":\"2018-11-29T09:59:57+00:00\",\"dateModified\":\"2022-06-15T18:15:18+00:00\",\"description\":\"HYAcorp MLF 1 is the number 1 body filler for contouring and reshaping smaller body parts. It contains quality HA and it is safer than a cosmetic surgery.\",\"breadcrumb\":{\"@id\":\"https:\\\/\\\/skin-heal.com\\\/product\\\/hyacorp-mlf1-1x10ml\\\/#breadcrumb\"},\"inLanguage\":\"es\",\"potentialAction\":[{\"@type\":\"ReadAction\",\"target\":[\"https:\\\/\\\/skin-heal.com\\\/product\\\/hyacorp-mlf1-1x10ml\\\/\"]}]},{\"@type\":\"ImageObject\",\"inLanguage\":\"es\",\"@id\":\"https:\\\/\\\/skin-heal.com\\\/product\\\/hyacorp-mlf1-1x10ml\\\/#primaryimage\",\"url\":\"https:\\\/\\\/skin-heal.com\\\/wp-content\\\/uploads\\\/2018\\\/11\\\/Hyacorp-MLF1.jpg\",\"contentUrl\":\"https:\\\/\\\/skin-heal.com\\\/wp-content\\\/uploads\\\/2018\\\/11\\\/Hyacorp-MLF1.jpg\",\"width\":500,\"height\":500,\"caption\":\"Hyacorp MLF1\"},{\"@type\":\"BreadcrumbList\",\"@id\":\"https:\\\/\\\/skin-heal.com\\\/product\\\/hyacorp-mlf1-1x10ml\\\/#breadcrumb\",\"itemListElement\":[{\"@type\":\"ListItem\",\"position\":1,\"name\":\"Home\",\"item\":\"https:\\\/\\\/skin-heal.com\\\/\"},{\"@type\":\"ListItem\",\"position\":2,\"name\":\"Store\",\"item\":\"https:\\\/\\\/skin-heal.com\\\/store\\\/\"},{\"@type\":\"ListItem\",\"position\":3,\"name\":\"Hyacorp MLF1 (1x10ml)\"}]},{\"@type\":\"WebSite\",\"@id\":\"https:\\\/\\\/skin-heal.com\\\/#website\",\"url\":\"https:\\\/\\\/skin-heal.com\\\/\",\"name\":\"Skin Heal\",\"description\":\"Lowest Prices for Dermal Fillers\",\"potentialAction\":[{\"@type\":\"SearchAction\",\"target\":{\"@type\":\"EntryPoint\",\"urlTemplate\":\"https:\\\/\\\/skin-heal.com\\\/?s={search_term_string}\"},\"query-input\":{\"@type\":\"PropertyValueSpecification\",\"valueRequired\":true,\"valueName\":\"search_term_string\"}}],\"inLanguage\":\"es\"}]}<\/script>\n<!-- \/ Yoast SEO plugin. -->","yoast_head_json":{"title":"Hyacorp MLF1 (1x10ml) - Piel sana","description":"HYAcorp MLF 1 es el relleno corporal n\u00famero 1 para contornear y remodelar las partes m\u00e1s peque\u00f1as del cuerpo. Contiene HA de calidad y es m\u00e1s seguro que una cirug\u00eda est\u00e9tica.","robots":{"index":"index","follow":"follow","max-snippet":"max-snippet:-1","max-image-preview":"max-image-preview:large","max-video-preview":"max-video-preview:-1"},"canonical":"https:\/\/skin-heal.com\/es\/producto\/hyacorp-mlf1-1x10ml\/","og_locale":"es_MX","og_type":"article","og_title":"Hyacorp MLF1 (1x10ml) - Skin Heal","og_description":"HYAcorp MLF 1 is the number 1 body filler for contouring and reshaping smaller body parts. It contains quality HA and it is safer than a cosmetic surgery.","og_url":"https:\/\/skin-heal.com\/es\/producto\/hyacorp-mlf1-1x10ml\/","og_site_name":"Skin Heal","article_modified_time":"2022-06-15T18:15:18+00:00","og_image":[{"width":500,"height":500,"url":"https:\/\/cdn.skin-heal.com\/wp-content\/uploads\/2018\/11\/Hyacorp-MLF1.jpg","type":"image\/jpeg"}],"twitter_card":"summary_large_image","twitter_misc":{"Tiempo de lectura":"1 minuto"},"schema":{"@context":"https:\/\/schema.org","@graph":[{"@type":"WebPage","@id":"https:\/\/skin-heal.com\/product\/hyacorp-mlf1-1x10ml\/","url":"https:\/\/skin-heal.com\/product\/hyacorp-mlf1-1x10ml\/","name":"Hyacorp MLF1 (1x10ml) - Piel sana","isPartOf":{"@id":"https:\/\/skin-heal.com\/#website"},"primaryImageOfPage":{"@id":"https:\/\/skin-heal.com\/product\/hyacorp-mlf1-1x10ml\/#primaryimage"},"image":{"@id":"https:\/\/skin-heal.com\/product\/hyacorp-mlf1-1x10ml\/#primaryimage"},"thumbnailUrl":"https:\/\/cdn.skin-heal.com\/wp-content\/uploads\/2018\/11\/Hyacorp-MLF1.jpg","datePublished":"2018-11-29T09:59:57+00:00","dateModified":"2022-06-15T18:15:18+00:00","description":"HYAcorp MLF 1 es el relleno corporal n\u00famero 1 para contornear y remodelar las partes m\u00e1s peque\u00f1as del cuerpo. Contiene HA de calidad y es m\u00e1s seguro que una cirug\u00eda est\u00e9tica.","breadcrumb":{"@id":"https:\/\/skin-heal.com\/product\/hyacorp-mlf1-1x10ml\/#breadcrumb"},"inLanguage":"es","potentialAction":[{"@type":"ReadAction","target":["https:\/\/skin-heal.com\/product\/hyacorp-mlf1-1x10ml\/"]}]},{"@type":"ImageObject","inLanguage":"es","@id":"https:\/\/skin-heal.com\/product\/hyacorp-mlf1-1x10ml\/#primaryimage","url":"https:\/\/cdn.skin-heal.com\/wp-content\/uploads\/2018\/11\/Hyacorp-MLF1.jpg","contentUrl":"https:\/\/cdn.skin-heal.com\/wp-content\/uploads\/2018\/11\/Hyacorp-MLF1.jpg","width":500,"height":500,"caption":"Hyacorp MLF1"},{"@type":"BreadcrumbList","@id":"https:\/\/skin-heal.com\/product\/hyacorp-mlf1-1x10ml\/#breadcrumb","itemListElement":[{"@type":"ListItem","position":1,"name":"Home","item":"https:\/\/skin-heal.com\/"},{"@type":"ListItem","position":2,"name":"Store","item":"https:\/\/skin-heal.com\/store\/"},{"@type":"ListItem","position":3,"name":"Hyacorp MLF1 (1x10ml)"}]},{"@type":"WebSite","@id":"https:\/\/skin-heal.com\/#website","url":"https:\/\/skin-heal.com\/","name":"Curaci\u00f3n de la piel","description":"Los precios m\u00e1s bajos para los rellenos d\u00e9rmicos","potentialAction":[{"@type":"SearchAction","target":{"@type":"EntryPoint","urlTemplate":"https:\/\/skin-heal.com\/?s={search_term_string}"},"query-input":{"@type":"PropertyValueSpecification","valueRequired":true,"valueName":"search_term_string"}}],"inLanguage":"es"}]}},"_links":{"self":[{"href":"https:\/\/skin-heal.com\/es\/wp-json\/wp\/v2\/product\/895","targetHints":{"allow":["GET"]}}],"collection":[{"href":"https:\/\/skin-heal.com\/es\/wp-json\/wp\/v2\/product"}],"about":[{"href":"https:\/\/skin-heal.com\/es\/wp-json\/wp\/v2\/types\/product"}],"wp:featuredmedia":[{"embeddable":true,"href":"https:\/\/skin-heal.com\/es\/wp-json\/wp\/v2\/media\/899"}],"wp:attachment":[{"href":"https:\/\/skin-heal.com\/es\/wp-json\/wp\/v2\/media?parent=895"}],"wp:term":[{"taxonomy":"product_brand","embeddable":true,"href":"https:\/\/skin-heal.com\/es\/wp-json\/wp\/v2\/product_brand?post=895"},{"taxonomy":"product_cat","embeddable":true,"href":"https:\/\/skin-heal.com\/es\/wp-json\/wp\/v2\/product_cat?post=895"},{"taxonomy":"product_tag","embeddable":true,"href":"https:\/\/skin-heal.com\/es\/wp-json\/wp\/v2\/product_tag?post=895"}],"curies":[{"name":"wp","href":"https:\/\/api.w.org\/{rel}","templated":true}]}}