{"id":897,"date":"2018-11-29T10:27:19","date_gmt":"2018-11-29T10:27:19","guid":{"rendered":"https:\/\/skin-heal.com\/?post_type=product&#038;p=897"},"modified":"2022-06-15T18:15:17","modified_gmt":"2022-06-15T18:15:17","slug":"hyacorp-fine-1x1ml","status":"publish","type":"product","link":"https:\/\/skin-heal.com\/es\/producto\/hyacorp-fine-1x1ml\/","title":{"rendered":"Hyacorp FINE (1x1ml)"},"content":{"rendered":"<h3>Composici\u00f3n del gel inyectable<\/h3>\n<ul>\n<li>14 mg de sal de \u00e1cido hialur\u00f3nico<\/li>\n<li>9 mg de cloruro de sodio<\/li>\n<li>1ml de agua para inyecci\u00f3n<\/li>\n<\/ul>\n<p>Cada caja de HYAcorp Fine contiene una jeringa desechable de 1,0 ml precargada con el gel de implante cut\u00e1neo absorbible de gama alta. Para obtener un resultado de inyecci\u00f3n seguro y duradero, este producto s\u00f3lo debe ser administrado por un cl\u00ednico cualificado. Adem\u00e1s, no debe utilizarse m\u00e1s de una vez, ya que este fiable relleno de HA se fabrica como producto sanitario de un solo uso.<\/p>\n<p>El producto se inyecta en la capa subcut\u00e1nea de la piel. El procedimiento suele durar unos 30 minutos y los resultados son inmediatos. HYAcorp Fine puede inyectarse en diferentes zonas de la cara, el escote, el cuello e incluso en la superficie dorsal de la mano. Las principales aplicaciones de este eficaz producto para el rejuvenecimiento de la piel son:<\/p>\n<ul>\n<li>Eliminaci\u00f3n de l\u00edneas finas<\/li>\n<li>Correcci\u00f3n de arrugas superficiales<\/li>\n<li>Hidrataci\u00f3n y revitalizaci\u00f3n de la piel<\/li>\n<li>Tratamiento de las l\u00edneas periorbitales<\/li>\n<\/ul>\n<h3>Resultados<\/h3>\n<p>Con HYAcorp Fine, los resultados son siempre impresionantes e instant\u00e1neos. La duraci\u00f3n de cada tratamiento de inyecci\u00f3n con este producto var\u00eda y depende de varios factores como la t\u00e9cnica de inyecci\u00f3n utilizada durante el procedimiento, el tipo de piel del paciente, la edad y m\u00e1s.<\/p>","protected":false},"excerpt":{"rendered":"<p>HYAcorp Fine es un relleno d\u00e9rmico de fabricaci\u00f3n alemana de la mejor calidad. Contiene \u00e1cido hialur\u00f3nico no reticulado, producido mediante un proceso seguro conocido como biofermentaci\u00f3n. Con la ayuda del AH y la tecnolog\u00eda tixotr\u00f3pica avanzada, marca registrada de la empresa, este relleno inyectable puro hace un excelente trabajo para que la piel sea m\u00e1s suave, m\u00e1s firme y est\u00e9 bien hidratada. Este producto de rejuvenecimiento cosm\u00e9tico puede aplicarse mediante inyecci\u00f3n en varias zonas de tratamiento.<\/p>","protected":false},"featured_media":906,"template":"","meta":[],"product_brand":[],"product_cat":[65,79,43],"product_tag":[125],"class_list":{"0":"post-897","1":"product","2":"type-product","3":"status-publish","4":"has-post-thumbnail","6":"product_cat-bioscience","7":"product_cat-dermal-fillers","8":"product_cat-hyacorp","9":"product_tag-backorder","10":"clearfix","12":"first","13":"outofstock","14":"taxable","15":"shipping-taxable","16":"purchasable","17":"product-type-simple"},"yoast_head":"<!-- This site is optimized with the Yoast SEO plugin v27.3 - https:\/\/yoast.com\/product\/yoast-seo-wordpress\/ -->\n<title>Hyacorp FINE (1x1ml) - Skin Heal<\/title>\n<meta name=\"description\" content=\"HYAcorp Fine is a top HA filler that offers a fast fine line and shallow wrinkle removal. Skin rejuvenation and hydration are also achievable with it.\" \/>\n<meta name=\"robots\" content=\"index, follow, max-snippet:-1, max-image-preview:large, max-video-preview:-1\" \/>\n<link rel=\"canonical\" href=\"https:\/\/skin-heal.com\/es\/producto\/hyacorp-fine-1x1ml\/\" \/>\n<meta property=\"og:locale\" content=\"es_MX\" \/>\n<meta property=\"og:type\" content=\"article\" \/>\n<meta property=\"og:title\" content=\"Hyacorp FINE (1x1ml) - Skin Heal\" \/>\n<meta property=\"og:description\" content=\"HYAcorp Fine is a top HA filler that offers a fast fine line and shallow wrinkle removal. Skin rejuvenation and hydration are also achievable with it.\" \/>\n<meta property=\"og:url\" content=\"https:\/\/skin-heal.com\/es\/producto\/hyacorp-fine-1x1ml\/\" \/>\n<meta property=\"og:site_name\" content=\"Skin Heal\" \/>\n<meta property=\"article:modified_time\" content=\"2022-06-15T18:15:17+00:00\" \/>\n<meta property=\"og:image\" content=\"https:\/\/cdn.skin-heal.com\/wp-content\/uploads\/2018\/11\/Hyacorp-Fine.jpg\" \/>\n\t<meta property=\"og:image:width\" content=\"500\" \/>\n\t<meta property=\"og:image:height\" content=\"500\" \/>\n\t<meta property=\"og:image:type\" content=\"image\/jpeg\" \/>\n<meta name=\"twitter:card\" content=\"summary_large_image\" \/>\n<meta name=\"twitter:label1\" content=\"Tiempo de lectura\" \/>\n\t<meta name=\"twitter:data1\" content=\"1 minuto\" \/>\n<script type=\"application\/ld+json\" class=\"yoast-schema-graph\">{\"@context\":\"https:\\\/\\\/schema.org\",\"@graph\":[{\"@type\":\"WebPage\",\"@id\":\"https:\\\/\\\/skin-heal.com\\\/product\\\/hyacorp-fine-1x1ml\\\/\",\"url\":\"https:\\\/\\\/skin-heal.com\\\/product\\\/hyacorp-fine-1x1ml\\\/\",\"name\":\"Hyacorp FINE (1x1ml) - Skin Heal\",\"isPartOf\":{\"@id\":\"https:\\\/\\\/skin-heal.com\\\/#website\"},\"primaryImageOfPage\":{\"@id\":\"https:\\\/\\\/skin-heal.com\\\/product\\\/hyacorp-fine-1x1ml\\\/#primaryimage\"},\"image\":{\"@id\":\"https:\\\/\\\/skin-heal.com\\\/product\\\/hyacorp-fine-1x1ml\\\/#primaryimage\"},\"thumbnailUrl\":\"https:\\\/\\\/skin-heal.com\\\/wp-content\\\/uploads\\\/2018\\\/11\\\/Hyacorp-Fine.jpg\",\"datePublished\":\"2018-11-29T10:27:19+00:00\",\"dateModified\":\"2022-06-15T18:15:17+00:00\",\"description\":\"HYAcorp Fine is a top HA filler that offers a fast fine line and shallow wrinkle removal. Skin rejuvenation and hydration are also achievable with it.\",\"breadcrumb\":{\"@id\":\"https:\\\/\\\/skin-heal.com\\\/product\\\/hyacorp-fine-1x1ml\\\/#breadcrumb\"},\"inLanguage\":\"es\",\"potentialAction\":[{\"@type\":\"ReadAction\",\"target\":[\"https:\\\/\\\/skin-heal.com\\\/product\\\/hyacorp-fine-1x1ml\\\/\"]}]},{\"@type\":\"ImageObject\",\"inLanguage\":\"es\",\"@id\":\"https:\\\/\\\/skin-heal.com\\\/product\\\/hyacorp-fine-1x1ml\\\/#primaryimage\",\"url\":\"https:\\\/\\\/skin-heal.com\\\/wp-content\\\/uploads\\\/2018\\\/11\\\/Hyacorp-Fine.jpg\",\"contentUrl\":\"https:\\\/\\\/skin-heal.com\\\/wp-content\\\/uploads\\\/2018\\\/11\\\/Hyacorp-Fine.jpg\",\"width\":500,\"height\":500,\"caption\":\"Hyacorp Fine\"},{\"@type\":\"BreadcrumbList\",\"@id\":\"https:\\\/\\\/skin-heal.com\\\/product\\\/hyacorp-fine-1x1ml\\\/#breadcrumb\",\"itemListElement\":[{\"@type\":\"ListItem\",\"position\":1,\"name\":\"Home\",\"item\":\"https:\\\/\\\/skin-heal.com\\\/\"},{\"@type\":\"ListItem\",\"position\":2,\"name\":\"Store\",\"item\":\"https:\\\/\\\/skin-heal.com\\\/store\\\/\"},{\"@type\":\"ListItem\",\"position\":3,\"name\":\"Hyacorp FINE (1x1ml)\"}]},{\"@type\":\"WebSite\",\"@id\":\"https:\\\/\\\/skin-heal.com\\\/#website\",\"url\":\"https:\\\/\\\/skin-heal.com\\\/\",\"name\":\"Skin Heal\",\"description\":\"Lowest Prices for Dermal Fillers\",\"potentialAction\":[{\"@type\":\"SearchAction\",\"target\":{\"@type\":\"EntryPoint\",\"urlTemplate\":\"https:\\\/\\\/skin-heal.com\\\/?s={search_term_string}\"},\"query-input\":{\"@type\":\"PropertyValueSpecification\",\"valueRequired\":true,\"valueName\":\"search_term_string\"}}],\"inLanguage\":\"es\"}]}<\/script>\n<!-- \/ Yoast SEO plugin. -->","yoast_head_json":{"title":"Hyacorp FINE (1x1ml) - Piel Sana","description":"HYAcorp Fine es un relleno de HA que ofrece una r\u00e1pida eliminaci\u00f3n de l\u00edneas finas y arrugas superficiales. Rejuvenecimiento de la piel y la hidrataci\u00f3n tambi\u00e9n son alcanzables con \u00e9l.","robots":{"index":"index","follow":"follow","max-snippet":"max-snippet:-1","max-image-preview":"max-image-preview:large","max-video-preview":"max-video-preview:-1"},"canonical":"https:\/\/skin-heal.com\/es\/producto\/hyacorp-fine-1x1ml\/","og_locale":"es_MX","og_type":"article","og_title":"Hyacorp FINE (1x1ml) - Skin Heal","og_description":"HYAcorp Fine is a top HA filler that offers a fast fine line and shallow wrinkle removal. Skin rejuvenation and hydration are also achievable with it.","og_url":"https:\/\/skin-heal.com\/es\/producto\/hyacorp-fine-1x1ml\/","og_site_name":"Skin Heal","article_modified_time":"2022-06-15T18:15:17+00:00","og_image":[{"width":500,"height":500,"url":"https:\/\/cdn.skin-heal.com\/wp-content\/uploads\/2018\/11\/Hyacorp-Fine.jpg","type":"image\/jpeg"}],"twitter_card":"summary_large_image","twitter_misc":{"Tiempo de lectura":"1 minuto"},"schema":{"@context":"https:\/\/schema.org","@graph":[{"@type":"WebPage","@id":"https:\/\/skin-heal.com\/product\/hyacorp-fine-1x1ml\/","url":"https:\/\/skin-heal.com\/product\/hyacorp-fine-1x1ml\/","name":"Hyacorp FINE (1x1ml) - Piel Sana","isPartOf":{"@id":"https:\/\/skin-heal.com\/#website"},"primaryImageOfPage":{"@id":"https:\/\/skin-heal.com\/product\/hyacorp-fine-1x1ml\/#primaryimage"},"image":{"@id":"https:\/\/skin-heal.com\/product\/hyacorp-fine-1x1ml\/#primaryimage"},"thumbnailUrl":"https:\/\/cdn.skin-heal.com\/wp-content\/uploads\/2018\/11\/Hyacorp-Fine.jpg","datePublished":"2018-11-29T10:27:19+00:00","dateModified":"2022-06-15T18:15:17+00:00","description":"HYAcorp Fine es un relleno de HA que ofrece una r\u00e1pida eliminaci\u00f3n de l\u00edneas finas y arrugas superficiales. Rejuvenecimiento de la piel y la hidrataci\u00f3n tambi\u00e9n son alcanzables con \u00e9l.","breadcrumb":{"@id":"https:\/\/skin-heal.com\/product\/hyacorp-fine-1x1ml\/#breadcrumb"},"inLanguage":"es","potentialAction":[{"@type":"ReadAction","target":["https:\/\/skin-heal.com\/product\/hyacorp-fine-1x1ml\/"]}]},{"@type":"ImageObject","inLanguage":"es","@id":"https:\/\/skin-heal.com\/product\/hyacorp-fine-1x1ml\/#primaryimage","url":"https:\/\/cdn.skin-heal.com\/wp-content\/uploads\/2018\/11\/Hyacorp-Fine.jpg","contentUrl":"https:\/\/cdn.skin-heal.com\/wp-content\/uploads\/2018\/11\/Hyacorp-Fine.jpg","width":500,"height":500,"caption":"Hyacorp Fine"},{"@type":"BreadcrumbList","@id":"https:\/\/skin-heal.com\/product\/hyacorp-fine-1x1ml\/#breadcrumb","itemListElement":[{"@type":"ListItem","position":1,"name":"Home","item":"https:\/\/skin-heal.com\/"},{"@type":"ListItem","position":2,"name":"Store","item":"https:\/\/skin-heal.com\/store\/"},{"@type":"ListItem","position":3,"name":"Hyacorp FINE (1x1ml)"}]},{"@type":"WebSite","@id":"https:\/\/skin-heal.com\/#website","url":"https:\/\/skin-heal.com\/","name":"Curaci\u00f3n de la piel","description":"Los precios m\u00e1s bajos para los rellenos d\u00e9rmicos","potentialAction":[{"@type":"SearchAction","target":{"@type":"EntryPoint","urlTemplate":"https:\/\/skin-heal.com\/?s={search_term_string}"},"query-input":{"@type":"PropertyValueSpecification","valueRequired":true,"valueName":"search_term_string"}}],"inLanguage":"es"}]}},"_links":{"self":[{"href":"https:\/\/skin-heal.com\/es\/wp-json\/wp\/v2\/product\/897","targetHints":{"allow":["GET"]}}],"collection":[{"href":"https:\/\/skin-heal.com\/es\/wp-json\/wp\/v2\/product"}],"about":[{"href":"https:\/\/skin-heal.com\/es\/wp-json\/wp\/v2\/types\/product"}],"wp:featuredmedia":[{"embeddable":true,"href":"https:\/\/skin-heal.com\/es\/wp-json\/wp\/v2\/media\/906"}],"wp:attachment":[{"href":"https:\/\/skin-heal.com\/es\/wp-json\/wp\/v2\/media?parent=897"}],"wp:term":[{"taxonomy":"product_brand","embeddable":true,"href":"https:\/\/skin-heal.com\/es\/wp-json\/wp\/v2\/product_brand?post=897"},{"taxonomy":"product_cat","embeddable":true,"href":"https:\/\/skin-heal.com\/es\/wp-json\/wp\/v2\/product_cat?post=897"},{"taxonomy":"product_tag","embeddable":true,"href":"https:\/\/skin-heal.com\/es\/wp-json\/wp\/v2\/product_tag?post=897"}],"curies":[{"name":"wp","href":"https:\/\/api.w.org\/{rel}","templated":true}]}}