{"id":898,"date":"2018-11-29T10:25:05","date_gmt":"2018-11-29T10:25:05","guid":{"rendered":"https:\/\/skin-heal.com\/?post_type=product&#038;p=898"},"modified":"2022-06-15T18:15:17","modified_gmt":"2022-06-15T18:15:17","slug":"hyacorp-lips-1x1ml","status":"publish","type":"product","link":"https:\/\/skin-heal.com\/es\/producto\/hyacorp-lips-1x1ml\/","title":{"rendered":"Hyacorp LIPS (1x1ml)"},"content":{"rendered":"<h3>Un impresionante conjunto de ventajas<\/h3>\n<p>Hay muchos rellenos labiales de HA disponibles para la compra hoy en d\u00eda, pero HYAcorp Lips tiene la ventaja. Es un dispositivo m\u00e9dico pionero que puede utilizarse con \u00e9xito para el aumento de labios, la revitalizaci\u00f3n, la rehidrataci\u00f3n, el contorno y la restauraci\u00f3n del volumen. Este incre\u00edble producto de rejuvenecimiento cosm\u00e9tico tiene sus ventajas:<\/p>\n<ul>\n<li>Contiene materias primas de calidad - Son de origen no animal y est\u00e1n producidas por fabricantes de confianza y autorizados.<\/li>\n<li>Fabricado en Alemania por una empresa altamente recomendada - Una marca de renombre con una experiencia de m\u00e1s de una d\u00e9cada.<\/li>\n<li>Control de calidad sin precedentes: el producto ha sido probado exhaustivamente por laboratorios independientes certificados.<\/li>\n<li>HA puro de origen no animal - Proporciona un efecto de relleno duradero sin reacciones nocivas no deseadas.<\/li>\n<\/ul>\n<h3>Producido mediante una avanzada tecnolog\u00eda tixotr\u00f3pica<\/h3>\n<p>HYAcorp Lips tiene otra gran ventaja en la manga y se llama \"Tecnolog\u00eda tixotr\u00f3pica avanzada\". Este proceso de producci\u00f3n permite que el \u00e1cido hialur\u00f3nico reticulado de este producto cambie su estructura durante el proceso de inyecci\u00f3n. Durante esa fase del tratamiento, el nivel de viscosidad de este avanzado relleno de tejidos blandos disminuye, pero inmediatamente despu\u00e9s recupera sus propiedades de viscosidad originales. El resultado: una incre\u00edble facilidad de inyecci\u00f3n y una sorprendente longevidad de los efectos.<\/p>","protected":false},"excerpt":{"rendered":"<p>Si busca un relleno labial duradero que tenga una lista completa de indicaciones y que se haya producido cumpliendo todas las normas posibles, entonces necesita un producto como HYAcorp Lips. Este relleno cut\u00e1neo sin riesgos fue dise\u00f1ado para el tratamiento de una zona espec\u00edfica: los labios. \u00bfPara qu\u00e9 sirve? Respuesta: \u00a1todo lo relacionado con los labios! Puede a\u00f1adir volumen, definir el contorno, revitalizar y mucho m\u00e1s.<\/p>","protected":false},"featured_media":905,"template":"","meta":[],"product_brand":[],"product_cat":[65,79,43],"product_tag":[125],"class_list":{"0":"post-898","1":"product","2":"type-product","3":"status-publish","4":"has-post-thumbnail","6":"product_cat-bioscience","7":"product_cat-dermal-fillers","8":"product_cat-hyacorp","9":"product_tag-backorder","10":"clearfix","12":"first","13":"outofstock","14":"taxable","15":"shipping-taxable","16":"purchasable","17":"product-type-simple"},"yoast_head":"<!-- This site is optimized with the Yoast SEO plugin v27.4 - https:\/\/yoast.com\/product\/yoast-seo-wordpress\/ -->\n<title>Hyacorp LIPS (1x1ml) - Skin Heal<\/title>\n<meta name=\"description\" content=\"HYAcorp Lips is an advanced lip filler. In contains cross-linked HA that offers excellent lip augmentation, volumization, hydration and courting results.\" \/>\n<meta name=\"robots\" content=\"index, follow, max-snippet:-1, max-image-preview:large, max-video-preview:-1\" \/>\n<link rel=\"canonical\" href=\"https:\/\/skin-heal.com\/es\/producto\/hyacorp-lips-1x1ml\/\" \/>\n<meta property=\"og:locale\" content=\"es_MX\" \/>\n<meta property=\"og:type\" content=\"article\" \/>\n<meta property=\"og:title\" content=\"Hyacorp LIPS (1x1ml) - Skin Heal\" \/>\n<meta property=\"og:description\" content=\"HYAcorp Lips is an advanced lip filler. In contains cross-linked HA that offers excellent lip augmentation, volumization, hydration and courting results.\" \/>\n<meta property=\"og:url\" content=\"https:\/\/skin-heal.com\/es\/producto\/hyacorp-lips-1x1ml\/\" \/>\n<meta property=\"og:site_name\" content=\"Skin Heal\" \/>\n<meta property=\"article:modified_time\" content=\"2022-06-15T18:15:17+00:00\" \/>\n<meta property=\"og:image\" content=\"https:\/\/cdn.skin-heal.com\/wp-content\/uploads\/2018\/11\/Hyacorp-Lips.jpg\" \/>\n\t<meta property=\"og:image:width\" content=\"500\" \/>\n\t<meta property=\"og:image:height\" content=\"500\" \/>\n\t<meta property=\"og:image:type\" content=\"image\/jpeg\" \/>\n<meta name=\"twitter:card\" content=\"summary_large_image\" \/>\n<meta name=\"twitter:label1\" content=\"Tiempo de lectura\" \/>\n\t<meta name=\"twitter:data1\" content=\"1 minuto\" \/>\n<script type=\"application\/ld+json\" class=\"yoast-schema-graph\">{\"@context\":\"https:\\\/\\\/schema.org\",\"@graph\":[{\"@type\":\"WebPage\",\"@id\":\"https:\\\/\\\/skin-heal.com\\\/product\\\/hyacorp-lips-1x1ml\\\/\",\"url\":\"https:\\\/\\\/skin-heal.com\\\/product\\\/hyacorp-lips-1x1ml\\\/\",\"name\":\"Hyacorp LIPS (1x1ml) - Skin Heal\",\"isPartOf\":{\"@id\":\"https:\\\/\\\/skin-heal.com\\\/#website\"},\"primaryImageOfPage\":{\"@id\":\"https:\\\/\\\/skin-heal.com\\\/product\\\/hyacorp-lips-1x1ml\\\/#primaryimage\"},\"image\":{\"@id\":\"https:\\\/\\\/skin-heal.com\\\/product\\\/hyacorp-lips-1x1ml\\\/#primaryimage\"},\"thumbnailUrl\":\"https:\\\/\\\/skin-heal.com\\\/wp-content\\\/uploads\\\/2018\\\/11\\\/Hyacorp-Lips.jpg\",\"datePublished\":\"2018-11-29T10:25:05+00:00\",\"dateModified\":\"2022-06-15T18:15:17+00:00\",\"description\":\"HYAcorp Lips is an advanced lip filler. In contains cross-linked HA that offers excellent lip augmentation, volumization, hydration and courting results.\",\"breadcrumb\":{\"@id\":\"https:\\\/\\\/skin-heal.com\\\/product\\\/hyacorp-lips-1x1ml\\\/#breadcrumb\"},\"inLanguage\":\"es\",\"potentialAction\":[{\"@type\":\"ReadAction\",\"target\":[\"https:\\\/\\\/skin-heal.com\\\/product\\\/hyacorp-lips-1x1ml\\\/\"]}]},{\"@type\":\"ImageObject\",\"inLanguage\":\"es\",\"@id\":\"https:\\\/\\\/skin-heal.com\\\/product\\\/hyacorp-lips-1x1ml\\\/#primaryimage\",\"url\":\"https:\\\/\\\/skin-heal.com\\\/wp-content\\\/uploads\\\/2018\\\/11\\\/Hyacorp-Lips.jpg\",\"contentUrl\":\"https:\\\/\\\/skin-heal.com\\\/wp-content\\\/uploads\\\/2018\\\/11\\\/Hyacorp-Lips.jpg\",\"width\":500,\"height\":500,\"caption\":\"Hyacorp Lips\"},{\"@type\":\"BreadcrumbList\",\"@id\":\"https:\\\/\\\/skin-heal.com\\\/product\\\/hyacorp-lips-1x1ml\\\/#breadcrumb\",\"itemListElement\":[{\"@type\":\"ListItem\",\"position\":1,\"name\":\"Home\",\"item\":\"https:\\\/\\\/skin-heal.com\\\/\"},{\"@type\":\"ListItem\",\"position\":2,\"name\":\"Store\",\"item\":\"https:\\\/\\\/skin-heal.com\\\/store\\\/\"},{\"@type\":\"ListItem\",\"position\":3,\"name\":\"Hyacorp LIPS (1x1ml)\"}]},{\"@type\":\"WebSite\",\"@id\":\"https:\\\/\\\/skin-heal.com\\\/#website\",\"url\":\"https:\\\/\\\/skin-heal.com\\\/\",\"name\":\"Skin Heal\",\"description\":\"Lowest Prices for Dermal Fillers\",\"potentialAction\":[{\"@type\":\"SearchAction\",\"target\":{\"@type\":\"EntryPoint\",\"urlTemplate\":\"https:\\\/\\\/skin-heal.com\\\/?s={search_term_string}\"},\"query-input\":{\"@type\":\"PropertyValueSpecification\",\"valueRequired\":true,\"valueName\":\"search_term_string\"}}],\"inLanguage\":\"es\"}]}<\/script>\n<!-- \/ Yoast SEO plugin. -->","yoast_head_json":{"title":"Hyacorp LABIOS (1x1ml) - Skin Heal","description":"HYAcorp Lips es un avanzado relleno labial. Contiene HA reticulado que ofrece excelentes resultados de aumento de labios, voluminizaci\u00f3n, hidrataci\u00f3n y cortejo.","robots":{"index":"index","follow":"follow","max-snippet":"max-snippet:-1","max-image-preview":"max-image-preview:large","max-video-preview":"max-video-preview:-1"},"canonical":"https:\/\/skin-heal.com\/es\/producto\/hyacorp-lips-1x1ml\/","og_locale":"es_MX","og_type":"article","og_title":"Hyacorp LIPS (1x1ml) - Skin Heal","og_description":"HYAcorp Lips is an advanced lip filler. In contains cross-linked HA that offers excellent lip augmentation, volumization, hydration and courting results.","og_url":"https:\/\/skin-heal.com\/es\/producto\/hyacorp-lips-1x1ml\/","og_site_name":"Skin Heal","article_modified_time":"2022-06-15T18:15:17+00:00","og_image":[{"width":500,"height":500,"url":"https:\/\/cdn.skin-heal.com\/wp-content\/uploads\/2018\/11\/Hyacorp-Lips.jpg","type":"image\/jpeg"}],"twitter_card":"summary_large_image","twitter_misc":{"Tiempo de lectura":"1 minuto"},"schema":{"@context":"https:\/\/schema.org","@graph":[{"@type":"WebPage","@id":"https:\/\/skin-heal.com\/product\/hyacorp-lips-1x1ml\/","url":"https:\/\/skin-heal.com\/product\/hyacorp-lips-1x1ml\/","name":"Hyacorp LABIOS (1x1ml) - Skin Heal","isPartOf":{"@id":"https:\/\/skin-heal.com\/#website"},"primaryImageOfPage":{"@id":"https:\/\/skin-heal.com\/product\/hyacorp-lips-1x1ml\/#primaryimage"},"image":{"@id":"https:\/\/skin-heal.com\/product\/hyacorp-lips-1x1ml\/#primaryimage"},"thumbnailUrl":"https:\/\/cdn.skin-heal.com\/wp-content\/uploads\/2018\/11\/Hyacorp-Lips.jpg","datePublished":"2018-11-29T10:25:05+00:00","dateModified":"2022-06-15T18:15:17+00:00","description":"HYAcorp Lips es un avanzado relleno labial. Contiene HA reticulado que ofrece excelentes resultados de aumento de labios, voluminizaci\u00f3n, hidrataci\u00f3n y cortejo.","breadcrumb":{"@id":"https:\/\/skin-heal.com\/product\/hyacorp-lips-1x1ml\/#breadcrumb"},"inLanguage":"es","potentialAction":[{"@type":"ReadAction","target":["https:\/\/skin-heal.com\/product\/hyacorp-lips-1x1ml\/"]}]},{"@type":"ImageObject","inLanguage":"es","@id":"https:\/\/skin-heal.com\/product\/hyacorp-lips-1x1ml\/#primaryimage","url":"https:\/\/cdn.skin-heal.com\/wp-content\/uploads\/2018\/11\/Hyacorp-Lips.jpg","contentUrl":"https:\/\/cdn.skin-heal.com\/wp-content\/uploads\/2018\/11\/Hyacorp-Lips.jpg","width":500,"height":500,"caption":"Hyacorp Lips"},{"@type":"BreadcrumbList","@id":"https:\/\/skin-heal.com\/product\/hyacorp-lips-1x1ml\/#breadcrumb","itemListElement":[{"@type":"ListItem","position":1,"name":"Home","item":"https:\/\/skin-heal.com\/"},{"@type":"ListItem","position":2,"name":"Store","item":"https:\/\/skin-heal.com\/store\/"},{"@type":"ListItem","position":3,"name":"Hyacorp LIPS (1x1ml)"}]},{"@type":"WebSite","@id":"https:\/\/skin-heal.com\/#website","url":"https:\/\/skin-heal.com\/","name":"Curaci\u00f3n de la piel","description":"Los precios m\u00e1s bajos para los rellenos d\u00e9rmicos","potentialAction":[{"@type":"SearchAction","target":{"@type":"EntryPoint","urlTemplate":"https:\/\/skin-heal.com\/?s={search_term_string}"},"query-input":{"@type":"PropertyValueSpecification","valueRequired":true,"valueName":"search_term_string"}}],"inLanguage":"es"}]}},"_links":{"self":[{"href":"https:\/\/skin-heal.com\/es\/wp-json\/wp\/v2\/product\/898","targetHints":{"allow":["GET"]}}],"collection":[{"href":"https:\/\/skin-heal.com\/es\/wp-json\/wp\/v2\/product"}],"about":[{"href":"https:\/\/skin-heal.com\/es\/wp-json\/wp\/v2\/types\/product"}],"wp:featuredmedia":[{"embeddable":true,"href":"https:\/\/skin-heal.com\/es\/wp-json\/wp\/v2\/media\/905"}],"wp:attachment":[{"href":"https:\/\/skin-heal.com\/es\/wp-json\/wp\/v2\/media?parent=898"}],"wp:term":[{"taxonomy":"product_brand","embeddable":true,"href":"https:\/\/skin-heal.com\/es\/wp-json\/wp\/v2\/product_brand?post=898"},{"taxonomy":"product_cat","embeddable":true,"href":"https:\/\/skin-heal.com\/es\/wp-json\/wp\/v2\/product_cat?post=898"},{"taxonomy":"product_tag","embeddable":true,"href":"https:\/\/skin-heal.com\/es\/wp-json\/wp\/v2\/product_tag?post=898"}],"curies":[{"name":"wp","href":"https:\/\/api.w.org\/{rel}","templated":true}]}}