{"id":907,"date":"2018-11-30T10:55:48","date_gmt":"2018-11-30T10:55:48","guid":{"rendered":"https:\/\/skin-heal.com\/?post_type=product&#038;p=907"},"modified":"2024-05-28T16:48:16","modified_gmt":"2024-05-28T13:48:16","slug":"juvederm-hydrate-1x1ml","status":"publish","type":"product","link":"https:\/\/skin-heal.com\/es\/producto\/juvederm-hydrate-1x1ml\/","title":{"rendered":"Juvederm Hydrate (1x1ml)"},"content":{"rendered":"<h3>\u00bfEn qu\u00e9 se diferencia Juvederm Hydrate de la mayor\u00eda de los rellenos de HA?<\/h3>\n<p>Este eficaz producto de hidrataci\u00f3n de la piel forma parte de la l\u00ednea ULTRA de Juvederm. Por lo tanto, se trata de un relleno cut\u00e1neo de \u00e1cido hialur\u00f3nico de confianza y probado, por lo que se aplica mediante una inyecci\u00f3n y los efectos que proporciona no son permanentes, ya que se disuelve gradualmente en el tejido blando. Sin embargo, este producto \u00fanico tambi\u00e9n contiene un tipo especial de antioxidante llamado manitol. Es completamente seguro porque se encuentra de forma natural en una amplia gama de verduras y frutas. Adem\u00e1s, el manitol ha sido utilizado por empresas cosm\u00e9ticas y farmac\u00e9uticas durante muchos a\u00f1os. Este agente antioxidante conserva las propiedades hidroqu\u00edmicas del AH en el gel inyectable. Como resultado, Juvederm Hydrate se biodegrada a un ritmo m\u00e1s lento. Gracias a estas incre\u00edbles cualidades de este producto, los resultados que se obtienen con \u00e9l duran m\u00e1s tiempo en comparaci\u00f3n con otros productos similares que se inyectan en la capa superficial de la piel (de 6 a 8 meses, frente a los 4-6 meses habituales).<\/p>\n<h3>\u00bfZonas en las que se puede inyectar el producto?<\/h3>\n<ul>\n<li>Cara<\/li>\n<li>Manos<\/li>\n<li>D\u00e9collet\u00e9<\/li>\n<li>Cuello<\/li>\n<\/ul>\n<p>Un tratamiento con Juvederm Hydrate aumenta la elasticidad y la hidrataci\u00f3n de la piel, d\u00e1ndole un brillo natural. Es una soluci\u00f3n muy segura para cualquiera que busque una opci\u00f3n fiable de rejuvenecimiento cosm\u00e9tico.<\/p>","protected":false},"excerpt":{"rendered":"<p>Juvederm Hydrate est\u00e1 catalogado como un relleno d\u00e9rmico de calidad. Contiene \u00e1cido hialur\u00f3nico de origen no animal y se inyecta en la capa superficial de la dermis. Sin embargo, tambi\u00e9n tiene la cualidad de ser un agente hidratante y no s\u00f3lo tiene el poder de hidratar la piel sino tambi\u00e9n de atraer y retener la humedad en ella. El manitol, un antioxidante clave, desempe\u00f1a un papel importante en este proceso.<\/p>","protected":false},"featured_media":917,"template":"","meta":[],"product_brand":[],"product_cat":[69,79,47],"product_tag":[125],"class_list":{"0":"post-907","1":"product","2":"type-product","3":"status-publish","4":"has-post-thumbnail","6":"product_cat-allergan","7":"product_cat-dermal-fillers","8":"product_cat-juvederm","9":"product_tag-backorder","10":"clearfix","12":"first","13":"outofstock","14":"taxable","15":"shipping-taxable","16":"purchasable","17":"product-type-simple"},"yoast_head":"<!-- This site is optimized with the Yoast SEO plugin v27.3 - https:\/\/yoast.com\/product\/yoast-seo-wordpress\/ -->\n<title>Juvederm Hydrate (1x1ml) - Skin Heal<\/title>\n<meta name=\"description\" content=\"Juvederm Hydrate is a safe dermal filler based on Hyaluronic Acid and antioxidants. It is longer-lasting and it can hydrate the skin like no other product.\" \/>\n<meta name=\"robots\" content=\"index, follow, max-snippet:-1, max-image-preview:large, max-video-preview:-1\" \/>\n<link rel=\"canonical\" href=\"https:\/\/skin-heal.com\/es\/producto\/juvederm-hydrate-1x1ml\/\" \/>\n<meta property=\"og:locale\" content=\"es_MX\" \/>\n<meta property=\"og:type\" content=\"article\" \/>\n<meta property=\"og:title\" content=\"Juvederm Hydrate (1x1ml) - Skin Heal\" \/>\n<meta property=\"og:description\" content=\"Juvederm Hydrate is a safe dermal filler based on Hyaluronic Acid and antioxidants. It is longer-lasting and it can hydrate the skin like no other product.\" \/>\n<meta property=\"og:url\" content=\"https:\/\/skin-heal.com\/es\/producto\/juvederm-hydrate-1x1ml\/\" \/>\n<meta property=\"og:site_name\" content=\"Skin Heal\" \/>\n<meta property=\"article:modified_time\" content=\"2024-05-28T13:48:16+00:00\" \/>\n<meta property=\"og:image\" content=\"https:\/\/cdn.skin-heal.com\/wp-content\/uploads\/2018\/11\/Juvederm-Hydrate.jpg\" \/>\n\t<meta property=\"og:image:width\" content=\"600\" \/>\n\t<meta property=\"og:image:height\" content=\"600\" \/>\n\t<meta property=\"og:image:type\" content=\"image\/jpeg\" \/>\n<meta name=\"twitter:card\" content=\"summary_large_image\" \/>\n<meta name=\"twitter:label1\" content=\"Tiempo de lectura\" \/>\n\t<meta name=\"twitter:data1\" content=\"1 minuto\" \/>\n<script type=\"application\/ld+json\" class=\"yoast-schema-graph\">{\"@context\":\"https:\\\/\\\/schema.org\",\"@graph\":[{\"@type\":\"WebPage\",\"@id\":\"https:\\\/\\\/skin-heal.com\\\/product\\\/juvederm-hydrate-1x1ml\\\/\",\"url\":\"https:\\\/\\\/skin-heal.com\\\/product\\\/juvederm-hydrate-1x1ml\\\/\",\"name\":\"Juvederm Hydrate (1x1ml) - Skin Heal\",\"isPartOf\":{\"@id\":\"https:\\\/\\\/skin-heal.com\\\/#website\"},\"primaryImageOfPage\":{\"@id\":\"https:\\\/\\\/skin-heal.com\\\/product\\\/juvederm-hydrate-1x1ml\\\/#primaryimage\"},\"image\":{\"@id\":\"https:\\\/\\\/skin-heal.com\\\/product\\\/juvederm-hydrate-1x1ml\\\/#primaryimage\"},\"thumbnailUrl\":\"https:\\\/\\\/skin-heal.com\\\/wp-content\\\/uploads\\\/2018\\\/11\\\/Juvederm-Hydrate.jpg\",\"datePublished\":\"2018-11-30T10:55:48+00:00\",\"dateModified\":\"2024-05-28T13:48:16+00:00\",\"description\":\"Juvederm Hydrate is a safe dermal filler based on Hyaluronic Acid and antioxidants. It is longer-lasting and it can hydrate the skin like no other product.\",\"breadcrumb\":{\"@id\":\"https:\\\/\\\/skin-heal.com\\\/product\\\/juvederm-hydrate-1x1ml\\\/#breadcrumb\"},\"inLanguage\":\"es\",\"potentialAction\":[{\"@type\":\"ReadAction\",\"target\":[\"https:\\\/\\\/skin-heal.com\\\/product\\\/juvederm-hydrate-1x1ml\\\/\"]}]},{\"@type\":\"ImageObject\",\"inLanguage\":\"es\",\"@id\":\"https:\\\/\\\/skin-heal.com\\\/product\\\/juvederm-hydrate-1x1ml\\\/#primaryimage\",\"url\":\"https:\\\/\\\/skin-heal.com\\\/wp-content\\\/uploads\\\/2018\\\/11\\\/Juvederm-Hydrate.jpg\",\"contentUrl\":\"https:\\\/\\\/skin-heal.com\\\/wp-content\\\/uploads\\\/2018\\\/11\\\/Juvederm-Hydrate.jpg\",\"width\":600,\"height\":600,\"caption\":\"Juvederm Hydrate\"},{\"@type\":\"BreadcrumbList\",\"@id\":\"https:\\\/\\\/skin-heal.com\\\/product\\\/juvederm-hydrate-1x1ml\\\/#breadcrumb\",\"itemListElement\":[{\"@type\":\"ListItem\",\"position\":1,\"name\":\"Home\",\"item\":\"https:\\\/\\\/skin-heal.com\\\/\"},{\"@type\":\"ListItem\",\"position\":2,\"name\":\"Store\",\"item\":\"https:\\\/\\\/skin-heal.com\\\/store\\\/\"},{\"@type\":\"ListItem\",\"position\":3,\"name\":\"Juvederm Hydrate (1x1ml)\"}]},{\"@type\":\"WebSite\",\"@id\":\"https:\\\/\\\/skin-heal.com\\\/#website\",\"url\":\"https:\\\/\\\/skin-heal.com\\\/\",\"name\":\"Skin Heal\",\"description\":\"Lowest Prices for Dermal Fillers\",\"potentialAction\":[{\"@type\":\"SearchAction\",\"target\":{\"@type\":\"EntryPoint\",\"urlTemplate\":\"https:\\\/\\\/skin-heal.com\\\/?s={search_term_string}\"},\"query-input\":{\"@type\":\"PropertyValueSpecification\",\"valueRequired\":true,\"valueName\":\"search_term_string\"}}],\"inLanguage\":\"es\"}]}<\/script>\n<!-- \/ Yoast SEO plugin. -->","yoast_head_json":{"title":"Juvederm Hydrate (1x1ml) - Skin Heal","description":"Juvederm Hydrate es un relleno d\u00e9rmico seguro a base de \u00e1cido hialur\u00f3nico y antioxidantes. Es m\u00e1s duradero e hidrata la piel como ning\u00fan otro producto.","robots":{"index":"index","follow":"follow","max-snippet":"max-snippet:-1","max-image-preview":"max-image-preview:large","max-video-preview":"max-video-preview:-1"},"canonical":"https:\/\/skin-heal.com\/es\/producto\/juvederm-hydrate-1x1ml\/","og_locale":"es_MX","og_type":"article","og_title":"Juvederm Hydrate (1x1ml) - Skin Heal","og_description":"Juvederm Hydrate is a safe dermal filler based on Hyaluronic Acid and antioxidants. It is longer-lasting and it can hydrate the skin like no other product.","og_url":"https:\/\/skin-heal.com\/es\/producto\/juvederm-hydrate-1x1ml\/","og_site_name":"Skin Heal","article_modified_time":"2024-05-28T13:48:16+00:00","og_image":[{"width":600,"height":600,"url":"https:\/\/cdn.skin-heal.com\/wp-content\/uploads\/2018\/11\/Juvederm-Hydrate.jpg","type":"image\/jpeg"}],"twitter_card":"summary_large_image","twitter_misc":{"Tiempo de lectura":"1 minuto"},"schema":{"@context":"https:\/\/schema.org","@graph":[{"@type":"WebPage","@id":"https:\/\/skin-heal.com\/product\/juvederm-hydrate-1x1ml\/","url":"https:\/\/skin-heal.com\/product\/juvederm-hydrate-1x1ml\/","name":"Juvederm Hydrate (1x1ml) - Skin Heal","isPartOf":{"@id":"https:\/\/skin-heal.com\/#website"},"primaryImageOfPage":{"@id":"https:\/\/skin-heal.com\/product\/juvederm-hydrate-1x1ml\/#primaryimage"},"image":{"@id":"https:\/\/skin-heal.com\/product\/juvederm-hydrate-1x1ml\/#primaryimage"},"thumbnailUrl":"https:\/\/cdn.skin-heal.com\/wp-content\/uploads\/2018\/11\/Juvederm-Hydrate.jpg","datePublished":"2018-11-30T10:55:48+00:00","dateModified":"2024-05-28T13:48:16+00:00","description":"Juvederm Hydrate es un relleno d\u00e9rmico seguro a base de \u00e1cido hialur\u00f3nico y antioxidantes. Es m\u00e1s duradero e hidrata la piel como ning\u00fan otro producto.","breadcrumb":{"@id":"https:\/\/skin-heal.com\/product\/juvederm-hydrate-1x1ml\/#breadcrumb"},"inLanguage":"es","potentialAction":[{"@type":"ReadAction","target":["https:\/\/skin-heal.com\/product\/juvederm-hydrate-1x1ml\/"]}]},{"@type":"ImageObject","inLanguage":"es","@id":"https:\/\/skin-heal.com\/product\/juvederm-hydrate-1x1ml\/#primaryimage","url":"https:\/\/cdn.skin-heal.com\/wp-content\/uploads\/2018\/11\/Juvederm-Hydrate.jpg","contentUrl":"https:\/\/cdn.skin-heal.com\/wp-content\/uploads\/2018\/11\/Juvederm-Hydrate.jpg","width":600,"height":600,"caption":"Juvederm Hydrate"},{"@type":"BreadcrumbList","@id":"https:\/\/skin-heal.com\/product\/juvederm-hydrate-1x1ml\/#breadcrumb","itemListElement":[{"@type":"ListItem","position":1,"name":"Home","item":"https:\/\/skin-heal.com\/"},{"@type":"ListItem","position":2,"name":"Store","item":"https:\/\/skin-heal.com\/store\/"},{"@type":"ListItem","position":3,"name":"Juvederm Hydrate (1x1ml)"}]},{"@type":"WebSite","@id":"https:\/\/skin-heal.com\/#website","url":"https:\/\/skin-heal.com\/","name":"Curaci\u00f3n de la piel","description":"Los precios m\u00e1s bajos para los rellenos d\u00e9rmicos","potentialAction":[{"@type":"SearchAction","target":{"@type":"EntryPoint","urlTemplate":"https:\/\/skin-heal.com\/?s={search_term_string}"},"query-input":{"@type":"PropertyValueSpecification","valueRequired":true,"valueName":"search_term_string"}}],"inLanguage":"es"}]}},"_links":{"self":[{"href":"https:\/\/skin-heal.com\/es\/wp-json\/wp\/v2\/product\/907","targetHints":{"allow":["GET"]}}],"collection":[{"href":"https:\/\/skin-heal.com\/es\/wp-json\/wp\/v2\/product"}],"about":[{"href":"https:\/\/skin-heal.com\/es\/wp-json\/wp\/v2\/types\/product"}],"wp:featuredmedia":[{"embeddable":true,"href":"https:\/\/skin-heal.com\/es\/wp-json\/wp\/v2\/media\/917"}],"wp:attachment":[{"href":"https:\/\/skin-heal.com\/es\/wp-json\/wp\/v2\/media?parent=907"}],"wp:term":[{"taxonomy":"product_brand","embeddable":true,"href":"https:\/\/skin-heal.com\/es\/wp-json\/wp\/v2\/product_brand?post=907"},{"taxonomy":"product_cat","embeddable":true,"href":"https:\/\/skin-heal.com\/es\/wp-json\/wp\/v2\/product_cat?post=907"},{"taxonomy":"product_tag","embeddable":true,"href":"https:\/\/skin-heal.com\/es\/wp-json\/wp\/v2\/product_tag?post=907"}],"curies":[{"name":"wp","href":"https:\/\/api.w.org\/{rel}","templated":true}]}}