{"id":908,"date":"2018-11-30T10:56:08","date_gmt":"2018-11-30T08:56:08","guid":{"rendered":"https:\/\/skin-heal.com\/?post_type=product&#038;p=908"},"modified":"2026-02-26T19:35:11","modified_gmt":"2026-02-26T17:35:11","slug":"juvederm-ultra-2-2x0-55ml","status":"publish","type":"product","link":"https:\/\/skin-heal.com\/es\/producto\/juvederm-ultra-2-2x0-55ml\/","title":{"rendered":"Juvederm Ultra 2 (2\u00d70,55ml)"},"content":{"rendered":"<h3>Una caja de Juvederm ULTRA 2 presenta:<\/h3>\n<ul>\n<li>2 jeringas desechables de 0,55 mg<\/li>\n<li>24mg\/ml de \u00c1cido Hialur\u00f3nico reticulado de origen no animal<\/li>\n<li>3mg\/ml de lidoca\u00edna<\/li>\n<li>2 agujas de un solo uso de 30G \u00bd\".<\/li>\n<\/ul>\n<h3>Los pacientes que cumplen los requisitos para recibir un tratamiento con este producto<\/h3>\n<p>Juvederm ULTRA 2 fue dise\u00f1ado para proporcionar una eliminaci\u00f3n inmediata y visible de las arrugas y l\u00edneas finas a moderadas y la correcci\u00f3n de las depresiones faciales. Dado que tiene una impresionante concentraci\u00f3n de AH en su composici\u00f3n, puede proporcionar a la dermis un volumen extra. Esto hace que tambi\u00e9n sea una gran soluci\u00f3n para mejorar los labios. Por lo tanto, este relleno cut\u00e1neo aprobado por la FDA es adecuado para los pacientes que desean corregir este tipo de problemas y que no est\u00e1n dispuestos a soportar una calidad de segundo nivel.<\/p>\n<p>Se trata de un dispositivo m\u00e9dico profesional y, como tal, tambi\u00e9n tiene varias contraindicaciones. No se recomienda su uso en pacientes que sean al\u00e9rgicos a alguno de sus ingredientes. Adem\u00e1s, se aconseja a las personas que est\u00e9n luchando contra una infecci\u00f3n o inflamaci\u00f3n que pospongan el procedimiento de inyecci\u00f3n de relleno hasta que se recuperen por completo. No se recomienda que las mujeres embarazadas o en periodo de lactancia se sometan a ning\u00fan tipo de procedimiento cosm\u00e9tico basado en HA.<\/p>\n<p>Las zonas faciales en las que se puede inyectar Juvederm ULTRA 2 son los labios, el contorno de los ojos y la boca. El producto contiene lidoca\u00edna para un tratamiento m\u00e1s c\u00f3modo e indoloro.<\/p>","protected":false},"excerpt":{"rendered":"<p>Juvederm ULTRA 2 (tambi\u00e9n conocido como Juvederm Ultra XC) es uno de los pocos rellenos d\u00e9rmicos profesionales que tienen una concentraci\u00f3n notablemente alta de \u00e1cido hialur\u00f3nico reticulado. Sus efectos tienen una longevidad de hasta un a\u00f1o y ofrece una distribuci\u00f3n impresionantemente uniforme en la zona tratada. Por ello, las arrugas superficiales y moderadas y las depresiones de la piel no tienen ninguna posibilidad de ser tratadas. La mejora de los labios tambi\u00e9n es una de sus especialidades.<\/p>","protected":false},"featured_media":918,"template":"","meta":[],"product_brand":[],"product_cat":[69,79,47,144],"product_tag":[],"class_list":{"0":"post-908","1":"product","2":"type-product","3":"status-publish","4":"has-post-thumbnail","6":"product_cat-allergan","7":"product_cat-dermal-fillers","8":"product_cat-juvederm","9":"product_cat-holiday-mega-sale","10":"clearfix","12":"first","13":"instock","14":"taxable","15":"shipping-taxable","16":"product-type-simple"},"yoast_head":"<!-- This site is optimized with the Yoast SEO plugin v27.4 - https:\/\/yoast.com\/product\/yoast-seo-wordpress\/ -->\n<title>Juvederm Ultra 2 (2x0.55ml) - Skin Heal<\/title>\n<meta name=\"description\" content=\"Buy Juvederm ULTRA 2 \u2013 an FDA-approved dermal filler with a high HA concentration that can correct fine and moderate lines and plump lips for up to a year.\" \/>\n<meta name=\"robots\" content=\"index, follow, max-snippet:-1, max-image-preview:large, max-video-preview:-1\" \/>\n<link rel=\"canonical\" href=\"https:\/\/skin-heal.com\/es\/producto\/juvederm-ultra-2-2x0-55ml\/\" \/>\n<meta property=\"og:locale\" content=\"es_MX\" \/>\n<meta property=\"og:type\" content=\"article\" \/>\n<meta property=\"og:title\" content=\"Juvederm Ultra 2 (2x0.55ml) - Skin Heal\" \/>\n<meta property=\"og:description\" content=\"Buy Juvederm ULTRA 2 \u2013 an FDA-approved dermal filler with a high HA concentration that can correct fine and moderate lines and plump lips for up to a year.\" \/>\n<meta property=\"og:url\" content=\"https:\/\/skin-heal.com\/es\/producto\/juvederm-ultra-2-2x0-55ml\/\" \/>\n<meta property=\"og:site_name\" content=\"Skin Heal\" \/>\n<meta property=\"article:modified_time\" content=\"2026-02-26T17:35:11+00:00\" \/>\n<meta property=\"og:image\" content=\"https:\/\/cdn.skin-heal.com\/wp-content\/uploads\/2018\/11\/Juvederm-Ultra-2.jpg\" \/>\n\t<meta property=\"og:image:width\" content=\"600\" \/>\n\t<meta property=\"og:image:height\" content=\"600\" \/>\n\t<meta property=\"og:image:type\" content=\"image\/jpeg\" \/>\n<meta name=\"twitter:card\" content=\"summary_large_image\" \/>\n<meta name=\"twitter:label1\" content=\"Tiempo de lectura\" \/>\n\t<meta name=\"twitter:data1\" content=\"1 minuto\" \/>\n<script type=\"application\/ld+json\" class=\"yoast-schema-graph\">{\"@context\":\"https:\\\/\\\/schema.org\",\"@graph\":[{\"@type\":\"WebPage\",\"@id\":\"https:\\\/\\\/skin-heal.com\\\/product\\\/juvederm-ultra-2-2x0-55ml\\\/\",\"url\":\"https:\\\/\\\/skin-heal.com\\\/product\\\/juvederm-ultra-2-2x0-55ml\\\/\",\"name\":\"Juvederm Ultra 2 (2x0.55ml) - Skin Heal\",\"isPartOf\":{\"@id\":\"https:\\\/\\\/skin-heal.com\\\/#website\"},\"primaryImageOfPage\":{\"@id\":\"https:\\\/\\\/skin-heal.com\\\/product\\\/juvederm-ultra-2-2x0-55ml\\\/#primaryimage\"},\"image\":{\"@id\":\"https:\\\/\\\/skin-heal.com\\\/product\\\/juvederm-ultra-2-2x0-55ml\\\/#primaryimage\"},\"thumbnailUrl\":\"https:\\\/\\\/skin-heal.com\\\/wp-content\\\/uploads\\\/2018\\\/11\\\/Juvederm-Ultra-2.jpg\",\"datePublished\":\"2018-11-30T08:56:08+00:00\",\"dateModified\":\"2026-02-26T17:35:11+00:00\",\"description\":\"Buy Juvederm ULTRA 2 \u2013 an FDA-approved dermal filler with a high HA concentration that can correct fine and moderate lines and plump lips for up to a year.\",\"breadcrumb\":{\"@id\":\"https:\\\/\\\/skin-heal.com\\\/product\\\/juvederm-ultra-2-2x0-55ml\\\/#breadcrumb\"},\"inLanguage\":\"es\",\"potentialAction\":[{\"@type\":\"ReadAction\",\"target\":[\"https:\\\/\\\/skin-heal.com\\\/product\\\/juvederm-ultra-2-2x0-55ml\\\/\"]}]},{\"@type\":\"ImageObject\",\"inLanguage\":\"es\",\"@id\":\"https:\\\/\\\/skin-heal.com\\\/product\\\/juvederm-ultra-2-2x0-55ml\\\/#primaryimage\",\"url\":\"https:\\\/\\\/skin-heal.com\\\/wp-content\\\/uploads\\\/2018\\\/11\\\/Juvederm-Ultra-2.jpg\",\"contentUrl\":\"https:\\\/\\\/skin-heal.com\\\/wp-content\\\/uploads\\\/2018\\\/11\\\/Juvederm-Ultra-2.jpg\",\"width\":600,\"height\":600,\"caption\":\"Juvederm Ultra 2\"},{\"@type\":\"BreadcrumbList\",\"@id\":\"https:\\\/\\\/skin-heal.com\\\/product\\\/juvederm-ultra-2-2x0-55ml\\\/#breadcrumb\",\"itemListElement\":[{\"@type\":\"ListItem\",\"position\":1,\"name\":\"Home\",\"item\":\"https:\\\/\\\/skin-heal.com\\\/\"},{\"@type\":\"ListItem\",\"position\":2,\"name\":\"Store\",\"item\":\"https:\\\/\\\/skin-heal.com\\\/store\\\/\"},{\"@type\":\"ListItem\",\"position\":3,\"name\":\"Juvederm Ultra 2 (2&#215;0.55ml)\"}]},{\"@type\":\"WebSite\",\"@id\":\"https:\\\/\\\/skin-heal.com\\\/#website\",\"url\":\"https:\\\/\\\/skin-heal.com\\\/\",\"name\":\"Skin Heal\",\"description\":\"Lowest Prices for Dermal Fillers\",\"potentialAction\":[{\"@type\":\"SearchAction\",\"target\":{\"@type\":\"EntryPoint\",\"urlTemplate\":\"https:\\\/\\\/skin-heal.com\\\/?s={search_term_string}\"},\"query-input\":{\"@type\":\"PropertyValueSpecification\",\"valueRequired\":true,\"valueName\":\"search_term_string\"}}],\"inLanguage\":\"es\"}]}<\/script>\n<!-- \/ Yoast SEO plugin. -->","yoast_head_json":{"title":"Juvederm Ultra 2 (2x0.55ml) - Skin Heal","description":"Comprar Juvederm ULTRA 2 - un relleno d\u00e9rmico aprobado por la FDA con una alta concentraci\u00f3n de HA que puede corregir las l\u00edneas finas y moderadas y rellenar los labios hasta un a\u00f1o.","robots":{"index":"index","follow":"follow","max-snippet":"max-snippet:-1","max-image-preview":"max-image-preview:large","max-video-preview":"max-video-preview:-1"},"canonical":"https:\/\/skin-heal.com\/es\/producto\/juvederm-ultra-2-2x0-55ml\/","og_locale":"es_MX","og_type":"article","og_title":"Juvederm Ultra 2 (2x0.55ml) - Skin Heal","og_description":"Buy Juvederm ULTRA 2 \u2013 an FDA-approved dermal filler with a high HA concentration that can correct fine and moderate lines and plump lips for up to a year.","og_url":"https:\/\/skin-heal.com\/es\/producto\/juvederm-ultra-2-2x0-55ml\/","og_site_name":"Skin Heal","article_modified_time":"2026-02-26T17:35:11+00:00","og_image":[{"width":600,"height":600,"url":"https:\/\/cdn.skin-heal.com\/wp-content\/uploads\/2018\/11\/Juvederm-Ultra-2.jpg","type":"image\/jpeg"}],"twitter_card":"summary_large_image","twitter_misc":{"Tiempo de lectura":"1 minuto"},"schema":{"@context":"https:\/\/schema.org","@graph":[{"@type":"WebPage","@id":"https:\/\/skin-heal.com\/product\/juvederm-ultra-2-2x0-55ml\/","url":"https:\/\/skin-heal.com\/product\/juvederm-ultra-2-2x0-55ml\/","name":"Juvederm Ultra 2 (2x0.55ml) - Skin Heal","isPartOf":{"@id":"https:\/\/skin-heal.com\/#website"},"primaryImageOfPage":{"@id":"https:\/\/skin-heal.com\/product\/juvederm-ultra-2-2x0-55ml\/#primaryimage"},"image":{"@id":"https:\/\/skin-heal.com\/product\/juvederm-ultra-2-2x0-55ml\/#primaryimage"},"thumbnailUrl":"https:\/\/cdn.skin-heal.com\/wp-content\/uploads\/2018\/11\/Juvederm-Ultra-2.jpg","datePublished":"2018-11-30T08:56:08+00:00","dateModified":"2026-02-26T17:35:11+00:00","description":"Comprar Juvederm ULTRA 2 - un relleno d\u00e9rmico aprobado por la FDA con una alta concentraci\u00f3n de HA que puede corregir las l\u00edneas finas y moderadas y rellenar los labios hasta un a\u00f1o.","breadcrumb":{"@id":"https:\/\/skin-heal.com\/product\/juvederm-ultra-2-2x0-55ml\/#breadcrumb"},"inLanguage":"es","potentialAction":[{"@type":"ReadAction","target":["https:\/\/skin-heal.com\/product\/juvederm-ultra-2-2x0-55ml\/"]}]},{"@type":"ImageObject","inLanguage":"es","@id":"https:\/\/skin-heal.com\/product\/juvederm-ultra-2-2x0-55ml\/#primaryimage","url":"https:\/\/cdn.skin-heal.com\/wp-content\/uploads\/2018\/11\/Juvederm-Ultra-2.jpg","contentUrl":"https:\/\/cdn.skin-heal.com\/wp-content\/uploads\/2018\/11\/Juvederm-Ultra-2.jpg","width":600,"height":600,"caption":"Juvederm Ultra 2"},{"@type":"BreadcrumbList","@id":"https:\/\/skin-heal.com\/product\/juvederm-ultra-2-2x0-55ml\/#breadcrumb","itemListElement":[{"@type":"ListItem","position":1,"name":"Home","item":"https:\/\/skin-heal.com\/"},{"@type":"ListItem","position":2,"name":"Store","item":"https:\/\/skin-heal.com\/store\/"},{"@type":"ListItem","position":3,"name":"Juvederm Ultra 2 (2&#215;0.55ml)"}]},{"@type":"WebSite","@id":"https:\/\/skin-heal.com\/#website","url":"https:\/\/skin-heal.com\/","name":"Curaci\u00f3n de la piel","description":"Los precios m\u00e1s bajos para los rellenos d\u00e9rmicos","potentialAction":[{"@type":"SearchAction","target":{"@type":"EntryPoint","urlTemplate":"https:\/\/skin-heal.com\/?s={search_term_string}"},"query-input":{"@type":"PropertyValueSpecification","valueRequired":true,"valueName":"search_term_string"}}],"inLanguage":"es"}]}},"_links":{"self":[{"href":"https:\/\/skin-heal.com\/es\/wp-json\/wp\/v2\/product\/908","targetHints":{"allow":["GET"]}}],"collection":[{"href":"https:\/\/skin-heal.com\/es\/wp-json\/wp\/v2\/product"}],"about":[{"href":"https:\/\/skin-heal.com\/es\/wp-json\/wp\/v2\/types\/product"}],"wp:featuredmedia":[{"embeddable":true,"href":"https:\/\/skin-heal.com\/es\/wp-json\/wp\/v2\/media\/918"}],"wp:attachment":[{"href":"https:\/\/skin-heal.com\/es\/wp-json\/wp\/v2\/media?parent=908"}],"wp:term":[{"taxonomy":"product_brand","embeddable":true,"href":"https:\/\/skin-heal.com\/es\/wp-json\/wp\/v2\/product_brand?post=908"},{"taxonomy":"product_cat","embeddable":true,"href":"https:\/\/skin-heal.com\/es\/wp-json\/wp\/v2\/product_cat?post=908"},{"taxonomy":"product_tag","embeddable":true,"href":"https:\/\/skin-heal.com\/es\/wp-json\/wp\/v2\/product_tag?post=908"}],"curies":[{"name":"wp","href":"https:\/\/api.w.org\/{rel}","templated":true}]}}