{"id":909,"date":"2018-11-30T10:56:46","date_gmt":"2018-11-30T10:56:46","guid":{"rendered":"https:\/\/skin-heal.com\/?post_type=product&#038;p=909"},"modified":"2023-02-27T14:36:51","modified_gmt":"2023-02-27T12:36:51","slug":"juvederm-ultra-3-2x1ml","status":"publish","type":"product","link":"https:\/\/skin-heal.com\/es\/producto\/juvederm-ultra-3-2x1ml\/","title":{"rendered":"Juvederm Ultra 3 (2x1ml)"},"content":{"rendered":"<p>Juvederm ULTRA 3 est\u00e1 disponible en un paquete de dos jeringas precargadas de 1 ml y cuatro agujas de 27G \u00bd\". Se inyecta en la piel (s\u00f3lo por un cl\u00ednico cualificado y formado) para rellenar y tratar:<\/p>\n<ul>\n<li>Arrugas faciales medias y profundas<\/li>\n<li>Labios que necesitan m\u00e1s volumen o un contorno mejor definido<\/li>\n<li>Depresiones cut\u00e1neas en la cara<\/li>\n<\/ul>\n<p>Este relleno de HA purificado est\u00e1 especialmente indicado para corregir las l\u00edneas de marioneta y los pliegues nasolabiales.<\/p>\n<h3>Una nueva generaci\u00f3n de tecnolog\u00eda<\/h3>\n<p>Los resultados despu\u00e9s de un solo tratamiento con Juvederm ULTRA 3 duran hasta 12 meses, lo cual es notable para un producto de esta clase. Esto se debe a que, al igual que muchos otros inyectables de esta marca, \u00e9ste tambi\u00e9n fue fabricado con el uso de un innovador m\u00e9todo de producci\u00f3n conocido como \"Tecnolog\u00eda Hylacross\". Las ventajas que ofrece son:<\/p>\n<ul>\n<li>Resultados de aspecto natural<\/li>\n<li>Un gel que es maleable y suave, por lo que es f\u00e1cil de inyectar<\/li>\n<li>Un tratamiento totalmente personalizado para satisfacer las necesidades y expectativas del paciente<\/li>\n<\/ul>\n<p>A diferencia de otros rellenos de AH avanzados que est\u00e1n aprobados por la FDA, \u00e9ste se basa en una formulaci\u00f3n suave en lugar de una formulaci\u00f3n basada en la suspensi\u00f3n de part\u00edculas de gel.<\/p>","protected":false},"excerpt":{"rendered":"<p>Fabricado por Allergan, aprobado por la FDA, basado en la tecnolog\u00eda Hylacross - Juvederm ULTRA 3 (tambi\u00e9n denominado Juvederm ULTRA Plus XC) es un relleno cut\u00e1neo de primera calidad de origen conocido y fiable que es seguro, eficaz y muy duradero. Con su textura suave y cohesiva, puede utilizarse para la correcci\u00f3n de arrugas y depresiones faciales de moderadas a severas, as\u00ed como para el aumento de labios.<\/p>","protected":false},"featured_media":919,"template":"","meta":[],"product_brand":[],"product_cat":[69,79,47,144],"product_tag":[145],"class_list":{"0":"post-909","1":"product","2":"type-product","3":"status-publish","4":"has-post-thumbnail","6":"product_cat-allergan","7":"product_cat-dermal-fillers","8":"product_cat-juvederm","9":"product_cat-holiday-mega-sale","10":"product_tag-5off","11":"clearfix","13":"first","14":"instock","15":"sale","16":"taxable","17":"shipping-taxable","18":"product-type-simple"},"yoast_head":"<!-- This site is optimized with the Yoast SEO plugin v27.3 - https:\/\/yoast.com\/product\/yoast-seo-wordpress\/ -->\n<title>Juvederm Ultra 3 (2x1ml) - Skin Heal<\/title>\n<meta name=\"description\" content=\"Juvederm ULTRA 3 corrects moderate to severe facial wrinkles and adds volume to the lips. This FDA-approved dermal filler uses a new, advanced HA formula.\" \/>\n<meta name=\"robots\" content=\"index, follow, max-snippet:-1, max-image-preview:large, max-video-preview:-1\" \/>\n<link rel=\"canonical\" href=\"https:\/\/skin-heal.com\/es\/producto\/juvederm-ultra-3-2x1ml\/\" \/>\n<meta property=\"og:locale\" content=\"es_MX\" \/>\n<meta property=\"og:type\" content=\"article\" \/>\n<meta property=\"og:title\" content=\"Juvederm Ultra 3 (2x1ml) - Skin Heal\" \/>\n<meta property=\"og:description\" content=\"Juvederm ULTRA 3 corrects moderate to severe facial wrinkles and adds volume to the lips. This FDA-approved dermal filler uses a new, advanced HA formula.\" \/>\n<meta property=\"og:url\" content=\"https:\/\/skin-heal.com\/es\/producto\/juvederm-ultra-3-2x1ml\/\" \/>\n<meta property=\"og:site_name\" content=\"Skin Heal\" \/>\n<meta property=\"article:modified_time\" content=\"2023-02-27T12:36:51+00:00\" \/>\n<meta property=\"og:image\" content=\"https:\/\/cdn.skin-heal.com\/wp-content\/uploads\/2018\/11\/Juvederm-Ultra-3.jpg\" \/>\n\t<meta property=\"og:image:width\" content=\"600\" \/>\n\t<meta property=\"og:image:height\" content=\"600\" \/>\n\t<meta property=\"og:image:type\" content=\"image\/jpeg\" \/>\n<meta name=\"twitter:card\" content=\"summary_large_image\" \/>\n<meta name=\"twitter:label1\" content=\"Tiempo de lectura\" \/>\n\t<meta name=\"twitter:data1\" content=\"1 minuto\" \/>\n<script type=\"application\/ld+json\" class=\"yoast-schema-graph\">{\"@context\":\"https:\\\/\\\/schema.org\",\"@graph\":[{\"@type\":\"WebPage\",\"@id\":\"https:\\\/\\\/skin-heal.com\\\/product\\\/juvederm-ultra-3-2x1ml\\\/\",\"url\":\"https:\\\/\\\/skin-heal.com\\\/product\\\/juvederm-ultra-3-2x1ml\\\/\",\"name\":\"Juvederm Ultra 3 (2x1ml) - Skin Heal\",\"isPartOf\":{\"@id\":\"https:\\\/\\\/skin-heal.com\\\/#website\"},\"primaryImageOfPage\":{\"@id\":\"https:\\\/\\\/skin-heal.com\\\/product\\\/juvederm-ultra-3-2x1ml\\\/#primaryimage\"},\"image\":{\"@id\":\"https:\\\/\\\/skin-heal.com\\\/product\\\/juvederm-ultra-3-2x1ml\\\/#primaryimage\"},\"thumbnailUrl\":\"https:\\\/\\\/skin-heal.com\\\/wp-content\\\/uploads\\\/2018\\\/11\\\/Juvederm-Ultra-3.jpg\",\"datePublished\":\"2018-11-30T10:56:46+00:00\",\"dateModified\":\"2023-02-27T12:36:51+00:00\",\"description\":\"Juvederm ULTRA 3 corrects moderate to severe facial wrinkles and adds volume to the lips. This FDA-approved dermal filler uses a new, advanced HA formula.\",\"breadcrumb\":{\"@id\":\"https:\\\/\\\/skin-heal.com\\\/product\\\/juvederm-ultra-3-2x1ml\\\/#breadcrumb\"},\"inLanguage\":\"es\",\"potentialAction\":[{\"@type\":\"ReadAction\",\"target\":[\"https:\\\/\\\/skin-heal.com\\\/product\\\/juvederm-ultra-3-2x1ml\\\/\"]}]},{\"@type\":\"ImageObject\",\"inLanguage\":\"es\",\"@id\":\"https:\\\/\\\/skin-heal.com\\\/product\\\/juvederm-ultra-3-2x1ml\\\/#primaryimage\",\"url\":\"https:\\\/\\\/skin-heal.com\\\/wp-content\\\/uploads\\\/2018\\\/11\\\/Juvederm-Ultra-3.jpg\",\"contentUrl\":\"https:\\\/\\\/skin-heal.com\\\/wp-content\\\/uploads\\\/2018\\\/11\\\/Juvederm-Ultra-3.jpg\",\"width\":600,\"height\":600,\"caption\":\"Juvederm Ultra 3\"},{\"@type\":\"BreadcrumbList\",\"@id\":\"https:\\\/\\\/skin-heal.com\\\/product\\\/juvederm-ultra-3-2x1ml\\\/#breadcrumb\",\"itemListElement\":[{\"@type\":\"ListItem\",\"position\":1,\"name\":\"Home\",\"item\":\"https:\\\/\\\/skin-heal.com\\\/\"},{\"@type\":\"ListItem\",\"position\":2,\"name\":\"Store\",\"item\":\"https:\\\/\\\/skin-heal.com\\\/store\\\/\"},{\"@type\":\"ListItem\",\"position\":3,\"name\":\"Juvederm Ultra 3 (2x1ml)\"}]},{\"@type\":\"WebSite\",\"@id\":\"https:\\\/\\\/skin-heal.com\\\/#website\",\"url\":\"https:\\\/\\\/skin-heal.com\\\/\",\"name\":\"Skin Heal\",\"description\":\"Lowest Prices for Dermal Fillers\",\"potentialAction\":[{\"@type\":\"SearchAction\",\"target\":{\"@type\":\"EntryPoint\",\"urlTemplate\":\"https:\\\/\\\/skin-heal.com\\\/?s={search_term_string}\"},\"query-input\":{\"@type\":\"PropertyValueSpecification\",\"valueRequired\":true,\"valueName\":\"search_term_string\"}}],\"inLanguage\":\"es\"}]}<\/script>\n<!-- \/ Yoast SEO plugin. -->","yoast_head_json":{"title":"Juvederm Ultra 3 (2x1ml) - Skin Heal","description":"Juvederm ULTRA 3 corrige las arrugas faciales de moderadas a graves y a\u00f1ade volumen a los labios. Este relleno d\u00e9rmico aprobado por la FDA utiliza una nueva f\u00f3rmula avanzada de HA.","robots":{"index":"index","follow":"follow","max-snippet":"max-snippet:-1","max-image-preview":"max-image-preview:large","max-video-preview":"max-video-preview:-1"},"canonical":"https:\/\/skin-heal.com\/es\/producto\/juvederm-ultra-3-2x1ml\/","og_locale":"es_MX","og_type":"article","og_title":"Juvederm Ultra 3 (2x1ml) - Skin Heal","og_description":"Juvederm ULTRA 3 corrects moderate to severe facial wrinkles and adds volume to the lips. This FDA-approved dermal filler uses a new, advanced HA formula.","og_url":"https:\/\/skin-heal.com\/es\/producto\/juvederm-ultra-3-2x1ml\/","og_site_name":"Skin Heal","article_modified_time":"2023-02-27T12:36:51+00:00","og_image":[{"width":600,"height":600,"url":"https:\/\/cdn.skin-heal.com\/wp-content\/uploads\/2018\/11\/Juvederm-Ultra-3.jpg","type":"image\/jpeg"}],"twitter_card":"summary_large_image","twitter_misc":{"Tiempo de lectura":"1 minuto"},"schema":{"@context":"https:\/\/schema.org","@graph":[{"@type":"WebPage","@id":"https:\/\/skin-heal.com\/product\/juvederm-ultra-3-2x1ml\/","url":"https:\/\/skin-heal.com\/product\/juvederm-ultra-3-2x1ml\/","name":"Juvederm Ultra 3 (2x1ml) - Skin Heal","isPartOf":{"@id":"https:\/\/skin-heal.com\/#website"},"primaryImageOfPage":{"@id":"https:\/\/skin-heal.com\/product\/juvederm-ultra-3-2x1ml\/#primaryimage"},"image":{"@id":"https:\/\/skin-heal.com\/product\/juvederm-ultra-3-2x1ml\/#primaryimage"},"thumbnailUrl":"https:\/\/cdn.skin-heal.com\/wp-content\/uploads\/2018\/11\/Juvederm-Ultra-3.jpg","datePublished":"2018-11-30T10:56:46+00:00","dateModified":"2023-02-27T12:36:51+00:00","description":"Juvederm ULTRA 3 corrige las arrugas faciales de moderadas a graves y a\u00f1ade volumen a los labios. Este relleno d\u00e9rmico aprobado por la FDA utiliza una nueva f\u00f3rmula avanzada de HA.","breadcrumb":{"@id":"https:\/\/skin-heal.com\/product\/juvederm-ultra-3-2x1ml\/#breadcrumb"},"inLanguage":"es","potentialAction":[{"@type":"ReadAction","target":["https:\/\/skin-heal.com\/product\/juvederm-ultra-3-2x1ml\/"]}]},{"@type":"ImageObject","inLanguage":"es","@id":"https:\/\/skin-heal.com\/product\/juvederm-ultra-3-2x1ml\/#primaryimage","url":"https:\/\/cdn.skin-heal.com\/wp-content\/uploads\/2018\/11\/Juvederm-Ultra-3.jpg","contentUrl":"https:\/\/cdn.skin-heal.com\/wp-content\/uploads\/2018\/11\/Juvederm-Ultra-3.jpg","width":600,"height":600,"caption":"Juvederm Ultra 3"},{"@type":"BreadcrumbList","@id":"https:\/\/skin-heal.com\/product\/juvederm-ultra-3-2x1ml\/#breadcrumb","itemListElement":[{"@type":"ListItem","position":1,"name":"Home","item":"https:\/\/skin-heal.com\/"},{"@type":"ListItem","position":2,"name":"Store","item":"https:\/\/skin-heal.com\/store\/"},{"@type":"ListItem","position":3,"name":"Juvederm Ultra 3 (2x1ml)"}]},{"@type":"WebSite","@id":"https:\/\/skin-heal.com\/#website","url":"https:\/\/skin-heal.com\/","name":"Curaci\u00f3n de la piel","description":"Los precios m\u00e1s bajos para los rellenos d\u00e9rmicos","potentialAction":[{"@type":"SearchAction","target":{"@type":"EntryPoint","urlTemplate":"https:\/\/skin-heal.com\/?s={search_term_string}"},"query-input":{"@type":"PropertyValueSpecification","valueRequired":true,"valueName":"search_term_string"}}],"inLanguage":"es"}]}},"_links":{"self":[{"href":"https:\/\/skin-heal.com\/es\/wp-json\/wp\/v2\/product\/909","targetHints":{"allow":["GET"]}}],"collection":[{"href":"https:\/\/skin-heal.com\/es\/wp-json\/wp\/v2\/product"}],"about":[{"href":"https:\/\/skin-heal.com\/es\/wp-json\/wp\/v2\/types\/product"}],"wp:featuredmedia":[{"embeddable":true,"href":"https:\/\/skin-heal.com\/es\/wp-json\/wp\/v2\/media\/919"}],"wp:attachment":[{"href":"https:\/\/skin-heal.com\/es\/wp-json\/wp\/v2\/media?parent=909"}],"wp:term":[{"taxonomy":"product_brand","embeddable":true,"href":"https:\/\/skin-heal.com\/es\/wp-json\/wp\/v2\/product_brand?post=909"},{"taxonomy":"product_cat","embeddable":true,"href":"https:\/\/skin-heal.com\/es\/wp-json\/wp\/v2\/product_cat?post=909"},{"taxonomy":"product_tag","embeddable":true,"href":"https:\/\/skin-heal.com\/es\/wp-json\/wp\/v2\/product_tag?post=909"}],"curies":[{"name":"wp","href":"https:\/\/api.w.org\/{rel}","templated":true}]}}