{"id":910,"date":"2018-11-30T10:57:11","date_gmt":"2018-11-30T10:57:11","guid":{"rendered":"https:\/\/skin-heal.com\/?post_type=product&#038;p=910"},"modified":"2023-02-27T14:31:42","modified_gmt":"2023-02-27T12:31:42","slug":"juvederm-ultra-4-2x1ml","status":"publish","type":"product","link":"https:\/\/skin-heal.com\/es\/producto\/juvederm-ultra-4-2x1ml\/","title":{"rendered":"Juvederm Ultra 4 (2x1ml)"},"content":{"rendered":"<h3>\u00bfQu\u00e9 puede hacer Juvederm ULTRA 4?<\/h3>\n<ul>\n<li>Aumentar el volumen del ment\u00f3n<\/li>\n<li>Corregir las arrugas profundas<\/li>\n<li>Proporcionar una eliminaci\u00f3n de pliegues m\u00e1s profunda<\/li>\n<li>Entregar el aumento de las mejillas<\/li>\n<\/ul>\n<p>Dado que este producto se desarroll\u00f3 exclusivamente para tratar las depresiones y pliegues faciales m\u00e1s profundos, debe inyectarse en la dermis profunda. Sin embargo, este procedimiento no es doloroso, ya que Juvederm ULTRA 4 lleva una infusi\u00f3n de 3mg\/ml de lidoca\u00edna. Ese ingrediente clave sirve de anest\u00e9sico local y evita a los pacientes las m\u00e1s m\u00ednimas sensaciones desagradables asociadas al proceso de inyecci\u00f3n.<\/p>\n<h3>\u00bfQu\u00e9 ocurre con el gel del implante una vez inyectado?<\/h3>\n<p>Juvederm ULTRA 4 es un relleno d\u00e9rmico a base de AH, lo que significa que contiene \u00e1cido hialur\u00f3nico. Se trata de una sustancia que se encuentra de forma natural en el cuerpo humano y que no esconde ning\u00fan riesgo para la salud del paciente. Las part\u00edculas de AH de este pionero producto de rejuvenecimiento cosm\u00e9tico se han elaborado mediante un minucioso proceso de biofermentaci\u00f3n y no contienen componentes de origen animal. Por ello, no es necesario realizar pruebas cut\u00e1neas antes del tratamiento. Una vez inyectado, el gel se biodegrada y se disuelve completamente. Se trata de un relleno de tejidos blandos duradero que puede durar hasta 12 meses. Despu\u00e9s, los pacientes pueden someterse a otra sesi\u00f3n de inyecciones para mantener los resultados.<\/p>","protected":false},"excerpt":{"rendered":"<p>Juvederm ULTRA 4 lleva los tratamientos de inyecci\u00f3n de \u00e1cido hialur\u00f3nico a un nivel completamente nuevo. Se trata de un relleno cut\u00e1neo de primera clase que se caracteriza por una formulaci\u00f3n de AH altamente reticulado. Junto con la lidoca\u00edna que contiene, este producto \u00fanico ofrece a los pacientes un tratamiento sin molestias pero que proporciona con \u00e9xito resultados duraderos. Sus usos principales son la eliminaci\u00f3n de arrugas y pliegues profundos y el aumento del ment\u00f3n y las mejillas.<\/p>","protected":false},"featured_media":920,"template":"","meta":[],"product_brand":[],"product_cat":[69,79,47,144],"product_tag":[145],"class_list":{"0":"post-910","1":"product","2":"type-product","3":"status-publish","4":"has-post-thumbnail","6":"product_cat-allergan","7":"product_cat-dermal-fillers","8":"product_cat-juvederm","9":"product_cat-holiday-mega-sale","10":"product_tag-5off","11":"clearfix","13":"first","14":"instock","15":"sale","16":"taxable","17":"shipping-taxable","18":"product-type-simple"},"yoast_head":"<!-- This site is optimized with the Yoast SEO plugin v27.3 - https:\/\/yoast.com\/product\/yoast-seo-wordpress\/ -->\n<title>Juvederm Ultra 4 (2x1ml) - Skin Heal<\/title>\n<meta name=\"description\" content=\"Juvederm ULTRA 4 is a safe HA skin filler that corrects deep wrinkles and adds volume to the cheeks and chin and is of a non-animal origin. Get it now!\" \/>\n<meta name=\"robots\" content=\"index, follow, max-snippet:-1, max-image-preview:large, max-video-preview:-1\" \/>\n<link rel=\"canonical\" href=\"https:\/\/skin-heal.com\/es\/producto\/juvederm-ultra-4-2x1ml\/\" \/>\n<meta property=\"og:locale\" content=\"es_MX\" \/>\n<meta property=\"og:type\" content=\"article\" \/>\n<meta property=\"og:title\" content=\"Juvederm Ultra 4 (2x1ml) - Skin Heal\" \/>\n<meta property=\"og:description\" content=\"Juvederm ULTRA 4 is a safe HA skin filler that corrects deep wrinkles and adds volume to the cheeks and chin and is of a non-animal origin. Get it now!\" \/>\n<meta property=\"og:url\" content=\"https:\/\/skin-heal.com\/es\/producto\/juvederm-ultra-4-2x1ml\/\" \/>\n<meta property=\"og:site_name\" content=\"Skin Heal\" \/>\n<meta property=\"article:modified_time\" content=\"2023-02-27T12:31:42+00:00\" \/>\n<meta property=\"og:image\" content=\"https:\/\/cdn.skin-heal.com\/wp-content\/uploads\/2018\/11\/Juvederm-Ultra-4.jpg\" \/>\n\t<meta property=\"og:image:width\" content=\"600\" \/>\n\t<meta property=\"og:image:height\" content=\"600\" \/>\n\t<meta property=\"og:image:type\" content=\"image\/jpeg\" \/>\n<meta name=\"twitter:card\" content=\"summary_large_image\" \/>\n<meta name=\"twitter:label1\" content=\"Tiempo de lectura\" \/>\n\t<meta name=\"twitter:data1\" content=\"1 minuto\" \/>\n<script type=\"application\/ld+json\" class=\"yoast-schema-graph\">{\"@context\":\"https:\\\/\\\/schema.org\",\"@graph\":[{\"@type\":\"WebPage\",\"@id\":\"https:\\\/\\\/skin-heal.com\\\/product\\\/juvederm-ultra-4-2x1ml\\\/\",\"url\":\"https:\\\/\\\/skin-heal.com\\\/product\\\/juvederm-ultra-4-2x1ml\\\/\",\"name\":\"Juvederm Ultra 4 (2x1ml) - Skin Heal\",\"isPartOf\":{\"@id\":\"https:\\\/\\\/skin-heal.com\\\/#website\"},\"primaryImageOfPage\":{\"@id\":\"https:\\\/\\\/skin-heal.com\\\/product\\\/juvederm-ultra-4-2x1ml\\\/#primaryimage\"},\"image\":{\"@id\":\"https:\\\/\\\/skin-heal.com\\\/product\\\/juvederm-ultra-4-2x1ml\\\/#primaryimage\"},\"thumbnailUrl\":\"https:\\\/\\\/skin-heal.com\\\/wp-content\\\/uploads\\\/2018\\\/11\\\/Juvederm-Ultra-4.jpg\",\"datePublished\":\"2018-11-30T10:57:11+00:00\",\"dateModified\":\"2023-02-27T12:31:42+00:00\",\"description\":\"Juvederm ULTRA 4 is a safe HA skin filler that corrects deep wrinkles and adds volume to the cheeks and chin and is of a non-animal origin. Get it now!\",\"breadcrumb\":{\"@id\":\"https:\\\/\\\/skin-heal.com\\\/product\\\/juvederm-ultra-4-2x1ml\\\/#breadcrumb\"},\"inLanguage\":\"es\",\"potentialAction\":[{\"@type\":\"ReadAction\",\"target\":[\"https:\\\/\\\/skin-heal.com\\\/product\\\/juvederm-ultra-4-2x1ml\\\/\"]}]},{\"@type\":\"ImageObject\",\"inLanguage\":\"es\",\"@id\":\"https:\\\/\\\/skin-heal.com\\\/product\\\/juvederm-ultra-4-2x1ml\\\/#primaryimage\",\"url\":\"https:\\\/\\\/skin-heal.com\\\/wp-content\\\/uploads\\\/2018\\\/11\\\/Juvederm-Ultra-4.jpg\",\"contentUrl\":\"https:\\\/\\\/skin-heal.com\\\/wp-content\\\/uploads\\\/2018\\\/11\\\/Juvederm-Ultra-4.jpg\",\"width\":600,\"height\":600,\"caption\":\"Juvederm Ultra 4\"},{\"@type\":\"BreadcrumbList\",\"@id\":\"https:\\\/\\\/skin-heal.com\\\/product\\\/juvederm-ultra-4-2x1ml\\\/#breadcrumb\",\"itemListElement\":[{\"@type\":\"ListItem\",\"position\":1,\"name\":\"Home\",\"item\":\"https:\\\/\\\/skin-heal.com\\\/\"},{\"@type\":\"ListItem\",\"position\":2,\"name\":\"Store\",\"item\":\"https:\\\/\\\/skin-heal.com\\\/store\\\/\"},{\"@type\":\"ListItem\",\"position\":3,\"name\":\"Juvederm Ultra 4 (2x1ml)\"}]},{\"@type\":\"WebSite\",\"@id\":\"https:\\\/\\\/skin-heal.com\\\/#website\",\"url\":\"https:\\\/\\\/skin-heal.com\\\/\",\"name\":\"Skin Heal\",\"description\":\"Lowest Prices for Dermal Fillers\",\"potentialAction\":[{\"@type\":\"SearchAction\",\"target\":{\"@type\":\"EntryPoint\",\"urlTemplate\":\"https:\\\/\\\/skin-heal.com\\\/?s={search_term_string}\"},\"query-input\":{\"@type\":\"PropertyValueSpecification\",\"valueRequired\":true,\"valueName\":\"search_term_string\"}}],\"inLanguage\":\"es\"}]}<\/script>\n<!-- \/ Yoast SEO plugin. -->","yoast_head_json":{"title":"Juvederm Ultra 4 (2x1ml) - Skin Heal","description":"Juvederm ULTRA 4 es un relleno cut\u00e1neo de HA seguro que corrige las arrugas profundas y a\u00f1ade volumen a las mejillas y la barbilla y no es de origen animal. \u00a1Cons\u00edguelo ya!","robots":{"index":"index","follow":"follow","max-snippet":"max-snippet:-1","max-image-preview":"max-image-preview:large","max-video-preview":"max-video-preview:-1"},"canonical":"https:\/\/skin-heal.com\/es\/producto\/juvederm-ultra-4-2x1ml\/","og_locale":"es_MX","og_type":"article","og_title":"Juvederm Ultra 4 (2x1ml) - Skin Heal","og_description":"Juvederm ULTRA 4 is a safe HA skin filler that corrects deep wrinkles and adds volume to the cheeks and chin and is of a non-animal origin. Get it now!","og_url":"https:\/\/skin-heal.com\/es\/producto\/juvederm-ultra-4-2x1ml\/","og_site_name":"Skin Heal","article_modified_time":"2023-02-27T12:31:42+00:00","og_image":[{"width":600,"height":600,"url":"https:\/\/cdn.skin-heal.com\/wp-content\/uploads\/2018\/11\/Juvederm-Ultra-4.jpg","type":"image\/jpeg"}],"twitter_card":"summary_large_image","twitter_misc":{"Tiempo de lectura":"1 minuto"},"schema":{"@context":"https:\/\/schema.org","@graph":[{"@type":"WebPage","@id":"https:\/\/skin-heal.com\/product\/juvederm-ultra-4-2x1ml\/","url":"https:\/\/skin-heal.com\/product\/juvederm-ultra-4-2x1ml\/","name":"Juvederm Ultra 4 (2x1ml) - Skin Heal","isPartOf":{"@id":"https:\/\/skin-heal.com\/#website"},"primaryImageOfPage":{"@id":"https:\/\/skin-heal.com\/product\/juvederm-ultra-4-2x1ml\/#primaryimage"},"image":{"@id":"https:\/\/skin-heal.com\/product\/juvederm-ultra-4-2x1ml\/#primaryimage"},"thumbnailUrl":"https:\/\/cdn.skin-heal.com\/wp-content\/uploads\/2018\/11\/Juvederm-Ultra-4.jpg","datePublished":"2018-11-30T10:57:11+00:00","dateModified":"2023-02-27T12:31:42+00:00","description":"Juvederm ULTRA 4 es un relleno cut\u00e1neo de HA seguro que corrige las arrugas profundas y a\u00f1ade volumen a las mejillas y la barbilla y no es de origen animal. \u00a1Cons\u00edguelo ya!","breadcrumb":{"@id":"https:\/\/skin-heal.com\/product\/juvederm-ultra-4-2x1ml\/#breadcrumb"},"inLanguage":"es","potentialAction":[{"@type":"ReadAction","target":["https:\/\/skin-heal.com\/product\/juvederm-ultra-4-2x1ml\/"]}]},{"@type":"ImageObject","inLanguage":"es","@id":"https:\/\/skin-heal.com\/product\/juvederm-ultra-4-2x1ml\/#primaryimage","url":"https:\/\/cdn.skin-heal.com\/wp-content\/uploads\/2018\/11\/Juvederm-Ultra-4.jpg","contentUrl":"https:\/\/cdn.skin-heal.com\/wp-content\/uploads\/2018\/11\/Juvederm-Ultra-4.jpg","width":600,"height":600,"caption":"Juvederm Ultra 4"},{"@type":"BreadcrumbList","@id":"https:\/\/skin-heal.com\/product\/juvederm-ultra-4-2x1ml\/#breadcrumb","itemListElement":[{"@type":"ListItem","position":1,"name":"Home","item":"https:\/\/skin-heal.com\/"},{"@type":"ListItem","position":2,"name":"Store","item":"https:\/\/skin-heal.com\/store\/"},{"@type":"ListItem","position":3,"name":"Juvederm Ultra 4 (2x1ml)"}]},{"@type":"WebSite","@id":"https:\/\/skin-heal.com\/#website","url":"https:\/\/skin-heal.com\/","name":"Curaci\u00f3n de la piel","description":"Los precios m\u00e1s bajos para los rellenos d\u00e9rmicos","potentialAction":[{"@type":"SearchAction","target":{"@type":"EntryPoint","urlTemplate":"https:\/\/skin-heal.com\/?s={search_term_string}"},"query-input":{"@type":"PropertyValueSpecification","valueRequired":true,"valueName":"search_term_string"}}],"inLanguage":"es"}]}},"_links":{"self":[{"href":"https:\/\/skin-heal.com\/es\/wp-json\/wp\/v2\/product\/910","targetHints":{"allow":["GET"]}}],"collection":[{"href":"https:\/\/skin-heal.com\/es\/wp-json\/wp\/v2\/product"}],"about":[{"href":"https:\/\/skin-heal.com\/es\/wp-json\/wp\/v2\/types\/product"}],"wp:featuredmedia":[{"embeddable":true,"href":"https:\/\/skin-heal.com\/es\/wp-json\/wp\/v2\/media\/920"}],"wp:attachment":[{"href":"https:\/\/skin-heal.com\/es\/wp-json\/wp\/v2\/media?parent=910"}],"wp:term":[{"taxonomy":"product_brand","embeddable":true,"href":"https:\/\/skin-heal.com\/es\/wp-json\/wp\/v2\/product_brand?post=910"},{"taxonomy":"product_cat","embeddable":true,"href":"https:\/\/skin-heal.com\/es\/wp-json\/wp\/v2\/product_cat?post=910"},{"taxonomy":"product_tag","embeddable":true,"href":"https:\/\/skin-heal.com\/es\/wp-json\/wp\/v2\/product_tag?post=910"}],"curies":[{"name":"wp","href":"https:\/\/api.w.org\/{rel}","templated":true}]}}