{"id":911,"date":"2018-11-30T10:57:30","date_gmt":"2018-11-30T10:57:30","guid":{"rendered":"https:\/\/skin-heal.com\/?post_type=product&#038;p=911"},"modified":"2022-12-16T18:23:40","modified_gmt":"2022-12-16T16:23:40","slug":"juvederm-volbella-with-lidocaine-2x1ml","status":"publish","type":"product","link":"https:\/\/skin-heal.com\/es\/producto\/juvederm-volbella-with-lidocaine-2x1ml\/","title":{"rendered":"Juvederm Volbella con Lidoca\u00edna (2x1ml)"},"content":{"rendered":"<h3>Desglose de los componentes de Juvederm Volbella con Lidoca\u00edna<\/h3>\n<ul>\n<li>\u00c1cido hialur\u00f3nico reticulado con una potencia de 14mg\/ml<\/li>\n<li>Lidoca\u00edna con una concentraci\u00f3n de 0,3%<\/li>\n<li>2 jeringas precargadas de 1 ml<\/li>\n<li>2 agujas 30G \u00bd\"<\/li>\n<li>2 etiquetas de trazabilidad<\/li>\n<li>1 prospecto<\/li>\n<\/ul>\n<h3>Aumento de labios indoloro y r\u00e1pido<\/h3>\n<p>Una de las aplicaciones primordiales de este producto es el aumento de labios. Las pr\u00e1cticas de HA puro, no animal, en el gel de inyecci\u00f3n proporcionar\u00e1n a esta zona de tratamiento particular una textura suave y una apariencia rellena. El producto se inyecta en la mucosa de los labios y comienza a actuar al instante. Mientras que el \u00e1cido hialur\u00f3nico en la mayor\u00eda de los rellenos de labios tiende a romperse r\u00e1pidamente debido a los niveles de movimiento m\u00e1s altos en esta parte de la cara, Juvederm Volbella con Lidoca\u00edna es sin duda de larga duraci\u00f3n, ya que se basa en la llamada Tecnolog\u00eda Vycross para disminuir la velocidad con la que las part\u00edculas de HA se disuelven en la piel. Incluso contiene lidoca\u00edna que reduce eficazmente el dolor y las molestias durante el tratamiento de inyecci\u00f3n.<\/p>\n<h3>Eliminaci\u00f3n instant\u00e1nea de las l\u00edneas periorales<\/h3>\n<p>Las l\u00edneas y arrugas superficiales y moderadas alrededor de la boca, causadas por el tabaquismo, el envejecimiento prematuro y muchos otros factores, pueden corregirse y rellenarse f\u00e1cilmente con este fiable producto de rejuvenecimiento cosm\u00e9tico. Cuando se utiliza para estos tratamientos, el relleno inyectado se aplica en la dermis superficial o media.<\/p>","protected":false},"excerpt":{"rendered":"<p>Juvederm Volbella con Lidoca\u00edna (nombre alternativo Juvederm Volbella XC) fue producido con el uso de una innovadora tecnolog\u00eda Vycross por la reputada empresa Allergan. Est\u00e1 aprobado por la FDA para el aumento de labios, as\u00ed como para la correcci\u00f3n de las l\u00edneas y arrugas periorales superficiales a moderadas.  Al igual que la mayor\u00eda de las inyecciones de relleno de esta marca, cuenta con HA altamente reticulado.<\/p>","protected":false},"featured_media":921,"template":"","meta":[],"product_brand":[],"product_cat":[69,79,47,144],"product_tag":[145],"class_list":{"0":"post-911","1":"product","2":"type-product","3":"status-publish","4":"has-post-thumbnail","6":"product_cat-allergan","7":"product_cat-dermal-fillers","8":"product_cat-juvederm","9":"product_cat-holiday-mega-sale","10":"product_tag-5off","11":"clearfix","13":"first","14":"instock","15":"sale","16":"taxable","17":"shipping-taxable","18":"purchasable","19":"product-type-simple"},"yoast_head":"<!-- This site is optimized with the Yoast SEO plugin v27.3 - https:\/\/yoast.com\/product\/yoast-seo-wordpress\/ -->\n<title>Juvederm Volbella with Lidocaine (2x1ml) - Skin Heal<\/title>\n<meta name=\"description\" content=\"Juvederm Volbella with Lidocaine is used for lip augmentation and fine and moderate perioral line correction. It is a durable and FDA-approved skin filler.\" \/>\n<meta name=\"robots\" content=\"index, follow, max-snippet:-1, max-image-preview:large, max-video-preview:-1\" \/>\n<link rel=\"canonical\" href=\"https:\/\/skin-heal.com\/es\/producto\/juvederm-volbella-with-lidocaine-2x1ml\/\" \/>\n<meta property=\"og:locale\" content=\"es_MX\" \/>\n<meta property=\"og:type\" content=\"article\" \/>\n<meta property=\"og:title\" content=\"Juvederm Volbella with Lidocaine (2x1ml) - Skin Heal\" \/>\n<meta property=\"og:description\" content=\"Juvederm Volbella with Lidocaine is used for lip augmentation and fine and moderate perioral line correction. It is a durable and FDA-approved skin filler.\" \/>\n<meta property=\"og:url\" content=\"https:\/\/skin-heal.com\/es\/producto\/juvederm-volbella-with-lidocaine-2x1ml\/\" \/>\n<meta property=\"og:site_name\" content=\"Skin Heal\" \/>\n<meta property=\"article:modified_time\" content=\"2022-12-16T16:23:40+00:00\" \/>\n<meta property=\"og:image\" content=\"https:\/\/cdn.skin-heal.com\/wp-content\/uploads\/2018\/11\/Juvederm-Volbella.jpg\" \/>\n\t<meta property=\"og:image:width\" content=\"600\" \/>\n\t<meta property=\"og:image:height\" content=\"600\" \/>\n\t<meta property=\"og:image:type\" content=\"image\/jpeg\" \/>\n<meta name=\"twitter:card\" content=\"summary_large_image\" \/>\n<meta name=\"twitter:label1\" content=\"Tiempo de lectura\" \/>\n\t<meta name=\"twitter:data1\" content=\"1 minuto\" \/>\n<script type=\"application\/ld+json\" class=\"yoast-schema-graph\">{\"@context\":\"https:\\\/\\\/schema.org\",\"@graph\":[{\"@type\":\"WebPage\",\"@id\":\"https:\\\/\\\/skin-heal.com\\\/product\\\/juvederm-volbella-with-lidocaine-2x1ml\\\/\",\"url\":\"https:\\\/\\\/skin-heal.com\\\/product\\\/juvederm-volbella-with-lidocaine-2x1ml\\\/\",\"name\":\"Juvederm Volbella with Lidocaine (2x1ml) - Skin Heal\",\"isPartOf\":{\"@id\":\"https:\\\/\\\/skin-heal.com\\\/#website\"},\"primaryImageOfPage\":{\"@id\":\"https:\\\/\\\/skin-heal.com\\\/product\\\/juvederm-volbella-with-lidocaine-2x1ml\\\/#primaryimage\"},\"image\":{\"@id\":\"https:\\\/\\\/skin-heal.com\\\/product\\\/juvederm-volbella-with-lidocaine-2x1ml\\\/#primaryimage\"},\"thumbnailUrl\":\"https:\\\/\\\/skin-heal.com\\\/wp-content\\\/uploads\\\/2018\\\/11\\\/Juvederm-Volbella.jpg\",\"datePublished\":\"2018-11-30T10:57:30+00:00\",\"dateModified\":\"2022-12-16T16:23:40+00:00\",\"description\":\"Juvederm Volbella with Lidocaine is used for lip augmentation and fine and moderate perioral line correction. It is a durable and FDA-approved skin filler.\",\"breadcrumb\":{\"@id\":\"https:\\\/\\\/skin-heal.com\\\/product\\\/juvederm-volbella-with-lidocaine-2x1ml\\\/#breadcrumb\"},\"inLanguage\":\"es\",\"potentialAction\":[{\"@type\":\"ReadAction\",\"target\":[\"https:\\\/\\\/skin-heal.com\\\/product\\\/juvederm-volbella-with-lidocaine-2x1ml\\\/\"]}]},{\"@type\":\"ImageObject\",\"inLanguage\":\"es\",\"@id\":\"https:\\\/\\\/skin-heal.com\\\/product\\\/juvederm-volbella-with-lidocaine-2x1ml\\\/#primaryimage\",\"url\":\"https:\\\/\\\/skin-heal.com\\\/wp-content\\\/uploads\\\/2018\\\/11\\\/Juvederm-Volbella.jpg\",\"contentUrl\":\"https:\\\/\\\/skin-heal.com\\\/wp-content\\\/uploads\\\/2018\\\/11\\\/Juvederm-Volbella.jpg\",\"width\":600,\"height\":600,\"caption\":\"Juvederm Volbella\"},{\"@type\":\"BreadcrumbList\",\"@id\":\"https:\\\/\\\/skin-heal.com\\\/product\\\/juvederm-volbella-with-lidocaine-2x1ml\\\/#breadcrumb\",\"itemListElement\":[{\"@type\":\"ListItem\",\"position\":1,\"name\":\"Home\",\"item\":\"https:\\\/\\\/skin-heal.com\\\/\"},{\"@type\":\"ListItem\",\"position\":2,\"name\":\"Store\",\"item\":\"https:\\\/\\\/skin-heal.com\\\/store\\\/\"},{\"@type\":\"ListItem\",\"position\":3,\"name\":\"Juvederm Volbella with Lidocaine (2x1ml)\"}]},{\"@type\":\"WebSite\",\"@id\":\"https:\\\/\\\/skin-heal.com\\\/#website\",\"url\":\"https:\\\/\\\/skin-heal.com\\\/\",\"name\":\"Skin Heal\",\"description\":\"Lowest Prices for Dermal Fillers\",\"potentialAction\":[{\"@type\":\"SearchAction\",\"target\":{\"@type\":\"EntryPoint\",\"urlTemplate\":\"https:\\\/\\\/skin-heal.com\\\/?s={search_term_string}\"},\"query-input\":{\"@type\":\"PropertyValueSpecification\",\"valueRequired\":true,\"valueName\":\"search_term_string\"}}],\"inLanguage\":\"es\"}]}<\/script>\n<!-- \/ Yoast SEO plugin. -->","yoast_head_json":{"title":"Juvederm Volbella con Lidoca\u00edna (2x1ml) - Skin Heal","description":"Juvederm Volbella con Lidoca\u00edna se utiliza para el aumento de labios y la correcci\u00f3n de l\u00edneas periorales finas y moderadas. Es un relleno cut\u00e1neo duradero y aprobado por la FDA.","robots":{"index":"index","follow":"follow","max-snippet":"max-snippet:-1","max-image-preview":"max-image-preview:large","max-video-preview":"max-video-preview:-1"},"canonical":"https:\/\/skin-heal.com\/es\/producto\/juvederm-volbella-with-lidocaine-2x1ml\/","og_locale":"es_MX","og_type":"article","og_title":"Juvederm Volbella with Lidocaine (2x1ml) - Skin Heal","og_description":"Juvederm Volbella with Lidocaine is used for lip augmentation and fine and moderate perioral line correction. It is a durable and FDA-approved skin filler.","og_url":"https:\/\/skin-heal.com\/es\/producto\/juvederm-volbella-with-lidocaine-2x1ml\/","og_site_name":"Skin Heal","article_modified_time":"2022-12-16T16:23:40+00:00","og_image":[{"width":600,"height":600,"url":"https:\/\/cdn.skin-heal.com\/wp-content\/uploads\/2018\/11\/Juvederm-Volbella.jpg","type":"image\/jpeg"}],"twitter_card":"summary_large_image","twitter_misc":{"Tiempo de lectura":"1 minuto"},"schema":{"@context":"https:\/\/schema.org","@graph":[{"@type":"WebPage","@id":"https:\/\/skin-heal.com\/product\/juvederm-volbella-with-lidocaine-2x1ml\/","url":"https:\/\/skin-heal.com\/product\/juvederm-volbella-with-lidocaine-2x1ml\/","name":"Juvederm Volbella con Lidoca\u00edna (2x1ml) - Skin Heal","isPartOf":{"@id":"https:\/\/skin-heal.com\/#website"},"primaryImageOfPage":{"@id":"https:\/\/skin-heal.com\/product\/juvederm-volbella-with-lidocaine-2x1ml\/#primaryimage"},"image":{"@id":"https:\/\/skin-heal.com\/product\/juvederm-volbella-with-lidocaine-2x1ml\/#primaryimage"},"thumbnailUrl":"https:\/\/cdn.skin-heal.com\/wp-content\/uploads\/2018\/11\/Juvederm-Volbella.jpg","datePublished":"2018-11-30T10:57:30+00:00","dateModified":"2022-12-16T16:23:40+00:00","description":"Juvederm Volbella con Lidoca\u00edna se utiliza para el aumento de labios y la correcci\u00f3n de l\u00edneas periorales finas y moderadas. Es un relleno cut\u00e1neo duradero y aprobado por la FDA.","breadcrumb":{"@id":"https:\/\/skin-heal.com\/product\/juvederm-volbella-with-lidocaine-2x1ml\/#breadcrumb"},"inLanguage":"es","potentialAction":[{"@type":"ReadAction","target":["https:\/\/skin-heal.com\/product\/juvederm-volbella-with-lidocaine-2x1ml\/"]}]},{"@type":"ImageObject","inLanguage":"es","@id":"https:\/\/skin-heal.com\/product\/juvederm-volbella-with-lidocaine-2x1ml\/#primaryimage","url":"https:\/\/cdn.skin-heal.com\/wp-content\/uploads\/2018\/11\/Juvederm-Volbella.jpg","contentUrl":"https:\/\/cdn.skin-heal.com\/wp-content\/uploads\/2018\/11\/Juvederm-Volbella.jpg","width":600,"height":600,"caption":"Juvederm Volbella"},{"@type":"BreadcrumbList","@id":"https:\/\/skin-heal.com\/product\/juvederm-volbella-with-lidocaine-2x1ml\/#breadcrumb","itemListElement":[{"@type":"ListItem","position":1,"name":"Home","item":"https:\/\/skin-heal.com\/"},{"@type":"ListItem","position":2,"name":"Store","item":"https:\/\/skin-heal.com\/store\/"},{"@type":"ListItem","position":3,"name":"Juvederm Volbella with Lidocaine (2x1ml)"}]},{"@type":"WebSite","@id":"https:\/\/skin-heal.com\/#website","url":"https:\/\/skin-heal.com\/","name":"Curaci\u00f3n de la piel","description":"Los precios m\u00e1s bajos para los rellenos d\u00e9rmicos","potentialAction":[{"@type":"SearchAction","target":{"@type":"EntryPoint","urlTemplate":"https:\/\/skin-heal.com\/?s={search_term_string}"},"query-input":{"@type":"PropertyValueSpecification","valueRequired":true,"valueName":"search_term_string"}}],"inLanguage":"es"}]}},"_links":{"self":[{"href":"https:\/\/skin-heal.com\/es\/wp-json\/wp\/v2\/product\/911","targetHints":{"allow":["GET"]}}],"collection":[{"href":"https:\/\/skin-heal.com\/es\/wp-json\/wp\/v2\/product"}],"about":[{"href":"https:\/\/skin-heal.com\/es\/wp-json\/wp\/v2\/types\/product"}],"wp:featuredmedia":[{"embeddable":true,"href":"https:\/\/skin-heal.com\/es\/wp-json\/wp\/v2\/media\/921"}],"wp:attachment":[{"href":"https:\/\/skin-heal.com\/es\/wp-json\/wp\/v2\/media?parent=911"}],"wp:term":[{"taxonomy":"product_brand","embeddable":true,"href":"https:\/\/skin-heal.com\/es\/wp-json\/wp\/v2\/product_brand?post=911"},{"taxonomy":"product_cat","embeddable":true,"href":"https:\/\/skin-heal.com\/es\/wp-json\/wp\/v2\/product_cat?post=911"},{"taxonomy":"product_tag","embeddable":true,"href":"https:\/\/skin-heal.com\/es\/wp-json\/wp\/v2\/product_tag?post=911"}],"curies":[{"name":"wp","href":"https:\/\/api.w.org\/{rel}","templated":true}]}}